{"id":783,"date":"2025-12-26T01:55:25","date_gmt":"2025-12-26T01:55:25","guid":{"rendered":"https:\/\/www.yigejiaceramics.com\/?post_type=product&#038;p=783"},"modified":"2025-12-27T06:23:15","modified_gmt":"2025-12-27T06:23:15","slug":"custom-3-piece-bathroom-set","status":"publish","type":"product","link":"https:\/\/www.yigejiaceramics.com\/pt\/produto\/custom-3-piece-bathroom-set\/","title":{"rendered":"Conjunto personalizado de 3 pe\u00e7as para casa de banho, acess\u00f3rios artesanais em cer\u00e2mica texturizada para casa de banho, venda por grosso"},"content":{"rendered":"<div class=\"wp-block-columns is-layout-flex wp-container-core-columns-is-layout-9d6595d7 wp-block-columns-is-layout-flex\">\n<div class=\"wp-block-column is-layout-flow wp-block-column-is-layout-flow\">\n<h2 class=\"wp-block-heading\">Conjunto personalizado de 3 pe\u00e7as para casa de banho Caracter\u00edsticas<\/h2>\n\n\n\n<ul class=\"wp-block-list\">\n<li><strong>Cor azul escuro e preto, esmalte cozido em forno com um toque art\u00edstico retro muito evidente.<\/strong>: A cor principal deste conjunto de 3 pe\u00e7as para casa de banho feito \u00e0 medida \u00e9 cinza azulado profundo, azul-preto escuro. Adotando a t\u00e9cnica de esmalte cozido em forno, a cor deste conjunto transita suavemente, mostrando o seu toque retro com diferentes tonalidades. Cada pe\u00e7a \u00e9 art\u00edstica.<\/li>\n\n\n\n<li><strong>Linhas douradas real\u00e7am a eleg\u00e2ncia discreta:<\/strong> Linhas douradas claras percorrem a superf\u00edcie cer\u00e2mica, contrastando de forma marcante com o esmalte escuro e conferindo um ar de sofistica\u00e7\u00e3o \u00e0 mod\u00e9stia do design geral. Adequado para \u00e1reas de casa de banho em espa\u00e7os luxuosos e orientados para o design.<\/li>\n\n\n\n<li><strong>Textura naturalmente manchada, mais autenticamente artesanal: <\/strong>O esmalte apresenta texturas manchadas e gr\u00e3os finos formados naturalmente, diferentes das cer\u00e2micas brilhantes comuns. Isso confere ao produto uma apar\u00eancia mais acolhedora, tornando-o particularmente adequado para marcas que enfatizam estilo e qualidade.<\/li>\n\n\n\n<li><strong>Conjunto pr\u00e1tico de tr\u00eas pe\u00e7as, adequado para uso di\u00e1rio<\/strong>: O conjunto inclui tr\u00eas acess\u00f3rios de casa de banho normalmente utilizados para satisfazer as necessidades b\u00e1sicas de arruma\u00e7\u00e3o e utiliza\u00e7\u00e3o na bancada. O estilo unificado torna-o adequado para vendas em conjunto e aquisi\u00e7\u00e3o para projetos.<\/li>\n\n\n\n<li><strong>A cer\u00e2mica cozida a altas temperaturas \u00e9 est\u00e1vel e dur\u00e1vel<\/strong>: Utiliza mat\u00e9rias-primas cer\u00e2micas de alta densidade e \u00e9 cozido a altas temperaturas. O produto tem um peso moderado e \u00e9 est\u00e1vel durante a coloca\u00e7\u00e3o, sendo adequado para cen\u00e1rios de utiliza\u00e7\u00e3o de alta frequ\u00eancia, como resid\u00eancias e hot\u00e9is.<\/li>\n<\/ul>\n<\/div>\n\n\n\n<div class=\"wp-block-column is-layout-flow wp-block-column-is-layout-flow\">\n<figure class=\"wp-block-image size-full\"><img decoding=\"async\" width=\"2874\" height=\"2874\" src=\"https:\/\/www.yigejiaceramics.com\/wp-content\/uploads\/2025\/12\/Custom-3-Piece-Bathroom-Set-Artisanal-Textured-Ceramic-Bathroom-Accessories-Wholesale-9.webp\" alt=\"Conjunto de casa de banho personalizado de 3 pe\u00e7as Acess\u00f3rios de casa de banho em cer\u00e2mica texturizada artesanal Venda por grosso (9)\" class=\"wp-image-792\" srcset=\"https:\/\/www.yigejiaceramics.com\/wp-content\/uploads\/2025\/12\/Custom-3-Piece-Bathroom-Set-Artisanal-Textured-Ceramic-Bathroom-Accessories-Wholesale-9.webp 2874w, https:\/\/www.yigejiaceramics.com\/wp-content\/uploads\/2025\/12\/Custom-3-Piece-Bathroom-Set-Artisanal-Textured-Ceramic-Bathroom-Accessories-Wholesale-9-300x300.webp 300w, https:\/\/www.yigejiaceramics.com\/wp-content\/uploads\/2025\/12\/Custom-3-Piece-Bathroom-Set-Artisanal-Textured-Ceramic-Bathroom-Accessories-Wholesale-9-150x150.webp 150w, https:\/\/www.yigejiaceramics.com\/wp-content\/uploads\/2025\/12\/Custom-3-Piece-Bathroom-Set-Artisanal-Textured-Ceramic-Bathroom-Accessories-Wholesale-9-768x768.webp 768w, https:\/\/www.yigejiaceramics.com\/wp-content\/uploads\/2025\/12\/Custom-3-Piece-Bathroom-Set-Artisanal-Textured-Ceramic-Bathroom-Accessories-Wholesale-9-1200x1200.webp 1200w, https:\/\/www.yigejiaceramics.com\/wp-content\/uploads\/2025\/12\/Custom-3-Piece-Bathroom-Set-Artisanal-Textured-Ceramic-Bathroom-Accessories-Wholesale-9-600x600.webp 600w, https:\/\/www.yigejiaceramics.com\/wp-content\/uploads\/2025\/12\/Custom-3-Piece-Bathroom-Set-Artisanal-Textured-Ceramic-Bathroom-Accessories-Wholesale-9-100x100.webp 100w\" sizes=\"(max-width: 2874px) 100vw, 2874px\" \/><\/figure>\n<\/div>\n<\/div>\n\n\n\n<div class=\"wp-block-columns is-layout-flex wp-container-core-columns-is-layout-9d6595d7 wp-block-columns-is-layout-flex\">\n<div class=\"wp-block-column is-layout-flow wp-block-column-is-layout-flow\">\n<figure class=\"wp-block-image size-full\"><img decoding=\"async\" width=\"2872\" height=\"2872\" src=\"https:\/\/www.yigejiaceramics.com\/wp-content\/uploads\/2025\/12\/Custom-3-Piece-Bathroom-Set-Artisanal-Textured-Ceramic-Bathroom-Accessories-Wholesale-4.webp\" alt=\"Conjunto de casa de banho personalizado de 3 pe\u00e7as Acess\u00f3rios de casa de banho em cer\u00e2mica texturizada artesanal Venda por grosso (4)\" class=\"wp-image-787\" srcset=\"https:\/\/www.yigejiaceramics.com\/wp-content\/uploads\/2025\/12\/Custom-3-Piece-Bathroom-Set-Artisanal-Textured-Ceramic-Bathroom-Accessories-Wholesale-4.webp 2872w, https:\/\/www.yigejiaceramics.com\/wp-content\/uploads\/2025\/12\/Custom-3-Piece-Bathroom-Set-Artisanal-Textured-Ceramic-Bathroom-Accessories-Wholesale-4-300x300.webp 300w, https:\/\/www.yigejiaceramics.com\/wp-content\/uploads\/2025\/12\/Custom-3-Piece-Bathroom-Set-Artisanal-Textured-Ceramic-Bathroom-Accessories-Wholesale-4-150x150.webp 150w, https:\/\/www.yigejiaceramics.com\/wp-content\/uploads\/2025\/12\/Custom-3-Piece-Bathroom-Set-Artisanal-Textured-Ceramic-Bathroom-Accessories-Wholesale-4-768x768.webp 768w, https:\/\/www.yigejiaceramics.com\/wp-content\/uploads\/2025\/12\/Custom-3-Piece-Bathroom-Set-Artisanal-Textured-Ceramic-Bathroom-Accessories-Wholesale-4-1200x1200.webp 1200w, https:\/\/www.yigejiaceramics.com\/wp-content\/uploads\/2025\/12\/Custom-3-Piece-Bathroom-Set-Artisanal-Textured-Ceramic-Bathroom-Accessories-Wholesale-4-600x600.webp 600w, https:\/\/www.yigejiaceramics.com\/wp-content\/uploads\/2025\/12\/Custom-3-Piece-Bathroom-Set-Artisanal-Textured-Ceramic-Bathroom-Accessories-Wholesale-4-100x100.webp 100w\" sizes=\"(max-width: 2872px) 100vw, 2872px\" \/><\/figure>\n<\/div>\n\n\n\n<div class=\"wp-block-column is-layout-flow wp-block-column-is-layout-flow\">\n<figure class=\"wp-block-image size-full\"><img decoding=\"async\" width=\"2728\" height=\"2728\" src=\"https:\/\/www.yigejiaceramics.com\/wp-content\/uploads\/2025\/12\/Custom-3-Piece-Bathroom-Set-Artisanal-Textured-Ceramic-Bathroom-Accessories-Wholesale-5.webp\" alt=\"Conjunto de casa de banho personalizado de 3 pe\u00e7as Acess\u00f3rios de casa de banho em cer\u00e2mica texturizada artesanal Venda por grosso (5)\" class=\"wp-image-788\" srcset=\"https:\/\/www.yigejiaceramics.com\/wp-content\/uploads\/2025\/12\/Custom-3-Piece-Bathroom-Set-Artisanal-Textured-Ceramic-Bathroom-Accessories-Wholesale-5.webp 2728w, https:\/\/www.yigejiaceramics.com\/wp-content\/uploads\/2025\/12\/Custom-3-Piece-Bathroom-Set-Artisanal-Textured-Ceramic-Bathroom-Accessories-Wholesale-5-300x300.webp 300w, https:\/\/www.yigejiaceramics.com\/wp-content\/uploads\/2025\/12\/Custom-3-Piece-Bathroom-Set-Artisanal-Textured-Ceramic-Bathroom-Accessories-Wholesale-5-150x150.webp 150w, https:\/\/www.yigejiaceramics.com\/wp-content\/uploads\/2025\/12\/Custom-3-Piece-Bathroom-Set-Artisanal-Textured-Ceramic-Bathroom-Accessories-Wholesale-5-768x768.webp 768w, https:\/\/www.yigejiaceramics.com\/wp-content\/uploads\/2025\/12\/Custom-3-Piece-Bathroom-Set-Artisanal-Textured-Ceramic-Bathroom-Accessories-Wholesale-5-1200x1200.webp 1200w, https:\/\/www.yigejiaceramics.com\/wp-content\/uploads\/2025\/12\/Custom-3-Piece-Bathroom-Set-Artisanal-Textured-Ceramic-Bathroom-Accessories-Wholesale-5-600x600.webp 600w, https:\/\/www.yigejiaceramics.com\/wp-content\/uploads\/2025\/12\/Custom-3-Piece-Bathroom-Set-Artisanal-Textured-Ceramic-Bathroom-Accessories-Wholesale-5-100x100.webp 100w\" sizes=\"(max-width: 2728px) 100vw, 2728px\" \/><\/figure>\n<\/div>\n\n\n\n<div class=\"wp-block-column is-layout-flow wp-block-column-is-layout-flow\">\n<figure class=\"wp-block-image size-full\"><img decoding=\"async\" width=\"2728\" height=\"2728\" src=\"https:\/\/www.yigejiaceramics.com\/wp-content\/uploads\/2025\/12\/Custom-3-Piece-Bathroom-Set-Artisanal-Textured-Ceramic-Bathroom-Accessories-Wholesale-3.webp\" alt=\"Conjunto personalizado de 3 pe\u00e7as para casa de banho Acess\u00f3rios artesanais em cer\u00e2mica texturizada para casa de banho Venda por grosso (3)\" class=\"wp-image-786\" srcset=\"https:\/\/www.yigejiaceramics.com\/wp-content\/uploads\/2025\/12\/Custom-3-Piece-Bathroom-Set-Artisanal-Textured-Ceramic-Bathroom-Accessories-Wholesale-3.webp 2728w, https:\/\/www.yigejiaceramics.com\/wp-content\/uploads\/2025\/12\/Custom-3-Piece-Bathroom-Set-Artisanal-Textured-Ceramic-Bathroom-Accessories-Wholesale-3-300x300.webp 300w, https:\/\/www.yigejiaceramics.com\/wp-content\/uploads\/2025\/12\/Custom-3-Piece-Bathroom-Set-Artisanal-Textured-Ceramic-Bathroom-Accessories-Wholesale-3-150x150.webp 150w, https:\/\/www.yigejiaceramics.com\/wp-content\/uploads\/2025\/12\/Custom-3-Piece-Bathroom-Set-Artisanal-Textured-Ceramic-Bathroom-Accessories-Wholesale-3-768x768.webp 768w, https:\/\/www.yigejiaceramics.com\/wp-content\/uploads\/2025\/12\/Custom-3-Piece-Bathroom-Set-Artisanal-Textured-Ceramic-Bathroom-Accessories-Wholesale-3-1200x1200.webp 1200w, https:\/\/www.yigejiaceramics.com\/wp-content\/uploads\/2025\/12\/Custom-3-Piece-Bathroom-Set-Artisanal-Textured-Ceramic-Bathroom-Accessories-Wholesale-3-600x600.webp 600w, https:\/\/www.yigejiaceramics.com\/wp-content\/uploads\/2025\/12\/Custom-3-Piece-Bathroom-Set-Artisanal-Textured-Ceramic-Bathroom-Accessories-Wholesale-3-100x100.webp 100w\" sizes=\"(max-width: 2728px) 100vw, 2728px\" \/><\/figure>\n<\/div>\n<\/div>\n\n\n\n<p><\/p>","protected":false},"excerpt":{"rendered":"<p data-start=\"399\" data-end=\"631\">Conjunto personalizado de 3 pe\u00e7as para casa de banho com acess\u00f3rios artesanais em cer\u00e2mica texturizada. Fornecido com vantagens de pre\u00e7o de atacado direto da f\u00e1brica e amostras gr\u00e1tis, adequado para marcas OEM, hot\u00e9is, varejo e compras a granel.<\/p>\n<h2>Conjunto personalizado de 3 pe\u00e7as para casa de banho Par\u00e2metros:<\/h2>\n<table>\n<tbody>\n<tr>\n<td>Fabricante<\/td>\n<td>Yigejia<\/td>\n<\/tr>\n<tr>\n<td>Tipo de produto<\/td>\n<td>Conjunto de acess\u00f3rios para casa de banho<\/td>\n<\/tr>\n<tr>\n<td>Material<\/td>\n<td>Cer\u00e2mica<\/td>\n<\/tr>\n<tr>\n<td>Cor<\/td>\n<td>Azul-preto (um tipo de esmalte cozido em forno com uma tonalidade cinza-azulada escura)<\/td>\n<\/tr>\n<tr>\n<td>O conjunto inclui<\/td>\n<td>3 pe\u00e7as<\/td>\n<\/tr>\n<tr>\n<td>Componentes<\/td>\n<td>Dispensador de lo\u00e7\u00e3o, saboneteira, copo<\/td>\n<\/tr>\n<tr>\n<td>Acabamento<\/td>\n<td>Acabamento brilhante<\/td>\n<\/tr>\n<tr>\n<td>Candidatura<\/td>\n<td>Casa, casa de banho, hot\u00e9is, apartamentos, spa<\/td>\n<\/tr>\n<tr>\n<td>Quantidade m\u00ednima de encomenda<\/td>\n<td>MOQ baixo<\/td>\n<\/tr>\n<tr>\n<td>Amostra gr\u00e1tis<\/td>\n<td>Dispon\u00edvel<\/td>\n<\/tr>\n<tr>\n<td>Personalizado<\/td>\n<td>Cor\/Tamanho\/Log\u00f3tipo\/Embalagem<\/td>\n<\/tr>\n<\/tbody>\n<\/table>","protected":false},"featured_media":789,"comment_status":"closed","ping_status":"closed","template":"","meta":{"_acf_changed":false},"product_brand":[],"product_cat":[19],"product_tag":[],"class_list":{"0":"post-783","1":"product","2":"type-product","3":"status-publish","4":"has-post-thumbnail","6":"product_cat-wholesale-bathroom-sets","8":"first","9":"instock","10":"shipping-taxable","11":"product-type-simple"},"acf":[],"_links":{"self":[{"href":"https:\/\/www.yigejiaceramics.com\/pt\/wp-json\/wp\/v2\/product\/783","targetHints":{"allow":["GET"]}}],"collection":[{"href":"https:\/\/www.yigejiaceramics.com\/pt\/wp-json\/wp\/v2\/product"}],"about":[{"href":"https:\/\/www.yigejiaceramics.com\/pt\/wp-json\/wp\/v2\/types\/product"}],"replies":[{"embeddable":true,"href":"https:\/\/www.yigejiaceramics.com\/pt\/wp-json\/wp\/v2\/comments?post=783"}],"wp:featuredmedia":[{"embeddable":true,"href":"https:\/\/www.yigejiaceramics.com\/pt\/wp-json\/wp\/v2\/media\/789"}],"wp:attachment":[{"href":"https:\/\/www.yigejiaceramics.com\/pt\/wp-json\/wp\/v2\/media?parent=783"}],"wp:term":[{"taxonomy":"product_brand","embeddable":true,"href":"https:\/\/www.yigejiaceramics.com\/pt\/wp-json\/wp\/v2\/product_brand?post=783"},{"taxonomy":"product_cat","embeddable":true,"href":"https:\/\/www.yigejiaceramics.com\/pt\/wp-json\/wp\/v2\/product_cat?post=783"},{"taxonomy":"product_tag","embeddable":true,"href":"https:\/\/www.yigejiaceramics.com\/pt\/wp-json\/wp\/v2\/product_tag?post=783"}],"curies":[{"name":"wp","href":"https:\/\/api.w.org\/{rel}","templated":true}]}}