{"id":2214,"date":"2026-04-18T01:47:59","date_gmt":"2026-04-18T01:47:59","guid":{"rendered":"https:\/\/www.yigejiaceramics.com\/?post_type=product&#038;p=2214"},"modified":"2026-04-18T01:48:00","modified_gmt":"2026-04-18T01:48:00","slug":"wholesale-black-soap-dispenser","status":"publish","type":"product","link":"https:\/\/www.yigejiaceramics.com\/pt\/produto\/wholesale-black-soap-dispenser\/","title":{"rendered":"Distribuidor de sab\u00e3o preto por atacado, cer\u00e2mica, garrafa com bomba dourada, fornecedor de acess\u00f3rios de casa de banho"},"content":{"rendered":"<div class=\"wp-block-columns is-layout-flex wp-container-core-columns-is-layout-9d6595d7 wp-block-columns-is-layout-flex\">\n<div class=\"wp-block-column is-layout-flow wp-block-column-is-layout-flow\">\n<h2 class=\"wp-block-heading\">Carater\u00edsticas do dispensador de sab\u00e3o preto por atacado de cer\u00e2mica<\/h2>\n\n\n\n<ul class=\"wp-block-list\">\n<li><strong>Design preto e dourado com efeito m\u00e1rmore<\/strong>: O dispensador de sab\u00e3o preto por atacado Ceramics apresenta um acabamento em preto e dourado inspirado no m\u00e1rmore, criando um aspeto luxuoso na casa de banho.<\/li>\n\n\n\n<li><strong>\u201cDesign do frasco com bomba \u201dLOTION<\/strong>: O dispensador de sab\u00e3o preto para cer\u00e2mica inclui uma etiqueta transparente \u201cLOTION\u201d, tornando-o pr\u00e1tico e elegante.<\/li>\n\n\n\n<li><strong>Garrafa de cer\u00e2mica dur\u00e1vel<\/strong>: O distribuidor de sab\u00e3o preto por atacado \u00e9 feito de cer\u00e2mica forte, dur\u00e1vel para uso di\u00e1rio na casa de banho e f\u00e1cil de limpar.<\/li>\n\n\n\n<li><strong>Perfeito para o conjunto de 4 pe\u00e7as de casa de banho<\/strong>O dispensador de sab\u00e3o preto por atacado combina perfeitamente com o copo, a saboneteira e o tabuleiro para um conjunto completo de casa de banho.<\/li>\n\n\n\n<li><strong>Pre\u00e7os diretos de f\u00e1brica e amostras gr\u00e1tis<\/strong>: O distribuidor de sab\u00e3o preto por atacado de cer\u00e2mica vem com pre\u00e7os de atacado de f\u00e1brica e amostras gr\u00e1tis para compradores a granel.<\/li>\n<\/ul>\n<\/div>\n\n\n\n<div class=\"wp-block-column is-layout-flow wp-block-column-is-layout-flow\">\n<figure class=\"wp-block-image size-full\"><img decoding=\"async\" width=\"800\" height=\"800\" src=\"https:\/\/www.yigejiaceramics.com\/wp-content\/uploads\/2026\/04\/Wholesale-Black-Soap-Dispenser-Ceramics-8.webp\" alt=\"Distribuidor de sab\u00e3o preto por atacado Cer\u00e2mica\" class=\"wp-image-2222\" srcset=\"https:\/\/www.yigejiaceramics.com\/wp-content\/uploads\/2026\/04\/Wholesale-Black-Soap-Dispenser-Ceramics-8.webp 800w, https:\/\/www.yigejiaceramics.com\/wp-content\/uploads\/2026\/04\/Wholesale-Black-Soap-Dispenser-Ceramics-8-300x300.webp 300w, https:\/\/www.yigejiaceramics.com\/wp-content\/uploads\/2026\/04\/Wholesale-Black-Soap-Dispenser-Ceramics-8-150x150.webp 150w, https:\/\/www.yigejiaceramics.com\/wp-content\/uploads\/2026\/04\/Wholesale-Black-Soap-Dispenser-Ceramics-8-768x768.webp 768w, https:\/\/www.yigejiaceramics.com\/wp-content\/uploads\/2026\/04\/Wholesale-Black-Soap-Dispenser-Ceramics-8-12x12.webp 12w, https:\/\/www.yigejiaceramics.com\/wp-content\/uploads\/2026\/04\/Wholesale-Black-Soap-Dispenser-Ceramics-8-600x600.webp 600w, https:\/\/www.yigejiaceramics.com\/wp-content\/uploads\/2026\/04\/Wholesale-Black-Soap-Dispenser-Ceramics-8-100x100.webp 100w\" sizes=\"(max-width: 800px) 100vw, 800px\" \/><\/figure>\n<\/div>\n<\/div>\n\n\n\n<div class=\"wp-block-columns is-layout-flex wp-container-core-columns-is-layout-9d6595d7 wp-block-columns-is-layout-flex\">\n<div class=\"wp-block-column is-layout-flow wp-block-column-is-layout-flow\">\n<figure class=\"wp-block-image size-full\"><img decoding=\"async\" width=\"800\" height=\"800\" src=\"https:\/\/www.yigejiaceramics.com\/wp-content\/uploads\/2026\/04\/Wholesale-Black-Soap-Dispenser-Ceramics-11.webp\" alt=\"Distribuidor de sab\u00e3o preto por atacado Cer\u00e2mica\" class=\"wp-image-2225\" srcset=\"https:\/\/www.yigejiaceramics.com\/wp-content\/uploads\/2026\/04\/Wholesale-Black-Soap-Dispenser-Ceramics-11.webp 800w, https:\/\/www.yigejiaceramics.com\/wp-content\/uploads\/2026\/04\/Wholesale-Black-Soap-Dispenser-Ceramics-11-300x300.webp 300w, https:\/\/www.yigejiaceramics.com\/wp-content\/uploads\/2026\/04\/Wholesale-Black-Soap-Dispenser-Ceramics-11-150x150.webp 150w, https:\/\/www.yigejiaceramics.com\/wp-content\/uploads\/2026\/04\/Wholesale-Black-Soap-Dispenser-Ceramics-11-768x768.webp 768w, https:\/\/www.yigejiaceramics.com\/wp-content\/uploads\/2026\/04\/Wholesale-Black-Soap-Dispenser-Ceramics-11-12x12.webp 12w, https:\/\/www.yigejiaceramics.com\/wp-content\/uploads\/2026\/04\/Wholesale-Black-Soap-Dispenser-Ceramics-11-600x600.webp 600w, https:\/\/www.yigejiaceramics.com\/wp-content\/uploads\/2026\/04\/Wholesale-Black-Soap-Dispenser-Ceramics-11-100x100.webp 100w\" sizes=\"(max-width: 800px) 100vw, 800px\" \/><\/figure>\n<\/div>\n\n\n\n<div class=\"wp-block-column is-layout-flow wp-block-column-is-layout-flow\">\n<figure class=\"wp-block-image size-full\"><img decoding=\"async\" width=\"800\" height=\"800\" src=\"https:\/\/www.yigejiaceramics.com\/wp-content\/uploads\/2026\/04\/Wholesale-Black-Soap-Dispenser-Ceramics-10.webp\" alt=\"Distribuidor de sab\u00e3o preto por atacado Cer\u00e2mica\" class=\"wp-image-2224\" srcset=\"https:\/\/www.yigejiaceramics.com\/wp-content\/uploads\/2026\/04\/Wholesale-Black-Soap-Dispenser-Ceramics-10.webp 800w, https:\/\/www.yigejiaceramics.com\/wp-content\/uploads\/2026\/04\/Wholesale-Black-Soap-Dispenser-Ceramics-10-300x300.webp 300w, https:\/\/www.yigejiaceramics.com\/wp-content\/uploads\/2026\/04\/Wholesale-Black-Soap-Dispenser-Ceramics-10-150x150.webp 150w, https:\/\/www.yigejiaceramics.com\/wp-content\/uploads\/2026\/04\/Wholesale-Black-Soap-Dispenser-Ceramics-10-768x768.webp 768w, https:\/\/www.yigejiaceramics.com\/wp-content\/uploads\/2026\/04\/Wholesale-Black-Soap-Dispenser-Ceramics-10-12x12.webp 12w, https:\/\/www.yigejiaceramics.com\/wp-content\/uploads\/2026\/04\/Wholesale-Black-Soap-Dispenser-Ceramics-10-600x600.webp 600w, https:\/\/www.yigejiaceramics.com\/wp-content\/uploads\/2026\/04\/Wholesale-Black-Soap-Dispenser-Ceramics-10-100x100.webp 100w\" sizes=\"(max-width: 800px) 100vw, 800px\" \/><\/figure>\n<\/div>\n<\/div>","protected":false},"excerpt":{"rendered":"<p data-start=\"502\" data-end=\"730\">Distribuidor de sab\u00e3o preto por atacado Cer\u00e2mica com pre\u00e7o de atacado de f\u00e1brica e amostras gr\u00e1tis. Frasco de bomba \u201cLOTION\u201d com efeito m\u00e1rmore preto e dourado com acabamento de luxo, perfeito para conjuntos de casa de banho, projectos de hotel, retalho e personaliza\u00e7\u00e3o a granel.<\/p>\n<h2>Atacado de cer\u00e2mica dispensador de sab\u00e3o preto Par\u00e2metro\uff1a<\/h2>\n<table>\n<tbody>\n<tr>\n<td>Fabricante<\/td>\n<td>Yigejia<\/td>\n<\/tr>\n<tr>\n<td>Tipo de produto<\/td>\n<td>Dispensador de sabonete<\/td>\n<\/tr>\n<tr>\n<td>Material<\/td>\n<td>Cer\u00e2mica<\/td>\n<\/tr>\n<tr>\n<td>Cor<\/td>\n<td>Preto<\/td>\n<\/tr>\n<tr>\n<td>O conjunto inclui<\/td>\n<td>1 unidade<\/td>\n<\/tr>\n<tr>\n<td>Componentes<\/td>\n<td>Dispensador de sabonete<\/td>\n<\/tr>\n<tr>\n<td>Acabamento<\/td>\n<td>Acabamento mate<\/td>\n<\/tr>\n<tr>\n<td>Candidatura<\/td>\n<td>Casa, casa de banho, hot\u00e9is, apartamentos, spa<\/td>\n<\/tr>\n<tr>\n<td>Quantidade m\u00ednima de encomenda<\/td>\n<td>MOQ baixo<\/td>\n<\/tr>\n<tr>\n<td>Amostra gr\u00e1tis<\/td>\n<td>Dispon\u00edvel<\/td>\n<\/tr>\n<tr>\n<td>Personalizado<\/td>\n<td>Cor\/Tamanho\/Log\u00f3tipo\/Embalagem<\/td>\n<\/tr>\n<\/tbody>\n<\/table>","protected":false},"featured_media":2216,"comment_status":"closed","ping_status":"closed","template":"","meta":{"_acf_changed":false},"product_brand":[],"product_cat":[20],"product_tag":[],"class_list":{"0":"post-2214","1":"product","2":"type-product","3":"status-publish","4":"has-post-thumbnail","6":"product_cat-custom-soap-dispenser","8":"first","9":"instock","10":"shipping-taxable","11":"product-type-simple"},"acf":[],"_links":{"self":[{"href":"https:\/\/www.yigejiaceramics.com\/pt\/wp-json\/wp\/v2\/product\/2214","targetHints":{"allow":["GET"]}}],"collection":[{"href":"https:\/\/www.yigejiaceramics.com\/pt\/wp-json\/wp\/v2\/product"}],"about":[{"href":"https:\/\/www.yigejiaceramics.com\/pt\/wp-json\/wp\/v2\/types\/product"}],"replies":[{"embeddable":true,"href":"https:\/\/www.yigejiaceramics.com\/pt\/wp-json\/wp\/v2\/comments?post=2214"}],"wp:featuredmedia":[{"embeddable":true,"href":"https:\/\/www.yigejiaceramics.com\/pt\/wp-json\/wp\/v2\/media\/2216"}],"wp:attachment":[{"href":"https:\/\/www.yigejiaceramics.com\/pt\/wp-json\/wp\/v2\/media?parent=2214"}],"wp:term":[{"taxonomy":"product_brand","embeddable":true,"href":"https:\/\/www.yigejiaceramics.com\/pt\/wp-json\/wp\/v2\/product_brand?post=2214"},{"taxonomy":"product_cat","embeddable":true,"href":"https:\/\/www.yigejiaceramics.com\/pt\/wp-json\/wp\/v2\/product_cat?post=2214"},{"taxonomy":"product_tag","embeddable":true,"href":"https:\/\/www.yigejiaceramics.com\/pt\/wp-json\/wp\/v2\/product_tag?post=2214"}],"curies":[{"name":"wp","href":"https:\/\/api.w.org\/{rel}","templated":true}]}}