{"id":2204,"date":"2026-04-18T01:51:21","date_gmt":"2026-04-18T01:51:21","guid":{"rendered":"https:\/\/www.yigejiaceramics.com\/?post_type=product&#038;p=2204"},"modified":"2026-04-18T01:51:22","modified_gmt":"2026-04-18T01:51:22","slug":"wholesale-black-soap-dish-ceramics","status":"publish","type":"product","link":"https:\/\/www.yigejiaceramics.com\/pt\/produto\/wholesale-black-soap-dish-ceramics\/","title":{"rendered":"Cer\u00e2mica de saboneteira preta por atacado, acess\u00f3rio de casa de banho com efeito de m\u00e1rmore Fabricante"},"content":{"rendered":"<div class=\"wp-block-columns is-layout-flex wp-container-core-columns-is-layout-9d6595d7 wp-block-columns-is-layout-flex\">\n<div class=\"wp-block-column is-layout-flow wp-block-column-is-layout-flow\">\n<h2 class=\"wp-block-heading\">Carater\u00edsticas da cer\u00e2mica para saboneteiras pretas por atacado<\/h2>\n\n\n\n<ul class=\"wp-block-list\">\n<li><strong>Design preto e dourado com efeito m\u00e1rmore<\/strong>: A cer\u00e2mica de saboneteira preta por atacado apresenta um acabamento em preto e dourado inspirado no m\u00e1rmore, dando um toque de luxo \u00e0s casas de banho.<\/li>\n\n\n\n<li><strong>\u201cR\u00f3tulo de texto \u201dLO\u00c7\u00c3O\" Design<\/strong>: A cer\u00e2mica de saboneteira preta por atacado inclui uma marca\u00e7\u00e3o clara \u201cLOTION\u201d, combinando praticidade e estilo moderno.<\/li>\n\n\n\n<li><strong>Material cer\u00e2mico duradouro:<\/strong> A cer\u00e2mica de saboneteira preta por atacado \u00e9 feita de cer\u00e2mica de alta qualidade, resistente e f\u00e1cil de manter.<\/li>\n\n\n\n<li><strong>Perfeito para o conjunto de 4 pe\u00e7as de casa de banho<\/strong>: A cer\u00e2mica preta para saboneteiras por atacado combina bem com o copo, o dispensador e o tabuleiro para um conjunto completo de casa de banho.<\/li>\n\n\n\n<li><strong>Pre\u00e7os diretos de f\u00e1brica e amostras gr\u00e1tis<\/strong>: A cer\u00e2mica de saboneteira preta por atacado vem com pre\u00e7os de atacado de f\u00e1brica e amostras gr\u00e1tis para compradores a granel.<\/li>\n<\/ul>\n<\/div>\n\n\n\n<div class=\"wp-block-column is-layout-flow wp-block-column-is-layout-flow\">\n<figure class=\"wp-block-image size-full\"><img decoding=\"async\" width=\"800\" height=\"800\" src=\"https:\/\/www.yigejiaceramics.com\/wp-content\/uploads\/2026\/04\/Wholesale-Black-Soap-Dish-Ceramics-7.webp\" alt=\"Cer\u00e2mica preta para saboneteiras por atacado\" class=\"wp-image-2211\" srcset=\"https:\/\/www.yigejiaceramics.com\/wp-content\/uploads\/2026\/04\/Wholesale-Black-Soap-Dish-Ceramics-7.webp 800w, https:\/\/www.yigejiaceramics.com\/wp-content\/uploads\/2026\/04\/Wholesale-Black-Soap-Dish-Ceramics-7-300x300.webp 300w, https:\/\/www.yigejiaceramics.com\/wp-content\/uploads\/2026\/04\/Wholesale-Black-Soap-Dish-Ceramics-7-150x150.webp 150w, https:\/\/www.yigejiaceramics.com\/wp-content\/uploads\/2026\/04\/Wholesale-Black-Soap-Dish-Ceramics-7-768x768.webp 768w, https:\/\/www.yigejiaceramics.com\/wp-content\/uploads\/2026\/04\/Wholesale-Black-Soap-Dish-Ceramics-7-12x12.webp 12w, https:\/\/www.yigejiaceramics.com\/wp-content\/uploads\/2026\/04\/Wholesale-Black-Soap-Dish-Ceramics-7-600x600.webp 600w, https:\/\/www.yigejiaceramics.com\/wp-content\/uploads\/2026\/04\/Wholesale-Black-Soap-Dish-Ceramics-7-100x100.webp 100w\" sizes=\"(max-width: 800px) 100vw, 800px\" \/><\/figure>\n<\/div>\n<\/div>\n\n\n\n<div class=\"wp-block-columns is-layout-flex wp-container-core-columns-is-layout-9d6595d7 wp-block-columns-is-layout-flex\">\n<div class=\"wp-block-column is-layout-flow wp-block-column-is-layout-flow\">\n<figure class=\"wp-block-image size-full\"><img decoding=\"async\" width=\"800\" height=\"800\" src=\"https:\/\/www.yigejiaceramics.com\/wp-content\/uploads\/2026\/04\/Wholesale-Black-Soap-Dish-Ceramics-9.webp\" alt=\"Cer\u00e2mica preta para saboneteiras por atacado\" class=\"wp-image-2213\" srcset=\"https:\/\/www.yigejiaceramics.com\/wp-content\/uploads\/2026\/04\/Wholesale-Black-Soap-Dish-Ceramics-9.webp 800w, https:\/\/www.yigejiaceramics.com\/wp-content\/uploads\/2026\/04\/Wholesale-Black-Soap-Dish-Ceramics-9-300x300.webp 300w, https:\/\/www.yigejiaceramics.com\/wp-content\/uploads\/2026\/04\/Wholesale-Black-Soap-Dish-Ceramics-9-150x150.webp 150w, https:\/\/www.yigejiaceramics.com\/wp-content\/uploads\/2026\/04\/Wholesale-Black-Soap-Dish-Ceramics-9-768x768.webp 768w, https:\/\/www.yigejiaceramics.com\/wp-content\/uploads\/2026\/04\/Wholesale-Black-Soap-Dish-Ceramics-9-12x12.webp 12w, https:\/\/www.yigejiaceramics.com\/wp-content\/uploads\/2026\/04\/Wholesale-Black-Soap-Dish-Ceramics-9-600x600.webp 600w, https:\/\/www.yigejiaceramics.com\/wp-content\/uploads\/2026\/04\/Wholesale-Black-Soap-Dish-Ceramics-9-100x100.webp 100w\" sizes=\"(max-width: 800px) 100vw, 800px\" \/><\/figure>\n<\/div>\n\n\n\n<div class=\"wp-block-column is-layout-flow wp-block-column-is-layout-flow\">\n<figure class=\"wp-block-image size-full\"><img decoding=\"async\" width=\"800\" height=\"800\" src=\"https:\/\/www.yigejiaceramics.com\/wp-content\/uploads\/2026\/04\/Wholesale-Black-Soap-Dish-Ceramics-5.webp\" alt=\"Cer\u00e2mica preta para saboneteiras por atacado\" class=\"wp-image-2209\" srcset=\"https:\/\/www.yigejiaceramics.com\/wp-content\/uploads\/2026\/04\/Wholesale-Black-Soap-Dish-Ceramics-5.webp 800w, https:\/\/www.yigejiaceramics.com\/wp-content\/uploads\/2026\/04\/Wholesale-Black-Soap-Dish-Ceramics-5-300x300.webp 300w, https:\/\/www.yigejiaceramics.com\/wp-content\/uploads\/2026\/04\/Wholesale-Black-Soap-Dish-Ceramics-5-150x150.webp 150w, https:\/\/www.yigejiaceramics.com\/wp-content\/uploads\/2026\/04\/Wholesale-Black-Soap-Dish-Ceramics-5-768x768.webp 768w, https:\/\/www.yigejiaceramics.com\/wp-content\/uploads\/2026\/04\/Wholesale-Black-Soap-Dish-Ceramics-5-12x12.webp 12w, https:\/\/www.yigejiaceramics.com\/wp-content\/uploads\/2026\/04\/Wholesale-Black-Soap-Dish-Ceramics-5-600x600.webp 600w, https:\/\/www.yigejiaceramics.com\/wp-content\/uploads\/2026\/04\/Wholesale-Black-Soap-Dish-Ceramics-5-100x100.webp 100w\" sizes=\"(max-width: 800px) 100vw, 800px\" \/><\/figure>\n<\/div>\n<\/div>","protected":false},"excerpt":{"rendered":"<p data-start=\"502\" data-end=\"730\">Cer\u00e2mica preta para saboneteiras por atacado com pre\u00e7os por atacado de f\u00e1brica e amostras gr\u00e1tis. Suporte de cer\u00e2mica \u201cLOTION\u201d de efeito m\u00e1rmore preto e dourado com acabamento de luxo, perfeito para conjuntos de casa de banho, projectos de hotel, retalho e personaliza\u00e7\u00e3o a granel.<\/p>\n<h2>Par\u00e2metro de cer\u00e2mica de prato de sab\u00e3o preto por atacado\uff1a<\/h2>\n<table>\n<tbody>\n<tr>\n<td>Fabricante<\/td>\n<td>Yigejia<\/td>\n<\/tr>\n<tr>\n<td>Tipo de produto<\/td>\n<td>Saboneteira<\/td>\n<\/tr>\n<tr>\n<td>Material<\/td>\n<td>Cer\u00e2mica<\/td>\n<\/tr>\n<tr>\n<td>Cor<\/td>\n<td>Preto<\/td>\n<\/tr>\n<tr>\n<td>O conjunto inclui<\/td>\n<td>1 unidade<\/td>\n<\/tr>\n<tr>\n<td>Componentes<\/td>\n<td>Saboneteira<\/td>\n<\/tr>\n<tr>\n<td>Acabamento<\/td>\n<td>Acabamento mate<\/td>\n<\/tr>\n<tr>\n<td>Candidatura<\/td>\n<td>Casa, casa de banho, hot\u00e9is, apartamentos, spa<\/td>\n<\/tr>\n<tr>\n<td>Quantidade m\u00ednima de encomenda<\/td>\n<td>MOQ baixo<\/td>\n<\/tr>\n<tr>\n<td>Amostra gr\u00e1tis<\/td>\n<td>Dispon\u00edvel<\/td>\n<\/tr>\n<tr>\n<td>Personalizado<\/td>\n<td>Cor\/Tamanho\/Log\u00f3tipo\/Embalagem<\/td>\n<\/tr>\n<\/tbody>\n<\/table>","protected":false},"featured_media":2206,"comment_status":"closed","ping_status":"closed","template":"","meta":{"_acf_changed":false},"product_brand":[],"product_cat":[23],"product_tag":[],"class_list":{"0":"post-2204","1":"product","2":"type-product","3":"status-publish","4":"has-post-thumbnail","6":"product_cat-soap-dish-wholesale","8":"first","9":"instock","10":"shipping-taxable","11":"product-type-simple"},"acf":[],"_links":{"self":[{"href":"https:\/\/www.yigejiaceramics.com\/pt\/wp-json\/wp\/v2\/product\/2204","targetHints":{"allow":["GET"]}}],"collection":[{"href":"https:\/\/www.yigejiaceramics.com\/pt\/wp-json\/wp\/v2\/product"}],"about":[{"href":"https:\/\/www.yigejiaceramics.com\/pt\/wp-json\/wp\/v2\/types\/product"}],"replies":[{"embeddable":true,"href":"https:\/\/www.yigejiaceramics.com\/pt\/wp-json\/wp\/v2\/comments?post=2204"}],"wp:featuredmedia":[{"embeddable":true,"href":"https:\/\/www.yigejiaceramics.com\/pt\/wp-json\/wp\/v2\/media\/2206"}],"wp:attachment":[{"href":"https:\/\/www.yigejiaceramics.com\/pt\/wp-json\/wp\/v2\/media?parent=2204"}],"wp:term":[{"taxonomy":"product_brand","embeddable":true,"href":"https:\/\/www.yigejiaceramics.com\/pt\/wp-json\/wp\/v2\/product_brand?post=2204"},{"taxonomy":"product_cat","embeddable":true,"href":"https:\/\/www.yigejiaceramics.com\/pt\/wp-json\/wp\/v2\/product_cat?post=2204"},{"taxonomy":"product_tag","embeddable":true,"href":"https:\/\/www.yigejiaceramics.com\/pt\/wp-json\/wp\/v2\/product_tag?post=2204"}],"curies":[{"name":"wp","href":"https:\/\/api.w.org\/{rel}","templated":true}]}}