{"id":2201,"date":"2026-04-18T01:56:57","date_gmt":"2026-04-18T01:56:57","guid":{"rendered":"https:\/\/www.yigejiaceramics.com\/?post_type=product&#038;p=2201"},"modified":"2026-04-18T01:57:00","modified_gmt":"2026-04-18T01:57:00","slug":"vintage-ceramic-soap-holder-bulk","status":"publish","type":"product","link":"https:\/\/www.yigejiaceramics.com\/pt\/produto\/vintage-ceramic-soap-holder-bulk\/","title":{"rendered":"Porta-sabonete de cer\u00e2mica vintage a granel, prato com textura de esmalte reativo azul por atacado"},"content":{"rendered":"<div class=\"wp-block-columns is-layout-flex wp-container-core-columns-is-layout-9d6595d7 wp-block-columns-is-layout-flex\">\n<div class=\"wp-block-column is-layout-flow wp-block-column-is-layout-flow\">\n<h2 class=\"wp-block-heading\">Suporte para sabonete em cer\u00e2mica vintage Carater\u00edsticas<\/h2>\n\n\n\n<ul class=\"wp-block-list\">\n<li><strong>Esmalte reativo azul vintage<\/strong>: O porta-sabonete de cer\u00e2mica Vintage Bulk apresenta um acabamento de esmalte reativo azul, dando a cada pe\u00e7a uma textura vintage natural.<\/li>\n\n\n\n<li><strong>\u201cDesenho texturizado \u201dBATH<\/strong>: O porta-sabonete de cer\u00e2mica Vintage Bulk \u00e9 fornecido com uma textura clara em relevo \u201cBATH\u201d, combinando fun\u00e7\u00e3o e estilo.<\/li>\n\n\n\n<li><strong>Material cer\u00e2mico dur\u00e1vel<\/strong>: O porta-sabonete de cer\u00e2mica vintage \u00e9 feito de cer\u00e2mica de alta qualidade, resistente e f\u00e1cil de limpar para uso di\u00e1rio.<\/li>\n\n\n\n<li><strong>Perfeito para o conjunto de 4 pe\u00e7as de casa de banho<\/strong>: O porta-sabonete de cer\u00e2mica Vintage Bulk combina perfeitamente com o copo, o dispensador e o tabuleiro para um conjunto completo de casa de banho.<\/li>\n\n\n\n<li><strong>Pre\u00e7os diretos de f\u00e1brica e amostras gr\u00e1tis<\/strong>: O porta-sabonete de cer\u00e2mica vintage a granel oferece pre\u00e7os de f\u00e1brica por atacado e amostras gr\u00e1tis para compradores a granel.<\/li>\n<\/ul>\n<\/div>\n\n\n\n<div class=\"wp-block-column is-layout-flow wp-block-column-is-layout-flow\">\n<figure class=\"wp-block-image size-full\"><img decoding=\"async\" width=\"800\" height=\"800\" src=\"https:\/\/www.yigejiaceramics.com\/wp-content\/uploads\/2026\/04\/Vintage-Ceramic-Soap-Holder-Bulk-2.webp\" alt=\"Porta-sabonete de cer\u00e2mica vintage a granel\" class=\"wp-image-2203\" srcset=\"https:\/\/www.yigejiaceramics.com\/wp-content\/uploads\/2026\/04\/Vintage-Ceramic-Soap-Holder-Bulk-2.webp 800w, https:\/\/www.yigejiaceramics.com\/wp-content\/uploads\/2026\/04\/Vintage-Ceramic-Soap-Holder-Bulk-2-300x300.webp 300w, https:\/\/www.yigejiaceramics.com\/wp-content\/uploads\/2026\/04\/Vintage-Ceramic-Soap-Holder-Bulk-2-150x150.webp 150w, https:\/\/www.yigejiaceramics.com\/wp-content\/uploads\/2026\/04\/Vintage-Ceramic-Soap-Holder-Bulk-2-768x768.webp 768w, https:\/\/www.yigejiaceramics.com\/wp-content\/uploads\/2026\/04\/Vintage-Ceramic-Soap-Holder-Bulk-2-12x12.webp 12w, https:\/\/www.yigejiaceramics.com\/wp-content\/uploads\/2026\/04\/Vintage-Ceramic-Soap-Holder-Bulk-2-600x600.webp 600w, https:\/\/www.yigejiaceramics.com\/wp-content\/uploads\/2026\/04\/Vintage-Ceramic-Soap-Holder-Bulk-2-100x100.webp 100w\" sizes=\"(max-width: 800px) 100vw, 800px\" \/><\/figure>\n<\/div>\n<\/div>\n\n\n\n<div class=\"wp-block-columns is-layout-flex wp-container-core-columns-is-layout-9d6595d7 wp-block-columns-is-layout-flex\">\n<div class=\"wp-block-column is-layout-flow wp-block-column-is-layout-flow\"><\/div>\n\n\n\n<div class=\"wp-block-column is-layout-flow wp-block-column-is-layout-flow\"><\/div>\n<\/div>","protected":false},"excerpt":{"rendered":"<p data-start=\"502\" data-end=\"730\">Porta-sabonete de cer\u00e2mica vintage a granel com pre\u00e7o de atacado de f\u00e1brica e amostras gr\u00e1tis. Prato com textura de esmalte reativo azul com estilo r\u00fastico vintage, perfeito para conjuntos de casa de banho, projectos de hotel, retalho e personaliza\u00e7\u00e3o a granel.<\/p>\n<h2>Porta-sabonete de cer\u00e2mica vintage Par\u00e2metro a granel\uff1a<\/h2>\n<table>\n<tbody>\n<tr>\n<td>Fabricante<\/td>\n<td>Yigejia<\/td>\n<\/tr>\n<tr>\n<td>Tipo de produto<\/td>\n<td>Saboneteira<\/td>\n<\/tr>\n<tr>\n<td>Material<\/td>\n<td>Cer\u00e2mica<\/td>\n<\/tr>\n<tr>\n<td>Cor<\/td>\n<td>Ouro azul<\/td>\n<\/tr>\n<tr>\n<td>O conjunto inclui<\/td>\n<td>1 unidade<\/td>\n<\/tr>\n<tr>\n<td>Componentes<\/td>\n<td>Saboneteira<\/td>\n<\/tr>\n<tr>\n<td>Acabamento<\/td>\n<td>Acabamento mate<\/td>\n<\/tr>\n<tr>\n<td>Candidatura<\/td>\n<td>Casa, casa de banho, hot\u00e9is, apartamentos, spa<\/td>\n<\/tr>\n<tr>\n<td>Quantidade m\u00ednima de encomenda<\/td>\n<td>MOQ baixo<\/td>\n<\/tr>\n<tr>\n<td>Amostra gr\u00e1tis<\/td>\n<td>Dispon\u00edvel<\/td>\n<\/tr>\n<tr>\n<td>Personalizado<\/td>\n<td>Cor\/Tamanho\/Log\u00f3tipo\/Embalagem<\/td>\n<\/tr>\n<\/tbody>\n<\/table>","protected":false},"featured_media":2202,"comment_status":"closed","ping_status":"closed","template":"","meta":{"_acf_changed":false},"product_brand":[],"product_cat":[23],"product_tag":[],"class_list":{"0":"post-2201","1":"product","2":"type-product","3":"status-publish","4":"has-post-thumbnail","6":"product_cat-soap-dish-wholesale","8":"first","9":"instock","10":"shipping-taxable","11":"product-type-simple"},"acf":[],"_links":{"self":[{"href":"https:\/\/www.yigejiaceramics.com\/pt\/wp-json\/wp\/v2\/product\/2201","targetHints":{"allow":["GET"]}}],"collection":[{"href":"https:\/\/www.yigejiaceramics.com\/pt\/wp-json\/wp\/v2\/product"}],"about":[{"href":"https:\/\/www.yigejiaceramics.com\/pt\/wp-json\/wp\/v2\/types\/product"}],"replies":[{"embeddable":true,"href":"https:\/\/www.yigejiaceramics.com\/pt\/wp-json\/wp\/v2\/comments?post=2201"}],"wp:featuredmedia":[{"embeddable":true,"href":"https:\/\/www.yigejiaceramics.com\/pt\/wp-json\/wp\/v2\/media\/2202"}],"wp:attachment":[{"href":"https:\/\/www.yigejiaceramics.com\/pt\/wp-json\/wp\/v2\/media?parent=2201"}],"wp:term":[{"taxonomy":"product_brand","embeddable":true,"href":"https:\/\/www.yigejiaceramics.com\/pt\/wp-json\/wp\/v2\/product_brand?post=2201"},{"taxonomy":"product_cat","embeddable":true,"href":"https:\/\/www.yigejiaceramics.com\/pt\/wp-json\/wp\/v2\/product_cat?post=2201"},{"taxonomy":"product_tag","embeddable":true,"href":"https:\/\/www.yigejiaceramics.com\/pt\/wp-json\/wp\/v2\/product_tag?post=2201"}],"curies":[{"name":"wp","href":"https:\/\/api.w.org\/{rel}","templated":true}]}}