{"id":2198,"date":"2026-04-18T02:00:06","date_gmt":"2026-04-18T02:00:06","guid":{"rendered":"https:\/\/www.yigejiaceramics.com\/?post_type=product&#038;p=2198"},"modified":"2026-04-18T02:00:09","modified_gmt":"2026-04-18T02:00:09","slug":"vintage-ceramic-soap-dispenser-oem","status":"publish","type":"product","link":"https:\/\/www.yigejiaceramics.com\/pt\/produto\/vintage-ceramic-soap-dispenser-oem\/","title":{"rendered":"Dispensador de sab\u00e3o de cer\u00e2mica vintage a granel, frasco de bomba de esmalte reativo azul para casa e hotel"},"content":{"rendered":"<div class=\"wp-block-columns is-layout-flex wp-container-core-columns-is-layout-9d6595d7 wp-block-columns-is-layout-flex\">\n<div class=\"wp-block-column is-layout-flow wp-block-column-is-layout-flow\">\n<h2 class=\"wp-block-heading\">Dispensador de sab\u00e3o vintage em cer\u00e2mica Carater\u00edsticas<\/h2>\n\n\n\n<ul class=\"wp-block-list\">\n<li><strong>Esmalte reativo azul vintage<\/strong>: O Vintage Ceramic Soap Dispenser Bulk apresenta um acabamento em esmalte reativo azul, dando a cada garrafa um aspeto vintage \u00fanico.<\/li>\n\n\n\n<li><strong>\u201cDesign da garrafa com bomba \u201dWASH<\/strong>: O dispensador de sab\u00e3o Vintage em cer\u00e2mica inclui uma etiqueta transparente \u201cWASH\u201d, tornando-o pr\u00e1tico e visualmente elegante.<\/li>\n\n\n\n<li><strong>Material cer\u00e2mico dur\u00e1vel<\/strong>: O dispensador de sab\u00e3o de cer\u00e2mica vintage \u00e9 feito de cer\u00e2mica resistente, dur\u00e1vel para uso di\u00e1rio na casa de banho e f\u00e1cil de limpar.<\/li>\n\n\n\n<li><strong>Perfeito para o conjunto de 4 pe\u00e7as de casa de banho<\/strong>O dispensador de sabonete em cer\u00e2mica Vintage Bulk combina na perfei\u00e7\u00e3o com o copo, a saboneteira e o tabuleiro para um conjunto completo de casa de banho.<\/li>\n\n\n\n<li><strong>Pre\u00e7os diretos de f\u00e1brica e amostras gr\u00e1tis<\/strong>: O distribuidor de sab\u00e3o de cer\u00e2mica vintage a granel \u00e9 fornecido com pre\u00e7os de f\u00e1brica por atacado e amostras gr\u00e1tis para compradores a granel.<\/li>\n<\/ul>\n<\/div>\n\n\n\n<div class=\"wp-block-column is-layout-flow wp-block-column-is-layout-flow\">\n<figure class=\"wp-block-image size-full\"><img decoding=\"async\" width=\"800\" height=\"800\" src=\"https:\/\/www.yigejiaceramics.com\/wp-content\/uploads\/2026\/04\/Vintage-Ceramic-Soap-Dispenser-Bulk-2.webp\" alt=\"Dispensador de sab\u00e3o de cer\u00e2mica vintage a granel\" class=\"wp-image-2200\" srcset=\"https:\/\/www.yigejiaceramics.com\/wp-content\/uploads\/2026\/04\/Vintage-Ceramic-Soap-Dispenser-Bulk-2.webp 800w, https:\/\/www.yigejiaceramics.com\/wp-content\/uploads\/2026\/04\/Vintage-Ceramic-Soap-Dispenser-Bulk-2-300x300.webp 300w, https:\/\/www.yigejiaceramics.com\/wp-content\/uploads\/2026\/04\/Vintage-Ceramic-Soap-Dispenser-Bulk-2-150x150.webp 150w, https:\/\/www.yigejiaceramics.com\/wp-content\/uploads\/2026\/04\/Vintage-Ceramic-Soap-Dispenser-Bulk-2-768x768.webp 768w, https:\/\/www.yigejiaceramics.com\/wp-content\/uploads\/2026\/04\/Vintage-Ceramic-Soap-Dispenser-Bulk-2-12x12.webp 12w, https:\/\/www.yigejiaceramics.com\/wp-content\/uploads\/2026\/04\/Vintage-Ceramic-Soap-Dispenser-Bulk-2-600x600.webp 600w, https:\/\/www.yigejiaceramics.com\/wp-content\/uploads\/2026\/04\/Vintage-Ceramic-Soap-Dispenser-Bulk-2-100x100.webp 100w\" sizes=\"(max-width: 800px) 100vw, 800px\" \/><\/figure>\n<\/div>\n<\/div>\n\n\n\n<div class=\"wp-block-columns is-layout-flex wp-container-core-columns-is-layout-9d6595d7 wp-block-columns-is-layout-flex\">\n<div class=\"wp-block-column is-layout-flow wp-block-column-is-layout-flow\">\n<figure class=\"wp-block-image size-full\"><img decoding=\"async\" width=\"800\" height=\"800\" src=\"https:\/\/www.yigejiaceramics.com\/wp-content\/uploads\/2026\/04\/Vintage-Ceramic-Soap-Dispenser-Bulk-2.webp\" alt=\"Dispensador de sab\u00e3o de cer\u00e2mica vintage a granel\" class=\"wp-image-2200\" srcset=\"https:\/\/www.yigejiaceramics.com\/wp-content\/uploads\/2026\/04\/Vintage-Ceramic-Soap-Dispenser-Bulk-2.webp 800w, https:\/\/www.yigejiaceramics.com\/wp-content\/uploads\/2026\/04\/Vintage-Ceramic-Soap-Dispenser-Bulk-2-300x300.webp 300w, https:\/\/www.yigejiaceramics.com\/wp-content\/uploads\/2026\/04\/Vintage-Ceramic-Soap-Dispenser-Bulk-2-150x150.webp 150w, https:\/\/www.yigejiaceramics.com\/wp-content\/uploads\/2026\/04\/Vintage-Ceramic-Soap-Dispenser-Bulk-2-768x768.webp 768w, https:\/\/www.yigejiaceramics.com\/wp-content\/uploads\/2026\/04\/Vintage-Ceramic-Soap-Dispenser-Bulk-2-12x12.webp 12w, https:\/\/www.yigejiaceramics.com\/wp-content\/uploads\/2026\/04\/Vintage-Ceramic-Soap-Dispenser-Bulk-2-600x600.webp 600w, https:\/\/www.yigejiaceramics.com\/wp-content\/uploads\/2026\/04\/Vintage-Ceramic-Soap-Dispenser-Bulk-2-100x100.webp 100w\" sizes=\"(max-width: 800px) 100vw, 800px\" \/><\/figure>\n<\/div>\n\n\n\n<div class=\"wp-block-column is-layout-flow wp-block-column-is-layout-flow\">\n<figure class=\"wp-block-image size-full\"><img decoding=\"async\" width=\"800\" height=\"800\" src=\"https:\/\/www.yigejiaceramics.com\/wp-content\/uploads\/2026\/04\/Vintage-Ceramic-Soap-Dispenser-Bulk-1.webp\" alt=\"Dispensador de sab\u00e3o de cer\u00e2mica vintage a granel\" class=\"wp-image-2199\" srcset=\"https:\/\/www.yigejiaceramics.com\/wp-content\/uploads\/2026\/04\/Vintage-Ceramic-Soap-Dispenser-Bulk-1.webp 800w, https:\/\/www.yigejiaceramics.com\/wp-content\/uploads\/2026\/04\/Vintage-Ceramic-Soap-Dispenser-Bulk-1-300x300.webp 300w, https:\/\/www.yigejiaceramics.com\/wp-content\/uploads\/2026\/04\/Vintage-Ceramic-Soap-Dispenser-Bulk-1-150x150.webp 150w, https:\/\/www.yigejiaceramics.com\/wp-content\/uploads\/2026\/04\/Vintage-Ceramic-Soap-Dispenser-Bulk-1-768x768.webp 768w, https:\/\/www.yigejiaceramics.com\/wp-content\/uploads\/2026\/04\/Vintage-Ceramic-Soap-Dispenser-Bulk-1-12x12.webp 12w, https:\/\/www.yigejiaceramics.com\/wp-content\/uploads\/2026\/04\/Vintage-Ceramic-Soap-Dispenser-Bulk-1-600x600.webp 600w, https:\/\/www.yigejiaceramics.com\/wp-content\/uploads\/2026\/04\/Vintage-Ceramic-Soap-Dispenser-Bulk-1-100x100.webp 100w\" sizes=\"(max-width: 800px) 100vw, 800px\" \/><\/figure>\n<\/div>\n<\/div>","protected":false},"excerpt":{"rendered":"<p data-start=\"502\" data-end=\"730\">Dispensador de sab\u00e3o de cer\u00e2mica vintage a granel com pre\u00e7o de atacado de f\u00e1brica e amostras gr\u00e1tis. Garrafa de bomba \u201cWASH\u201d de esmalte reativo azul com design r\u00fastico vintage, perfeita para conjuntos de casa de banho, projectos de hotel, retalho e necessidades de personaliza\u00e7\u00e3o a granel.<\/p>\n<h2>Distribuidor de sab\u00e3o de cer\u00e2mica vintage a granel Par\u00e2metro\uff1a<\/h2>\n<table>\n<tbody>\n<tr>\n<td>Fabricante<\/td>\n<td>Yigejia<\/td>\n<\/tr>\n<tr>\n<td>Tipo de produto<\/td>\n<td>Dispensador de sabonete<\/td>\n<\/tr>\n<tr>\n<td>Material<\/td>\n<td>Cer\u00e2mica<\/td>\n<\/tr>\n<tr>\n<td>Cor<\/td>\n<td>Ouro azul<\/td>\n<\/tr>\n<tr>\n<td>O conjunto inclui<\/td>\n<td>1 unidade<\/td>\n<\/tr>\n<tr>\n<td>Componentes<\/td>\n<td>Dispensador de sabonete<\/td>\n<\/tr>\n<tr>\n<td>Acabamento<\/td>\n<td>Acabamento mate<\/td>\n<\/tr>\n<tr>\n<td>Candidatura<\/td>\n<td>Casa, casa de banho, hot\u00e9is, apartamentos, spa<\/td>\n<\/tr>\n<tr>\n<td>Quantidade m\u00ednima de encomenda<\/td>\n<td>MOQ baixo<\/td>\n<\/tr>\n<tr>\n<td>Amostra gr\u00e1tis<\/td>\n<td>Dispon\u00edvel<\/td>\n<\/tr>\n<tr>\n<td>Personalizado<\/td>\n<td>Cor\/Tamanho\/Log\u00f3tipo\/Embalagem<\/td>\n<\/tr>\n<\/tbody>\n<\/table>","protected":false},"featured_media":2199,"comment_status":"closed","ping_status":"closed","template":"","meta":{"_acf_changed":false},"product_brand":[],"product_cat":[20],"product_tag":[],"class_list":{"0":"post-2198","1":"product","2":"type-product","3":"status-publish","4":"has-post-thumbnail","6":"product_cat-custom-soap-dispenser","8":"first","9":"instock","10":"shipping-taxable","11":"product-type-simple"},"acf":[],"_links":{"self":[{"href":"https:\/\/www.yigejiaceramics.com\/pt\/wp-json\/wp\/v2\/product\/2198","targetHints":{"allow":["GET"]}}],"collection":[{"href":"https:\/\/www.yigejiaceramics.com\/pt\/wp-json\/wp\/v2\/product"}],"about":[{"href":"https:\/\/www.yigejiaceramics.com\/pt\/wp-json\/wp\/v2\/types\/product"}],"replies":[{"embeddable":true,"href":"https:\/\/www.yigejiaceramics.com\/pt\/wp-json\/wp\/v2\/comments?post=2198"}],"wp:featuredmedia":[{"embeddable":true,"href":"https:\/\/www.yigejiaceramics.com\/pt\/wp-json\/wp\/v2\/media\/2199"}],"wp:attachment":[{"href":"https:\/\/www.yigejiaceramics.com\/pt\/wp-json\/wp\/v2\/media?parent=2198"}],"wp:term":[{"taxonomy":"product_brand","embeddable":true,"href":"https:\/\/www.yigejiaceramics.com\/pt\/wp-json\/wp\/v2\/product_brand?post=2198"},{"taxonomy":"product_cat","embeddable":true,"href":"https:\/\/www.yigejiaceramics.com\/pt\/wp-json\/wp\/v2\/product_cat?post=2198"},{"taxonomy":"product_tag","embeddable":true,"href":"https:\/\/www.yigejiaceramics.com\/pt\/wp-json\/wp\/v2\/product_tag?post=2198"}],"curies":[{"name":"wp","href":"https:\/\/api.w.org\/{rel}","templated":true}]}}