{"id":2156,"date":"2026-04-18T03:57:46","date_gmt":"2026-04-18T03:57:46","guid":{"rendered":"https:\/\/www.yigejiaceramics.com\/?post_type=product&#038;p=2156"},"modified":"2026-04-18T03:58:01","modified_gmt":"2026-04-18T03:58:01","slug":"handmade-ceramic-bathroom-tumbler","status":"publish","type":"product","link":"https:\/\/www.yigejiaceramics.com\/pt\/produto\/handmade-ceramic-bathroom-tumbler\/","title":{"rendered":"Custom Handmade Ceramic Bathroom Tumbler, Green Gold Accent Cup Bathroom Accessory"},"content":{"rendered":"<div class=\"wp-block-columns is-layout-flex wp-container-core-columns-is-layout-9d6595d7 wp-block-columns-is-layout-flex\">\n<div class=\"wp-block-column is-layout-flow wp-block-column-is-layout-flow\">\n<h2 class=\"wp-block-heading\">Custom Handmade Ceramic Bathroom Tumbler Features<\/h2>\n\n\n\n<ul class=\"wp-block-list\">\n<li><strong>Handmade Artisan Craftsmanship<\/strong>: Custom Handmade Ceramic Bathroom Tumbler features a rustic handmade finish, giving each piece a unique and natural look.<\/li>\n\n\n\n<li><strong>Rustic Green with Gold Accent<\/strong>: Custom Handmade Ceramic Bathroom Tumbler combines rustic green tones with elegant gold accents for a premium look.<\/li>\n\n\n\n<li><strong>Perfeito para o conjunto de 4 pe\u00e7as de casa de banho<\/strong>: Custom Handmade Ceramic Bathroom Tumbler pairs perfectly with soap dispenser, soap dish, and tray for a complete bathroom set.<\/li>\n\n\n\n<li><strong>Pre\u00e7os por atacado diretos da f\u00e1brica<\/strong>: Custom Handmade Ceramic Bathroom Tumbler is offered at factory pricing, helping buyers reduce costs and improve margins.<\/li>\n\n\n\n<li><strong>Amostras gr\u00e1tis e personaliza\u00e7\u00e3o<\/strong>: Custom Handmade Ceramic Bathroom Tumbler supports free samples and customization for logo, packaging, and color options.<\/li>\n<\/ul>\n<\/div>\n\n\n\n<div class=\"wp-block-column is-layout-flow wp-block-column-is-layout-flow\">\n<figure class=\"wp-block-image size-full\"><img decoding=\"async\" width=\"800\" height=\"800\" src=\"https:\/\/www.yigejiaceramics.com\/wp-content\/uploads\/2026\/04\/Custom-Handmade-Ceramic-Bathroom-Tumbler-8.webp\" alt=\"Custom Handmade Ceramic Bathroom Tumbler\" class=\"wp-image-2164\" srcset=\"https:\/\/www.yigejiaceramics.com\/wp-content\/uploads\/2026\/04\/Custom-Handmade-Ceramic-Bathroom-Tumbler-8.webp 800w, https:\/\/www.yigejiaceramics.com\/wp-content\/uploads\/2026\/04\/Custom-Handmade-Ceramic-Bathroom-Tumbler-8-300x300.webp 300w, https:\/\/www.yigejiaceramics.com\/wp-content\/uploads\/2026\/04\/Custom-Handmade-Ceramic-Bathroom-Tumbler-8-150x150.webp 150w, https:\/\/www.yigejiaceramics.com\/wp-content\/uploads\/2026\/04\/Custom-Handmade-Ceramic-Bathroom-Tumbler-8-768x768.webp 768w, https:\/\/www.yigejiaceramics.com\/wp-content\/uploads\/2026\/04\/Custom-Handmade-Ceramic-Bathroom-Tumbler-8-12x12.webp 12w, https:\/\/www.yigejiaceramics.com\/wp-content\/uploads\/2026\/04\/Custom-Handmade-Ceramic-Bathroom-Tumbler-8-600x600.webp 600w, https:\/\/www.yigejiaceramics.com\/wp-content\/uploads\/2026\/04\/Custom-Handmade-Ceramic-Bathroom-Tumbler-8-100x100.webp 100w\" sizes=\"(max-width: 800px) 100vw, 800px\" \/><\/figure>\n<\/div>\n<\/div>\n\n\n\n<div class=\"wp-block-columns is-layout-flex wp-container-core-columns-is-layout-9d6595d7 wp-block-columns-is-layout-flex\">\n<div class=\"wp-block-column is-layout-flow wp-block-column-is-layout-flow\">\n<figure class=\"wp-block-image size-full\"><img decoding=\"async\" width=\"800\" height=\"800\" src=\"https:\/\/www.yigejiaceramics.com\/wp-content\/uploads\/2026\/04\/Custom-Handmade-Ceramic-Bathroom-Tumbler-11.webp\" alt=\"Custom Handmade Ceramic Bathroom Tumbler\" class=\"wp-image-2167\" srcset=\"https:\/\/www.yigejiaceramics.com\/wp-content\/uploads\/2026\/04\/Custom-Handmade-Ceramic-Bathroom-Tumbler-11.webp 800w, https:\/\/www.yigejiaceramics.com\/wp-content\/uploads\/2026\/04\/Custom-Handmade-Ceramic-Bathroom-Tumbler-11-300x300.webp 300w, https:\/\/www.yigejiaceramics.com\/wp-content\/uploads\/2026\/04\/Custom-Handmade-Ceramic-Bathroom-Tumbler-11-150x150.webp 150w, https:\/\/www.yigejiaceramics.com\/wp-content\/uploads\/2026\/04\/Custom-Handmade-Ceramic-Bathroom-Tumbler-11-768x768.webp 768w, https:\/\/www.yigejiaceramics.com\/wp-content\/uploads\/2026\/04\/Custom-Handmade-Ceramic-Bathroom-Tumbler-11-12x12.webp 12w, https:\/\/www.yigejiaceramics.com\/wp-content\/uploads\/2026\/04\/Custom-Handmade-Ceramic-Bathroom-Tumbler-11-600x600.webp 600w, https:\/\/www.yigejiaceramics.com\/wp-content\/uploads\/2026\/04\/Custom-Handmade-Ceramic-Bathroom-Tumbler-11-100x100.webp 100w\" sizes=\"(max-width: 800px) 100vw, 800px\" \/><\/figure>\n<\/div>\n\n\n\n<div class=\"wp-block-column is-layout-flow wp-block-column-is-layout-flow\">\n<figure class=\"wp-block-image size-full\"><img decoding=\"async\" width=\"800\" height=\"800\" src=\"https:\/\/www.yigejiaceramics.com\/wp-content\/uploads\/2026\/04\/Custom-Handmade-Ceramic-Bathroom-Tumbler-10.webp\" alt=\"Custom Handmade Ceramic Bathroom Tumbler\" class=\"wp-image-2166\" srcset=\"https:\/\/www.yigejiaceramics.com\/wp-content\/uploads\/2026\/04\/Custom-Handmade-Ceramic-Bathroom-Tumbler-10.webp 800w, https:\/\/www.yigejiaceramics.com\/wp-content\/uploads\/2026\/04\/Custom-Handmade-Ceramic-Bathroom-Tumbler-10-300x300.webp 300w, https:\/\/www.yigejiaceramics.com\/wp-content\/uploads\/2026\/04\/Custom-Handmade-Ceramic-Bathroom-Tumbler-10-150x150.webp 150w, https:\/\/www.yigejiaceramics.com\/wp-content\/uploads\/2026\/04\/Custom-Handmade-Ceramic-Bathroom-Tumbler-10-768x768.webp 768w, https:\/\/www.yigejiaceramics.com\/wp-content\/uploads\/2026\/04\/Custom-Handmade-Ceramic-Bathroom-Tumbler-10-12x12.webp 12w, https:\/\/www.yigejiaceramics.com\/wp-content\/uploads\/2026\/04\/Custom-Handmade-Ceramic-Bathroom-Tumbler-10-600x600.webp 600w, https:\/\/www.yigejiaceramics.com\/wp-content\/uploads\/2026\/04\/Custom-Handmade-Ceramic-Bathroom-Tumbler-10-100x100.webp 100w\" sizes=\"(max-width: 800px) 100vw, 800px\" \/><\/figure>\n<\/div>\n<\/div>\n\n\n\n<div class=\"wp-block-columns is-layout-flex wp-container-core-columns-is-layout-9d6595d7 wp-block-columns-is-layout-flex\">\n<div class=\"wp-block-column is-layout-flow wp-block-column-is-layout-flow\" style=\"flex-basis:25%\"><\/div>\n\n\n\n<div class=\"wp-block-column is-layout-flow wp-block-column-is-layout-flow\" style=\"flex-basis:50%\"><div class=\"wp-block-image\">\n<figure class=\"aligncenter size-full\"><a href=\"https:\/\/www.yigejiaceramics.com\/pt\/produto\/bathroom-accessory-sets-wholesale\/\"><img decoding=\"async\" width=\"800\" height=\"800\" src=\"https:\/\/www.yigejiaceramics.com\/wp-content\/uploads\/2026\/04\/Custom-Handmade-Ceramic-Toothbrush-Holder-5.webp\" alt=\"Custom Handmade Ceramic Toothbrush Holder\" class=\"wp-image-2193\" srcset=\"https:\/\/www.yigejiaceramics.com\/wp-content\/uploads\/2026\/04\/Custom-Handmade-Ceramic-Toothbrush-Holder-5.webp 800w, https:\/\/www.yigejiaceramics.com\/wp-content\/uploads\/2026\/04\/Custom-Handmade-Ceramic-Toothbrush-Holder-5-300x300.webp 300w, https:\/\/www.yigejiaceramics.com\/wp-content\/uploads\/2026\/04\/Custom-Handmade-Ceramic-Toothbrush-Holder-5-150x150.webp 150w, https:\/\/www.yigejiaceramics.com\/wp-content\/uploads\/2026\/04\/Custom-Handmade-Ceramic-Toothbrush-Holder-5-768x768.webp 768w, https:\/\/www.yigejiaceramics.com\/wp-content\/uploads\/2026\/04\/Custom-Handmade-Ceramic-Toothbrush-Holder-5-12x12.webp 12w, https:\/\/www.yigejiaceramics.com\/wp-content\/uploads\/2026\/04\/Custom-Handmade-Ceramic-Toothbrush-Holder-5-600x600.webp 600w, https:\/\/www.yigejiaceramics.com\/wp-content\/uploads\/2026\/04\/Custom-Handmade-Ceramic-Toothbrush-Holder-5-100x100.webp 100w\" sizes=\"(max-width: 800px) 100vw, 800px\" \/><\/a><figcaption class=\"wp-element-caption\">Bathroom Accessory Sets Wholesale<\/figcaption><\/figure>\n<\/div><\/div>\n\n\n\n<div class=\"wp-block-column is-layout-flow wp-block-column-is-layout-flow\" style=\"flex-basis:25%\"><\/div>\n<\/div>","protected":false},"excerpt":{"rendered":"<p data-start=\"502\" data-end=\"730\">Custom handmade ceramic bathroom tumbler with factory wholesale pricing and free samples. Rustic green finish with gold accent, artisan style cup perfect for bathroom sets, hotel projects, retail, and bulk customization.<\/p>\n<h2>Custom Handmade Ceramic Bathroom Tumbler Parameter\uff1a<\/h2>\n<table>\n<tbody>\n<tr>\n<td>Fabricante<\/td>\n<td>Yigejia<\/td>\n<\/tr>\n<tr>\n<td>Tipo de produto<\/td>\n<td>Copo<\/td>\n<\/tr>\n<tr>\n<td>Material<\/td>\n<td>Cer\u00e2mica<\/td>\n<\/tr>\n<tr>\n<td>Cor<\/td>\n<td>Green Gold<\/td>\n<\/tr>\n<tr>\n<td>O conjunto inclui<\/td>\n<td>1 unidade<\/td>\n<\/tr>\n<tr>\n<td>Componentes<\/td>\n<td>Copo<\/td>\n<\/tr>\n<tr>\n<td>Acabamento<\/td>\n<td>Acabamento mate<\/td>\n<\/tr>\n<tr>\n<td>Candidatura<\/td>\n<td>Casa, casa de banho, hot\u00e9is, apartamentos, spa<\/td>\n<\/tr>\n<tr>\n<td>Quantidade m\u00ednima de encomenda<\/td>\n<td>MOQ baixo<\/td>\n<\/tr>\n<tr>\n<td>Amostra gr\u00e1tis<\/td>\n<td>Dispon\u00edvel<\/td>\n<\/tr>\n<tr>\n<td>Personalizado<\/td>\n<td>Cor\/Tamanho\/Log\u00f3tipo\/Embalagem<\/td>\n<\/tr>\n<\/tbody>\n<\/table>","protected":false},"featured_media":2157,"comment_status":"closed","ping_status":"closed","template":"","meta":{"_acf_changed":false},"product_brand":[],"product_cat":[22],"product_tag":[],"class_list":{"0":"post-2156","1":"product","2":"type-product","3":"status-publish","4":"has-post-thumbnail","6":"product_cat-ceramic-tumbler-wholesale","8":"first","9":"instock","10":"shipping-taxable","11":"product-type-simple"},"acf":[],"_links":{"self":[{"href":"https:\/\/www.yigejiaceramics.com\/pt\/wp-json\/wp\/v2\/product\/2156","targetHints":{"allow":["GET"]}}],"collection":[{"href":"https:\/\/www.yigejiaceramics.com\/pt\/wp-json\/wp\/v2\/product"}],"about":[{"href":"https:\/\/www.yigejiaceramics.com\/pt\/wp-json\/wp\/v2\/types\/product"}],"replies":[{"embeddable":true,"href":"https:\/\/www.yigejiaceramics.com\/pt\/wp-json\/wp\/v2\/comments?post=2156"}],"wp:featuredmedia":[{"embeddable":true,"href":"https:\/\/www.yigejiaceramics.com\/pt\/wp-json\/wp\/v2\/media\/2157"}],"wp:attachment":[{"href":"https:\/\/www.yigejiaceramics.com\/pt\/wp-json\/wp\/v2\/media?parent=2156"}],"wp:term":[{"taxonomy":"product_brand","embeddable":true,"href":"https:\/\/www.yigejiaceramics.com\/pt\/wp-json\/wp\/v2\/product_brand?post=2156"},{"taxonomy":"product_cat","embeddable":true,"href":"https:\/\/www.yigejiaceramics.com\/pt\/wp-json\/wp\/v2\/product_cat?post=2156"},{"taxonomy":"product_tag","embeddable":true,"href":"https:\/\/www.yigejiaceramics.com\/pt\/wp-json\/wp\/v2\/product_tag?post=2156"}],"curies":[{"name":"wp","href":"https:\/\/api.w.org\/{rel}","templated":true}]}}