{"id":2136,"date":"2026-04-25T09:47:38","date_gmt":"2026-04-25T09:47:38","guid":{"rendered":"https:\/\/www.yigejiaceramics.com\/?post_type=product&#038;p=2136"},"modified":"2026-04-25T09:48:04","modified_gmt":"2026-04-25T09:48:04","slug":"custom-ceramic-stoneware-soap-dish","status":"publish","type":"product","link":"https:\/\/www.yigejiaceramics.com\/pt\/produto\/custom-ceramic-stoneware-soap-dish\/","title":{"rendered":"Custom Ceramic Stoneware Soap Dish, Modern Two-Tone Gold Accent Soap Holder"},"content":{"rendered":"<div class=\"wp-block-columns is-layout-flex wp-container-core-columns-is-layout-9d6595d7 wp-block-columns-is-layout-flex\">\n<div class=\"wp-block-column is-layout-flow wp-block-column-is-layout-flow\">\n<h2 class=\"wp-block-heading\">Custom Ceramic Stoneware Soap Dish Features<\/h2>\n\n\n\n<ul class=\"wp-block-list\">\n<li><strong>Modern Two-Tone Gold Accent Design<\/strong>: Custom Ceramic Stoneware Soap Dish features a stylish two-tone finish with elegant gold accents, enhancing any bathroom countertop.<\/li>\n\n\n\n<li><strong>Durable Ceramic Stoneware Material<\/strong>: Custom Ceramic Stoneware Soap Dish is made from strong stoneware ceramic, durable, stable, and easy to clean.<\/li>\n\n\n\n<li><strong>Perfeito para o conjunto de 4 pe\u00e7as de casa de banho<\/strong>: Custom Ceramic Stoneware Soap Dish pairs seamlessly with tumbler, soap dispenser, and tray for a complete bathroom set solution.<\/li>\n\n\n\n<li><strong>Pre\u00e7os por atacado diretos da f\u00e1brica<\/strong>:Custom Ceramic Stoneware Soap Dish comes with factory pricing, helping buyers reduce costs and improve margins.<\/li>\n\n\n\n<li><strong>Amostras gr\u00e1tis e personaliza\u00e7\u00e3o<\/strong>: Custom Ceramic Stoneware Soap Dish supports free samples and customization for logo, packaging, and color options.<\/li>\n<\/ul>\n<\/div>\n\n\n\n<div class=\"wp-block-column is-layout-flow wp-block-column-is-layout-flow\">\n<figure class=\"wp-block-image size-full\"><img decoding=\"async\" width=\"800\" height=\"800\" src=\"https:\/\/www.yigejiaceramics.com\/wp-content\/uploads\/2026\/04\/Custom-Ceramic-Stoneware-Soap-Dish-3.webp\" alt=\"Custom Ceramic Stoneware Soap Dish\" class=\"wp-image-2139\" srcset=\"https:\/\/www.yigejiaceramics.com\/wp-content\/uploads\/2026\/04\/Custom-Ceramic-Stoneware-Soap-Dish-3.webp 800w, https:\/\/www.yigejiaceramics.com\/wp-content\/uploads\/2026\/04\/Custom-Ceramic-Stoneware-Soap-Dish-3-300x300.webp 300w, https:\/\/www.yigejiaceramics.com\/wp-content\/uploads\/2026\/04\/Custom-Ceramic-Stoneware-Soap-Dish-3-150x150.webp 150w, https:\/\/www.yigejiaceramics.com\/wp-content\/uploads\/2026\/04\/Custom-Ceramic-Stoneware-Soap-Dish-3-768x768.webp 768w, https:\/\/www.yigejiaceramics.com\/wp-content\/uploads\/2026\/04\/Custom-Ceramic-Stoneware-Soap-Dish-3-12x12.webp 12w, https:\/\/www.yigejiaceramics.com\/wp-content\/uploads\/2026\/04\/Custom-Ceramic-Stoneware-Soap-Dish-3-600x600.webp 600w, https:\/\/www.yigejiaceramics.com\/wp-content\/uploads\/2026\/04\/Custom-Ceramic-Stoneware-Soap-Dish-3-100x100.webp 100w\" sizes=\"(max-width: 800px) 100vw, 800px\" \/><\/figure>\n<\/div>\n<\/div>\n\n\n\n<div class=\"wp-block-columns is-layout-flex wp-container-core-columns-is-layout-9d6595d7 wp-block-columns-is-layout-flex\">\n<div class=\"wp-block-column is-layout-flow wp-block-column-is-layout-flow\">\n<figure class=\"wp-block-image size-full\"><img decoding=\"async\" width=\"800\" height=\"800\" src=\"https:\/\/www.yigejiaceramics.com\/wp-content\/uploads\/2026\/04\/Custom-Ceramic-Stoneware-Soap-Dish-8.webp\" alt=\"Custom Ceramic Stoneware Soap Dish\" class=\"wp-image-2144\" srcset=\"https:\/\/www.yigejiaceramics.com\/wp-content\/uploads\/2026\/04\/Custom-Ceramic-Stoneware-Soap-Dish-8.webp 800w, https:\/\/www.yigejiaceramics.com\/wp-content\/uploads\/2026\/04\/Custom-Ceramic-Stoneware-Soap-Dish-8-300x300.webp 300w, https:\/\/www.yigejiaceramics.com\/wp-content\/uploads\/2026\/04\/Custom-Ceramic-Stoneware-Soap-Dish-8-150x150.webp 150w, https:\/\/www.yigejiaceramics.com\/wp-content\/uploads\/2026\/04\/Custom-Ceramic-Stoneware-Soap-Dish-8-768x768.webp 768w, https:\/\/www.yigejiaceramics.com\/wp-content\/uploads\/2026\/04\/Custom-Ceramic-Stoneware-Soap-Dish-8-12x12.webp 12w, https:\/\/www.yigejiaceramics.com\/wp-content\/uploads\/2026\/04\/Custom-Ceramic-Stoneware-Soap-Dish-8-600x600.webp 600w, https:\/\/www.yigejiaceramics.com\/wp-content\/uploads\/2026\/04\/Custom-Ceramic-Stoneware-Soap-Dish-8-100x100.webp 100w\" sizes=\"(max-width: 800px) 100vw, 800px\" \/><\/figure>\n<\/div>\n\n\n\n<div class=\"wp-block-column is-layout-flow wp-block-column-is-layout-flow\">\n<figure class=\"wp-block-image size-full\"><img decoding=\"async\" width=\"800\" height=\"800\" src=\"https:\/\/www.yigejiaceramics.com\/wp-content\/uploads\/2026\/04\/Custom-Ceramic-Stoneware-Soap-Dish-2.webp\" alt=\"Custom Ceramic Stoneware Soap Dish\" class=\"wp-image-2138\" srcset=\"https:\/\/www.yigejiaceramics.com\/wp-content\/uploads\/2026\/04\/Custom-Ceramic-Stoneware-Soap-Dish-2.webp 800w, https:\/\/www.yigejiaceramics.com\/wp-content\/uploads\/2026\/04\/Custom-Ceramic-Stoneware-Soap-Dish-2-300x300.webp 300w, https:\/\/www.yigejiaceramics.com\/wp-content\/uploads\/2026\/04\/Custom-Ceramic-Stoneware-Soap-Dish-2-150x150.webp 150w, https:\/\/www.yigejiaceramics.com\/wp-content\/uploads\/2026\/04\/Custom-Ceramic-Stoneware-Soap-Dish-2-768x768.webp 768w, https:\/\/www.yigejiaceramics.com\/wp-content\/uploads\/2026\/04\/Custom-Ceramic-Stoneware-Soap-Dish-2-12x12.webp 12w, https:\/\/www.yigejiaceramics.com\/wp-content\/uploads\/2026\/04\/Custom-Ceramic-Stoneware-Soap-Dish-2-600x600.webp 600w, https:\/\/www.yigejiaceramics.com\/wp-content\/uploads\/2026\/04\/Custom-Ceramic-Stoneware-Soap-Dish-2-100x100.webp 100w\" sizes=\"(max-width: 800px) 100vw, 800px\" \/><\/figure>\n<\/div>\n<\/div>","protected":false},"excerpt":{"rendered":"<p data-start=\"502\" data-end=\"730\">Custom Ceramic Stoneware Soap Dish with factory wholesale pricing and free samples. Modern two-tone design with gold accent finish, perfect for bathroom sets, hotel projects, retail, and bulk customization needs.<\/p>\n<h2>Ceramic Stoneware Soap Dish Parameter\uff1a<\/h2>\n<table>\n<tbody>\n<tr>\n<td>Fabricante<\/td>\n<td>Yigejia<\/td>\n<\/tr>\n<tr>\n<td>Tipo de produto<\/td>\n<td>Saboneteira<\/td>\n<\/tr>\n<tr>\n<td>Material<\/td>\n<td>Cer\u00e2mica<\/td>\n<\/tr>\n<tr>\n<td>Cor<\/td>\n<td>Black Brown<\/td>\n<\/tr>\n<tr>\n<td>O conjunto inclui<\/td>\n<td>1 unidade<\/td>\n<\/tr>\n<tr>\n<td>Componentes<\/td>\n<td>Saboneteira<\/td>\n<\/tr>\n<tr>\n<td>Acabamento<\/td>\n<td>Acabamento mate<\/td>\n<\/tr>\n<tr>\n<td>Candidatura<\/td>\n<td>Casa, casa de banho, hot\u00e9is, apartamentos, spa<\/td>\n<\/tr>\n<tr>\n<td>Quantidade m\u00ednima de encomenda<\/td>\n<td>MOQ baixo<\/td>\n<\/tr>\n<tr>\n<td>Amostra gr\u00e1tis<\/td>\n<td>Dispon\u00edvel<\/td>\n<\/tr>\n<tr>\n<td>Personalizado<\/td>\n<td>Cor\/Tamanho\/Log\u00f3tipo\/Embalagem<\/td>\n<\/tr>\n<\/tbody>\n<\/table>","protected":false},"featured_media":2137,"comment_status":"closed","ping_status":"closed","template":"","meta":{"_acf_changed":false},"product_brand":[],"product_cat":[23],"product_tag":[],"class_list":{"0":"post-2136","1":"product","2":"type-product","3":"status-publish","4":"has-post-thumbnail","6":"product_cat-soap-dish-wholesale","8":"first","9":"instock","10":"shipping-taxable","11":"product-type-simple"},"acf":[],"_links":{"self":[{"href":"https:\/\/www.yigejiaceramics.com\/pt\/wp-json\/wp\/v2\/product\/2136","targetHints":{"allow":["GET"]}}],"collection":[{"href":"https:\/\/www.yigejiaceramics.com\/pt\/wp-json\/wp\/v2\/product"}],"about":[{"href":"https:\/\/www.yigejiaceramics.com\/pt\/wp-json\/wp\/v2\/types\/product"}],"replies":[{"embeddable":true,"href":"https:\/\/www.yigejiaceramics.com\/pt\/wp-json\/wp\/v2\/comments?post=2136"}],"wp:featuredmedia":[{"embeddable":true,"href":"https:\/\/www.yigejiaceramics.com\/pt\/wp-json\/wp\/v2\/media\/2137"}],"wp:attachment":[{"href":"https:\/\/www.yigejiaceramics.com\/pt\/wp-json\/wp\/v2\/media?parent=2136"}],"wp:term":[{"taxonomy":"product_brand","embeddable":true,"href":"https:\/\/www.yigejiaceramics.com\/pt\/wp-json\/wp\/v2\/product_brand?post=2136"},{"taxonomy":"product_cat","embeddable":true,"href":"https:\/\/www.yigejiaceramics.com\/pt\/wp-json\/wp\/v2\/product_cat?post=2136"},{"taxonomy":"product_tag","embeddable":true,"href":"https:\/\/www.yigejiaceramics.com\/pt\/wp-json\/wp\/v2\/product_tag?post=2136"}],"curies":[{"name":"wp","href":"https:\/\/api.w.org\/{rel}","templated":true}]}}