{"id":1982,"date":"2026-03-26T02:19:08","date_gmt":"2026-03-26T02:19:08","guid":{"rendered":"https:\/\/www.yigejiaceramics.com\/?post_type=product&#038;p=1982"},"modified":"2026-03-26T02:37:26","modified_gmt":"2026-03-26T02:37:26","slug":"wholesale-soap-dispensers-supplier","status":"publish","type":"product","link":"https:\/\/www.yigejiaceramics.com\/pt\/produto\/wholesale-soap-dispensers-supplier\/","title":{"rendered":"Fabricante de dispensadores de sab\u00e3o por atacado, Bomba de Lo\u00e7\u00e3o em Cer\u00e2mica com Grelha Salpicada de Rosa Blush"},"content":{"rendered":"<div class=\"wp-block-columns is-layout-flex wp-container-core-columns-is-layout-9d6595d7 wp-block-columns-is-layout-flex\">\n<div class=\"wp-block-column is-layout-flow wp-block-column-is-layout-flow\">\n<h2 class=\"wp-block-heading\">Carater\u00edsticas do fabricante de dispensadores de sab\u00e3o por atacado<\/h2>\n\n\n\n<ul class=\"wp-block-list\">\n<li><strong>Desenho de grelha salpicado cor-de-rosa Blush<\/strong>: O fabricante grossista de dispensadores de sab\u00e3o apresenta delicadas bombas de cer\u00e2mica com grelha salpicada de rosa, acrescentando calor e profundidade a qualquer casa de banho.<\/li>\n\n\n\n<li><strong>Cer\u00e2mica dur\u00e1vel de alta cozedura<\/strong>: Fabricadas em cer\u00e2mica de primeira qualidade, as bombas de lo\u00e7\u00e3o s\u00e3o fortes, resistentes a fissuras e concebidas para uma utiliza\u00e7\u00e3o a longo prazo.<\/li>\n\n\n\n<li><strong>Mecanismo de bomba fi\u00e1vel<\/strong>: Equipado com uma bomba suave e duradoura para uma distribui\u00e7\u00e3o consistente, ideal para uma utiliza\u00e7\u00e3o frequente.<\/li>\n\n\n\n<li><strong>Perfeito para combinar com o conjunto de casa de banho<\/strong>: Combina com conjuntos de casa de banho em cer\u00e2mica (saboneteira, saboneteira, copo para elixir bucal, suporte para escova de dentes) para um visual coeso.<\/li>\n\n\n\n<li><strong>Vantagem do fornecimento direto da f\u00e1brica<\/strong>: O fabricante de distribuidores de sab\u00e3o por atacado oferece pre\u00e7os competitivos de f\u00e1brica, amostras gr\u00e1tis e op\u00e7\u00f5es de personaliza\u00e7\u00e3o para um abastecimento eficiente a granel.<\/li>\n<\/ul>\n<\/div>\n\n\n\n<div class=\"wp-block-column is-layout-flow wp-block-column-is-layout-flow\">\n<figure class=\"wp-block-image size-full\"><img decoding=\"async\" width=\"800\" height=\"800\" src=\"https:\/\/www.yigejiaceramics.com\/wp-content\/uploads\/2026\/03\/Wholesale-Soap-Dispensers-Manufacturer-4.webp\" alt=\"Distribuidores de sab\u00e3o por atacado Fabricante\" class=\"wp-image-1986\" srcset=\"https:\/\/www.yigejiaceramics.com\/wp-content\/uploads\/2026\/03\/Wholesale-Soap-Dispensers-Manufacturer-4.webp 800w, https:\/\/www.yigejiaceramics.com\/wp-content\/uploads\/2026\/03\/Wholesale-Soap-Dispensers-Manufacturer-4-300x300.webp 300w, https:\/\/www.yigejiaceramics.com\/wp-content\/uploads\/2026\/03\/Wholesale-Soap-Dispensers-Manufacturer-4-150x150.webp 150w, https:\/\/www.yigejiaceramics.com\/wp-content\/uploads\/2026\/03\/Wholesale-Soap-Dispensers-Manufacturer-4-768x768.webp 768w, https:\/\/www.yigejiaceramics.com\/wp-content\/uploads\/2026\/03\/Wholesale-Soap-Dispensers-Manufacturer-4-12x12.webp 12w, https:\/\/www.yigejiaceramics.com\/wp-content\/uploads\/2026\/03\/Wholesale-Soap-Dispensers-Manufacturer-4-600x600.webp 600w, https:\/\/www.yigejiaceramics.com\/wp-content\/uploads\/2026\/03\/Wholesale-Soap-Dispensers-Manufacturer-4-100x100.webp 100w\" sizes=\"(max-width: 800px) 100vw, 800px\" \/><\/figure>\n<\/div>\n<\/div>\n\n\n\n<div class=\"wp-block-columns is-layout-flex wp-container-core-columns-is-layout-9d6595d7 wp-block-columns-is-layout-flex\">\n<div class=\"wp-block-column is-layout-flow wp-block-column-is-layout-flow\">\n<div class=\"wp-block-columns is-layout-flex wp-container-core-columns-is-layout-9d6595d7 wp-block-columns-is-layout-flex\">\n<div class=\"wp-block-column is-layout-flow wp-block-column-is-layout-flow\">\n<figure class=\"wp-block-image size-full\"><img decoding=\"async\" width=\"800\" height=\"800\" src=\"https:\/\/www.yigejiaceramics.com\/wp-content\/uploads\/2026\/03\/Wholesale-Soap-Dispensers-Manufacturer-4.webp\" alt=\"Distribuidores de sab\u00e3o por atacado Fabricante\" class=\"wp-image-1986\" srcset=\"https:\/\/www.yigejiaceramics.com\/wp-content\/uploads\/2026\/03\/Wholesale-Soap-Dispensers-Manufacturer-4.webp 800w, https:\/\/www.yigejiaceramics.com\/wp-content\/uploads\/2026\/03\/Wholesale-Soap-Dispensers-Manufacturer-4-300x300.webp 300w, https:\/\/www.yigejiaceramics.com\/wp-content\/uploads\/2026\/03\/Wholesale-Soap-Dispensers-Manufacturer-4-150x150.webp 150w, https:\/\/www.yigejiaceramics.com\/wp-content\/uploads\/2026\/03\/Wholesale-Soap-Dispensers-Manufacturer-4-768x768.webp 768w, https:\/\/www.yigejiaceramics.com\/wp-content\/uploads\/2026\/03\/Wholesale-Soap-Dispensers-Manufacturer-4-12x12.webp 12w, https:\/\/www.yigejiaceramics.com\/wp-content\/uploads\/2026\/03\/Wholesale-Soap-Dispensers-Manufacturer-4-600x600.webp 600w, https:\/\/www.yigejiaceramics.com\/wp-content\/uploads\/2026\/03\/Wholesale-Soap-Dispensers-Manufacturer-4-100x100.webp 100w\" sizes=\"(max-width: 800px) 100vw, 800px\" \/><\/figure>\n<\/div>\n\n\n\n<div class=\"wp-block-column is-layout-flow wp-block-column-is-layout-flow\">\n<figure class=\"wp-block-image size-full\"><img decoding=\"async\" width=\"800\" height=\"800\" src=\"https:\/\/www.yigejiaceramics.com\/wp-content\/uploads\/2026\/03\/Wholesale-Soap-Dispensers-Manufacturer-3.webp\" alt=\"Distribuidores de sab\u00e3o por atacado Fabricante\" class=\"wp-image-1985\" srcset=\"https:\/\/www.yigejiaceramics.com\/wp-content\/uploads\/2026\/03\/Wholesale-Soap-Dispensers-Manufacturer-3.webp 800w, https:\/\/www.yigejiaceramics.com\/wp-content\/uploads\/2026\/03\/Wholesale-Soap-Dispensers-Manufacturer-3-300x300.webp 300w, https:\/\/www.yigejiaceramics.com\/wp-content\/uploads\/2026\/03\/Wholesale-Soap-Dispensers-Manufacturer-3-150x150.webp 150w, https:\/\/www.yigejiaceramics.com\/wp-content\/uploads\/2026\/03\/Wholesale-Soap-Dispensers-Manufacturer-3-768x768.webp 768w, https:\/\/www.yigejiaceramics.com\/wp-content\/uploads\/2026\/03\/Wholesale-Soap-Dispensers-Manufacturer-3-12x12.webp 12w, https:\/\/www.yigejiaceramics.com\/wp-content\/uploads\/2026\/03\/Wholesale-Soap-Dispensers-Manufacturer-3-600x600.webp 600w, https:\/\/www.yigejiaceramics.com\/wp-content\/uploads\/2026\/03\/Wholesale-Soap-Dispensers-Manufacturer-3-100x100.webp 100w\" sizes=\"(max-width: 800px) 100vw, 800px\" \/><\/figure>\n<\/div>\n<\/div>\n<\/div>\n\n\n\n<div class=\"wp-block-column is-layout-flow wp-block-column-is-layout-flow\">\n<div class=\"wp-block-columns is-layout-flex wp-container-core-columns-is-layout-9d6595d7 wp-block-columns-is-layout-flex\">\n<div class=\"wp-block-column is-layout-flow wp-block-column-is-layout-flow\">\n<figure class=\"wp-block-image size-full\"><img decoding=\"async\" width=\"800\" height=\"800\" src=\"https:\/\/www.yigejiaceramics.com\/wp-content\/uploads\/2026\/03\/Wholesale-Soap-Dispensers-Manufacturer-2.webp\" alt=\"Distribuidores de sab\u00e3o por atacado Fabricante\" class=\"wp-image-1984\" srcset=\"https:\/\/www.yigejiaceramics.com\/wp-content\/uploads\/2026\/03\/Wholesale-Soap-Dispensers-Manufacturer-2.webp 800w, https:\/\/www.yigejiaceramics.com\/wp-content\/uploads\/2026\/03\/Wholesale-Soap-Dispensers-Manufacturer-2-300x300.webp 300w, https:\/\/www.yigejiaceramics.com\/wp-content\/uploads\/2026\/03\/Wholesale-Soap-Dispensers-Manufacturer-2-150x150.webp 150w, https:\/\/www.yigejiaceramics.com\/wp-content\/uploads\/2026\/03\/Wholesale-Soap-Dispensers-Manufacturer-2-768x768.webp 768w, https:\/\/www.yigejiaceramics.com\/wp-content\/uploads\/2026\/03\/Wholesale-Soap-Dispensers-Manufacturer-2-12x12.webp 12w, https:\/\/www.yigejiaceramics.com\/wp-content\/uploads\/2026\/03\/Wholesale-Soap-Dispensers-Manufacturer-2-600x600.webp 600w, https:\/\/www.yigejiaceramics.com\/wp-content\/uploads\/2026\/03\/Wholesale-Soap-Dispensers-Manufacturer-2-100x100.webp 100w\" sizes=\"(max-width: 800px) 100vw, 800px\" \/><\/figure>\n<\/div>\n\n\n\n<div class=\"wp-block-column is-layout-flow wp-block-column-is-layout-flow\">\n<figure class=\"wp-block-image size-full\"><img decoding=\"async\" width=\"800\" height=\"800\" src=\"https:\/\/www.yigejiaceramics.com\/wp-content\/uploads\/2026\/03\/Wholesale-Soap-Dispensers-Manufacturer-6.webp\" alt=\"Distribuidores de sab\u00e3o por atacado Fabricante\" class=\"wp-image-1988\" srcset=\"https:\/\/www.yigejiaceramics.com\/wp-content\/uploads\/2026\/03\/Wholesale-Soap-Dispensers-Manufacturer-6.webp 800w, https:\/\/www.yigejiaceramics.com\/wp-content\/uploads\/2026\/03\/Wholesale-Soap-Dispensers-Manufacturer-6-300x300.webp 300w, https:\/\/www.yigejiaceramics.com\/wp-content\/uploads\/2026\/03\/Wholesale-Soap-Dispensers-Manufacturer-6-150x150.webp 150w, https:\/\/www.yigejiaceramics.com\/wp-content\/uploads\/2026\/03\/Wholesale-Soap-Dispensers-Manufacturer-6-768x768.webp 768w, https:\/\/www.yigejiaceramics.com\/wp-content\/uploads\/2026\/03\/Wholesale-Soap-Dispensers-Manufacturer-6-12x12.webp 12w, https:\/\/www.yigejiaceramics.com\/wp-content\/uploads\/2026\/03\/Wholesale-Soap-Dispensers-Manufacturer-6-600x600.webp 600w, https:\/\/www.yigejiaceramics.com\/wp-content\/uploads\/2026\/03\/Wholesale-Soap-Dispensers-Manufacturer-6-100x100.webp 100w\" sizes=\"(max-width: 800px) 100vw, 800px\" \/><\/figure>\n<\/div>\n<\/div>\n<\/div>\n<\/div>","protected":false},"excerpt":{"rendered":"<p data-start=\"351\" data-end=\"595\">O fabricante de dispensadores de sab\u00e3o por atacado apresenta bombas de lo\u00e7\u00e3o de cer\u00e2mica com grade salpicada de rosa blush, cabe\u00e7as de bomba dur\u00e1veis e design de recarga f\u00e1cil. Perfeito para hot\u00e9is, resorts e conjuntos de casas de banho. Pre\u00e7os diretos de f\u00e1brica com amostras gr\u00e1tis para compradores a granel.<\/p>\n<h2>Distribuidores de sab\u00e3o por atacado Par\u00e2metro\uff1a<\/h2>\n<table>\n<tbody>\n<tr>\n<td>Fabricante<\/td>\n<td>Yigejia<\/td>\n<\/tr>\n<tr>\n<td>Tipo de produto<\/td>\n<td>Dispensador de sabonete<\/td>\n<\/tr>\n<tr>\n<td>Material<\/td>\n<td>Cer\u00e2mica<\/td>\n<\/tr>\n<tr>\n<td>Cor<\/td>\n<td>Cor-de-rosa<\/td>\n<\/tr>\n<tr>\n<td>Design<\/td>\n<td>Design tribal<\/td>\n<\/tr>\n<tr>\n<td>Componentes<\/td>\n<td>Dispensador de sabonete<\/td>\n<\/tr>\n<tr>\n<td>Acabamento<\/td>\n<td>Acabamento mate<\/td>\n<\/tr>\n<tr>\n<td>Candidatura<\/td>\n<td>Casa, casa de banho, hot\u00e9is, apartamentos, spa<\/td>\n<\/tr>\n<tr>\n<td>Quantidade m\u00ednima de encomenda<\/td>\n<td>MOQ baixo<\/td>\n<\/tr>\n<tr>\n<td>Amostra gr\u00e1tis<\/td>\n<td>Dispon\u00edvel<\/td>\n<\/tr>\n<tr>\n<td>Personalizado<\/td>\n<td>Cor\/Tamanho\/Log\u00f3tipo\/Embalagem<\/td>\n<\/tr>\n<\/tbody>\n<\/table>","protected":false},"featured_media":1983,"comment_status":"closed","ping_status":"closed","template":"","meta":{"_acf_changed":false},"product_brand":[],"product_cat":[20],"product_tag":[],"class_list":{"0":"post-1982","1":"product","2":"type-product","3":"status-publish","4":"has-post-thumbnail","6":"product_cat-custom-soap-dispenser","8":"first","9":"instock","10":"shipping-taxable","11":"product-type-simple"},"acf":[],"_links":{"self":[{"href":"https:\/\/www.yigejiaceramics.com\/pt\/wp-json\/wp\/v2\/product\/1982","targetHints":{"allow":["GET"]}}],"collection":[{"href":"https:\/\/www.yigejiaceramics.com\/pt\/wp-json\/wp\/v2\/product"}],"about":[{"href":"https:\/\/www.yigejiaceramics.com\/pt\/wp-json\/wp\/v2\/types\/product"}],"replies":[{"embeddable":true,"href":"https:\/\/www.yigejiaceramics.com\/pt\/wp-json\/wp\/v2\/comments?post=1982"}],"wp:featuredmedia":[{"embeddable":true,"href":"https:\/\/www.yigejiaceramics.com\/pt\/wp-json\/wp\/v2\/media\/1983"}],"wp:attachment":[{"href":"https:\/\/www.yigejiaceramics.com\/pt\/wp-json\/wp\/v2\/media?parent=1982"}],"wp:term":[{"taxonomy":"product_brand","embeddable":true,"href":"https:\/\/www.yigejiaceramics.com\/pt\/wp-json\/wp\/v2\/product_brand?post=1982"},{"taxonomy":"product_cat","embeddable":true,"href":"https:\/\/www.yigejiaceramics.com\/pt\/wp-json\/wp\/v2\/product_cat?post=1982"},{"taxonomy":"product_tag","embeddable":true,"href":"https:\/\/www.yigejiaceramics.com\/pt\/wp-json\/wp\/v2\/product_tag?post=1982"}],"curies":[{"name":"wp","href":"https:\/\/api.w.org\/{rel}","templated":true}]}}