{"id":1955,"date":"2026-03-26T02:49:59","date_gmt":"2026-03-26T02:49:59","guid":{"rendered":"https:\/\/www.yigejiaceramics.com\/?post_type=product&#038;p=1955"},"modified":"2026-03-26T02:50:03","modified_gmt":"2026-03-26T02:50:03","slug":"wholesale-ceramic-mouthwash-cup","status":"publish","type":"product","link":"https:\/\/www.yigejiaceramics.com\/pt\/produto\/wholesale-ceramic-mouthwash-cup\/","title":{"rendered":"Copo para enxaguamento bucal em cer\u00e2mica por atacado, copo para enxaguamento na casa de banho com textura de grelha salpicada rosa blush"},"content":{"rendered":"<div class=\"wp-block-columns is-layout-flex wp-container-core-columns-is-layout-9d6595d7 wp-block-columns-is-layout-flex\">\n<div class=\"wp-block-column is-layout-flow wp-block-column-is-layout-flow\">\n<h2 class=\"wp-block-heading\">Carater\u00edsticas do copo de cer\u00e2mica para elixir bucal por atacado<\/h2>\n\n\n\n<ul class=\"wp-block-list\">\n<li><strong>Desenho de grelha salpicado cor-de-rosa Blush<\/strong>: O copo para elixir de cer\u00e2mica Wholesale apresenta um delicado padr\u00e3o de grelha salpicado de rosa, acrescentando calor e profundidade a qualquer casa de banho.<\/li>\n\n\n\n<li><strong>Cer\u00e2mica dur\u00e1vel de alta cozedura<\/strong>: Fabricado em cer\u00e2mica de primeira qualidade, o copo de cer\u00e2mica para elixir bucal Wholesale \u00e9 forte, resistente a fissuras e constru\u00eddo para uma utiliza\u00e7\u00e3o a longo prazo.<\/li>\n\n\n\n<li><strong>Perfeito para combinar com o conjunto de casa de banho<\/strong>: Combina com conjuntos de casa de banho em cer\u00e2mica (copo para elixir, suporte para escova de dentes, saboneteira, saboneteira) para um visual coeso.<\/li>\n\n\n\n<li><strong>Superf\u00edcie lisa vidrada<\/strong>: A superf\u00edcie lisa resiste a manchas e marcas de \u00e1gua, facilitando a limpeza e mantendo a higiene.<\/li>\n\n\n\n<li><strong>Vantagem do fornecimento direto da f\u00e1brica<\/strong>: O copo de cer\u00e2mica para lavagem da boca por atacado oferece pre\u00e7os competitivos de f\u00e1brica, amostras gr\u00e1tis e op\u00e7\u00f5es de personaliza\u00e7\u00e3o para um fornecimento eficiente a granel.<\/li>\n<\/ul>\n<\/div>\n\n\n\n<div class=\"wp-block-column is-layout-flow wp-block-column-is-layout-flow\">\n<figure class=\"wp-block-image size-full\"><img decoding=\"async\" width=\"800\" height=\"800\" src=\"https:\/\/www.yigejiaceramics.com\/wp-content\/uploads\/2026\/03\/Wholesale-Ceramic-Mouthwash-Cup-5.webp\" alt=\"Copo de cer\u00e2mica para elixir bucal por atacado\" class=\"wp-image-1960\" srcset=\"https:\/\/www.yigejiaceramics.com\/wp-content\/uploads\/2026\/03\/Wholesale-Ceramic-Mouthwash-Cup-5.webp 800w, https:\/\/www.yigejiaceramics.com\/wp-content\/uploads\/2026\/03\/Wholesale-Ceramic-Mouthwash-Cup-5-300x300.webp 300w, https:\/\/www.yigejiaceramics.com\/wp-content\/uploads\/2026\/03\/Wholesale-Ceramic-Mouthwash-Cup-5-150x150.webp 150w, https:\/\/www.yigejiaceramics.com\/wp-content\/uploads\/2026\/03\/Wholesale-Ceramic-Mouthwash-Cup-5-768x768.webp 768w, https:\/\/www.yigejiaceramics.com\/wp-content\/uploads\/2026\/03\/Wholesale-Ceramic-Mouthwash-Cup-5-12x12.webp 12w, https:\/\/www.yigejiaceramics.com\/wp-content\/uploads\/2026\/03\/Wholesale-Ceramic-Mouthwash-Cup-5-600x600.webp 600w, https:\/\/www.yigejiaceramics.com\/wp-content\/uploads\/2026\/03\/Wholesale-Ceramic-Mouthwash-Cup-5-100x100.webp 100w\" sizes=\"(max-width: 800px) 100vw, 800px\" \/><\/figure>\n<\/div>\n<\/div>\n\n\n\n<div class=\"wp-block-columns is-layout-flex wp-container-core-columns-is-layout-9d6595d7 wp-block-columns-is-layout-flex\">\n<div class=\"wp-block-column is-layout-flow wp-block-column-is-layout-flow\">\n<figure class=\"wp-block-image size-full\"><img decoding=\"async\" width=\"800\" height=\"800\" src=\"https:\/\/www.yigejiaceramics.com\/wp-content\/uploads\/2026\/03\/Wholesale-Ceramic-Mouthwash-Cup-9.webp\" alt=\"Copo de cer\u00e2mica para elixir bucal por atacado\" class=\"wp-image-1964\" srcset=\"https:\/\/www.yigejiaceramics.com\/wp-content\/uploads\/2026\/03\/Wholesale-Ceramic-Mouthwash-Cup-9.webp 800w, https:\/\/www.yigejiaceramics.com\/wp-content\/uploads\/2026\/03\/Wholesale-Ceramic-Mouthwash-Cup-9-300x300.webp 300w, https:\/\/www.yigejiaceramics.com\/wp-content\/uploads\/2026\/03\/Wholesale-Ceramic-Mouthwash-Cup-9-150x150.webp 150w, https:\/\/www.yigejiaceramics.com\/wp-content\/uploads\/2026\/03\/Wholesale-Ceramic-Mouthwash-Cup-9-768x768.webp 768w, https:\/\/www.yigejiaceramics.com\/wp-content\/uploads\/2026\/03\/Wholesale-Ceramic-Mouthwash-Cup-9-12x12.webp 12w, https:\/\/www.yigejiaceramics.com\/wp-content\/uploads\/2026\/03\/Wholesale-Ceramic-Mouthwash-Cup-9-600x600.webp 600w, https:\/\/www.yigejiaceramics.com\/wp-content\/uploads\/2026\/03\/Wholesale-Ceramic-Mouthwash-Cup-9-100x100.webp 100w\" sizes=\"(max-width: 800px) 100vw, 800px\" \/><\/figure>\n<\/div>\n\n\n\n<div class=\"wp-block-column is-layout-flow wp-block-column-is-layout-flow\">\n<figure class=\"wp-block-image size-full\"><img decoding=\"async\" width=\"800\" height=\"800\" src=\"https:\/\/www.yigejiaceramics.com\/wp-content\/uploads\/2026\/03\/Wholesale-Ceramic-Mouthwash-Cup-10.webp\" alt=\"Copo de cer\u00e2mica para elixir bucal por atacado\" class=\"wp-image-1965\" srcset=\"https:\/\/www.yigejiaceramics.com\/wp-content\/uploads\/2026\/03\/Wholesale-Ceramic-Mouthwash-Cup-10.webp 800w, https:\/\/www.yigejiaceramics.com\/wp-content\/uploads\/2026\/03\/Wholesale-Ceramic-Mouthwash-Cup-10-300x300.webp 300w, https:\/\/www.yigejiaceramics.com\/wp-content\/uploads\/2026\/03\/Wholesale-Ceramic-Mouthwash-Cup-10-150x150.webp 150w, https:\/\/www.yigejiaceramics.com\/wp-content\/uploads\/2026\/03\/Wholesale-Ceramic-Mouthwash-Cup-10-768x768.webp 768w, https:\/\/www.yigejiaceramics.com\/wp-content\/uploads\/2026\/03\/Wholesale-Ceramic-Mouthwash-Cup-10-12x12.webp 12w, https:\/\/www.yigejiaceramics.com\/wp-content\/uploads\/2026\/03\/Wholesale-Ceramic-Mouthwash-Cup-10-600x600.webp 600w, https:\/\/www.yigejiaceramics.com\/wp-content\/uploads\/2026\/03\/Wholesale-Ceramic-Mouthwash-Cup-10-100x100.webp 100w\" sizes=\"(max-width: 800px) 100vw, 800px\" \/><\/figure>\n<\/div>\n<\/div>","protected":false},"excerpt":{"rendered":"<p data-start=\"399\" data-end=\"631\">O copo de cer\u00e2mica para elixir bucal por atacado apresenta uma textura de grelha salpicada de rosa blush, cer\u00e2mica dur\u00e1vel e de f\u00e1cil manuten\u00e7\u00e3o. Perfeito para hot\u00e9is, resorts e conjuntos de casas de banho. Pre\u00e7o direto da f\u00e1brica com amostras gr\u00e1tis para compradores a granel.<\/p>\n<h2>Par\u00e2metro do copo de cer\u00e2mica para enxaguat\u00f3rio bucal por atacado\uff1a<\/h2>\n<table>\n<tbody>\n<tr>\n<td>Fabricante<\/td>\n<td>Yigejia<\/td>\n<\/tr>\n<tr>\n<td>Tipo de produto<\/td>\n<td>Copo<\/td>\n<\/tr>\n<tr>\n<td>Material<\/td>\n<td>Cer\u00e2mica<\/td>\n<\/tr>\n<tr>\n<td>Cor<\/td>\n<td>Cor-de-rosa<\/td>\n<\/tr>\n<tr>\n<td>O conjunto inclui<\/td>\n<td>1 unidade<\/td>\n<\/tr>\n<tr>\n<td>Componentes<\/td>\n<td>Copo<\/td>\n<\/tr>\n<tr>\n<td>Acabamento<\/td>\n<td>Acabamento brilhante<\/td>\n<\/tr>\n<tr>\n<td>Candidatura<\/td>\n<td>Casa, casa de banho, hot\u00e9is, apartamentos, spa<\/td>\n<\/tr>\n<tr>\n<td>Quantidade m\u00ednima de encomenda<\/td>\n<td>MOQ baixo<\/td>\n<\/tr>\n<tr>\n<td>Amostra gr\u00e1tis<\/td>\n<td>Dispon\u00edvel<\/td>\n<\/tr>\n<tr>\n<td>Personalizado<\/td>\n<td>Cor\/Tamanho\/Log\u00f3tipo\/Embalagem<\/td>\n<\/tr>\n<\/tbody>\n<\/table>","protected":false},"featured_media":1957,"comment_status":"closed","ping_status":"closed","template":"","meta":{"_acf_changed":false},"product_brand":[],"product_cat":[22],"product_tag":[],"class_list":{"0":"post-1955","1":"product","2":"type-product","3":"status-publish","4":"has-post-thumbnail","6":"product_cat-ceramic-tumbler-wholesale","8":"first","9":"instock","10":"shipping-taxable","11":"product-type-simple"},"acf":[],"_links":{"self":[{"href":"https:\/\/www.yigejiaceramics.com\/pt\/wp-json\/wp\/v2\/product\/1955","targetHints":{"allow":["GET"]}}],"collection":[{"href":"https:\/\/www.yigejiaceramics.com\/pt\/wp-json\/wp\/v2\/product"}],"about":[{"href":"https:\/\/www.yigejiaceramics.com\/pt\/wp-json\/wp\/v2\/types\/product"}],"replies":[{"embeddable":true,"href":"https:\/\/www.yigejiaceramics.com\/pt\/wp-json\/wp\/v2\/comments?post=1955"}],"wp:featuredmedia":[{"embeddable":true,"href":"https:\/\/www.yigejiaceramics.com\/pt\/wp-json\/wp\/v2\/media\/1957"}],"wp:attachment":[{"href":"https:\/\/www.yigejiaceramics.com\/pt\/wp-json\/wp\/v2\/media?parent=1955"}],"wp:term":[{"taxonomy":"product_brand","embeddable":true,"href":"https:\/\/www.yigejiaceramics.com\/pt\/wp-json\/wp\/v2\/product_brand?post=1955"},{"taxonomy":"product_cat","embeddable":true,"href":"https:\/\/www.yigejiaceramics.com\/pt\/wp-json\/wp\/v2\/product_cat?post=1955"},{"taxonomy":"product_tag","embeddable":true,"href":"https:\/\/www.yigejiaceramics.com\/pt\/wp-json\/wp\/v2\/product_tag?post=1955"}],"curies":[{"name":"wp","href":"https:\/\/api.w.org\/{rel}","templated":true}]}}