{"id":1709,"date":"2026-03-04T09:55:26","date_gmt":"2026-03-04T09:55:26","guid":{"rendered":"https:\/\/www.yigejiaceramics.com\/?post_type=product&#038;p=1709"},"modified":"2026-03-04T09:55:29","modified_gmt":"2026-03-04T09:55:29","slug":"custom-glossy-toothbrush-holder","status":"publish","type":"product","link":"https:\/\/www.yigejiaceramics.com\/pt\/produto\/custom-glossy-toothbrush-holder\/","title":{"rendered":"Suporte para escova de dentes brilhante personalizado, acess\u00f3rio de casa de banho preto com impress\u00e3o em cer\u00e2mica a granel"},"content":{"rendered":"<div class=\"wp-block-columns is-layout-flex wp-container-core-columns-is-layout-9d6595d7 wp-block-columns-is-layout-flex\">\n<div class=\"wp-block-column is-layout-flow wp-block-column-is-layout-flow\">\n<h2 class=\"wp-block-heading\">Suporte para escova de dentes brilhante personalizado Carater\u00edsticas da cer\u00e2mica<\/h2>\n\n\n\n<ul class=\"wp-block-list\">\n<li><strong>Desenho impresso festivo<\/strong>: Porta-escovas de dentes brilhante personalizado As cer\u00e2micas apresentam um esmalte preto brilhante com estampas com temas de Natal, melhorando o ambiente festivo e acrescentando apelo visual \u00e0s bancadas da casa de banho.<\/li>\n\n\n\n<li><strong>Cer\u00e2mica cozida a alta temperatura<\/strong>: Superf\u00edcie lisa e dur\u00e1vel, resistente \u00e0 \u00e1gua e ao desbotamento, f\u00e1cil de limpar, concebida para uma utiliza\u00e7\u00e3o quotidiana duradoura.<\/li>\n\n\n\n<li><strong>Organiza\u00e7\u00e3o pr\u00e1tica dos compartimentos<\/strong>: O design cuidadosamente dividido permite guardar escovas de dentes, pasta de dentes e outros objectos de uso di\u00e1rio de forma segura, mantendo as bancadas limpas e organizadas.<\/li>\n\n\n\n<li><strong>Op\u00e7\u00e3o de conjunto completo de 4 pe\u00e7as para casa de banho<\/strong>: Ergonomicamente concebido com uma base est\u00e1vel e bordos suaves para rotinas di\u00e1rias de lavagem da boca ou escovagem seguras e confort\u00e1veis.<\/li>\n\n\n\n<li><strong>Conjunto de casa de banho coordenado:<\/strong> A cer\u00e2mica brilhante personalizada para porta-escovas de dentes pode ser combinada com uma saboneteira, um dispensador de lo\u00e7\u00e3o e um copo para formar um conjunto coeso de cer\u00e2mica para casa de banho, ideal para retalho, hot\u00e9is e mercados de presentes.<\/li>\n\n\n\n<li><strong><strong>Fornecimento direto da f\u00e1brica com amostras gr\u00e1tis<\/strong>: <\/strong>Produzido pela nossa pr\u00f3pria f\u00e1brica com pre\u00e7os competitivos por atacado, apoiando a personaliza\u00e7\u00e3o OEM\/ODM. Est\u00e3o dispon\u00edveis amostras gratuitas para ajudar os compradores a confirmar a qualidade antes de efetuar encomendas a granel.<\/li>\n<\/ul>\n<\/div>\n\n\n\n<div class=\"wp-block-column is-layout-flow wp-block-column-is-layout-flow\">\n<figure class=\"wp-block-image size-full\"><img decoding=\"async\" width=\"800\" height=\"800\" src=\"https:\/\/www.yigejiaceramics.com\/wp-content\/uploads\/2026\/03\/Custom-Glossy-Toothbrush-Holder-Ceramics-6.webp\" alt=\"Porta-escovas de dentes em cer\u00e2mica brilhante personalizada\" class=\"wp-image-1715\" srcset=\"https:\/\/www.yigejiaceramics.com\/wp-content\/uploads\/2026\/03\/Custom-Glossy-Toothbrush-Holder-Ceramics-6.webp 800w, https:\/\/www.yigejiaceramics.com\/wp-content\/uploads\/2026\/03\/Custom-Glossy-Toothbrush-Holder-Ceramics-6-300x300.webp 300w, https:\/\/www.yigejiaceramics.com\/wp-content\/uploads\/2026\/03\/Custom-Glossy-Toothbrush-Holder-Ceramics-6-150x150.webp 150w, https:\/\/www.yigejiaceramics.com\/wp-content\/uploads\/2026\/03\/Custom-Glossy-Toothbrush-Holder-Ceramics-6-768x768.webp 768w, https:\/\/www.yigejiaceramics.com\/wp-content\/uploads\/2026\/03\/Custom-Glossy-Toothbrush-Holder-Ceramics-6-12x12.webp 12w, https:\/\/www.yigejiaceramics.com\/wp-content\/uploads\/2026\/03\/Custom-Glossy-Toothbrush-Holder-Ceramics-6-600x600.webp 600w, https:\/\/www.yigejiaceramics.com\/wp-content\/uploads\/2026\/03\/Custom-Glossy-Toothbrush-Holder-Ceramics-6-100x100.webp 100w\" sizes=\"(max-width: 800px) 100vw, 800px\" \/><\/figure>\n<\/div>\n<\/div>\n\n\n\n<div class=\"wp-block-columns is-layout-flex wp-container-core-columns-is-layout-9d6595d7 wp-block-columns-is-layout-flex\">\n<div class=\"wp-block-column is-layout-flow wp-block-column-is-layout-flow\">\n<figure class=\"wp-block-image size-full\"><img decoding=\"async\" width=\"800\" height=\"800\" src=\"https:\/\/www.yigejiaceramics.com\/wp-content\/uploads\/2026\/03\/Custom-Glossy-Toothbrush-Holder-Ceramics-4.webp\" alt=\"Porta-escovas de dentes em cer\u00e2mica brilhante personalizada\" class=\"wp-image-1713\" srcset=\"https:\/\/www.yigejiaceramics.com\/wp-content\/uploads\/2026\/03\/Custom-Glossy-Toothbrush-Holder-Ceramics-4.webp 800w, https:\/\/www.yigejiaceramics.com\/wp-content\/uploads\/2026\/03\/Custom-Glossy-Toothbrush-Holder-Ceramics-4-300x300.webp 300w, https:\/\/www.yigejiaceramics.com\/wp-content\/uploads\/2026\/03\/Custom-Glossy-Toothbrush-Holder-Ceramics-4-150x150.webp 150w, https:\/\/www.yigejiaceramics.com\/wp-content\/uploads\/2026\/03\/Custom-Glossy-Toothbrush-Holder-Ceramics-4-768x768.webp 768w, https:\/\/www.yigejiaceramics.com\/wp-content\/uploads\/2026\/03\/Custom-Glossy-Toothbrush-Holder-Ceramics-4-12x12.webp 12w, https:\/\/www.yigejiaceramics.com\/wp-content\/uploads\/2026\/03\/Custom-Glossy-Toothbrush-Holder-Ceramics-4-600x600.webp 600w, https:\/\/www.yigejiaceramics.com\/wp-content\/uploads\/2026\/03\/Custom-Glossy-Toothbrush-Holder-Ceramics-4-100x100.webp 100w\" sizes=\"(max-width: 800px) 100vw, 800px\" \/><\/figure>\n<\/div>\n\n\n\n<div class=\"wp-block-column is-layout-flow wp-block-column-is-layout-flow\">\n<figure class=\"wp-block-image size-full\"><img decoding=\"async\" width=\"800\" height=\"800\" src=\"https:\/\/www.yigejiaceramics.com\/wp-content\/uploads\/2026\/03\/Custom-Glossy-Toothbrush-Holder-Ceramics-5.webp\" alt=\"Porta-escovas de dentes em cer\u00e2mica brilhante personalizada\" class=\"wp-image-1714\" srcset=\"https:\/\/www.yigejiaceramics.com\/wp-content\/uploads\/2026\/03\/Custom-Glossy-Toothbrush-Holder-Ceramics-5.webp 800w, https:\/\/www.yigejiaceramics.com\/wp-content\/uploads\/2026\/03\/Custom-Glossy-Toothbrush-Holder-Ceramics-5-300x300.webp 300w, https:\/\/www.yigejiaceramics.com\/wp-content\/uploads\/2026\/03\/Custom-Glossy-Toothbrush-Holder-Ceramics-5-150x150.webp 150w, https:\/\/www.yigejiaceramics.com\/wp-content\/uploads\/2026\/03\/Custom-Glossy-Toothbrush-Holder-Ceramics-5-768x768.webp 768w, https:\/\/www.yigejiaceramics.com\/wp-content\/uploads\/2026\/03\/Custom-Glossy-Toothbrush-Holder-Ceramics-5-12x12.webp 12w, https:\/\/www.yigejiaceramics.com\/wp-content\/uploads\/2026\/03\/Custom-Glossy-Toothbrush-Holder-Ceramics-5-600x600.webp 600w, https:\/\/www.yigejiaceramics.com\/wp-content\/uploads\/2026\/03\/Custom-Glossy-Toothbrush-Holder-Ceramics-5-100x100.webp 100w\" sizes=\"(max-width: 800px) 100vw, 800px\" \/><\/figure>\n<\/div>\n<\/div>\n\n\n\n<p><\/p>","protected":false},"excerpt":{"rendered":"<p data-start=\"399\" data-end=\"631\">Suporte para escova de dentes brilhante personalizado Cer\u00e2mica com impress\u00e3o festiva de Natal e esmalte preto brilhante, ideal para a organiza\u00e7\u00e3o da bancada da casa de banho e decora\u00e7\u00e3o festiva. Cer\u00e2mica de qualidade duradoura com a vantagem do pre\u00e7o grossista de f\u00e1brica e amostras gr\u00e1tis para compradores a granel e personaliza\u00e7\u00e3o.<\/p>\n<h2>Suporte de escova de dentes brilhante personalizado Cer\u00e2mica Par\u00e2metro\uff1a<\/h2>\n<table>\n<tbody>\n<tr>\n<td>Fabricante<\/td>\n<td>Yigejia<\/td>\n<\/tr>\n<tr>\n<td>Tipo de produto<\/td>\n<td>Suporte para escovas de dentes<\/td>\n<\/tr>\n<tr>\n<td>Material<\/td>\n<td>Cer\u00e2mica<\/td>\n<\/tr>\n<tr>\n<td>Cor<\/td>\n<td>Preto\u00a0<\/td>\n<\/tr>\n<tr>\n<td>O conjunto inclui<\/td>\n<td>1 unidade<\/td>\n<\/tr>\n<tr>\n<td>Componentes<\/td>\n<td>Suporte para escovas de dentes<\/td>\n<\/tr>\n<tr>\n<td>Acabamento<\/td>\n<td>Acabamento mate<\/td>\n<\/tr>\n<tr>\n<td>Candidatura<\/td>\n<td>Casa, casa de banho, hot\u00e9is, apartamentos, spa<\/td>\n<\/tr>\n<tr>\n<td>Quantidade m\u00ednima de encomenda<\/td>\n<td>MOQ baixo<\/td>\n<\/tr>\n<tr>\n<td>Amostra gr\u00e1tis<\/td>\n<td>Dispon\u00edvel<\/td>\n<\/tr>\n<tr>\n<td>Personalizado<\/td>\n<td>Cor\/Tamanho\/Log\u00f3tipo\/Embalagem<\/td>\n<\/tr>\n<\/tbody>\n<\/table>","protected":false},"featured_media":1711,"comment_status":"closed","ping_status":"closed","template":"","meta":{"_acf_changed":false},"product_brand":[],"product_cat":[21],"product_tag":[],"class_list":{"0":"post-1709","1":"product","2":"type-product","3":"status-publish","4":"has-post-thumbnail","6":"product_cat-custom-toothbrush-holder","8":"first","9":"instock","10":"shipping-taxable","11":"product-type-simple"},"acf":[],"_links":{"self":[{"href":"https:\/\/www.yigejiaceramics.com\/pt\/wp-json\/wp\/v2\/product\/1709","targetHints":{"allow":["GET"]}}],"collection":[{"href":"https:\/\/www.yigejiaceramics.com\/pt\/wp-json\/wp\/v2\/product"}],"about":[{"href":"https:\/\/www.yigejiaceramics.com\/pt\/wp-json\/wp\/v2\/types\/product"}],"replies":[{"embeddable":true,"href":"https:\/\/www.yigejiaceramics.com\/pt\/wp-json\/wp\/v2\/comments?post=1709"}],"wp:featuredmedia":[{"embeddable":true,"href":"https:\/\/www.yigejiaceramics.com\/pt\/wp-json\/wp\/v2\/media\/1711"}],"wp:attachment":[{"href":"https:\/\/www.yigejiaceramics.com\/pt\/wp-json\/wp\/v2\/media?parent=1709"}],"wp:term":[{"taxonomy":"product_brand","embeddable":true,"href":"https:\/\/www.yigejiaceramics.com\/pt\/wp-json\/wp\/v2\/product_brand?post=1709"},{"taxonomy":"product_cat","embeddable":true,"href":"https:\/\/www.yigejiaceramics.com\/pt\/wp-json\/wp\/v2\/product_cat?post=1709"},{"taxonomy":"product_tag","embeddable":true,"href":"https:\/\/www.yigejiaceramics.com\/pt\/wp-json\/wp\/v2\/product_tag?post=1709"}],"curies":[{"name":"wp","href":"https:\/\/api.w.org\/{rel}","templated":true}]}}