{"id":1118,"date":"2026-01-10T02:58:52","date_gmt":"2026-01-10T02:58:52","guid":{"rendered":"https:\/\/www.yigejiaceramics.com\/?post_type=product&#038;p=1118"},"modified":"2026-02-01T18:49:28","modified_gmt":"2026-02-01T18:49:28","slug":"green-butterfly-bathroom-sets-bulk","status":"publish","type":"product","link":"https:\/\/www.yigejiaceramics.com\/pt\/produto\/green-butterfly-bathroom-sets-bulk\/","title":{"rendered":"Conjuntos de casa de banho com borboleta verde - Conjunto de acess\u00f3rios de cer\u00e2mica de 5 pe\u00e7as em verde escuro e dourado"},"content":{"rendered":"<div class=\"wp-block-columns is-layout-flex wp-container-core-columns-is-layout-9d6595d7 wp-block-columns-is-layout-flex\">\n<div class=\"wp-block-column is-layout-flow wp-block-column-is-layout-flow\">\n<h2 class=\"wp-block-heading\">Conjuntos de casa de banho com borboleta verde Carater\u00edsticas por atacado<\/h2>\n\n\n\n<ul class=\"wp-block-list\">\n<li><strong>Conjunto completo de 5 pe\u00e7as para casa de banho em cer\u00e2mica<\/strong>: Inclui um dispensador de sabonete, um suporte para escova de dentes, um copo, uma escova de sanita e uma saboneteira, proporcionando uma solu\u00e7\u00e3o completa para a utiliza\u00e7\u00e3o e organiza\u00e7\u00e3o di\u00e1rias da casa de banho.<\/li>\n\n\n\n<li><strong>Desenho em relevo de borboleta verde-escuro e dourado:<\/strong> Apresenta pormenores de borboletas em relevo com um esmalte verde profundo e detalhes dourados, criando um aspeto premium e distinto para casas de banho topo de gama.<\/li>\n\n\n\n<li><strong>Material cer\u00e2mico dur\u00e1vel de alta cozedura: <\/strong>Fabricado em cer\u00e2mica espessa com uma superf\u00edcie lisa e f\u00e1cil de limpar que resiste ao desbotamento e permite uma utiliza\u00e7\u00e3o frequente e prolongada.<\/li>\n\n\n\n<li><strong>Vantagem da venda por grosso direta da f\u00e1brica<\/strong>: Fornecido diretamente pelo fabricante com pre\u00e7os competitivos por grosso, capacidade de produ\u00e7\u00e3o est\u00e1vel e apoio \u00e0 personaliza\u00e7\u00e3o OEM \/ ODM.<\/li>\n\n\n\n<li><strong>Amostras gr\u00e1tis dispon\u00edveis: <\/strong>S\u00e3o oferecidas amostras para ajudar os compradores a confirmarem a qualidade, o trabalho artesanal e a cor antes de efectuarem encomendas a granel.<\/li>\n<\/ul>\n<\/div>\n\n\n\n<div class=\"wp-block-column is-layout-flow wp-block-column-is-layout-flow\">\n<figure class=\"wp-block-image size-full\"><img decoding=\"async\" width=\"800\" height=\"800\" src=\"https:\/\/www.yigejiaceramics.com\/wp-content\/uploads\/2026\/01\/Green-Butterfly-Bathroom-Sets-Wholesale-7.jpg\" alt=\"Conjuntos de casa de banho com borboleta verde por atacado\" class=\"wp-image-1125\" srcset=\"https:\/\/www.yigejiaceramics.com\/wp-content\/uploads\/2026\/01\/Green-Butterfly-Bathroom-Sets-Wholesale-7.jpg 800w, https:\/\/www.yigejiaceramics.com\/wp-content\/uploads\/2026\/01\/Green-Butterfly-Bathroom-Sets-Wholesale-7-300x300.jpg 300w, https:\/\/www.yigejiaceramics.com\/wp-content\/uploads\/2026\/01\/Green-Butterfly-Bathroom-Sets-Wholesale-7-150x150.jpg 150w, https:\/\/www.yigejiaceramics.com\/wp-content\/uploads\/2026\/01\/Green-Butterfly-Bathroom-Sets-Wholesale-7-768x768.jpg 768w, https:\/\/www.yigejiaceramics.com\/wp-content\/uploads\/2026\/01\/Green-Butterfly-Bathroom-Sets-Wholesale-7-12x12.jpg 12w, https:\/\/www.yigejiaceramics.com\/wp-content\/uploads\/2026\/01\/Green-Butterfly-Bathroom-Sets-Wholesale-7-600x600.jpg 600w, https:\/\/www.yigejiaceramics.com\/wp-content\/uploads\/2026\/01\/Green-Butterfly-Bathroom-Sets-Wholesale-7-100x100.jpg 100w\" sizes=\"(max-width: 800px) 100vw, 800px\" \/><\/figure>\n<\/div>\n<\/div>\n\n\n\n<div class=\"wp-block-columns is-layout-flex wp-container-core-columns-is-layout-9d6595d7 wp-block-columns-is-layout-flex\">\n<div class=\"wp-block-column is-layout-flow wp-block-column-is-layout-flow\">\n<figure class=\"wp-block-image size-full\"><img decoding=\"async\" width=\"800\" height=\"800\" src=\"https:\/\/www.yigejiaceramics.com\/wp-content\/uploads\/2026\/01\/Green-Butterfly-Bathroom-Sets-Wholesale-14.jpg\" alt=\"Conjuntos de casa de banho com borboleta verde por atacado\" class=\"wp-image-1132\" srcset=\"https:\/\/www.yigejiaceramics.com\/wp-content\/uploads\/2026\/01\/Green-Butterfly-Bathroom-Sets-Wholesale-14.jpg 800w, https:\/\/www.yigejiaceramics.com\/wp-content\/uploads\/2026\/01\/Green-Butterfly-Bathroom-Sets-Wholesale-14-300x300.jpg 300w, https:\/\/www.yigejiaceramics.com\/wp-content\/uploads\/2026\/01\/Green-Butterfly-Bathroom-Sets-Wholesale-14-150x150.jpg 150w, https:\/\/www.yigejiaceramics.com\/wp-content\/uploads\/2026\/01\/Green-Butterfly-Bathroom-Sets-Wholesale-14-768x768.jpg 768w, https:\/\/www.yigejiaceramics.com\/wp-content\/uploads\/2026\/01\/Green-Butterfly-Bathroom-Sets-Wholesale-14-12x12.jpg 12w, https:\/\/www.yigejiaceramics.com\/wp-content\/uploads\/2026\/01\/Green-Butterfly-Bathroom-Sets-Wholesale-14-600x600.jpg 600w, https:\/\/www.yigejiaceramics.com\/wp-content\/uploads\/2026\/01\/Green-Butterfly-Bathroom-Sets-Wholesale-14-100x100.jpg 100w\" sizes=\"(max-width: 800px) 100vw, 800px\" \/><\/figure>\n<\/div>\n\n\n\n<div class=\"wp-block-column is-layout-flow wp-block-column-is-layout-flow\">\n<figure class=\"wp-block-image size-full\"><img decoding=\"async\" width=\"800\" height=\"800\" src=\"https:\/\/www.yigejiaceramics.com\/wp-content\/uploads\/2026\/01\/Green-Butterfly-Bathroom-Sets-Wholesale-1.jpg\" alt=\"Conjuntos de casa de banho com borboleta verde por atacado\" class=\"wp-image-1119\" srcset=\"https:\/\/www.yigejiaceramics.com\/wp-content\/uploads\/2026\/01\/Green-Butterfly-Bathroom-Sets-Wholesale-1.jpg 800w, https:\/\/www.yigejiaceramics.com\/wp-content\/uploads\/2026\/01\/Green-Butterfly-Bathroom-Sets-Wholesale-1-300x300.jpg 300w, https:\/\/www.yigejiaceramics.com\/wp-content\/uploads\/2026\/01\/Green-Butterfly-Bathroom-Sets-Wholesale-1-150x150.jpg 150w, https:\/\/www.yigejiaceramics.com\/wp-content\/uploads\/2026\/01\/Green-Butterfly-Bathroom-Sets-Wholesale-1-768x768.jpg 768w, https:\/\/www.yigejiaceramics.com\/wp-content\/uploads\/2026\/01\/Green-Butterfly-Bathroom-Sets-Wholesale-1-12x12.jpg 12w, https:\/\/www.yigejiaceramics.com\/wp-content\/uploads\/2026\/01\/Green-Butterfly-Bathroom-Sets-Wholesale-1-600x600.jpg 600w, https:\/\/www.yigejiaceramics.com\/wp-content\/uploads\/2026\/01\/Green-Butterfly-Bathroom-Sets-Wholesale-1-100x100.jpg 100w\" sizes=\"(max-width: 800px) 100vw, 800px\" \/><\/figure>\n<\/div>\n\n\n\n<div class=\"wp-block-column is-layout-flow wp-block-column-is-layout-flow\">\n<figure class=\"wp-block-image size-full\"><img decoding=\"async\" width=\"800\" height=\"800\" src=\"https:\/\/www.yigejiaceramics.com\/wp-content\/uploads\/2026\/01\/Green-Butterfly-Bathroom-Sets-Wholesale-15.jpg\" alt=\"Conjuntos de casa de banho com borboleta verde por atacado\" class=\"wp-image-1133\" srcset=\"https:\/\/www.yigejiaceramics.com\/wp-content\/uploads\/2026\/01\/Green-Butterfly-Bathroom-Sets-Wholesale-15.jpg 800w, https:\/\/www.yigejiaceramics.com\/wp-content\/uploads\/2026\/01\/Green-Butterfly-Bathroom-Sets-Wholesale-15-300x300.jpg 300w, https:\/\/www.yigejiaceramics.com\/wp-content\/uploads\/2026\/01\/Green-Butterfly-Bathroom-Sets-Wholesale-15-150x150.jpg 150w, https:\/\/www.yigejiaceramics.com\/wp-content\/uploads\/2026\/01\/Green-Butterfly-Bathroom-Sets-Wholesale-15-768x768.jpg 768w, https:\/\/www.yigejiaceramics.com\/wp-content\/uploads\/2026\/01\/Green-Butterfly-Bathroom-Sets-Wholesale-15-12x12.jpg 12w, https:\/\/www.yigejiaceramics.com\/wp-content\/uploads\/2026\/01\/Green-Butterfly-Bathroom-Sets-Wholesale-15-600x600.jpg 600w, https:\/\/www.yigejiaceramics.com\/wp-content\/uploads\/2026\/01\/Green-Butterfly-Bathroom-Sets-Wholesale-15-100x100.jpg 100w\" sizes=\"(max-width: 800px) 100vw, 800px\" \/><\/figure>\n<\/div>\n\n\n\n<div class=\"wp-block-column is-layout-flow wp-block-column-is-layout-flow\">\n<figure class=\"wp-block-image size-full\"><img decoding=\"async\" width=\"800\" height=\"800\" src=\"https:\/\/www.yigejiaceramics.com\/wp-content\/uploads\/2026\/01\/Green-Butterfly-Bathroom-Sets-Wholesale-3.jpg\" alt=\"Conjuntos de casa de banho com borboleta verde por atacado\" class=\"wp-image-1121\" srcset=\"https:\/\/www.yigejiaceramics.com\/wp-content\/uploads\/2026\/01\/Green-Butterfly-Bathroom-Sets-Wholesale-3.jpg 800w, https:\/\/www.yigejiaceramics.com\/wp-content\/uploads\/2026\/01\/Green-Butterfly-Bathroom-Sets-Wholesale-3-300x300.jpg 300w, https:\/\/www.yigejiaceramics.com\/wp-content\/uploads\/2026\/01\/Green-Butterfly-Bathroom-Sets-Wholesale-3-150x150.jpg 150w, https:\/\/www.yigejiaceramics.com\/wp-content\/uploads\/2026\/01\/Green-Butterfly-Bathroom-Sets-Wholesale-3-768x768.jpg 768w, https:\/\/www.yigejiaceramics.com\/wp-content\/uploads\/2026\/01\/Green-Butterfly-Bathroom-Sets-Wholesale-3-12x12.jpg 12w, https:\/\/www.yigejiaceramics.com\/wp-content\/uploads\/2026\/01\/Green-Butterfly-Bathroom-Sets-Wholesale-3-600x600.jpg 600w, https:\/\/www.yigejiaceramics.com\/wp-content\/uploads\/2026\/01\/Green-Butterfly-Bathroom-Sets-Wholesale-3-100x100.jpg 100w\" sizes=\"(max-width: 800px) 100vw, 800px\" \/><\/figure>\n<\/div>\n<\/div>\n\n\n\n<p><\/p>","protected":false},"excerpt":{"rendered":"<p data-start=\"399\" data-end=\"631\">O conjunto de casa de banho Green Butterfly Wholesale apresenta um conjunto de cer\u00e2mica de 5 pe\u00e7as em verde escuro e dourado, incluindo saboneteira, porta-escovas de dentes, copo, escova de sanita e saboneteira. Concebido para casas de banho de qualidade superior, com vantagens de venda por grosso diretamente da f\u00e1brica, fornecimento est\u00e1vel e amostras gr\u00e1tis dispon\u00edveis.<\/p>\n<h2>Conjuntos de casa de banho de borboleta verde Par\u00e2metro por atacado\uff1a<\/h2>\n<table>\n<tbody>\n<tr>\n<td>Fabricante<\/td>\n<td>Yigejia<\/td>\n<\/tr>\n<tr>\n<td>Tipo de produto<\/td>\n<td>Conjunto de acess\u00f3rios para casa de banho<\/td>\n<\/tr>\n<tr>\n<td>Material<\/td>\n<td>Cer\u00e2mica<\/td>\n<\/tr>\n<tr>\n<td>Cor<\/td>\n<td>Verde<\/td>\n<\/tr>\n<tr>\n<td>O conjunto inclui<\/td>\n<td>5 unidades<\/td>\n<\/tr>\n<tr>\n<td>Componentes<\/td>\n<td>Dispensador de lo\u00e7\u00e3o, suporte para escovas de dentes, saboneteira, copo<\/td>\n<\/tr>\n<tr>\n<td>Acabamento<\/td>\n<td>Acabamento brilhante<\/td>\n<\/tr>\n<tr>\n<td>Candidatura<\/td>\n<td>Casa, casa de banho, hot\u00e9is, apartamentos, spa<\/td>\n<\/tr>\n<tr>\n<td>Quantidade m\u00ednima de encomenda<\/td>\n<td>MOQ baixo<\/td>\n<\/tr>\n<tr>\n<td>Amostra gr\u00e1tis<\/td>\n<td>Dispon\u00edvel<\/td>\n<\/tr>\n<tr>\n<td>Personalizado<\/td>\n<td>Cor\/Tamanho\/Log\u00f3tipo\/Embalagem<\/td>\n<\/tr>\n<\/tbody>\n<\/table>","protected":false},"featured_media":1129,"comment_status":"closed","ping_status":"closed","template":"","meta":{"_acf_changed":false},"product_brand":[],"product_cat":[19],"product_tag":[],"class_list":{"0":"post-1118","1":"product","2":"type-product","3":"status-publish","4":"has-post-thumbnail","6":"product_cat-wholesale-bathroom-sets","8":"first","9":"instock","10":"shipping-taxable","11":"product-type-simple"},"acf":[],"_links":{"self":[{"href":"https:\/\/www.yigejiaceramics.com\/pt\/wp-json\/wp\/v2\/product\/1118","targetHints":{"allow":["GET"]}}],"collection":[{"href":"https:\/\/www.yigejiaceramics.com\/pt\/wp-json\/wp\/v2\/product"}],"about":[{"href":"https:\/\/www.yigejiaceramics.com\/pt\/wp-json\/wp\/v2\/types\/product"}],"replies":[{"embeddable":true,"href":"https:\/\/www.yigejiaceramics.com\/pt\/wp-json\/wp\/v2\/comments?post=1118"}],"wp:featuredmedia":[{"embeddable":true,"href":"https:\/\/www.yigejiaceramics.com\/pt\/wp-json\/wp\/v2\/media\/1129"}],"wp:attachment":[{"href":"https:\/\/www.yigejiaceramics.com\/pt\/wp-json\/wp\/v2\/media?parent=1118"}],"wp:term":[{"taxonomy":"product_brand","embeddable":true,"href":"https:\/\/www.yigejiaceramics.com\/pt\/wp-json\/wp\/v2\/product_brand?post=1118"},{"taxonomy":"product_cat","embeddable":true,"href":"https:\/\/www.yigejiaceramics.com\/pt\/wp-json\/wp\/v2\/product_cat?post=1118"},{"taxonomy":"product_tag","embeddable":true,"href":"https:\/\/www.yigejiaceramics.com\/pt\/wp-json\/wp\/v2\/product_tag?post=1118"}],"curies":[{"name":"wp","href":"https:\/\/api.w.org\/{rel}","templated":true}]}}