{"id":2226,"date":"2026-04-17T08:45:19","date_gmt":"2026-04-17T08:45:19","guid":{"rendered":"https:\/\/www.yigejiaceramics.com\/?post_type=product&#038;p=2226"},"modified":"2026-04-17T08:45:21","modified_gmt":"2026-04-17T08:45:21","slug":"wholesale-black-toothbrush-holder","status":"publish","type":"product","link":"https:\/\/www.yigejiaceramics.com\/fr\/produit\/wholesale-black-toothbrush-holder\/","title":{"rendered":"Porte-brosse \u00e0 dents noir en c\u00e9ramique, accessoire de salle de bain en vrac pour la maison et l'h\u00f4tel"},"content":{"rendered":"<div class=\"wp-block-columns is-layout-flex wp-container-core-columns-is-layout-9d6595d7 wp-block-columns-is-layout-flex\">\n<div class=\"wp-block-column is-layout-flow wp-block-column-is-layout-flow\">\n<h2 class=\"wp-block-heading\">Porte-brosse \u00e0 dents noir en gros Caract\u00e9ristiques de la c\u00e9ramique<\/h2>\n\n\n\n<ul class=\"wp-block-list\">\n<li><strong>Design noir et or \u00e0 effet marbr\u00e9<\/strong>: Wholesale Black Toothbrush Holder Ceramics pr\u00e9sente une finition noire et dor\u00e9e inspir\u00e9e du marbre, qui met en valeur le style moderne de la salle de bains.<\/li>\n\n\n\n<li><strong>\u201cConception d'une \u00e9tiquette \u201dLOTION<\/strong>: Le porte-brosse \u00e0 dents Wholesale Black Ceramics comporte un marquage clair \u201cLOTION\u201d, alliant praticit\u00e9 et design moderne.<\/li>\n\n\n\n<li><strong>Bouteille en c\u00e9ramique durable<\/strong>: Wholesale Black Toothbrush Holder Ceramics est fabriqu\u00e9 en c\u00e9ramique de haute qualit\u00e9, robuste et facile \u00e0 entretenir.<\/li>\n\n\n\n<li><strong>Parfait pour l'ensemble de salle de bains 4 pi\u00e8ces<\/strong>: Wholesale Black Toothbrush Holder Ceramics s'associe bien avec le gobelet, le distributeur et le porte-savon pour un ensemble complet de salle de bains.<\/li>\n\n\n\n<li><strong>Prix directs d'usine et \u00e9chantillons gratuits<\/strong>: Wholesale Black Toothbrush Holder Ceramics est propos\u00e9 \u00e0 des prix de gros et des \u00e9chantillons gratuits pour les acheteurs en gros.<\/li>\n<\/ul>\n<\/div>\n\n\n\n<div class=\"wp-block-column is-layout-flow wp-block-column-is-layout-flow\">\n<figure class=\"wp-block-image size-full\"><img decoding=\"async\" width=\"800\" height=\"800\" src=\"https:\/\/www.yigejiaceramics.com\/wp-content\/uploads\/2026\/04\/Wholesale-Black-Toothbrush-Holder-Ceramics-9.webp\" alt=\"Wholesale Porte-brosse \u00e0 dents noir en c\u00e9ramique\" class=\"wp-image-2235\" srcset=\"https:\/\/www.yigejiaceramics.com\/wp-content\/uploads\/2026\/04\/Wholesale-Black-Toothbrush-Holder-Ceramics-9.webp 800w, https:\/\/www.yigejiaceramics.com\/wp-content\/uploads\/2026\/04\/Wholesale-Black-Toothbrush-Holder-Ceramics-9-300x300.webp 300w, https:\/\/www.yigejiaceramics.com\/wp-content\/uploads\/2026\/04\/Wholesale-Black-Toothbrush-Holder-Ceramics-9-150x150.webp 150w, https:\/\/www.yigejiaceramics.com\/wp-content\/uploads\/2026\/04\/Wholesale-Black-Toothbrush-Holder-Ceramics-9-768x768.webp 768w, https:\/\/www.yigejiaceramics.com\/wp-content\/uploads\/2026\/04\/Wholesale-Black-Toothbrush-Holder-Ceramics-9-12x12.webp 12w, https:\/\/www.yigejiaceramics.com\/wp-content\/uploads\/2026\/04\/Wholesale-Black-Toothbrush-Holder-Ceramics-9-600x600.webp 600w, https:\/\/www.yigejiaceramics.com\/wp-content\/uploads\/2026\/04\/Wholesale-Black-Toothbrush-Holder-Ceramics-9-100x100.webp 100w\" sizes=\"(max-width: 800px) 100vw, 800px\" \/><\/figure>\n<\/div>\n<\/div>\n\n\n\n<div class=\"wp-block-columns is-layout-flex wp-container-core-columns-is-layout-9d6595d7 wp-block-columns-is-layout-flex\">\n<div class=\"wp-block-column is-layout-flow wp-block-column-is-layout-flow\">\n<figure class=\"wp-block-image size-full\"><img decoding=\"async\" width=\"800\" height=\"800\" src=\"https:\/\/www.yigejiaceramics.com\/wp-content\/uploads\/2026\/04\/Wholesale-Black-Toothbrush-Holder-Ceramics-4.webp\" alt=\"Wholesale Porte-brosse \u00e0 dents noir en c\u00e9ramique\" class=\"wp-image-2230\" srcset=\"https:\/\/www.yigejiaceramics.com\/wp-content\/uploads\/2026\/04\/Wholesale-Black-Toothbrush-Holder-Ceramics-4.webp 800w, https:\/\/www.yigejiaceramics.com\/wp-content\/uploads\/2026\/04\/Wholesale-Black-Toothbrush-Holder-Ceramics-4-300x300.webp 300w, https:\/\/www.yigejiaceramics.com\/wp-content\/uploads\/2026\/04\/Wholesale-Black-Toothbrush-Holder-Ceramics-4-150x150.webp 150w, https:\/\/www.yigejiaceramics.com\/wp-content\/uploads\/2026\/04\/Wholesale-Black-Toothbrush-Holder-Ceramics-4-768x768.webp 768w, https:\/\/www.yigejiaceramics.com\/wp-content\/uploads\/2026\/04\/Wholesale-Black-Toothbrush-Holder-Ceramics-4-12x12.webp 12w, https:\/\/www.yigejiaceramics.com\/wp-content\/uploads\/2026\/04\/Wholesale-Black-Toothbrush-Holder-Ceramics-4-600x600.webp 600w, https:\/\/www.yigejiaceramics.com\/wp-content\/uploads\/2026\/04\/Wholesale-Black-Toothbrush-Holder-Ceramics-4-100x100.webp 100w\" sizes=\"(max-width: 800px) 100vw, 800px\" \/><\/figure>\n<\/div>\n\n\n\n<div class=\"wp-block-column is-layout-flow wp-block-column-is-layout-flow\">\n<figure class=\"wp-block-image size-full\"><img decoding=\"async\" width=\"800\" height=\"800\" src=\"https:\/\/www.yigejiaceramics.com\/wp-content\/uploads\/2026\/04\/Wholesale-Black-Toothbrush-Holder-Ceramics-5.webp\" alt=\"Wholesale Porte-brosse \u00e0 dents noir en c\u00e9ramique\" class=\"wp-image-2231\" srcset=\"https:\/\/www.yigejiaceramics.com\/wp-content\/uploads\/2026\/04\/Wholesale-Black-Toothbrush-Holder-Ceramics-5.webp 800w, https:\/\/www.yigejiaceramics.com\/wp-content\/uploads\/2026\/04\/Wholesale-Black-Toothbrush-Holder-Ceramics-5-300x300.webp 300w, https:\/\/www.yigejiaceramics.com\/wp-content\/uploads\/2026\/04\/Wholesale-Black-Toothbrush-Holder-Ceramics-5-150x150.webp 150w, https:\/\/www.yigejiaceramics.com\/wp-content\/uploads\/2026\/04\/Wholesale-Black-Toothbrush-Holder-Ceramics-5-768x768.webp 768w, https:\/\/www.yigejiaceramics.com\/wp-content\/uploads\/2026\/04\/Wholesale-Black-Toothbrush-Holder-Ceramics-5-12x12.webp 12w, https:\/\/www.yigejiaceramics.com\/wp-content\/uploads\/2026\/04\/Wholesale-Black-Toothbrush-Holder-Ceramics-5-600x600.webp 600w, https:\/\/www.yigejiaceramics.com\/wp-content\/uploads\/2026\/04\/Wholesale-Black-Toothbrush-Holder-Ceramics-5-100x100.webp 100w\" sizes=\"(max-width: 800px) 100vw, 800px\" \/><\/figure>\n<\/div>\n<\/div>","protected":false},"excerpt":{"rendered":"<p data-start=\"502\" data-end=\"730\">Porte-brosse \u00e0 dents noir en c\u00e9ramique avec prix de gros en usine et \u00e9chantillons gratuits. Organisateur en c\u00e9ramique \u201cLOTION\u201d noir et or \u00e0 effet marbr\u00e9 avec finition de luxe, parfait pour les ensembles de salle de bain, les projets h\u00f4teliers, la vente au d\u00e9tail et la personnalisation en vrac.<\/p>\n<h2>Param\u00e8tre\uff1a du porte-brosse \u00e0 dents noir en c\u00e9ramique de gros<\/h2>\n<table>\n<tbody>\n<tr>\n<td>Fabricant<\/td>\n<td>Yigejia<\/td>\n<\/tr>\n<tr>\n<td>Type de produit<\/td>\n<td>Porte-brosse \u00e0 dents<\/td>\n<\/tr>\n<tr>\n<td>Mat\u00e9riau<\/td>\n<td>C\u00e9ramique<\/td>\n<\/tr>\n<tr>\n<td>Couleur<\/td>\n<td>Noir<\/td>\n<\/tr>\n<tr>\n<td>Le kit comprend<\/td>\n<td>1 pi\u00e8ce<\/td>\n<\/tr>\n<tr>\n<td>Composants<\/td>\n<td>Porte-brosse \u00e0 dents<\/td>\n<\/tr>\n<tr>\n<td>Fin<\/td>\n<td>Finition mate<\/td>\n<\/tr>\n<tr>\n<td>Demande<\/td>\n<td>Maison, Salle de bain, H\u00f4tels, Appartements, Spa<\/td>\n<\/tr>\n<tr>\n<td>Quantit\u00e9 minimale de commande<\/td>\n<td>Faible quantit\u00e9 minimale de commande<\/td>\n<\/tr>\n<tr>\n<td>\u00c9chantillon gratuit<\/td>\n<td>Disponible<\/td>\n<\/tr>\n<tr>\n<td>Sur mesure<\/td>\n<td>Couleur\/Taille\/Logo\/Emballage<\/td>\n<\/tr>\n<\/tbody>\n<\/table>","protected":false},"featured_media":2228,"comment_status":"closed","ping_status":"closed","template":"","meta":{"_acf_changed":false},"product_brand":[],"product_cat":[21],"product_tag":[],"class_list":{"0":"post-2226","1":"product","2":"type-product","3":"status-publish","4":"has-post-thumbnail","6":"product_cat-custom-toothbrush-holder","8":"first","9":"instock","10":"shipping-taxable","11":"product-type-simple"},"acf":[],"_links":{"self":[{"href":"https:\/\/www.yigejiaceramics.com\/fr\/wp-json\/wp\/v2\/product\/2226","targetHints":{"allow":["GET"]}}],"collection":[{"href":"https:\/\/www.yigejiaceramics.com\/fr\/wp-json\/wp\/v2\/product"}],"about":[{"href":"https:\/\/www.yigejiaceramics.com\/fr\/wp-json\/wp\/v2\/types\/product"}],"replies":[{"embeddable":true,"href":"https:\/\/www.yigejiaceramics.com\/fr\/wp-json\/wp\/v2\/comments?post=2226"}],"wp:featuredmedia":[{"embeddable":true,"href":"https:\/\/www.yigejiaceramics.com\/fr\/wp-json\/wp\/v2\/media\/2228"}],"wp:attachment":[{"href":"https:\/\/www.yigejiaceramics.com\/fr\/wp-json\/wp\/v2\/media?parent=2226"}],"wp:term":[{"taxonomy":"product_brand","embeddable":true,"href":"https:\/\/www.yigejiaceramics.com\/fr\/wp-json\/wp\/v2\/product_brand?post=2226"},{"taxonomy":"product_cat","embeddable":true,"href":"https:\/\/www.yigejiaceramics.com\/fr\/wp-json\/wp\/v2\/product_cat?post=2226"},{"taxonomy":"product_tag","embeddable":true,"href":"https:\/\/www.yigejiaceramics.com\/fr\/wp-json\/wp\/v2\/product_tag?post=2226"}],"curies":[{"name":"wp","href":"https:\/\/api.w.org\/{rel}","templated":true}]}}