{"id":2204,"date":"2026-04-18T01:51:21","date_gmt":"2026-04-18T01:51:21","guid":{"rendered":"https:\/\/www.yigejiaceramics.com\/?post_type=product&#038;p=2204"},"modified":"2026-04-18T01:51:22","modified_gmt":"2026-04-18T01:51:22","slug":"wholesale-black-soap-dish-ceramics","status":"publish","type":"product","link":"https:\/\/www.yigejiaceramics.com\/fr\/produit\/wholesale-black-soap-dish-ceramics\/","title":{"rendered":"Fabricant de porte-savon noir en c\u00e9ramique, accessoire de salle de bain \u00e0 effet marbr\u00e9"},"content":{"rendered":"<div class=\"wp-block-columns is-layout-flex wp-container-core-columns-is-layout-9d6595d7 wp-block-columns-is-layout-flex\">\n<div class=\"wp-block-column is-layout-flow wp-block-column-is-layout-flow\">\n<h2 class=\"wp-block-heading\">Wholesale Black Soap Dish Ceramics Features<\/h2>\n\n\n\n<ul class=\"wp-block-list\">\n<li><strong>Design noir et or \u00e0 effet marbr\u00e9<\/strong>: Wholesale Black Soap Dish Ceramics features a marble-inspired black and gold finish, adding a luxury touch to bathrooms.<\/li>\n\n\n\n<li><strong>\u201cLOTION\u201d Text Label Design<\/strong>: Wholesale Black Soap Dish Ceramics includes a clear \u201cLOTION\u201d marking, combining practicality and modern style.<\/li>\n\n\n\n<li><strong>Durable Ceramic Material:<\/strong> Wholesale black soap dish ceramics are made from high-quality ceramic, sturdy, and easy to maintain.<\/li>\n\n\n\n<li><strong>Parfait pour l'ensemble de salle de bains 4 pi\u00e8ces<\/strong>: Wholesale Black Soap Dish Ceramics pairs well with tumbler, dispenser, and tray for a complete bathroom set.<\/li>\n\n\n\n<li><strong>Prix directs d'usine et \u00e9chantillons gratuits<\/strong>: Wholesale Black Soap Dish Ceramics comes with factory wholesale pricing and free samples for bulk buyers.<\/li>\n<\/ul>\n<\/div>\n\n\n\n<div class=\"wp-block-column is-layout-flow wp-block-column-is-layout-flow\">\n<figure class=\"wp-block-image size-full\"><img decoding=\"async\" width=\"800\" height=\"800\" src=\"https:\/\/www.yigejiaceramics.com\/wp-content\/uploads\/2026\/04\/Wholesale-Black-Soap-Dish-Ceramics-7.webp\" alt=\"Grossiste Porte-savon Noir C\u00e9ramique\" class=\"wp-image-2211\" srcset=\"https:\/\/www.yigejiaceramics.com\/wp-content\/uploads\/2026\/04\/Wholesale-Black-Soap-Dish-Ceramics-7.webp 800w, https:\/\/www.yigejiaceramics.com\/wp-content\/uploads\/2026\/04\/Wholesale-Black-Soap-Dish-Ceramics-7-300x300.webp 300w, https:\/\/www.yigejiaceramics.com\/wp-content\/uploads\/2026\/04\/Wholesale-Black-Soap-Dish-Ceramics-7-150x150.webp 150w, https:\/\/www.yigejiaceramics.com\/wp-content\/uploads\/2026\/04\/Wholesale-Black-Soap-Dish-Ceramics-7-768x768.webp 768w, https:\/\/www.yigejiaceramics.com\/wp-content\/uploads\/2026\/04\/Wholesale-Black-Soap-Dish-Ceramics-7-12x12.webp 12w, https:\/\/www.yigejiaceramics.com\/wp-content\/uploads\/2026\/04\/Wholesale-Black-Soap-Dish-Ceramics-7-600x600.webp 600w, https:\/\/www.yigejiaceramics.com\/wp-content\/uploads\/2026\/04\/Wholesale-Black-Soap-Dish-Ceramics-7-100x100.webp 100w\" sizes=\"(max-width: 800px) 100vw, 800px\" \/><\/figure>\n<\/div>\n<\/div>\n\n\n\n<div class=\"wp-block-columns is-layout-flex wp-container-core-columns-is-layout-9d6595d7 wp-block-columns-is-layout-flex\">\n<div class=\"wp-block-column is-layout-flow wp-block-column-is-layout-flow\">\n<figure class=\"wp-block-image size-full\"><img decoding=\"async\" width=\"800\" height=\"800\" src=\"https:\/\/www.yigejiaceramics.com\/wp-content\/uploads\/2026\/04\/Wholesale-Black-Soap-Dish-Ceramics-9.webp\" alt=\"Grossiste Porte-savon Noir C\u00e9ramique\" class=\"wp-image-2213\" srcset=\"https:\/\/www.yigejiaceramics.com\/wp-content\/uploads\/2026\/04\/Wholesale-Black-Soap-Dish-Ceramics-9.webp 800w, https:\/\/www.yigejiaceramics.com\/wp-content\/uploads\/2026\/04\/Wholesale-Black-Soap-Dish-Ceramics-9-300x300.webp 300w, https:\/\/www.yigejiaceramics.com\/wp-content\/uploads\/2026\/04\/Wholesale-Black-Soap-Dish-Ceramics-9-150x150.webp 150w, https:\/\/www.yigejiaceramics.com\/wp-content\/uploads\/2026\/04\/Wholesale-Black-Soap-Dish-Ceramics-9-768x768.webp 768w, https:\/\/www.yigejiaceramics.com\/wp-content\/uploads\/2026\/04\/Wholesale-Black-Soap-Dish-Ceramics-9-12x12.webp 12w, https:\/\/www.yigejiaceramics.com\/wp-content\/uploads\/2026\/04\/Wholesale-Black-Soap-Dish-Ceramics-9-600x600.webp 600w, https:\/\/www.yigejiaceramics.com\/wp-content\/uploads\/2026\/04\/Wholesale-Black-Soap-Dish-Ceramics-9-100x100.webp 100w\" sizes=\"(max-width: 800px) 100vw, 800px\" \/><\/figure>\n<\/div>\n\n\n\n<div class=\"wp-block-column is-layout-flow wp-block-column-is-layout-flow\">\n<figure class=\"wp-block-image size-full\"><img decoding=\"async\" width=\"800\" height=\"800\" src=\"https:\/\/www.yigejiaceramics.com\/wp-content\/uploads\/2026\/04\/Wholesale-Black-Soap-Dish-Ceramics-5.webp\" alt=\"Grossiste Porte-savon Noir C\u00e9ramique\" class=\"wp-image-2209\" srcset=\"https:\/\/www.yigejiaceramics.com\/wp-content\/uploads\/2026\/04\/Wholesale-Black-Soap-Dish-Ceramics-5.webp 800w, https:\/\/www.yigejiaceramics.com\/wp-content\/uploads\/2026\/04\/Wholesale-Black-Soap-Dish-Ceramics-5-300x300.webp 300w, https:\/\/www.yigejiaceramics.com\/wp-content\/uploads\/2026\/04\/Wholesale-Black-Soap-Dish-Ceramics-5-150x150.webp 150w, https:\/\/www.yigejiaceramics.com\/wp-content\/uploads\/2026\/04\/Wholesale-Black-Soap-Dish-Ceramics-5-768x768.webp 768w, https:\/\/www.yigejiaceramics.com\/wp-content\/uploads\/2026\/04\/Wholesale-Black-Soap-Dish-Ceramics-5-12x12.webp 12w, https:\/\/www.yigejiaceramics.com\/wp-content\/uploads\/2026\/04\/Wholesale-Black-Soap-Dish-Ceramics-5-600x600.webp 600w, https:\/\/www.yigejiaceramics.com\/wp-content\/uploads\/2026\/04\/Wholesale-Black-Soap-Dish-Ceramics-5-100x100.webp 100w\" sizes=\"(max-width: 800px) 100vw, 800px\" \/><\/figure>\n<\/div>\n<\/div>","protected":false},"excerpt":{"rendered":"<p data-start=\"502\" data-end=\"730\">Wholesale Black Soap Dish Ceramics with factory wholesale pricing and free samples. Marble effect black and gold \u201cLOTION\u201d ceramic holder with luxury finish, perfect for bathroom sets, hotel projects, retail, and bulk customization.<\/p>\n<h2>Wholesale Black Soap Dish Ceramics Parameter\uff1a<\/h2>\n<table>\n<tbody>\n<tr>\n<td>Fabricant<\/td>\n<td>Yigejia<\/td>\n<\/tr>\n<tr>\n<td>Type de produit<\/td>\n<td>Porte-savon<\/td>\n<\/tr>\n<tr>\n<td>Mat\u00e9riau<\/td>\n<td>C\u00e9ramique<\/td>\n<\/tr>\n<tr>\n<td>Couleur<\/td>\n<td>Noir<\/td>\n<\/tr>\n<tr>\n<td>Le kit comprend<\/td>\n<td>1 pi\u00e8ce<\/td>\n<\/tr>\n<tr>\n<td>Composants<\/td>\n<td>Porte-savon<\/td>\n<\/tr>\n<tr>\n<td>Fin<\/td>\n<td>Finition mate<\/td>\n<\/tr>\n<tr>\n<td>Demande<\/td>\n<td>Maison, Salle de bain, H\u00f4tels, Appartements, Spa<\/td>\n<\/tr>\n<tr>\n<td>Quantit\u00e9 minimale de commande<\/td>\n<td>Faible quantit\u00e9 minimale de commande<\/td>\n<\/tr>\n<tr>\n<td>\u00c9chantillon gratuit<\/td>\n<td>Disponible<\/td>\n<\/tr>\n<tr>\n<td>Sur mesure<\/td>\n<td>Couleur\/Taille\/Logo\/Emballage<\/td>\n<\/tr>\n<\/tbody>\n<\/table>","protected":false},"featured_media":2206,"comment_status":"closed","ping_status":"closed","template":"","meta":{"_acf_changed":false},"product_brand":[],"product_cat":[23],"product_tag":[],"class_list":{"0":"post-2204","1":"product","2":"type-product","3":"status-publish","4":"has-post-thumbnail","6":"product_cat-soap-dish-wholesale","8":"first","9":"instock","10":"shipping-taxable","11":"product-type-simple"},"acf":[],"_links":{"self":[{"href":"https:\/\/www.yigejiaceramics.com\/fr\/wp-json\/wp\/v2\/product\/2204","targetHints":{"allow":["GET"]}}],"collection":[{"href":"https:\/\/www.yigejiaceramics.com\/fr\/wp-json\/wp\/v2\/product"}],"about":[{"href":"https:\/\/www.yigejiaceramics.com\/fr\/wp-json\/wp\/v2\/types\/product"}],"replies":[{"embeddable":true,"href":"https:\/\/www.yigejiaceramics.com\/fr\/wp-json\/wp\/v2\/comments?post=2204"}],"wp:featuredmedia":[{"embeddable":true,"href":"https:\/\/www.yigejiaceramics.com\/fr\/wp-json\/wp\/v2\/media\/2206"}],"wp:attachment":[{"href":"https:\/\/www.yigejiaceramics.com\/fr\/wp-json\/wp\/v2\/media?parent=2204"}],"wp:term":[{"taxonomy":"product_brand","embeddable":true,"href":"https:\/\/www.yigejiaceramics.com\/fr\/wp-json\/wp\/v2\/product_brand?post=2204"},{"taxonomy":"product_cat","embeddable":true,"href":"https:\/\/www.yigejiaceramics.com\/fr\/wp-json\/wp\/v2\/product_cat?post=2204"},{"taxonomy":"product_tag","embeddable":true,"href":"https:\/\/www.yigejiaceramics.com\/fr\/wp-json\/wp\/v2\/product_tag?post=2204"}],"curies":[{"name":"wp","href":"https:\/\/api.w.org\/{rel}","templated":true}]}}