{"id":2198,"date":"2026-04-18T02:00:06","date_gmt":"2026-04-18T02:00:06","guid":{"rendered":"https:\/\/www.yigejiaceramics.com\/?post_type=product&#038;p=2198"},"modified":"2026-04-18T02:00:09","modified_gmt":"2026-04-18T02:00:09","slug":"vintage-ceramic-soap-dispenser-oem","status":"publish","type":"product","link":"https:\/\/www.yigejiaceramics.com\/fr\/produit\/vintage-ceramic-soap-dispenser-oem\/","title":{"rendered":"Distributeur de savon en c\u00e9ramique vintage en vrac, bouteille \u00e0 pompe en \u00e9mail r\u00e9actif bleu pour la maison et l'h\u00f4tel"},"content":{"rendered":"<div class=\"wp-block-columns is-layout-flex wp-container-core-columns-is-layout-9d6595d7 wp-block-columns-is-layout-flex\">\n<div class=\"wp-block-column is-layout-flow wp-block-column-is-layout-flow\">\n<h2 class=\"wp-block-heading\">Vintage Ceramic Soap Dispenser Bulk Features<\/h2>\n\n\n\n<ul class=\"wp-block-list\">\n<li><strong>Vintage Blue Reactive Glaze<\/strong>: Vintage Ceramic Soap Dispenser Bulk features a blue reactive glaze finish, giving each bottle a unique vintage look.<\/li>\n\n\n\n<li><strong>\u201cWASH\u201d Pump Bottle Design<\/strong>: Vintage Ceramic Soap Dispenser Bulk includes a clear \u201cWASH\u201d label, making it practical and visually stylish.<\/li>\n\n\n\n<li><strong>Mat\u00e9riau c\u00e9ramique durable<\/strong>: Vintage Ceramic Soap Dispenser Bulk is made from strong ceramic, durable for daily bathroom use and easy to clean.<\/li>\n\n\n\n<li><strong>Parfait pour l'ensemble de salle de bains 4 pi\u00e8ces<\/strong>:Vintage Ceramic Soap Dispenser Bulk pairs perfectly with tumbler, soap dish, and tray for a complete bathroom set.<\/li>\n\n\n\n<li><strong>Prix directs d'usine et \u00e9chantillons gratuits<\/strong>: Vintage Ceramic Soap Dispenser Bulk comes with factory wholesale pricing and free samples for bulk buyers.<\/li>\n<\/ul>\n<\/div>\n\n\n\n<div class=\"wp-block-column is-layout-flow wp-block-column-is-layout-flow\">\n<figure class=\"wp-block-image size-full\"><img decoding=\"async\" width=\"800\" height=\"800\" src=\"https:\/\/www.yigejiaceramics.com\/wp-content\/uploads\/2026\/04\/Vintage-Ceramic-Soap-Dispenser-Bulk-2.webp\" alt=\"Distributeur de savon vintage en c\u00e9ramique en vrac\" class=\"wp-image-2200\" srcset=\"https:\/\/www.yigejiaceramics.com\/wp-content\/uploads\/2026\/04\/Vintage-Ceramic-Soap-Dispenser-Bulk-2.webp 800w, https:\/\/www.yigejiaceramics.com\/wp-content\/uploads\/2026\/04\/Vintage-Ceramic-Soap-Dispenser-Bulk-2-300x300.webp 300w, https:\/\/www.yigejiaceramics.com\/wp-content\/uploads\/2026\/04\/Vintage-Ceramic-Soap-Dispenser-Bulk-2-150x150.webp 150w, https:\/\/www.yigejiaceramics.com\/wp-content\/uploads\/2026\/04\/Vintage-Ceramic-Soap-Dispenser-Bulk-2-768x768.webp 768w, https:\/\/www.yigejiaceramics.com\/wp-content\/uploads\/2026\/04\/Vintage-Ceramic-Soap-Dispenser-Bulk-2-12x12.webp 12w, https:\/\/www.yigejiaceramics.com\/wp-content\/uploads\/2026\/04\/Vintage-Ceramic-Soap-Dispenser-Bulk-2-600x600.webp 600w, https:\/\/www.yigejiaceramics.com\/wp-content\/uploads\/2026\/04\/Vintage-Ceramic-Soap-Dispenser-Bulk-2-100x100.webp 100w\" sizes=\"(max-width: 800px) 100vw, 800px\" \/><\/figure>\n<\/div>\n<\/div>\n\n\n\n<div class=\"wp-block-columns is-layout-flex wp-container-core-columns-is-layout-9d6595d7 wp-block-columns-is-layout-flex\">\n<div class=\"wp-block-column is-layout-flow wp-block-column-is-layout-flow\">\n<figure class=\"wp-block-image size-full\"><img decoding=\"async\" width=\"800\" height=\"800\" src=\"https:\/\/www.yigejiaceramics.com\/wp-content\/uploads\/2026\/04\/Vintage-Ceramic-Soap-Dispenser-Bulk-2.webp\" alt=\"Distributeur de savon vintage en c\u00e9ramique en vrac\" class=\"wp-image-2200\" srcset=\"https:\/\/www.yigejiaceramics.com\/wp-content\/uploads\/2026\/04\/Vintage-Ceramic-Soap-Dispenser-Bulk-2.webp 800w, https:\/\/www.yigejiaceramics.com\/wp-content\/uploads\/2026\/04\/Vintage-Ceramic-Soap-Dispenser-Bulk-2-300x300.webp 300w, https:\/\/www.yigejiaceramics.com\/wp-content\/uploads\/2026\/04\/Vintage-Ceramic-Soap-Dispenser-Bulk-2-150x150.webp 150w, https:\/\/www.yigejiaceramics.com\/wp-content\/uploads\/2026\/04\/Vintage-Ceramic-Soap-Dispenser-Bulk-2-768x768.webp 768w, https:\/\/www.yigejiaceramics.com\/wp-content\/uploads\/2026\/04\/Vintage-Ceramic-Soap-Dispenser-Bulk-2-12x12.webp 12w, https:\/\/www.yigejiaceramics.com\/wp-content\/uploads\/2026\/04\/Vintage-Ceramic-Soap-Dispenser-Bulk-2-600x600.webp 600w, https:\/\/www.yigejiaceramics.com\/wp-content\/uploads\/2026\/04\/Vintage-Ceramic-Soap-Dispenser-Bulk-2-100x100.webp 100w\" sizes=\"(max-width: 800px) 100vw, 800px\" \/><\/figure>\n<\/div>\n\n\n\n<div class=\"wp-block-column is-layout-flow wp-block-column-is-layout-flow\">\n<figure class=\"wp-block-image size-full\"><img decoding=\"async\" width=\"800\" height=\"800\" src=\"https:\/\/www.yigejiaceramics.com\/wp-content\/uploads\/2026\/04\/Vintage-Ceramic-Soap-Dispenser-Bulk-1.webp\" alt=\"Distributeur de savon vintage en c\u00e9ramique en vrac\" class=\"wp-image-2199\" srcset=\"https:\/\/www.yigejiaceramics.com\/wp-content\/uploads\/2026\/04\/Vintage-Ceramic-Soap-Dispenser-Bulk-1.webp 800w, https:\/\/www.yigejiaceramics.com\/wp-content\/uploads\/2026\/04\/Vintage-Ceramic-Soap-Dispenser-Bulk-1-300x300.webp 300w, https:\/\/www.yigejiaceramics.com\/wp-content\/uploads\/2026\/04\/Vintage-Ceramic-Soap-Dispenser-Bulk-1-150x150.webp 150w, https:\/\/www.yigejiaceramics.com\/wp-content\/uploads\/2026\/04\/Vintage-Ceramic-Soap-Dispenser-Bulk-1-768x768.webp 768w, https:\/\/www.yigejiaceramics.com\/wp-content\/uploads\/2026\/04\/Vintage-Ceramic-Soap-Dispenser-Bulk-1-12x12.webp 12w, https:\/\/www.yigejiaceramics.com\/wp-content\/uploads\/2026\/04\/Vintage-Ceramic-Soap-Dispenser-Bulk-1-600x600.webp 600w, https:\/\/www.yigejiaceramics.com\/wp-content\/uploads\/2026\/04\/Vintage-Ceramic-Soap-Dispenser-Bulk-1-100x100.webp 100w\" sizes=\"(max-width: 800px) 100vw, 800px\" \/><\/figure>\n<\/div>\n<\/div>","protected":false},"excerpt":{"rendered":"<p data-start=\"502\" data-end=\"730\">Vintage Ceramic Soap Dispenser Bulk with factory wholesale pricing and free samples. Blue reactive glaze \u201cWASH\u201d pump bottle with rustic vintage design, perfect for bathroom sets, hotel projects, retail, and bulk customization needs.<\/p>\n<h2>Vintage Ceramic Soap Dispenser Bulk Parameter\uff1a<\/h2>\n<table>\n<tbody>\n<tr>\n<td>Fabricant<\/td>\n<td>Yigejia<\/td>\n<\/tr>\n<tr>\n<td>Type de produit<\/td>\n<td>Distributeur de savon<\/td>\n<\/tr>\n<tr>\n<td>Mat\u00e9riau<\/td>\n<td>C\u00e9ramique<\/td>\n<\/tr>\n<tr>\n<td>Couleur<\/td>\n<td>Blue Gold<\/td>\n<\/tr>\n<tr>\n<td>Le kit comprend<\/td>\n<td>1 pi\u00e8ce<\/td>\n<\/tr>\n<tr>\n<td>Composants<\/td>\n<td>Distributeur de savon<\/td>\n<\/tr>\n<tr>\n<td>Fin<\/td>\n<td>Finition mate<\/td>\n<\/tr>\n<tr>\n<td>Demande<\/td>\n<td>Maison, Salle de bain, H\u00f4tels, Appartements, Spa<\/td>\n<\/tr>\n<tr>\n<td>Quantit\u00e9 minimale de commande<\/td>\n<td>Faible quantit\u00e9 minimale de commande<\/td>\n<\/tr>\n<tr>\n<td>\u00c9chantillon gratuit<\/td>\n<td>Disponible<\/td>\n<\/tr>\n<tr>\n<td>Sur mesure<\/td>\n<td>Couleur\/Taille\/Logo\/Emballage<\/td>\n<\/tr>\n<\/tbody>\n<\/table>","protected":false},"featured_media":2199,"comment_status":"closed","ping_status":"closed","template":"","meta":{"_acf_changed":false},"product_brand":[],"product_cat":[20],"product_tag":[],"class_list":{"0":"post-2198","1":"product","2":"type-product","3":"status-publish","4":"has-post-thumbnail","6":"product_cat-custom-soap-dispenser","8":"first","9":"instock","10":"shipping-taxable","11":"product-type-simple"},"acf":[],"_links":{"self":[{"href":"https:\/\/www.yigejiaceramics.com\/fr\/wp-json\/wp\/v2\/product\/2198","targetHints":{"allow":["GET"]}}],"collection":[{"href":"https:\/\/www.yigejiaceramics.com\/fr\/wp-json\/wp\/v2\/product"}],"about":[{"href":"https:\/\/www.yigejiaceramics.com\/fr\/wp-json\/wp\/v2\/types\/product"}],"replies":[{"embeddable":true,"href":"https:\/\/www.yigejiaceramics.com\/fr\/wp-json\/wp\/v2\/comments?post=2198"}],"wp:featuredmedia":[{"embeddable":true,"href":"https:\/\/www.yigejiaceramics.com\/fr\/wp-json\/wp\/v2\/media\/2199"}],"wp:attachment":[{"href":"https:\/\/www.yigejiaceramics.com\/fr\/wp-json\/wp\/v2\/media?parent=2198"}],"wp:term":[{"taxonomy":"product_brand","embeddable":true,"href":"https:\/\/www.yigejiaceramics.com\/fr\/wp-json\/wp\/v2\/product_brand?post=2198"},{"taxonomy":"product_cat","embeddable":true,"href":"https:\/\/www.yigejiaceramics.com\/fr\/wp-json\/wp\/v2\/product_cat?post=2198"},{"taxonomy":"product_tag","embeddable":true,"href":"https:\/\/www.yigejiaceramics.com\/fr\/wp-json\/wp\/v2\/product_tag?post=2198"}],"curies":[{"name":"wp","href":"https:\/\/api.w.org\/{rel}","templated":true}]}}