{"id":1955,"date":"2026-03-26T02:49:59","date_gmt":"2026-03-26T02:49:59","guid":{"rendered":"https:\/\/www.yigejiaceramics.com\/?post_type=product&#038;p=1955"},"modified":"2026-03-26T02:50:03","modified_gmt":"2026-03-26T02:50:03","slug":"wholesale-ceramic-mouthwash-cup","status":"publish","type":"product","link":"https:\/\/www.yigejiaceramics.com\/fr\/produit\/wholesale-ceramic-mouthwash-cup\/","title":{"rendered":"Wholesale Ceramic Mouthwash Cup, Blush Pink Speckled Grid Texture Bathroom Rinse Cup (gobelet de rin\u00e7age en c\u00e9ramique pour salle de bain)"},"content":{"rendered":"<div class=\"wp-block-columns is-layout-flex wp-container-core-columns-is-layout-9d6595d7 wp-block-columns-is-layout-flex\">\n<div class=\"wp-block-column is-layout-flow wp-block-column-is-layout-flow\">\n<h2 class=\"wp-block-heading\">Caract\u00e9ristiques du gobelet de bain de bouche en c\u00e9ramique en gros<\/h2>\n\n\n\n<ul class=\"wp-block-list\">\n<li><strong>Grille mouchet\u00e9e rose chair<\/strong>: Le gobelet de bain de bouche en c\u00e9ramique Wholesale est orn\u00e9 d'un d\u00e9licat motif de grille rose mouchet\u00e9, qui ajoute de la chaleur et de la profondeur \u00e0 toute salle de bains.<\/li>\n\n\n\n<li><strong>C\u00e9ramique durable \u00e0 haute temp\u00e9rature<\/strong>: Fabriqu\u00e9 en c\u00e9ramique de premi\u00e8re qualit\u00e9, le gobelet de bain de bouche Wholesale Ceramic est solide, r\u00e9sistant aux fissures et con\u00e7u pour une utilisation \u00e0 long terme.<\/li>\n\n\n\n<li><strong>Parfait pour l'assortiment d'accessoires de salle de bains<\/strong>: Assortis \u00e0 des ensembles de salle de bains en c\u00e9ramique (gobelet pour bain de bouche, porte-brosse \u00e0 dents, distributeur de savon, porte-savon) pour un look coh\u00e9rent.<\/li>\n\n\n\n<li><strong>Surface glac\u00e9e lisse<\/strong>: La surface lisse r\u00e9siste aux taches et aux traces d'eau, ce qui facilite le nettoyage et pr\u00e9serve l'hygi\u00e8ne.<\/li>\n\n\n\n<li><strong>Avantage de la fourniture directe par l'usine<\/strong>: Wholesale Ceramic Mouthwash Cup propose des prix d'usine comp\u00e9titifs, des \u00e9chantillons gratuits et des options de personnalisation pour un approvisionnement en vrac efficace.<\/li>\n<\/ul>\n<\/div>\n\n\n\n<div class=\"wp-block-column is-layout-flow wp-block-column-is-layout-flow\">\n<figure class=\"wp-block-image size-full\"><img decoding=\"async\" width=\"800\" height=\"800\" src=\"https:\/\/www.yigejiaceramics.com\/wp-content\/uploads\/2026\/03\/Wholesale-Ceramic-Mouthwash-Cup-5.webp\" alt=\"Coupe de bain de bouche en c\u00e9ramique (gros)\" class=\"wp-image-1960\" srcset=\"https:\/\/www.yigejiaceramics.com\/wp-content\/uploads\/2026\/03\/Wholesale-Ceramic-Mouthwash-Cup-5.webp 800w, https:\/\/www.yigejiaceramics.com\/wp-content\/uploads\/2026\/03\/Wholesale-Ceramic-Mouthwash-Cup-5-300x300.webp 300w, https:\/\/www.yigejiaceramics.com\/wp-content\/uploads\/2026\/03\/Wholesale-Ceramic-Mouthwash-Cup-5-150x150.webp 150w, https:\/\/www.yigejiaceramics.com\/wp-content\/uploads\/2026\/03\/Wholesale-Ceramic-Mouthwash-Cup-5-768x768.webp 768w, https:\/\/www.yigejiaceramics.com\/wp-content\/uploads\/2026\/03\/Wholesale-Ceramic-Mouthwash-Cup-5-12x12.webp 12w, https:\/\/www.yigejiaceramics.com\/wp-content\/uploads\/2026\/03\/Wholesale-Ceramic-Mouthwash-Cup-5-600x600.webp 600w, https:\/\/www.yigejiaceramics.com\/wp-content\/uploads\/2026\/03\/Wholesale-Ceramic-Mouthwash-Cup-5-100x100.webp 100w\" sizes=\"(max-width: 800px) 100vw, 800px\" \/><\/figure>\n<\/div>\n<\/div>\n\n\n\n<div class=\"wp-block-columns is-layout-flex wp-container-core-columns-is-layout-9d6595d7 wp-block-columns-is-layout-flex\">\n<div class=\"wp-block-column is-layout-flow wp-block-column-is-layout-flow\">\n<figure class=\"wp-block-image size-full\"><img decoding=\"async\" width=\"800\" height=\"800\" src=\"https:\/\/www.yigejiaceramics.com\/wp-content\/uploads\/2026\/03\/Wholesale-Ceramic-Mouthwash-Cup-9.webp\" alt=\"Coupe de bain de bouche en c\u00e9ramique (gros)\" class=\"wp-image-1964\" srcset=\"https:\/\/www.yigejiaceramics.com\/wp-content\/uploads\/2026\/03\/Wholesale-Ceramic-Mouthwash-Cup-9.webp 800w, https:\/\/www.yigejiaceramics.com\/wp-content\/uploads\/2026\/03\/Wholesale-Ceramic-Mouthwash-Cup-9-300x300.webp 300w, https:\/\/www.yigejiaceramics.com\/wp-content\/uploads\/2026\/03\/Wholesale-Ceramic-Mouthwash-Cup-9-150x150.webp 150w, https:\/\/www.yigejiaceramics.com\/wp-content\/uploads\/2026\/03\/Wholesale-Ceramic-Mouthwash-Cup-9-768x768.webp 768w, https:\/\/www.yigejiaceramics.com\/wp-content\/uploads\/2026\/03\/Wholesale-Ceramic-Mouthwash-Cup-9-12x12.webp 12w, https:\/\/www.yigejiaceramics.com\/wp-content\/uploads\/2026\/03\/Wholesale-Ceramic-Mouthwash-Cup-9-600x600.webp 600w, https:\/\/www.yigejiaceramics.com\/wp-content\/uploads\/2026\/03\/Wholesale-Ceramic-Mouthwash-Cup-9-100x100.webp 100w\" sizes=\"(max-width: 800px) 100vw, 800px\" \/><\/figure>\n<\/div>\n\n\n\n<div class=\"wp-block-column is-layout-flow wp-block-column-is-layout-flow\">\n<figure class=\"wp-block-image size-full\"><img decoding=\"async\" width=\"800\" height=\"800\" src=\"https:\/\/www.yigejiaceramics.com\/wp-content\/uploads\/2026\/03\/Wholesale-Ceramic-Mouthwash-Cup-10.webp\" alt=\"Coupe de bain de bouche en c\u00e9ramique (gros)\" class=\"wp-image-1965\" srcset=\"https:\/\/www.yigejiaceramics.com\/wp-content\/uploads\/2026\/03\/Wholesale-Ceramic-Mouthwash-Cup-10.webp 800w, https:\/\/www.yigejiaceramics.com\/wp-content\/uploads\/2026\/03\/Wholesale-Ceramic-Mouthwash-Cup-10-300x300.webp 300w, https:\/\/www.yigejiaceramics.com\/wp-content\/uploads\/2026\/03\/Wholesale-Ceramic-Mouthwash-Cup-10-150x150.webp 150w, https:\/\/www.yigejiaceramics.com\/wp-content\/uploads\/2026\/03\/Wholesale-Ceramic-Mouthwash-Cup-10-768x768.webp 768w, https:\/\/www.yigejiaceramics.com\/wp-content\/uploads\/2026\/03\/Wholesale-Ceramic-Mouthwash-Cup-10-12x12.webp 12w, https:\/\/www.yigejiaceramics.com\/wp-content\/uploads\/2026\/03\/Wholesale-Ceramic-Mouthwash-Cup-10-600x600.webp 600w, https:\/\/www.yigejiaceramics.com\/wp-content\/uploads\/2026\/03\/Wholesale-Ceramic-Mouthwash-Cup-10-100x100.webp 100w\" sizes=\"(max-width: 800px) 100vw, 800px\" \/><\/figure>\n<\/div>\n<\/div>","protected":false},"excerpt":{"rendered":"<p data-start=\"399\" data-end=\"631\">Le gobelet de bain de bouche en c\u00e9ramique est dot\u00e9 d'une texture mouchet\u00e9e rose chair, d'une c\u00e9ramique durable et d'un entretien facile. Parfait pour les h\u00f4tels, les centres de vill\u00e9giature et les salles de bains. Prix direct usine avec \u00e9chantillons gratuits pour les acheteurs en gros.<\/p>\n<h2>Param\u00e8tres du gobelet de bain de bouche en c\u00e9ramique Wholesale Ceramic Mouthwash Cup\uff1a<\/h2>\n<table>\n<tbody>\n<tr>\n<td>Fabricant<\/td>\n<td>Yigejia<\/td>\n<\/tr>\n<tr>\n<td>Type de produit<\/td>\n<td>Gobelet<\/td>\n<\/tr>\n<tr>\n<td>Mat\u00e9riau<\/td>\n<td>C\u00e9ramique<\/td>\n<\/tr>\n<tr>\n<td>Couleur<\/td>\n<td>Rose<\/td>\n<\/tr>\n<tr>\n<td>Le kit comprend<\/td>\n<td>1 pi\u00e8ce<\/td>\n<\/tr>\n<tr>\n<td>Composants<\/td>\n<td>Gobelet<\/td>\n<\/tr>\n<tr>\n<td>Fin<\/td>\n<td>Finition brillante<\/td>\n<\/tr>\n<tr>\n<td>Demande<\/td>\n<td>Maison, Salle de bain, H\u00f4tels, Appartements, Spa<\/td>\n<\/tr>\n<tr>\n<td>Quantit\u00e9 minimale de commande<\/td>\n<td>Faible quantit\u00e9 minimale de commande<\/td>\n<\/tr>\n<tr>\n<td>\u00c9chantillon gratuit<\/td>\n<td>Disponible<\/td>\n<\/tr>\n<tr>\n<td>Sur mesure<\/td>\n<td>Couleur\/Taille\/Logo\/Emballage<\/td>\n<\/tr>\n<\/tbody>\n<\/table>","protected":false},"featured_media":1957,"comment_status":"closed","ping_status":"closed","template":"","meta":{"_acf_changed":false},"product_brand":[],"product_cat":[22],"product_tag":[],"class_list":{"0":"post-1955","1":"product","2":"type-product","3":"status-publish","4":"has-post-thumbnail","6":"product_cat-ceramic-tumbler-wholesale","8":"first","9":"instock","10":"shipping-taxable","11":"product-type-simple"},"acf":[],"_links":{"self":[{"href":"https:\/\/www.yigejiaceramics.com\/fr\/wp-json\/wp\/v2\/product\/1955","targetHints":{"allow":["GET"]}}],"collection":[{"href":"https:\/\/www.yigejiaceramics.com\/fr\/wp-json\/wp\/v2\/product"}],"about":[{"href":"https:\/\/www.yigejiaceramics.com\/fr\/wp-json\/wp\/v2\/types\/product"}],"replies":[{"embeddable":true,"href":"https:\/\/www.yigejiaceramics.com\/fr\/wp-json\/wp\/v2\/comments?post=1955"}],"wp:featuredmedia":[{"embeddable":true,"href":"https:\/\/www.yigejiaceramics.com\/fr\/wp-json\/wp\/v2\/media\/1957"}],"wp:attachment":[{"href":"https:\/\/www.yigejiaceramics.com\/fr\/wp-json\/wp\/v2\/media?parent=1955"}],"wp:term":[{"taxonomy":"product_brand","embeddable":true,"href":"https:\/\/www.yigejiaceramics.com\/fr\/wp-json\/wp\/v2\/product_brand?post=1955"},{"taxonomy":"product_cat","embeddable":true,"href":"https:\/\/www.yigejiaceramics.com\/fr\/wp-json\/wp\/v2\/product_cat?post=1955"},{"taxonomy":"product_tag","embeddable":true,"href":"https:\/\/www.yigejiaceramics.com\/fr\/wp-json\/wp\/v2\/product_tag?post=1955"}],"curies":[{"name":"wp","href":"https:\/\/api.w.org\/{rel}","templated":true}]}}