{"id":1716,"date":"2026-03-04T09:51:22","date_gmt":"2026-03-04T09:51:22","guid":{"rendered":"https:\/\/www.yigejiaceramics.com\/?post_type=product&#038;p=1716"},"modified":"2026-03-04T09:51:32","modified_gmt":"2026-03-04T09:51:32","slug":"custom-glossy-tumbler-ceramics","status":"publish","type":"product","link":"https:\/\/www.yigejiaceramics.com\/fr\/produit\/custom-glossy-tumbler-ceramics\/","title":{"rendered":"Gobelet en c\u00e9ramique brillant personnalis\u00e9 pour les f\u00eates, Accessoire de salle de bain noir Factory"},"content":{"rendered":"<div class=\"wp-block-columns is-layout-flex wp-container-core-columns-is-layout-9d6595d7 wp-block-columns-is-layout-flex\">\n<div class=\"wp-block-column is-layout-flow wp-block-column-is-layout-flow\">\n<h2 class=\"wp-block-heading\">Caract\u00e9ristiques des gobelets en c\u00e9ramique brillante personnalis\u00e9s<\/h2>\n\n\n\n<ul class=\"wp-block-list\">\n<li><strong>Conception de couleurs festives<\/strong>: Les c\u00e9ramiques Custom Glossy Tumbler pr\u00e9sentent une gla\u00e7ure noire et verte brillante avec des \u00e9l\u00e9ments de No\u00ebl, ce qui renforce l'ambiance des f\u00eates et ajoute un attrait visuel aux plans de travail des salles de bains.<\/li>\n\n\n\n<li><strong><strong>C\u00e9ramique cuite \u00e0 haute temp\u00e9rature<\/strong>:<\/strong> Surface lisse et durable, r\u00e9sistante \u00e0 l'eau et \u00e0 la d\u00e9coloration, facile \u00e0 nettoyer, adapt\u00e9e \u00e0 une utilisation quotidienne de longue dur\u00e9e.<\/li>\n\n\n\n<li><strong><strong>Stockage multifonctionnel<\/strong>:<\/strong> Taille id\u00e9ale pour contenir les brosses \u00e0 dents, les bains de bouche ou d'autres petits articles de salle de bains, afin de garder les plans de travail propres et organis\u00e9s.<\/li>\n\n\n\n<li><strong><strong>Ensemble complet de salle de bains 4 pi\u00e8ces Option<\/strong>:<\/strong> Les gobelets en c\u00e9ramique brillante personnalis\u00e9s peuvent \u00eatre associ\u00e9s \u00e0 un porte-savon, un distributeur de lotion et un porte-brosse \u00e0 dents pour former un ensemble de salle de bain en c\u00e9ramique coh\u00e9rent, id\u00e9al pour les h\u00f4tels, le commerce de d\u00e9tail et les march\u00e9s de cadeaux.<\/li>\n\n\n\n<li><strong>Respectueux de l'environnement et s\u00fbr, facile \u00e0 nettoyer et \u00e0 entretenir :<\/strong> Gr\u00e2ce \u00e0 l'utilisation d'une gla\u00e7ure \u00e9cologique sans plomb ni cadmium, la surface est lisse et d\u00e9licate, ce qui emp\u00eache la salet\u00e9 de s'accumuler. Un simple rin\u00e7age suffit \u00e0 lui redonner un aspect neuf, ce qui r\u00e9pond parfaitement \u00e0 la qu\u00eate des consommateurs modernes d'un mode de vie \u00e9cologique et sain.<\/li>\n\n\n\n<li><strong><strong>Livraison directe en usine et \u00e9chantillons gratuits<\/strong>:<\/strong> Produit par notre propre usine \u00e0 des prix de gros comp\u00e9titifs, avec possibilit\u00e9 de personnalisation OEM\/ODM. Des \u00e9chantillons gratuits sont disponibles pour aider les acheteurs \u00e0 confirmer la qualit\u00e9 avant de passer des commandes en gros.<\/li>\n<\/ul>\n<\/div>\n\n\n\n<div class=\"wp-block-column is-layout-flow wp-block-column-is-layout-flow\">\n<figure class=\"wp-block-image size-full\"><img decoding=\"async\" width=\"800\" height=\"800\" src=\"https:\/\/www.yigejiaceramics.com\/wp-content\/uploads\/2026\/03\/Custom-Glossy-Tumbler-Ceramics-7.webp\" alt=\"Gobelet personnalis\u00e9 en c\u00e9ramique brillante\" class=\"wp-image-1723\" srcset=\"https:\/\/www.yigejiaceramics.com\/wp-content\/uploads\/2026\/03\/Custom-Glossy-Tumbler-Ceramics-7.webp 800w, https:\/\/www.yigejiaceramics.com\/wp-content\/uploads\/2026\/03\/Custom-Glossy-Tumbler-Ceramics-7-300x300.webp 300w, https:\/\/www.yigejiaceramics.com\/wp-content\/uploads\/2026\/03\/Custom-Glossy-Tumbler-Ceramics-7-150x150.webp 150w, https:\/\/www.yigejiaceramics.com\/wp-content\/uploads\/2026\/03\/Custom-Glossy-Tumbler-Ceramics-7-768x768.webp 768w, https:\/\/www.yigejiaceramics.com\/wp-content\/uploads\/2026\/03\/Custom-Glossy-Tumbler-Ceramics-7-12x12.webp 12w, https:\/\/www.yigejiaceramics.com\/wp-content\/uploads\/2026\/03\/Custom-Glossy-Tumbler-Ceramics-7-600x600.webp 600w, https:\/\/www.yigejiaceramics.com\/wp-content\/uploads\/2026\/03\/Custom-Glossy-Tumbler-Ceramics-7-100x100.webp 100w\" sizes=\"(max-width: 800px) 100vw, 800px\" \/><\/figure>\n<\/div>\n<\/div>\n\n\n\n<div class=\"wp-block-columns is-layout-flex wp-container-core-columns-is-layout-9d6595d7 wp-block-columns-is-layout-flex\">\n<div class=\"wp-block-column is-layout-flow wp-block-column-is-layout-flow\">\n<figure class=\"wp-block-image size-full\"><img decoding=\"async\" width=\"800\" height=\"800\" src=\"https:\/\/www.yigejiaceramics.com\/wp-content\/uploads\/2026\/03\/Custom-Glossy-Tumbler-Ceramics-4.webp\" alt=\"Gobelet personnalis\u00e9 en c\u00e9ramique brillante\" class=\"wp-image-1720\" srcset=\"https:\/\/www.yigejiaceramics.com\/wp-content\/uploads\/2026\/03\/Custom-Glossy-Tumbler-Ceramics-4.webp 800w, https:\/\/www.yigejiaceramics.com\/wp-content\/uploads\/2026\/03\/Custom-Glossy-Tumbler-Ceramics-4-300x300.webp 300w, https:\/\/www.yigejiaceramics.com\/wp-content\/uploads\/2026\/03\/Custom-Glossy-Tumbler-Ceramics-4-150x150.webp 150w, https:\/\/www.yigejiaceramics.com\/wp-content\/uploads\/2026\/03\/Custom-Glossy-Tumbler-Ceramics-4-768x768.webp 768w, https:\/\/www.yigejiaceramics.com\/wp-content\/uploads\/2026\/03\/Custom-Glossy-Tumbler-Ceramics-4-12x12.webp 12w, https:\/\/www.yigejiaceramics.com\/wp-content\/uploads\/2026\/03\/Custom-Glossy-Tumbler-Ceramics-4-600x600.webp 600w, https:\/\/www.yigejiaceramics.com\/wp-content\/uploads\/2026\/03\/Custom-Glossy-Tumbler-Ceramics-4-100x100.webp 100w\" sizes=\"(max-width: 800px) 100vw, 800px\" \/><\/figure>\n<\/div>\n\n\n\n<div class=\"wp-block-column is-layout-flow wp-block-column-is-layout-flow\">\n<figure class=\"wp-block-image size-full\"><img decoding=\"async\" width=\"800\" height=\"800\" src=\"https:\/\/www.yigejiaceramics.com\/wp-content\/uploads\/2026\/03\/Custom-Glossy-Tumbler-Ceramics-5.webp\" alt=\"Gobelet personnalis\u00e9 en c\u00e9ramique brillante\" class=\"wp-image-1721\" srcset=\"https:\/\/www.yigejiaceramics.com\/wp-content\/uploads\/2026\/03\/Custom-Glossy-Tumbler-Ceramics-5.webp 800w, https:\/\/www.yigejiaceramics.com\/wp-content\/uploads\/2026\/03\/Custom-Glossy-Tumbler-Ceramics-5-300x300.webp 300w, https:\/\/www.yigejiaceramics.com\/wp-content\/uploads\/2026\/03\/Custom-Glossy-Tumbler-Ceramics-5-150x150.webp 150w, https:\/\/www.yigejiaceramics.com\/wp-content\/uploads\/2026\/03\/Custom-Glossy-Tumbler-Ceramics-5-768x768.webp 768w, https:\/\/www.yigejiaceramics.com\/wp-content\/uploads\/2026\/03\/Custom-Glossy-Tumbler-Ceramics-5-12x12.webp 12w, https:\/\/www.yigejiaceramics.com\/wp-content\/uploads\/2026\/03\/Custom-Glossy-Tumbler-Ceramics-5-600x600.webp 600w, https:\/\/www.yigejiaceramics.com\/wp-content\/uploads\/2026\/03\/Custom-Glossy-Tumbler-Ceramics-5-100x100.webp 100w\" sizes=\"(max-width: 800px) 100vw, 800px\" \/><\/figure>\n<\/div>\n<\/div>\n\n\n\n<p><\/p>","protected":false},"excerpt":{"rendered":"<p data-start=\"502\" data-end=\"730\">Gobelet personnalis\u00e9 en c\u00e9ramique brillante avec gla\u00e7ure brillante noire et verte festive, parfait pour le d\u00e9cor de la salle de bain de No\u00ebl et l'utilisation quotidienne pour les brosses \u00e0 dents et les bains de bouche. Approvisionnement direct de l'usine, prix de gros avantageux, \u00e9chantillons gratuits disponibles pour les acheteurs en gros, et personnalisation OEM.<\/p>\n<h2>Param\u00e8tres des gobelets en c\u00e9ramique brillante personnalis\u00e9s\uff1a<\/h2>\n<table>\n<tbody>\n<tr>\n<td>Fabricant<\/td>\n<td>Yigejia<\/td>\n<\/tr>\n<tr>\n<td>Type de produit<\/td>\n<td>Gobelet<\/td>\n<\/tr>\n<tr>\n<td>Mat\u00e9riau<\/td>\n<td>C\u00e9ramique<\/td>\n<\/tr>\n<tr>\n<td>Couleur<\/td>\n<td>Noir et vert<\/td>\n<\/tr>\n<tr>\n<td>Le kit comprend<\/td>\n<td>1 pi\u00e8ce<\/td>\n<\/tr>\n<tr>\n<td>Composants<\/td>\n<td>Gobelet<\/td>\n<\/tr>\n<tr>\n<td>Fin<\/td>\n<td>Finition mate<\/td>\n<\/tr>\n<tr>\n<td>Demande<\/td>\n<td>Maison, Salle de bain, H\u00f4tels, Appartements, Spa<\/td>\n<\/tr>\n<tr>\n<td>Quantit\u00e9 minimale de commande<\/td>\n<td>Faible quantit\u00e9 minimale de commande<\/td>\n<\/tr>\n<tr>\n<td>\u00c9chantillon gratuit<\/td>\n<td>Disponible<\/td>\n<\/tr>\n<tr>\n<td>Sur mesure<\/td>\n<td>Couleur\/Taille\/Logo\/Emballage<\/td>\n<\/tr>\n<\/tbody>\n<\/table>","protected":false},"featured_media":1718,"comment_status":"closed","ping_status":"closed","template":"","meta":{"_acf_changed":false},"product_brand":[],"product_cat":[22],"product_tag":[],"class_list":{"0":"post-1716","1":"product","2":"type-product","3":"status-publish","4":"has-post-thumbnail","6":"product_cat-ceramic-tumbler-wholesale","8":"first","9":"instock","10":"shipping-taxable","11":"product-type-simple"},"acf":[],"_links":{"self":[{"href":"https:\/\/www.yigejiaceramics.com\/fr\/wp-json\/wp\/v2\/product\/1716","targetHints":{"allow":["GET"]}}],"collection":[{"href":"https:\/\/www.yigejiaceramics.com\/fr\/wp-json\/wp\/v2\/product"}],"about":[{"href":"https:\/\/www.yigejiaceramics.com\/fr\/wp-json\/wp\/v2\/types\/product"}],"replies":[{"embeddable":true,"href":"https:\/\/www.yigejiaceramics.com\/fr\/wp-json\/wp\/v2\/comments?post=1716"}],"wp:featuredmedia":[{"embeddable":true,"href":"https:\/\/www.yigejiaceramics.com\/fr\/wp-json\/wp\/v2\/media\/1718"}],"wp:attachment":[{"href":"https:\/\/www.yigejiaceramics.com\/fr\/wp-json\/wp\/v2\/media?parent=1716"}],"wp:term":[{"taxonomy":"product_brand","embeddable":true,"href":"https:\/\/www.yigejiaceramics.com\/fr\/wp-json\/wp\/v2\/product_brand?post=1716"},{"taxonomy":"product_cat","embeddable":true,"href":"https:\/\/www.yigejiaceramics.com\/fr\/wp-json\/wp\/v2\/product_cat?post=1716"},{"taxonomy":"product_tag","embeddable":true,"href":"https:\/\/www.yigejiaceramics.com\/fr\/wp-json\/wp\/v2\/product_tag?post=1716"}],"curies":[{"name":"wp","href":"https:\/\/api.w.org\/{rel}","templated":true}]}}