{"id":1690,"date":"2026-03-04T09:22:52","date_gmt":"2026-03-04T09:22:52","guid":{"rendered":"https:\/\/www.yigejiaceramics.com\/?post_type=product&#038;p=1690"},"modified":"2026-03-04T09:22:54","modified_gmt":"2026-03-04T09:22:54","slug":"custom-glossy-soap-dish-ceramics","status":"publish","type":"product","link":"https:\/\/www.yigejiaceramics.com\/fr\/produit\/custom-glossy-soap-dish-ceramics\/","title":{"rendered":"Porte-savon personnalis\u00e9 en c\u00e9ramique brillante pour les f\u00eates Accessoire de salle de bain en c\u00e9ramique noire"},"content":{"rendered":"<div class=\"wp-block-columns is-layout-flex wp-container-core-columns-is-layout-9d6595d7 wp-block-columns-is-layout-flex\">\n<div class=\"wp-block-column is-layout-flow wp-block-column-is-layout-flow\">\n<h2 class=\"wp-block-heading\">Porte-savon brillant personnalis\u00e9 Caract\u00e9ristiques de la c\u00e9ramique<\/h2>\n\n\n\n<ul class=\"wp-block-list\">\n<li><strong>Un design festif qui attire l'attention<\/strong>: Les c\u00e9ramiques pour porte-savon brillantes personnalis\u00e9es pr\u00e9sentent une gla\u00e7ure noire brillante combin\u00e9e \u00e0 des \u00e9l\u00e9ments de No\u00ebl, ce qui renforce l'ambiance des f\u00eates et les rend id\u00e9ales pour les d\u00e9cors saisonniers et les march\u00e9s de cadeaux.<\/li>\n\n\n\n<li><strong>C\u00e9ramique cuite \u00e0 haute temp\u00e9rature<\/strong>: Surface lisse, durable, r\u00e9sistante \u00e0 l'eau et aux taches. Facile \u00e0 nettoyer et con\u00e7ue pour conserver sa finition brillante au fil du temps.<\/li>\n\n\n\n<li><strong><strong>Ensemble complet de salle de bains 4 pi\u00e8ces Option<\/strong>:<\/strong> Les porte-savons personnalis\u00e9s en c\u00e9ramique brillante peuvent \u00eatre associ\u00e9s \u00e0 un ensemble de salle de bains en c\u00e9ramique assorti (porte-savon, distributeur de lotion, gobelet, porte-brosse \u00e0 dents) pour une solution de pr\u00e9sentation coh\u00e9rente et attrayante.<\/li>\n\n\n\n<li><strong>Possibilit\u00e9 de personnalisation OEM\/ODM<\/strong>: Prise en charge de la personnalisation des couleurs, de l'impression de logos et de la conception d'emballages pour r\u00e9pondre aux exigences des marques et des marques de distributeur.<\/li>\n\n\n\n<li><strong><strong>Avantage du prix de gros de l'usine<\/strong>:<\/strong> L'approvisionnement direct par notre propre usine garantit des prix de gros comp\u00e9titifs et une capacit\u00e9 de production stable.<\/li>\n<\/ul>\n<\/div>\n\n\n\n<div class=\"wp-block-column is-layout-flow wp-block-column-is-layout-flow\">\n<figure class=\"wp-block-image size-full\"><img decoding=\"async\" width=\"800\" height=\"800\" src=\"https:\/\/www.yigejiaceramics.com\/wp-content\/uploads\/2026\/03\/Custom-Glossy-Soap-Dish-Ceramics-6.webp\" alt=\"Porte-savon personnalis\u00e9 en c\u00e9ramique brillante\" class=\"wp-image-1696\" srcset=\"https:\/\/www.yigejiaceramics.com\/wp-content\/uploads\/2026\/03\/Custom-Glossy-Soap-Dish-Ceramics-6.webp 800w, https:\/\/www.yigejiaceramics.com\/wp-content\/uploads\/2026\/03\/Custom-Glossy-Soap-Dish-Ceramics-6-300x300.webp 300w, https:\/\/www.yigejiaceramics.com\/wp-content\/uploads\/2026\/03\/Custom-Glossy-Soap-Dish-Ceramics-6-150x150.webp 150w, https:\/\/www.yigejiaceramics.com\/wp-content\/uploads\/2026\/03\/Custom-Glossy-Soap-Dish-Ceramics-6-768x768.webp 768w, https:\/\/www.yigejiaceramics.com\/wp-content\/uploads\/2026\/03\/Custom-Glossy-Soap-Dish-Ceramics-6-12x12.webp 12w, https:\/\/www.yigejiaceramics.com\/wp-content\/uploads\/2026\/03\/Custom-Glossy-Soap-Dish-Ceramics-6-600x600.webp 600w, https:\/\/www.yigejiaceramics.com\/wp-content\/uploads\/2026\/03\/Custom-Glossy-Soap-Dish-Ceramics-6-100x100.webp 100w\" sizes=\"(max-width: 800px) 100vw, 800px\" \/><\/figure>\n<\/div>\n<\/div>\n\n\n\n<div class=\"wp-block-columns is-layout-flex wp-container-core-columns-is-layout-9d6595d7 wp-block-columns-is-layout-flex\">\n<div class=\"wp-block-column is-layout-flow wp-block-column-is-layout-flow\">\n<figure class=\"wp-block-image size-full\"><img decoding=\"async\" width=\"800\" height=\"800\" src=\"https:\/\/www.yigejiaceramics.com\/wp-content\/uploads\/2026\/03\/Custom-Glossy-Soap-Dish-Ceramics-4.webp\" alt=\"Porte-savon personnalis\u00e9 en c\u00e9ramique brillante\" class=\"wp-image-1694\" srcset=\"https:\/\/www.yigejiaceramics.com\/wp-content\/uploads\/2026\/03\/Custom-Glossy-Soap-Dish-Ceramics-4.webp 800w, https:\/\/www.yigejiaceramics.com\/wp-content\/uploads\/2026\/03\/Custom-Glossy-Soap-Dish-Ceramics-4-300x300.webp 300w, https:\/\/www.yigejiaceramics.com\/wp-content\/uploads\/2026\/03\/Custom-Glossy-Soap-Dish-Ceramics-4-150x150.webp 150w, https:\/\/www.yigejiaceramics.com\/wp-content\/uploads\/2026\/03\/Custom-Glossy-Soap-Dish-Ceramics-4-768x768.webp 768w, https:\/\/www.yigejiaceramics.com\/wp-content\/uploads\/2026\/03\/Custom-Glossy-Soap-Dish-Ceramics-4-12x12.webp 12w, https:\/\/www.yigejiaceramics.com\/wp-content\/uploads\/2026\/03\/Custom-Glossy-Soap-Dish-Ceramics-4-600x600.webp 600w, https:\/\/www.yigejiaceramics.com\/wp-content\/uploads\/2026\/03\/Custom-Glossy-Soap-Dish-Ceramics-4-100x100.webp 100w\" sizes=\"(max-width: 800px) 100vw, 800px\" \/><\/figure>\n<\/div>\n\n\n\n<div class=\"wp-block-column is-layout-flow wp-block-column-is-layout-flow\">\n<figure class=\"wp-block-image size-full\"><img decoding=\"async\" width=\"800\" height=\"800\" src=\"https:\/\/www.yigejiaceramics.com\/wp-content\/uploads\/2026\/03\/Custom-Glossy-Soap-Dish-Ceramics-6.webp\" alt=\"Porte-savon personnalis\u00e9 en c\u00e9ramique brillante\" class=\"wp-image-1696\" srcset=\"https:\/\/www.yigejiaceramics.com\/wp-content\/uploads\/2026\/03\/Custom-Glossy-Soap-Dish-Ceramics-6.webp 800w, https:\/\/www.yigejiaceramics.com\/wp-content\/uploads\/2026\/03\/Custom-Glossy-Soap-Dish-Ceramics-6-300x300.webp 300w, https:\/\/www.yigejiaceramics.com\/wp-content\/uploads\/2026\/03\/Custom-Glossy-Soap-Dish-Ceramics-6-150x150.webp 150w, https:\/\/www.yigejiaceramics.com\/wp-content\/uploads\/2026\/03\/Custom-Glossy-Soap-Dish-Ceramics-6-768x768.webp 768w, https:\/\/www.yigejiaceramics.com\/wp-content\/uploads\/2026\/03\/Custom-Glossy-Soap-Dish-Ceramics-6-12x12.webp 12w, https:\/\/www.yigejiaceramics.com\/wp-content\/uploads\/2026\/03\/Custom-Glossy-Soap-Dish-Ceramics-6-600x600.webp 600w, https:\/\/www.yigejiaceramics.com\/wp-content\/uploads\/2026\/03\/Custom-Glossy-Soap-Dish-Ceramics-6-100x100.webp 100w\" sizes=\"(max-width: 800px) 100vw, 800px\" \/><\/figure>\n<\/div>\n<\/div>\n\n\n\n<p><\/p>","protected":false},"excerpt":{"rendered":"<p data-start=\"399\" data-end=\"631\">Porte-savon personnalis\u00e9 en c\u00e9ramique avec gla\u00e7ure noire brillante, parfait pour les d\u00e9corations de No\u00ebl et les comptoirs de salles de bains modernes. Qualit\u00e9 durable de la c\u00e9ramique, prix de gros d'usine avantageux, \u00e9chantillons gratuits disponibles pour les acheteurs en gros et les marques personnalis\u00e9es.<\/p>\n<h2>Param\u00e8tre\uff1a du porte-savon brillant personnalis\u00e9 en c\u00e9ramique<\/h2>\n<table>\n<tbody>\n<tr>\n<td>Fabricant<\/td>\n<td>Yigejia<\/td>\n<\/tr>\n<tr>\n<td>Type de produit<\/td>\n<td>Porte-savon\u00a0<\/td>\n<\/tr>\n<tr>\n<td>Mat\u00e9riau<\/td>\n<td>C\u00e9ramique<\/td>\n<\/tr>\n<tr>\n<td>Couleur<\/td>\n<td>Noir et vert<\/td>\n<\/tr>\n<tr>\n<td>Conception<\/td>\n<td>Design tribal<\/td>\n<\/tr>\n<tr>\n<td>Composants<\/td>\n<td>Porte-savon\u00a0<\/td>\n<\/tr>\n<tr>\n<td>Fin<\/td>\n<td>Finition mate<\/td>\n<\/tr>\n<tr>\n<td>Demande<\/td>\n<td>Maison, Salle de bain, H\u00f4tels, Appartements, Spa<\/td>\n<\/tr>\n<tr>\n<td>Quantit\u00e9 minimale de commande<\/td>\n<td>Faible quantit\u00e9 minimale de commande<\/td>\n<\/tr>\n<tr>\n<td>\u00c9chantillon gratuit<\/td>\n<td>Disponible<\/td>\n<\/tr>\n<tr>\n<td>Sur mesure<\/td>\n<td>Couleur\/Taille\/Logo\/Emballage<\/td>\n<\/tr>\n<\/tbody>\n<\/table>","protected":false},"featured_media":1692,"comment_status":"closed","ping_status":"closed","template":"","meta":{"_acf_changed":false},"product_brand":[],"product_cat":[23],"product_tag":[],"class_list":{"0":"post-1690","1":"product","2":"type-product","3":"status-publish","4":"has-post-thumbnail","6":"product_cat-soap-dish-wholesale","8":"first","9":"instock","10":"shipping-taxable","11":"product-type-simple"},"acf":[],"_links":{"self":[{"href":"https:\/\/www.yigejiaceramics.com\/fr\/wp-json\/wp\/v2\/product\/1690","targetHints":{"allow":["GET"]}}],"collection":[{"href":"https:\/\/www.yigejiaceramics.com\/fr\/wp-json\/wp\/v2\/product"}],"about":[{"href":"https:\/\/www.yigejiaceramics.com\/fr\/wp-json\/wp\/v2\/types\/product"}],"replies":[{"embeddable":true,"href":"https:\/\/www.yigejiaceramics.com\/fr\/wp-json\/wp\/v2\/comments?post=1690"}],"wp:featuredmedia":[{"embeddable":true,"href":"https:\/\/www.yigejiaceramics.com\/fr\/wp-json\/wp\/v2\/media\/1692"}],"wp:attachment":[{"href":"https:\/\/www.yigejiaceramics.com\/fr\/wp-json\/wp\/v2\/media?parent=1690"}],"wp:term":[{"taxonomy":"product_brand","embeddable":true,"href":"https:\/\/www.yigejiaceramics.com\/fr\/wp-json\/wp\/v2\/product_brand?post=1690"},{"taxonomy":"product_cat","embeddable":true,"href":"https:\/\/www.yigejiaceramics.com\/fr\/wp-json\/wp\/v2\/product_cat?post=1690"},{"taxonomy":"product_tag","embeddable":true,"href":"https:\/\/www.yigejiaceramics.com\/fr\/wp-json\/wp\/v2\/product_tag?post=1690"}],"curies":[{"name":"wp","href":"https:\/\/api.w.org\/{rel}","templated":true}]}}