{"id":1059,"date":"2026-01-09T09:20:02","date_gmt":"2026-01-09T09:20:02","guid":{"rendered":"https:\/\/www.yigejiaceramics.com\/?post_type=product&#038;p=1059"},"modified":"2026-01-14T10:00:43","modified_gmt":"2026-01-14T10:00:43","slug":"yellow-butterfly-bathroom-set-oem","status":"publish","type":"product","link":"https:\/\/www.yigejiaceramics.com\/fr\/produit\/yellow-butterfly-bathroom-set-oem\/","title":{"rendered":"Set de salle de bain papillon jaune, 4 pi\u00e8ces en c\u00e9ramique pour la d\u00e9coration d'h\u00f4tel et de maison"},"content":{"rendered":"<div class=\"wp-block-columns is-layout-flex wp-container-core-columns-is-layout-9d6595d7 wp-block-columns-is-layout-flex\">\n<div class=\"wp-block-column is-layout-flow wp-block-column-is-layout-flow\">\n<h2 class=\"wp-block-heading\">Ensemble de salle de bain papillon jaune Caract\u00e9ristiques de l'offre<\/h2>\n\n\n\n<ul class=\"wp-block-list\">\n<li><strong>Ensemble de quatre pi\u00e8ces<\/strong>: Distributeur de savon, gobelet pour brosse \u00e0 dents, gobelet pour bain de bouche et porte-savon, tous essentiels \u00e0 l'utilisation quotidienne de la salle de bains.<\/li>\n\n\n\n<li><strong>Accents de papillon exquis :<\/strong> Des motifs de papillons jaune vif avec des d\u00e9tails dor\u00e9s rehaussent l'\u00e9l\u00e9gance g\u00e9n\u00e9rale de la salle de bains.<\/li>\n\n\n\n<li><strong><strong>Finition c\u00e9ramique brillante<\/strong>: <\/strong>Durable et facile \u00e0 nettoyer, il conserve son aspect impeccable au fil du temps.<\/li>\n\n\n\n<li><strong>Compatibilit\u00e9 avec les h\u00f4tels et les maisons<\/strong>: Con\u00e7ue pour \u00eatre \u00e0 la fois pratique et d\u00e9corative, elle convient aux salles de bains des h\u00f4tels et des particuliers.<\/li>\n\n\n\n<li><strong>Avantages pour les grossistes et \u00e9chantillons gratuits : <\/strong>Les prix de gros pratiqu\u00e9s directement par l'usine sont abordables, et des \u00e9chantillons gratuits sont disponibles pour faciliter les achats en gros.<\/li>\n<\/ul>\n<\/div>\n\n\n\n<div class=\"wp-block-column is-layout-flow wp-block-column-is-layout-flow\">\n<figure class=\"wp-block-image size-full\"><img decoding=\"async\" width=\"800\" height=\"800\" src=\"https:\/\/www.yigejiaceramics.com\/wp-content\/uploads\/2026\/01\/Yellow-Butterfly-Bathroom-Set-Supply-13.webp\" alt=\"Ensemble de salle de bain papillon jaune Supply\" class=\"wp-image-1434\" srcset=\"https:\/\/www.yigejiaceramics.com\/wp-content\/uploads\/2026\/01\/Yellow-Butterfly-Bathroom-Set-Supply-13.webp 800w, https:\/\/www.yigejiaceramics.com\/wp-content\/uploads\/2026\/01\/Yellow-Butterfly-Bathroom-Set-Supply-13-300x300.webp 300w, https:\/\/www.yigejiaceramics.com\/wp-content\/uploads\/2026\/01\/Yellow-Butterfly-Bathroom-Set-Supply-13-150x150.webp 150w, https:\/\/www.yigejiaceramics.com\/wp-content\/uploads\/2026\/01\/Yellow-Butterfly-Bathroom-Set-Supply-13-768x768.webp 768w, https:\/\/www.yigejiaceramics.com\/wp-content\/uploads\/2026\/01\/Yellow-Butterfly-Bathroom-Set-Supply-13-12x12.webp 12w, https:\/\/www.yigejiaceramics.com\/wp-content\/uploads\/2026\/01\/Yellow-Butterfly-Bathroom-Set-Supply-13-600x600.webp 600w, https:\/\/www.yigejiaceramics.com\/wp-content\/uploads\/2026\/01\/Yellow-Butterfly-Bathroom-Set-Supply-13-100x100.webp 100w\" sizes=\"(max-width: 800px) 100vw, 800px\" \/><\/figure>\n<\/div>\n<\/div>\n\n\n\n<div class=\"wp-block-columns is-layout-flex wp-container-core-columns-is-layout-9d6595d7 wp-block-columns-is-layout-flex\">\n<div class=\"wp-block-column is-layout-flow wp-block-column-is-layout-flow\">\n<figure class=\"wp-block-image size-full\"><img decoding=\"async\" width=\"800\" height=\"800\" src=\"https:\/\/www.yigejiaceramics.com\/wp-content\/uploads\/2026\/01\/Yellow-Butterfly-Bathroom-Set-Supply-8.webp\" alt=\"Ensemble de salle de bain papillon jaune Supply\" class=\"wp-image-1429\" srcset=\"https:\/\/www.yigejiaceramics.com\/wp-content\/uploads\/2026\/01\/Yellow-Butterfly-Bathroom-Set-Supply-8.webp 800w, https:\/\/www.yigejiaceramics.com\/wp-content\/uploads\/2026\/01\/Yellow-Butterfly-Bathroom-Set-Supply-8-300x300.webp 300w, https:\/\/www.yigejiaceramics.com\/wp-content\/uploads\/2026\/01\/Yellow-Butterfly-Bathroom-Set-Supply-8-150x150.webp 150w, https:\/\/www.yigejiaceramics.com\/wp-content\/uploads\/2026\/01\/Yellow-Butterfly-Bathroom-Set-Supply-8-768x768.webp 768w, https:\/\/www.yigejiaceramics.com\/wp-content\/uploads\/2026\/01\/Yellow-Butterfly-Bathroom-Set-Supply-8-12x12.webp 12w, https:\/\/www.yigejiaceramics.com\/wp-content\/uploads\/2026\/01\/Yellow-Butterfly-Bathroom-Set-Supply-8-600x600.webp 600w, https:\/\/www.yigejiaceramics.com\/wp-content\/uploads\/2026\/01\/Yellow-Butterfly-Bathroom-Set-Supply-8-100x100.webp 100w\" sizes=\"(max-width: 800px) 100vw, 800px\" \/><\/figure>\n<\/div>\n\n\n\n<div class=\"wp-block-column is-layout-flow wp-block-column-is-layout-flow\">\n<figure class=\"wp-block-image size-full\"><img decoding=\"async\" width=\"800\" height=\"800\" src=\"https:\/\/www.yigejiaceramics.com\/wp-content\/uploads\/2026\/01\/Yellow-Butterfly-Bathroom-Set-Supply-9.webp\" alt=\"Ensemble de salle de bain papillon jaune Supply\" class=\"wp-image-1430\" srcset=\"https:\/\/www.yigejiaceramics.com\/wp-content\/uploads\/2026\/01\/Yellow-Butterfly-Bathroom-Set-Supply-9.webp 800w, https:\/\/www.yigejiaceramics.com\/wp-content\/uploads\/2026\/01\/Yellow-Butterfly-Bathroom-Set-Supply-9-300x300.webp 300w, https:\/\/www.yigejiaceramics.com\/wp-content\/uploads\/2026\/01\/Yellow-Butterfly-Bathroom-Set-Supply-9-150x150.webp 150w, https:\/\/www.yigejiaceramics.com\/wp-content\/uploads\/2026\/01\/Yellow-Butterfly-Bathroom-Set-Supply-9-768x768.webp 768w, https:\/\/www.yigejiaceramics.com\/wp-content\/uploads\/2026\/01\/Yellow-Butterfly-Bathroom-Set-Supply-9-12x12.webp 12w, https:\/\/www.yigejiaceramics.com\/wp-content\/uploads\/2026\/01\/Yellow-Butterfly-Bathroom-Set-Supply-9-600x600.webp 600w, https:\/\/www.yigejiaceramics.com\/wp-content\/uploads\/2026\/01\/Yellow-Butterfly-Bathroom-Set-Supply-9-100x100.webp 100w\" sizes=\"(max-width: 800px) 100vw, 800px\" \/><\/figure>\n<\/div>\n\n\n\n<div class=\"wp-block-column is-layout-flow wp-block-column-is-layout-flow\">\n<figure class=\"wp-block-image size-full\"><img decoding=\"async\" width=\"800\" height=\"800\" src=\"https:\/\/www.yigejiaceramics.com\/wp-content\/uploads\/2026\/01\/Yellow-Butterfly-Bathroom-Set-Supply-10.webp\" alt=\"Ensemble de salle de bain papillon jaune Supply\" class=\"wp-image-1431\" srcset=\"https:\/\/www.yigejiaceramics.com\/wp-content\/uploads\/2026\/01\/Yellow-Butterfly-Bathroom-Set-Supply-10.webp 800w, https:\/\/www.yigejiaceramics.com\/wp-content\/uploads\/2026\/01\/Yellow-Butterfly-Bathroom-Set-Supply-10-300x300.webp 300w, https:\/\/www.yigejiaceramics.com\/wp-content\/uploads\/2026\/01\/Yellow-Butterfly-Bathroom-Set-Supply-10-150x150.webp 150w, https:\/\/www.yigejiaceramics.com\/wp-content\/uploads\/2026\/01\/Yellow-Butterfly-Bathroom-Set-Supply-10-768x768.webp 768w, https:\/\/www.yigejiaceramics.com\/wp-content\/uploads\/2026\/01\/Yellow-Butterfly-Bathroom-Set-Supply-10-12x12.webp 12w, https:\/\/www.yigejiaceramics.com\/wp-content\/uploads\/2026\/01\/Yellow-Butterfly-Bathroom-Set-Supply-10-600x600.webp 600w, https:\/\/www.yigejiaceramics.com\/wp-content\/uploads\/2026\/01\/Yellow-Butterfly-Bathroom-Set-Supply-10-100x100.webp 100w\" sizes=\"(max-width: 800px) 100vw, 800px\" \/><\/figure>\n<\/div>\n\n\n\n<div class=\"wp-block-column is-layout-flow wp-block-column-is-layout-flow\">\n<figure class=\"wp-block-image size-full\"><img decoding=\"async\" width=\"800\" height=\"800\" src=\"https:\/\/www.yigejiaceramics.com\/wp-content\/uploads\/2026\/01\/Yellow-Butterfly-Bathroom-Set-Supply-11.webp\" alt=\"Ensemble de salle de bain papillon jaune Supply\" class=\"wp-image-1432\" srcset=\"https:\/\/www.yigejiaceramics.com\/wp-content\/uploads\/2026\/01\/Yellow-Butterfly-Bathroom-Set-Supply-11.webp 800w, https:\/\/www.yigejiaceramics.com\/wp-content\/uploads\/2026\/01\/Yellow-Butterfly-Bathroom-Set-Supply-11-300x300.webp 300w, https:\/\/www.yigejiaceramics.com\/wp-content\/uploads\/2026\/01\/Yellow-Butterfly-Bathroom-Set-Supply-11-150x150.webp 150w, https:\/\/www.yigejiaceramics.com\/wp-content\/uploads\/2026\/01\/Yellow-Butterfly-Bathroom-Set-Supply-11-768x768.webp 768w, https:\/\/www.yigejiaceramics.com\/wp-content\/uploads\/2026\/01\/Yellow-Butterfly-Bathroom-Set-Supply-11-12x12.webp 12w, https:\/\/www.yigejiaceramics.com\/wp-content\/uploads\/2026\/01\/Yellow-Butterfly-Bathroom-Set-Supply-11-600x600.webp 600w, https:\/\/www.yigejiaceramics.com\/wp-content\/uploads\/2026\/01\/Yellow-Butterfly-Bathroom-Set-Supply-11-100x100.webp 100w\" sizes=\"(max-width: 800px) 100vw, 800px\" \/><\/figure>\n<\/div>\n<\/div>\n\n\n\n<p><\/p>","protected":false},"excerpt":{"rendered":"<p data-start=\"399\" data-end=\"631\">Bienvenue sur notre site de vente en gros d'ensemble de salle de bain jaune papillon - \u00e9l\u00e9gant ensemble de salle de bain en c\u00e9ramique jaune moutarde avec des accents de papillons dor\u00e9s. Comprend un distributeur de savon et des accessoires. Prix de gros, \u00e9chantillons gratuits, id\u00e9al pour l'h\u00f4tel et la maison.<\/p>\n<h2>Ensemble de salle de bain Yellow Butterfly Supply Parameter\uff1a<\/h2>\n<table>\n<tbody>\n<tr>\n<td>Fabricant<\/td>\n<td>Yigejia<\/td>\n<\/tr>\n<tr>\n<td>Type de produit<\/td>\n<td>Ensemble d'accessoires de salle de bain<\/td>\n<\/tr>\n<tr>\n<td>Mat\u00e9riau<\/td>\n<td>C\u00e9ramique<\/td>\n<\/tr>\n<tr>\n<td>Couleur<\/td>\n<td>Jaune<\/td>\n<\/tr>\n<tr>\n<td>Le kit comprend<\/td>\n<td>4 pi\u00e8ces<\/td>\n<\/tr>\n<tr>\n<td>Composants<\/td>\n<td>Distributeur de lotion, porte-brosse \u00e0 dents, porte-savon, gobelet<\/td>\n<\/tr>\n<tr>\n<td>Fin<\/td>\n<td>Finition brillante<\/td>\n<\/tr>\n<tr>\n<td>Demande<\/td>\n<td>Maison, Salle de bain, H\u00f4tels, Appartements, Spa<\/td>\n<\/tr>\n<tr>\n<td>Quantit\u00e9 minimale de commande<\/td>\n<td>Faible quantit\u00e9 minimale de commande<\/td>\n<\/tr>\n<tr>\n<td>\u00c9chantillon gratuit<\/td>\n<td>Disponible<\/td>\n<\/tr>\n<tr>\n<td>Sur mesure<\/td>\n<td>Couleur\/Taille\/Logo\/Emballage<\/td>\n<\/tr>\n<\/tbody>\n<\/table>","protected":false},"featured_media":1438,"comment_status":"closed","ping_status":"closed","template":"","meta":{"_acf_changed":false},"product_brand":[],"product_cat":[19],"product_tag":[],"class_list":{"0":"post-1059","1":"product","2":"type-product","3":"status-publish","4":"has-post-thumbnail","6":"product_cat-wholesale-bathroom-sets","8":"first","9":"instock","10":"shipping-taxable","11":"product-type-simple"},"acf":[],"_links":{"self":[{"href":"https:\/\/www.yigejiaceramics.com\/fr\/wp-json\/wp\/v2\/product\/1059","targetHints":{"allow":["GET"]}}],"collection":[{"href":"https:\/\/www.yigejiaceramics.com\/fr\/wp-json\/wp\/v2\/product"}],"about":[{"href":"https:\/\/www.yigejiaceramics.com\/fr\/wp-json\/wp\/v2\/types\/product"}],"replies":[{"embeddable":true,"href":"https:\/\/www.yigejiaceramics.com\/fr\/wp-json\/wp\/v2\/comments?post=1059"}],"wp:featuredmedia":[{"embeddable":true,"href":"https:\/\/www.yigejiaceramics.com\/fr\/wp-json\/wp\/v2\/media\/1438"}],"wp:attachment":[{"href":"https:\/\/www.yigejiaceramics.com\/fr\/wp-json\/wp\/v2\/media?parent=1059"}],"wp:term":[{"taxonomy":"product_brand","embeddable":true,"href":"https:\/\/www.yigejiaceramics.com\/fr\/wp-json\/wp\/v2\/product_brand?post=1059"},{"taxonomy":"product_cat","embeddable":true,"href":"https:\/\/www.yigejiaceramics.com\/fr\/wp-json\/wp\/v2\/product_cat?post=1059"},{"taxonomy":"product_tag","embeddable":true,"href":"https:\/\/www.yigejiaceramics.com\/fr\/wp-json\/wp\/v2\/product_tag?post=1059"}],"curies":[{"name":"wp","href":"https:\/\/api.w.org\/{rel}","templated":true}]}}