{"id":963,"date":"2026-01-09T07:15:41","date_gmt":"2026-01-09T07:15:41","guid":{"rendered":"https:\/\/www.yigejiaceramics.com\/?post_type=product&#038;p=963"},"modified":"2026-02-01T18:46:36","modified_gmt":"2026-02-01T18:46:36","slug":"ceramic-bathroom-accessory-set-bulk","status":"publish","type":"product","link":"https:\/\/www.yigejiaceramics.com\/es\/producto\/ceramic-bathroom-accessory-set-bulk\/","title":{"rendered":"Juego de Accesorios de Ba\u00f1o de Cer\u00e1mica a Granel - 4-Piece Navy Blue Textured Bath Set Proveedor"},"content":{"rendered":"<div class=\"wp-block-columns is-layout-flex wp-container-core-columns-is-layout-9d6595d7 wp-block-columns-is-layout-flex\">\n<div class=\"wp-block-column is-layout-flow wp-block-column-is-layout-flow\">\n<h2 class=\"wp-block-heading\">Juego de accesorios de ba\u00f1o de cer\u00e1mica a granel Caracter\u00edsticas<\/h2>\n\n\n\n<ul class=\"wp-block-list\">\n<li><strong>Juego completo de cuatro piezas<\/strong>: Juego de accesorios de ba\u00f1o de cer\u00e1mica a granel incluye dispensador de jab\u00f3n est\u00e1ndar, vaso para cepillo de dientes, vaso para enjuague bucal y jabonera, todo en un paquete. Ideal para hoteles, apartamentos y proyectos de kits de venta al por menor.<\/li>\n\n\n\n<li><strong>Cer\u00e1mica cocida a alta temperatura para una textura estable y duradera:<\/strong> Fabricado con tecnolog\u00eda cer\u00e1mica de alta temperatura, el suave esmalte resiste los ara\u00f1azos y la decoloraci\u00f3n con el paso del tiempo, satisfaciendo las exigencias del uso comercial de alta frecuencia.<\/li>\n\n\n\n<li><strong>El dise\u00f1o texturizado en azul marino eleva la est\u00e9tica del espacio: <\/strong>Su aspecto texturizado, sutil pero memorable, complementa los cuartos de ba\u00f1o modernos, las habitaciones de hotel y los entornos comerciales de primera calidad.<\/li>\n\n\n\n<li><strong>Suministro directo de f\u00e1brica con precios competitivos al por mayor<\/strong>: Ofrecemos accesorios de ba\u00f1o de cer\u00e1mica Set a granel a precios de f\u00e1brica al por mayor, eliminando intermediarios para compras al por mayor y asociaciones a largo plazo.<\/li>\n\n\n\n<li><strong>Personalizaci\u00f3n y muestras gratuitas disponibles: <\/strong>Ofrecemos servicios de personalizaci\u00f3n de colores, logotipos y embalajes. Solicite muestras gratuitas antes de realizar el pedido para reducir los riesgos de decisi\u00f3n de compra.<\/li>\n<\/ul>\n<\/div>\n\n\n\n<div class=\"wp-block-column is-layout-flow wp-block-column-is-layout-flow\">\n<figure class=\"wp-block-image size-full\"><img decoding=\"async\" width=\"800\" height=\"800\" src=\"https:\/\/www.yigejiaceramics.com\/wp-content\/uploads\/2026\/01\/Ceramic-Bathroom-Accessory-Set-Bulk-7.webp\" alt=\"Juego de accesorios de ba\u00f1o de cer\u00e1mica a granel\" class=\"wp-image-951\" srcset=\"https:\/\/www.yigejiaceramics.com\/wp-content\/uploads\/2026\/01\/Ceramic-Bathroom-Accessory-Set-Bulk-7.webp 800w, https:\/\/www.yigejiaceramics.com\/wp-content\/uploads\/2026\/01\/Ceramic-Bathroom-Accessory-Set-Bulk-7-300x300.webp 300w, https:\/\/www.yigejiaceramics.com\/wp-content\/uploads\/2026\/01\/Ceramic-Bathroom-Accessory-Set-Bulk-7-150x150.webp 150w, https:\/\/www.yigejiaceramics.com\/wp-content\/uploads\/2026\/01\/Ceramic-Bathroom-Accessory-Set-Bulk-7-768x768.webp 768w, https:\/\/www.yigejiaceramics.com\/wp-content\/uploads\/2026\/01\/Ceramic-Bathroom-Accessory-Set-Bulk-7-12x12.webp 12w, https:\/\/www.yigejiaceramics.com\/wp-content\/uploads\/2026\/01\/Ceramic-Bathroom-Accessory-Set-Bulk-7-600x600.webp 600w, https:\/\/www.yigejiaceramics.com\/wp-content\/uploads\/2026\/01\/Ceramic-Bathroom-Accessory-Set-Bulk-7-100x100.webp 100w\" sizes=\"(max-width: 800px) 100vw, 800px\" \/><\/figure>\n<\/div>\n<\/div>\n\n\n\n<div class=\"wp-block-columns is-layout-flex wp-container-core-columns-is-layout-9d6595d7 wp-block-columns-is-layout-flex\">\n<div class=\"wp-block-column is-layout-flow wp-block-column-is-layout-flow\">\n<figure class=\"wp-block-image size-full\"><img decoding=\"async\" width=\"1600\" height=\"1600\" src=\"https:\/\/www.yigejiaceramics.com\/wp-content\/uploads\/2026\/01\/Ceramic-Bathroom-Accessory-Set-Bulk-14.webp\" alt=\"Juego de accesorios de ba\u00f1o de cer\u00e1mica a granel\" class=\"wp-image-959\" srcset=\"https:\/\/www.yigejiaceramics.com\/wp-content\/uploads\/2026\/01\/Ceramic-Bathroom-Accessory-Set-Bulk-14.webp 1600w, https:\/\/www.yigejiaceramics.com\/wp-content\/uploads\/2026\/01\/Ceramic-Bathroom-Accessory-Set-Bulk-14-300x300.webp 300w, https:\/\/www.yigejiaceramics.com\/wp-content\/uploads\/2026\/01\/Ceramic-Bathroom-Accessory-Set-Bulk-14-150x150.webp 150w, https:\/\/www.yigejiaceramics.com\/wp-content\/uploads\/2026\/01\/Ceramic-Bathroom-Accessory-Set-Bulk-14-768x768.webp 768w, https:\/\/www.yigejiaceramics.com\/wp-content\/uploads\/2026\/01\/Ceramic-Bathroom-Accessory-Set-Bulk-14-12x12.webp 12w, https:\/\/www.yigejiaceramics.com\/wp-content\/uploads\/2026\/01\/Ceramic-Bathroom-Accessory-Set-Bulk-14-1200x1200.webp 1200w, https:\/\/www.yigejiaceramics.com\/wp-content\/uploads\/2026\/01\/Ceramic-Bathroom-Accessory-Set-Bulk-14-600x600.webp 600w, https:\/\/www.yigejiaceramics.com\/wp-content\/uploads\/2026\/01\/Ceramic-Bathroom-Accessory-Set-Bulk-14-100x100.webp 100w\" sizes=\"(max-width: 1600px) 100vw, 1600px\" \/><\/figure>\n<\/div>\n\n\n\n<div class=\"wp-block-column is-layout-flow wp-block-column-is-layout-flow\">\n<figure class=\"wp-block-image size-full\"><img decoding=\"async\" width=\"1600\" height=\"1600\" src=\"https:\/\/www.yigejiaceramics.com\/wp-content\/uploads\/2026\/01\/Ceramic-Bathroom-Accessory-Set-Bulk-15.webp\" alt=\"Juego de accesorios de ba\u00f1o de cer\u00e1mica a granel\" class=\"wp-image-960\" srcset=\"https:\/\/www.yigejiaceramics.com\/wp-content\/uploads\/2026\/01\/Ceramic-Bathroom-Accessory-Set-Bulk-15.webp 1600w, https:\/\/www.yigejiaceramics.com\/wp-content\/uploads\/2026\/01\/Ceramic-Bathroom-Accessory-Set-Bulk-15-300x300.webp 300w, https:\/\/www.yigejiaceramics.com\/wp-content\/uploads\/2026\/01\/Ceramic-Bathroom-Accessory-Set-Bulk-15-150x150.webp 150w, https:\/\/www.yigejiaceramics.com\/wp-content\/uploads\/2026\/01\/Ceramic-Bathroom-Accessory-Set-Bulk-15-768x768.webp 768w, https:\/\/www.yigejiaceramics.com\/wp-content\/uploads\/2026\/01\/Ceramic-Bathroom-Accessory-Set-Bulk-15-12x12.webp 12w, https:\/\/www.yigejiaceramics.com\/wp-content\/uploads\/2026\/01\/Ceramic-Bathroom-Accessory-Set-Bulk-15-1200x1200.webp 1200w, https:\/\/www.yigejiaceramics.com\/wp-content\/uploads\/2026\/01\/Ceramic-Bathroom-Accessory-Set-Bulk-15-600x600.webp 600w, https:\/\/www.yigejiaceramics.com\/wp-content\/uploads\/2026\/01\/Ceramic-Bathroom-Accessory-Set-Bulk-15-100x100.webp 100w\" sizes=\"(max-width: 1600px) 100vw, 1600px\" \/><\/figure>\n<\/div>\n\n\n\n<div class=\"wp-block-column is-layout-flow wp-block-column-is-layout-flow\">\n<figure class=\"wp-block-image size-full\"><img decoding=\"async\" width=\"1600\" height=\"1600\" src=\"https:\/\/www.yigejiaceramics.com\/wp-content\/uploads\/2026\/01\/Ceramic-Bathroom-Accessory-Set-Bulk-16.webp\" alt=\"Juego de accesorios de ba\u00f1o de cer\u00e1mica a granel\" class=\"wp-image-961\" srcset=\"https:\/\/www.yigejiaceramics.com\/wp-content\/uploads\/2026\/01\/Ceramic-Bathroom-Accessory-Set-Bulk-16.webp 1600w, https:\/\/www.yigejiaceramics.com\/wp-content\/uploads\/2026\/01\/Ceramic-Bathroom-Accessory-Set-Bulk-16-300x300.webp 300w, https:\/\/www.yigejiaceramics.com\/wp-content\/uploads\/2026\/01\/Ceramic-Bathroom-Accessory-Set-Bulk-16-150x150.webp 150w, https:\/\/www.yigejiaceramics.com\/wp-content\/uploads\/2026\/01\/Ceramic-Bathroom-Accessory-Set-Bulk-16-768x768.webp 768w, https:\/\/www.yigejiaceramics.com\/wp-content\/uploads\/2026\/01\/Ceramic-Bathroom-Accessory-Set-Bulk-16-12x12.webp 12w, https:\/\/www.yigejiaceramics.com\/wp-content\/uploads\/2026\/01\/Ceramic-Bathroom-Accessory-Set-Bulk-16-1200x1200.webp 1200w, https:\/\/www.yigejiaceramics.com\/wp-content\/uploads\/2026\/01\/Ceramic-Bathroom-Accessory-Set-Bulk-16-600x600.webp 600w, https:\/\/www.yigejiaceramics.com\/wp-content\/uploads\/2026\/01\/Ceramic-Bathroom-Accessory-Set-Bulk-16-100x100.webp 100w\" sizes=\"(max-width: 1600px) 100vw, 1600px\" \/><\/figure>\n<\/div>\n\n\n\n<div class=\"wp-block-column is-layout-flow wp-block-column-is-layout-flow\">\n<figure class=\"wp-block-image size-full\"><img decoding=\"async\" width=\"1600\" height=\"1600\" src=\"https:\/\/www.yigejiaceramics.com\/wp-content\/uploads\/2026\/01\/Ceramic-Bathroom-Accessory-Set-Bulk-17.webp\" alt=\"Juego de accesorios de ba\u00f1o de cer\u00e1mica a granel\" class=\"wp-image-962\" srcset=\"https:\/\/www.yigejiaceramics.com\/wp-content\/uploads\/2026\/01\/Ceramic-Bathroom-Accessory-Set-Bulk-17.webp 1600w, https:\/\/www.yigejiaceramics.com\/wp-content\/uploads\/2026\/01\/Ceramic-Bathroom-Accessory-Set-Bulk-17-300x300.webp 300w, https:\/\/www.yigejiaceramics.com\/wp-content\/uploads\/2026\/01\/Ceramic-Bathroom-Accessory-Set-Bulk-17-150x150.webp 150w, https:\/\/www.yigejiaceramics.com\/wp-content\/uploads\/2026\/01\/Ceramic-Bathroom-Accessory-Set-Bulk-17-768x768.webp 768w, https:\/\/www.yigejiaceramics.com\/wp-content\/uploads\/2026\/01\/Ceramic-Bathroom-Accessory-Set-Bulk-17-12x12.webp 12w, https:\/\/www.yigejiaceramics.com\/wp-content\/uploads\/2026\/01\/Ceramic-Bathroom-Accessory-Set-Bulk-17-1200x1200.webp 1200w, https:\/\/www.yigejiaceramics.com\/wp-content\/uploads\/2026\/01\/Ceramic-Bathroom-Accessory-Set-Bulk-17-600x600.webp 600w, https:\/\/www.yigejiaceramics.com\/wp-content\/uploads\/2026\/01\/Ceramic-Bathroom-Accessory-Set-Bulk-17-100x100.webp 100w\" sizes=\"(max-width: 1600px) 100vw, 1600px\" \/><\/figure>\n<\/div>\n<\/div>\n\n\n\n<p><\/p>","protected":false},"excerpt":{"rendered":"<p data-start=\"399\" data-end=\"631\">Juego de accesorios de ba\u00f1o de cer\u00e1mica a granel con un kit de ba\u00f1o de cer\u00e1mica con textura azul marino de 4 piezas, que incluye dispensador de jab\u00f3n, portacepillos de dientes, vaso y jabonera. Suministro al por mayor de f\u00e1brica, capacidad de producci\u00f3n estable, soporte personalizado y muestras gratis para los compradores a granel.<\/p>\n<h2>Accesorios de ba\u00f1o de cer\u00e1mica Set Par\u00e1metros a granel\uff1a<\/h2>\n<table>\n<tbody>\n<tr>\n<td>Fabricante<\/td>\n<td>Yigejia<\/td>\n<\/tr>\n<tr>\n<td>Tipo de producto<\/td>\n<td>Juego de accesorios de ba\u00f1o<\/td>\n<\/tr>\n<tr>\n<td>Material<\/td>\n<td>Cer\u00e1mica<\/td>\n<\/tr>\n<tr>\n<td>Color<\/td>\n<td>Azul marino<\/td>\n<\/tr>\n<tr>\n<td>El set incluye<\/td>\n<td>4 unidades<\/td>\n<\/tr>\n<tr>\n<td>Componentes<\/td>\n<td>Dispensador de loci\u00f3n, soporte para cepillos de dientes, jabonera, vaso<\/td>\n<\/tr>\n<tr>\n<td>Acabado<\/td>\n<td>Acabado brillante<\/td>\n<\/tr>\n<tr>\n<td>Solicitud<\/td>\n<td>Hogar, Ba\u00f1o, Hoteles, Apartamentos, Spa<\/td>\n<\/tr>\n<tr>\n<td>Cantidad m\u00ednima de pedido<\/td>\n<td>MOQ bajo<\/td>\n<\/tr>\n<tr>\n<td>Muestra gratuita<\/td>\n<td>Disponible<\/td>\n<\/tr>\n<tr>\n<td>Personalizado<\/td>\n<td>Color\/Tama\u00f1o\/Logotipo\/Empaque<\/td>\n<\/tr>\n<\/tbody>\n<\/table>","protected":false},"featured_media":952,"comment_status":"closed","ping_status":"closed","template":"","meta":{"_acf_changed":false},"product_brand":[],"product_cat":[19],"product_tag":[],"class_list":{"0":"post-963","1":"product","2":"type-product","3":"status-publish","4":"has-post-thumbnail","6":"product_cat-wholesale-bathroom-sets","8":"first","9":"instock","10":"shipping-taxable","11":"product-type-simple"},"acf":[],"_links":{"self":[{"href":"https:\/\/www.yigejiaceramics.com\/es\/wp-json\/wp\/v2\/product\/963","targetHints":{"allow":["GET"]}}],"collection":[{"href":"https:\/\/www.yigejiaceramics.com\/es\/wp-json\/wp\/v2\/product"}],"about":[{"href":"https:\/\/www.yigejiaceramics.com\/es\/wp-json\/wp\/v2\/types\/product"}],"replies":[{"embeddable":true,"href":"https:\/\/www.yigejiaceramics.com\/es\/wp-json\/wp\/v2\/comments?post=963"}],"wp:featuredmedia":[{"embeddable":true,"href":"https:\/\/www.yigejiaceramics.com\/es\/wp-json\/wp\/v2\/media\/952"}],"wp:attachment":[{"href":"https:\/\/www.yigejiaceramics.com\/es\/wp-json\/wp\/v2\/media?parent=963"}],"wp:term":[{"taxonomy":"product_brand","embeddable":true,"href":"https:\/\/www.yigejiaceramics.com\/es\/wp-json\/wp\/v2\/product_brand?post=963"},{"taxonomy":"product_cat","embeddable":true,"href":"https:\/\/www.yigejiaceramics.com\/es\/wp-json\/wp\/v2\/product_cat?post=963"},{"taxonomy":"product_tag","embeddable":true,"href":"https:\/\/www.yigejiaceramics.com\/es\/wp-json\/wp\/v2\/product_tag?post=963"}],"curies":[{"name":"wp","href":"https:\/\/api.w.org\/{rel}","templated":true}]}}