{"id":557,"date":"2025-12-23T10:08:31","date_gmt":"2025-12-23T10:08:31","guid":{"rendered":"https:\/\/www.yigejiaceramics.com\/?post_type=product&#038;p=557"},"modified":"2025-12-23T10:13:38","modified_gmt":"2025-12-23T10:13:38","slug":"bulk-ceramic-mouthwash-cup-factory","status":"publish","type":"product","link":"https:\/\/www.yigejiaceramics.com\/es\/producto\/bulk-ceramic-mouthwash-cup-factory\/","title":{"rendered":"Proveedor de vasos de cer\u00e1mica para enjuague bucal a granel, vaso de lujo para ba\u00f1o"},"content":{"rendered":"<div class=\"wp-block-columns is-layout-flex wp-container-core-columns-is-layout-9d6595d7 wp-block-columns-is-layout-flex\">\n<div class=\"wp-block-column is-layout-flow wp-block-column-is-layout-flow\">\n<h2 class=\"wp-block-heading\">Caracter\u00edsticas y ventajas del vaso para enjuague bucal cer\u00e1mico a granel<\/h2>\n\n\n\n<p><strong>Suministro directo de f\u00e1brica, precios al por mayor m\u00e1s competitivos: <\/strong>Nos especializamos en la producci\u00f3n a gran escala de vasos de cer\u00e1mica para enjuague bucal a granel, empleando un modelo de venta directa de f\u00e1brica para ofrecer a los propietarios de marcas, importadores y mayoristas precios de f\u00e1brica m\u00e1s ventajosos, adecuados para compras a granel a largo plazo.<\/p>\n\n\n\n<p><strong>Material cer\u00e1mico resistente a altas temperaturas, m\u00e1s seguro y duradero:<\/strong> Fabricado con materias primas cer\u00e1micas de alta densidad y cocido a altas temperaturas, el cuerpo de la taza es grueso y estable, con un tacto delicado, resistente a los ara\u00f1azos y a la decoloraci\u00f3n, adecuado para el entorno del cuarto de ba\u00f1o, donde se utiliza con frecuencia.<\/p>\n\n\n\n<p><strong>Dise\u00f1o de alta gama, que mejora la est\u00e9tica general del cuarto de ba\u00f1o:<\/strong> Como proveedor experimentado de vasos de lujo personalizados, hacemos hincapi\u00e9 en las proporciones y la artesan\u00eda del esmalte, lo que confiere a nuestros productos un aspecto m\u00e1s sofisticado en hoteles, residencias boutique y conjuntos de ba\u00f1o de alta gama.<\/p>\n\n\n\n<p><strong>Soporte para desarrollo personalizado OEM\/ODM: <\/strong>Este vaso para enjuague bucal de cer\u00e1mica a granel se puede personalizar en cuanto a color, efecto de esmalte, forma del vaso, logotipo y embalaje seg\u00fan las demandas del mercado, lo que ayuda a los clientes a crear l\u00edneas de productos diferenciadas.<\/p>\n\n\n\n<p><strong>Muestras gratuitas para una adquisici\u00f3n sin preocupaciones:<\/strong> Para los clientes con intenciones de compra claras, ofrecemos muestras gratuitas para facilitar la confirmaci\u00f3n de los materiales, el peso, el tacto y los detalles de apariencia antes de realizar un pedido, lo que reduce los riesgos de adquisici\u00f3n.<\/p>\n\n\n\n<p><strong>Compatibilidad multicanal para una cooperaci\u00f3n a largo plazo:<\/strong> Como proveedor fiable de vasos de lujo personalizados, nuestros productos son ampliamente aplicables a proyectos hoteleros, canales minoristas, plataformas de comercio electr\u00f3nico y combinaciones de juegos de ba\u00f1o. Los plazos de entrega estables garantizan un suministro continuo.<\/p>\n<\/div>\n\n\n\n<div class=\"wp-block-column is-layout-flow wp-block-column-is-layout-flow\">\n<figure class=\"wp-block-image size-full\"><img decoding=\"async\" width=\"3024\" height=\"3024\" src=\"https:\/\/www.yigejiaceramics.com\/wp-content\/uploads\/2025\/12\/Bulk-Ceramic-Mouthwash-Cup-Supplier-yigejia-2.webp\" alt=\"Proveedor de vasos para enjuague bucal de cer\u00e1mica a granel - yigejia (2)\" class=\"wp-image-552\" srcset=\"https:\/\/www.yigejiaceramics.com\/wp-content\/uploads\/2025\/12\/Bulk-Ceramic-Mouthwash-Cup-Supplier-yigejia-2.webp 3024w, https:\/\/www.yigejiaceramics.com\/wp-content\/uploads\/2025\/12\/Bulk-Ceramic-Mouthwash-Cup-Supplier-yigejia-2-300x300.webp 300w, https:\/\/www.yigejiaceramics.com\/wp-content\/uploads\/2025\/12\/Bulk-Ceramic-Mouthwash-Cup-Supplier-yigejia-2-150x150.webp 150w, https:\/\/www.yigejiaceramics.com\/wp-content\/uploads\/2025\/12\/Bulk-Ceramic-Mouthwash-Cup-Supplier-yigejia-2-768x768.webp 768w, https:\/\/www.yigejiaceramics.com\/wp-content\/uploads\/2025\/12\/Bulk-Ceramic-Mouthwash-Cup-Supplier-yigejia-2-1200x1200.webp 1200w, https:\/\/www.yigejiaceramics.com\/wp-content\/uploads\/2025\/12\/Bulk-Ceramic-Mouthwash-Cup-Supplier-yigejia-2-600x600.webp 600w, https:\/\/www.yigejiaceramics.com\/wp-content\/uploads\/2025\/12\/Bulk-Ceramic-Mouthwash-Cup-Supplier-yigejia-2-100x100.webp 100w\" sizes=\"(max-width: 3024px) 100vw, 3024px\" \/><\/figure>\n<\/div>\n<\/div>\n\n\n\n<div class=\"wp-block-columns is-layout-flex wp-container-core-columns-is-layout-9d6595d7 wp-block-columns-is-layout-flex\">\n<div class=\"wp-block-column is-layout-flow wp-block-column-is-layout-flow\">\n<figure class=\"wp-block-image size-full\"><img decoding=\"async\" width=\"3024\" height=\"3024\" src=\"https:\/\/www.yigejiaceramics.com\/wp-content\/uploads\/2025\/12\/Bulk-Ceramic-Mouthwash-Cup-Supplier-yigejia-4.webp\" alt=\"Proveedor de vasos para enjuague bucal de cer\u00e1mica a granel - yigejia (4)\" class=\"wp-image-554\" srcset=\"https:\/\/www.yigejiaceramics.com\/wp-content\/uploads\/2025\/12\/Bulk-Ceramic-Mouthwash-Cup-Supplier-yigejia-4.webp 3024w, https:\/\/www.yigejiaceramics.com\/wp-content\/uploads\/2025\/12\/Bulk-Ceramic-Mouthwash-Cup-Supplier-yigejia-4-300x300.webp 300w, https:\/\/www.yigejiaceramics.com\/wp-content\/uploads\/2025\/12\/Bulk-Ceramic-Mouthwash-Cup-Supplier-yigejia-4-150x150.webp 150w, https:\/\/www.yigejiaceramics.com\/wp-content\/uploads\/2025\/12\/Bulk-Ceramic-Mouthwash-Cup-Supplier-yigejia-4-768x768.webp 768w, https:\/\/www.yigejiaceramics.com\/wp-content\/uploads\/2025\/12\/Bulk-Ceramic-Mouthwash-Cup-Supplier-yigejia-4-1200x1200.webp 1200w, https:\/\/www.yigejiaceramics.com\/wp-content\/uploads\/2025\/12\/Bulk-Ceramic-Mouthwash-Cup-Supplier-yigejia-4-600x600.webp 600w, https:\/\/www.yigejiaceramics.com\/wp-content\/uploads\/2025\/12\/Bulk-Ceramic-Mouthwash-Cup-Supplier-yigejia-4-100x100.webp 100w\" sizes=\"(max-width: 3024px) 100vw, 3024px\" \/><\/figure>\n<\/div>\n\n\n\n<div class=\"wp-block-column is-layout-flow wp-block-column-is-layout-flow\">\n<h2 class=\"wp-block-heading\">Vaso de cer\u00e1mica personalizado<\/h2>\n\n\n\n<p>Yigejia ofrece todo tipo de vasos de cer\u00e1mica para enjuague bucal, que son ampliamente aplicables para uso personal, minorista o comercial.<\/p>\n\n\n\n<p><strong>Dise\u00f1o:<\/strong> Las formas y los patrones var\u00edan.<br><strong>Dimensiones:<\/strong> Disponible en varios tama\u00f1os para adaptarse a diferentes configuraciones de ba\u00f1o.<br><strong>Material:<\/strong> Cer\u00e1mica, porcelana o gres; otros materiales bajo pedido.<br><strong>Acabado:<\/strong> Pintado a mano, calcoman\u00eda, relieve, esmaltado, etc.<br><strong>Embalaje: <\/strong>Disponible a granel, en cajas de colores, cajas de regalo u opciones de embalaje personalizadas.<\/p>\n<\/div>\n<\/div>","protected":false},"excerpt":{"rendered":"<p data-start=\"367\" data-end=\"620\">Vaso para enjuague bucal de cer\u00e1mica a granel fabricado con material cer\u00e1mico de primera calidad, suministrado a precios mayoristas directos de f\u00e1brica con muestras gratuitas disponibles. Vasos de ba\u00f1o de lujo ideales para marcas OEM, hoteles, minoristas y compradores de gran volumen.<\/p>\n<h2>Par\u00e1metros de la taza de enjuague bucal cer\u00e1mica a granel:<\/h2>\n<table border=\"0\" width=\"799\" cellspacing=\"0\" cellpadding=\"0\">\n<tbody>\n<tr>\n<td width=\"257\" height=\"47\">Fabricante<\/td>\n<td width=\"541\">Yigejia<\/td>\n<\/tr>\n<tr>\n<td width=\"257\" height=\"47\">Tipo de producto<\/td>\n<td width=\"541\">Vasos<\/td>\n<\/tr>\n<tr>\n<td width=\"257\" height=\"47\">Material<\/td>\n<td width=\"541\">Cer\u00e1mica<\/td>\n<\/tr>\n<tr>\n<td width=\"257\" height=\"47\">Color<\/td>\n<td width=\"541\">Oro negro<\/td>\n<\/tr>\n<tr>\n<td width=\"257\" height=\"47\">Acabado<\/td>\n<td width=\"541\">Acabado brillante<\/td>\n<\/tr>\n<tr>\n<td width=\"257\" height=\"92\">Solicitud<\/td>\n<td width=\"541\">Hogar, Ba\u00f1o, Hoteles, Apartamentos, Spa<\/td>\n<\/tr>\n<tr>\n<td width=\"257\" height=\"47\">Cantidad m\u00ednima de pedido<\/td>\n<td width=\"541\">500 unidades<\/td>\n<\/tr>\n<tr>\n<td width=\"257\" height=\"47\">Muestra gratuita<\/td>\n<td width=\"541\">Disponible<\/td>\n<\/tr>\n<tr>\n<td width=\"257\" height=\"47\">Personalizado<\/td>\n<td width=\"541\">Color\/Tama\u00f1o\/Logotipo\/Empaque<\/td>\n<\/tr>\n<\/tbody>\n<\/table>","protected":false},"featured_media":556,"comment_status":"closed","ping_status":"closed","template":"","meta":{"_acf_changed":false},"product_brand":[],"product_cat":[22],"product_tag":[],"class_list":{"0":"post-557","1":"product","2":"type-product","3":"status-publish","4":"has-post-thumbnail","6":"product_cat-ceramic-tumbler-wholesale","8":"first","9":"instock","10":"shipping-taxable","11":"product-type-simple"},"acf":[],"_links":{"self":[{"href":"https:\/\/www.yigejiaceramics.com\/es\/wp-json\/wp\/v2\/product\/557","targetHints":{"allow":["GET"]}}],"collection":[{"href":"https:\/\/www.yigejiaceramics.com\/es\/wp-json\/wp\/v2\/product"}],"about":[{"href":"https:\/\/www.yigejiaceramics.com\/es\/wp-json\/wp\/v2\/types\/product"}],"replies":[{"embeddable":true,"href":"https:\/\/www.yigejiaceramics.com\/es\/wp-json\/wp\/v2\/comments?post=557"}],"wp:featuredmedia":[{"embeddable":true,"href":"https:\/\/www.yigejiaceramics.com\/es\/wp-json\/wp\/v2\/media\/556"}],"wp:attachment":[{"href":"https:\/\/www.yigejiaceramics.com\/es\/wp-json\/wp\/v2\/media?parent=557"}],"wp:term":[{"taxonomy":"product_brand","embeddable":true,"href":"https:\/\/www.yigejiaceramics.com\/es\/wp-json\/wp\/v2\/product_brand?post=557"},{"taxonomy":"product_cat","embeddable":true,"href":"https:\/\/www.yigejiaceramics.com\/es\/wp-json\/wp\/v2\/product_cat?post=557"},{"taxonomy":"product_tag","embeddable":true,"href":"https:\/\/www.yigejiaceramics.com\/es\/wp-json\/wp\/v2\/product_tag?post=557"}],"curies":[{"name":"wp","href":"https:\/\/api.w.org\/{rel}","templated":true}]}}