{"id":2214,"date":"2026-04-18T01:47:59","date_gmt":"2026-04-18T01:47:59","guid":{"rendered":"https:\/\/www.yigejiaceramics.com\/?post_type=product&#038;p=2214"},"modified":"2026-04-18T01:48:00","modified_gmt":"2026-04-18T01:48:00","slug":"wholesale-black-soap-dispenser","status":"publish","type":"product","link":"https:\/\/www.yigejiaceramics.com\/es\/producto\/wholesale-black-soap-dispenser\/","title":{"rendered":"Mayorista Jabonera Ceramica Negra, Botella Bomba Oro, Accesorio de Ba\u00f1o Proveedor"},"content":{"rendered":"<div class=\"wp-block-columns is-layout-flex wp-container-core-columns-is-layout-9d6595d7 wp-block-columns-is-layout-flex\">\n<div class=\"wp-block-column is-layout-flow wp-block-column-is-layout-flow\">\n<h2 class=\"wp-block-heading\">Mayorista Dispensador de Jab\u00f3n Negro Cer\u00e1mica Caracter\u00edsticas<\/h2>\n\n\n\n<ul class=\"wp-block-list\">\n<li><strong>Dise\u00f1o negro y dorado efecto m\u00e1rmol<\/strong>: Mayorista Jabonera Negra Cer\u00e1mica cuenta con un acabado negro y dorado inspirado en el m\u00e1rmol, creando un aspecto de ba\u00f1o de lujo.<\/li>\n\n\n\n<li><strong>\u201cBotella con bomba \u201dLOTION<\/strong>: Mayorista de Jab\u00f3n Negro Dispensador de Cer\u00e1mica incluye una etiqueta transparente \u201cLOTION\u201d, por lo que es a la vez pr\u00e1ctico y elegante.<\/li>\n\n\n\n<li><strong>Botella de cer\u00e1mica duradera<\/strong>: Venta al por mayor de cer\u00e1mica dispensador de jab\u00f3n negro est\u00e1 hecho de cer\u00e1mica fuerte, durable para el uso diario de ba\u00f1o y f\u00e1cil de limpiar.<\/li>\n\n\n\n<li><strong>Perfecto para el juego de ba\u00f1o de 4 piezas<\/strong>:Mayorista de Jabonera de Cer\u00e1mica Negra combina perfectamente con el vaso, la jabonera y la bandeja para un juego de ba\u00f1o completo.<\/li>\n\n\n\n<li><strong>Precios directos de f\u00e1brica y muestras gratuitas<\/strong>: Mayorista Jab\u00f3n Negro Dispensador Cer\u00e1mica viene con precios al por mayor de f\u00e1brica y muestras gratis para los compradores a granel.<\/li>\n<\/ul>\n<\/div>\n\n\n\n<div class=\"wp-block-column is-layout-flow wp-block-column-is-layout-flow\">\n<figure class=\"wp-block-image size-full\"><img decoding=\"async\" width=\"800\" height=\"800\" src=\"https:\/\/www.yigejiaceramics.com\/wp-content\/uploads\/2026\/04\/Wholesale-Black-Soap-Dispenser-Ceramics-8.webp\" alt=\"Mayorista Jabonera Ceramica Negra\" class=\"wp-image-2222\" srcset=\"https:\/\/www.yigejiaceramics.com\/wp-content\/uploads\/2026\/04\/Wholesale-Black-Soap-Dispenser-Ceramics-8.webp 800w, https:\/\/www.yigejiaceramics.com\/wp-content\/uploads\/2026\/04\/Wholesale-Black-Soap-Dispenser-Ceramics-8-300x300.webp 300w, https:\/\/www.yigejiaceramics.com\/wp-content\/uploads\/2026\/04\/Wholesale-Black-Soap-Dispenser-Ceramics-8-150x150.webp 150w, https:\/\/www.yigejiaceramics.com\/wp-content\/uploads\/2026\/04\/Wholesale-Black-Soap-Dispenser-Ceramics-8-768x768.webp 768w, https:\/\/www.yigejiaceramics.com\/wp-content\/uploads\/2026\/04\/Wholesale-Black-Soap-Dispenser-Ceramics-8-12x12.webp 12w, https:\/\/www.yigejiaceramics.com\/wp-content\/uploads\/2026\/04\/Wholesale-Black-Soap-Dispenser-Ceramics-8-600x600.webp 600w, https:\/\/www.yigejiaceramics.com\/wp-content\/uploads\/2026\/04\/Wholesale-Black-Soap-Dispenser-Ceramics-8-100x100.webp 100w\" sizes=\"(max-width: 800px) 100vw, 800px\" \/><\/figure>\n<\/div>\n<\/div>\n\n\n\n<div class=\"wp-block-columns is-layout-flex wp-container-core-columns-is-layout-9d6595d7 wp-block-columns-is-layout-flex\">\n<div class=\"wp-block-column is-layout-flow wp-block-column-is-layout-flow\">\n<figure class=\"wp-block-image size-full\"><img decoding=\"async\" width=\"800\" height=\"800\" src=\"https:\/\/www.yigejiaceramics.com\/wp-content\/uploads\/2026\/04\/Wholesale-Black-Soap-Dispenser-Ceramics-11.webp\" alt=\"Mayorista Jabonera Ceramica Negra\" class=\"wp-image-2225\" srcset=\"https:\/\/www.yigejiaceramics.com\/wp-content\/uploads\/2026\/04\/Wholesale-Black-Soap-Dispenser-Ceramics-11.webp 800w, https:\/\/www.yigejiaceramics.com\/wp-content\/uploads\/2026\/04\/Wholesale-Black-Soap-Dispenser-Ceramics-11-300x300.webp 300w, https:\/\/www.yigejiaceramics.com\/wp-content\/uploads\/2026\/04\/Wholesale-Black-Soap-Dispenser-Ceramics-11-150x150.webp 150w, https:\/\/www.yigejiaceramics.com\/wp-content\/uploads\/2026\/04\/Wholesale-Black-Soap-Dispenser-Ceramics-11-768x768.webp 768w, https:\/\/www.yigejiaceramics.com\/wp-content\/uploads\/2026\/04\/Wholesale-Black-Soap-Dispenser-Ceramics-11-12x12.webp 12w, https:\/\/www.yigejiaceramics.com\/wp-content\/uploads\/2026\/04\/Wholesale-Black-Soap-Dispenser-Ceramics-11-600x600.webp 600w, https:\/\/www.yigejiaceramics.com\/wp-content\/uploads\/2026\/04\/Wholesale-Black-Soap-Dispenser-Ceramics-11-100x100.webp 100w\" sizes=\"(max-width: 800px) 100vw, 800px\" \/><\/figure>\n<\/div>\n\n\n\n<div class=\"wp-block-column is-layout-flow wp-block-column-is-layout-flow\">\n<figure class=\"wp-block-image size-full\"><img decoding=\"async\" width=\"800\" height=\"800\" src=\"https:\/\/www.yigejiaceramics.com\/wp-content\/uploads\/2026\/04\/Wholesale-Black-Soap-Dispenser-Ceramics-10.webp\" alt=\"Mayorista Jabonera Ceramica Negra\" class=\"wp-image-2224\" srcset=\"https:\/\/www.yigejiaceramics.com\/wp-content\/uploads\/2026\/04\/Wholesale-Black-Soap-Dispenser-Ceramics-10.webp 800w, https:\/\/www.yigejiaceramics.com\/wp-content\/uploads\/2026\/04\/Wholesale-Black-Soap-Dispenser-Ceramics-10-300x300.webp 300w, https:\/\/www.yigejiaceramics.com\/wp-content\/uploads\/2026\/04\/Wholesale-Black-Soap-Dispenser-Ceramics-10-150x150.webp 150w, https:\/\/www.yigejiaceramics.com\/wp-content\/uploads\/2026\/04\/Wholesale-Black-Soap-Dispenser-Ceramics-10-768x768.webp 768w, https:\/\/www.yigejiaceramics.com\/wp-content\/uploads\/2026\/04\/Wholesale-Black-Soap-Dispenser-Ceramics-10-12x12.webp 12w, https:\/\/www.yigejiaceramics.com\/wp-content\/uploads\/2026\/04\/Wholesale-Black-Soap-Dispenser-Ceramics-10-600x600.webp 600w, https:\/\/www.yigejiaceramics.com\/wp-content\/uploads\/2026\/04\/Wholesale-Black-Soap-Dispenser-Ceramics-10-100x100.webp 100w\" sizes=\"(max-width: 800px) 100vw, 800px\" \/><\/figure>\n<\/div>\n<\/div>","protected":false},"excerpt":{"rendered":"<p data-start=\"502\" data-end=\"730\">Mayorista Jabonera Ceramica Negra con precios de fabrica al por mayor y muestras gratis. Efecto m\u00e1rmol negro y oro \u201cLOCI\u00d3N\u201d botella de la bomba con acabado de lujo, perfecto para juegos de ba\u00f1o, proyectos de hotel, al por menor, y la personalizaci\u00f3n a granel.<\/p>\n<h2>Par\u00e1metro al por mayor de cer\u00e1mica dispensador de jab\u00f3n negro\uff1a.<\/h2>\n<table>\n<tbody>\n<tr>\n<td>Fabricante<\/td>\n<td>Yigejia<\/td>\n<\/tr>\n<tr>\n<td>Tipo de producto<\/td>\n<td>Dispensador de jab\u00f3n<\/td>\n<\/tr>\n<tr>\n<td>Material<\/td>\n<td>Cer\u00e1mica<\/td>\n<\/tr>\n<tr>\n<td>Color<\/td>\n<td>Negro<\/td>\n<\/tr>\n<tr>\n<td>El set incluye<\/td>\n<td>1 unidad<\/td>\n<\/tr>\n<tr>\n<td>Componentes<\/td>\n<td>Dispensador de jab\u00f3n<\/td>\n<\/tr>\n<tr>\n<td>Acabado<\/td>\n<td>Acabado mate<\/td>\n<\/tr>\n<tr>\n<td>Solicitud<\/td>\n<td>Hogar, Ba\u00f1o, Hoteles, Apartamentos, Spa<\/td>\n<\/tr>\n<tr>\n<td>Cantidad m\u00ednima de pedido<\/td>\n<td>MOQ bajo<\/td>\n<\/tr>\n<tr>\n<td>Muestra gratuita<\/td>\n<td>Disponible<\/td>\n<\/tr>\n<tr>\n<td>Personalizado<\/td>\n<td>Color\/Tama\u00f1o\/Logotipo\/Empaque<\/td>\n<\/tr>\n<\/tbody>\n<\/table>","protected":false},"featured_media":2216,"comment_status":"closed","ping_status":"closed","template":"","meta":{"_acf_changed":false},"product_brand":[],"product_cat":[20],"product_tag":[],"class_list":{"0":"post-2214","1":"product","2":"type-product","3":"status-publish","4":"has-post-thumbnail","6":"product_cat-custom-soap-dispenser","8":"first","9":"instock","10":"shipping-taxable","11":"product-type-simple"},"acf":[],"_links":{"self":[{"href":"https:\/\/www.yigejiaceramics.com\/es\/wp-json\/wp\/v2\/product\/2214","targetHints":{"allow":["GET"]}}],"collection":[{"href":"https:\/\/www.yigejiaceramics.com\/es\/wp-json\/wp\/v2\/product"}],"about":[{"href":"https:\/\/www.yigejiaceramics.com\/es\/wp-json\/wp\/v2\/types\/product"}],"replies":[{"embeddable":true,"href":"https:\/\/www.yigejiaceramics.com\/es\/wp-json\/wp\/v2\/comments?post=2214"}],"wp:featuredmedia":[{"embeddable":true,"href":"https:\/\/www.yigejiaceramics.com\/es\/wp-json\/wp\/v2\/media\/2216"}],"wp:attachment":[{"href":"https:\/\/www.yigejiaceramics.com\/es\/wp-json\/wp\/v2\/media?parent=2214"}],"wp:term":[{"taxonomy":"product_brand","embeddable":true,"href":"https:\/\/www.yigejiaceramics.com\/es\/wp-json\/wp\/v2\/product_brand?post=2214"},{"taxonomy":"product_cat","embeddable":true,"href":"https:\/\/www.yigejiaceramics.com\/es\/wp-json\/wp\/v2\/product_cat?post=2214"},{"taxonomy":"product_tag","embeddable":true,"href":"https:\/\/www.yigejiaceramics.com\/es\/wp-json\/wp\/v2\/product_tag?post=2214"}],"curies":[{"name":"wp","href":"https:\/\/api.w.org\/{rel}","templated":true}]}}