{"id":2204,"date":"2026-04-18T01:51:21","date_gmt":"2026-04-18T01:51:21","guid":{"rendered":"https:\/\/www.yigejiaceramics.com\/?post_type=product&#038;p=2204"},"modified":"2026-04-18T01:51:22","modified_gmt":"2026-04-18T01:51:22","slug":"wholesale-black-soap-dish-ceramics","status":"publish","type":"product","link":"https:\/\/www.yigejiaceramics.com\/es\/producto\/wholesale-black-soap-dish-ceramics\/","title":{"rendered":"Mayorista Jabonera de Cer\u00e1mica Negra, Efecto M\u00e1rmol Accesorio de Ba\u00f1o Fabricante"},"content":{"rendered":"<div class=\"wp-block-columns is-layout-flex wp-container-core-columns-is-layout-9d6595d7 wp-block-columns-is-layout-flex\">\n<div class=\"wp-block-column is-layout-flow wp-block-column-is-layout-flow\">\n<h2 class=\"wp-block-heading\">Mayorista Jabonera Negra Cer\u00e1mica Caracter\u00edsticas<\/h2>\n\n\n\n<ul class=\"wp-block-list\">\n<li><strong>Dise\u00f1o negro y dorado efecto m\u00e1rmol<\/strong>: Mayorista Jabonera Negra Cer\u00e1mica cuenta con un acabado negro y dorado inspirado en el m\u00e1rmol, a\u00f1adiendo un toque de lujo a los cuartos de ba\u00f1o.<\/li>\n\n\n\n<li><strong>\u201cDise\u00f1o de etiquetas de texto \u201dLOTION<\/strong>: Mayorista de Jabonera de Cer\u00e1mica Negra incluye una clara marca \u201cLOTION\u201d, combinando practicidad y estilo moderno.<\/li>\n\n\n\n<li><strong>Material cer\u00e1mico duradero:<\/strong> Las jaboneras negras al por mayor est\u00e1n fabricadas en cer\u00e1mica de alta calidad, son resistentes y f\u00e1ciles de mantener.<\/li>\n\n\n\n<li><strong>Perfecto para el juego de ba\u00f1o de 4 piezas<\/strong>: Mayorista de Jabonera de Cer\u00e1mica Negra combina bien con el vaso, el dosificador y la bandeja para un juego de ba\u00f1o completo.<\/li>\n\n\n\n<li><strong>Precios directos de f\u00e1brica y muestras gratuitas<\/strong>: Venta al por mayor de cer\u00e1mica Jabonera Negro viene con precios al por mayor de f\u00e1brica y muestras gratis para los compradores a granel.<\/li>\n<\/ul>\n<\/div>\n\n\n\n<div class=\"wp-block-column is-layout-flow wp-block-column-is-layout-flow\">\n<figure class=\"wp-block-image size-full\"><img decoding=\"async\" width=\"800\" height=\"800\" src=\"https:\/\/www.yigejiaceramics.com\/wp-content\/uploads\/2026\/04\/Wholesale-Black-Soap-Dish-Ceramics-7.webp\" alt=\"Mayorista Jabonera de Cer\u00e1mica Negra\" class=\"wp-image-2211\" srcset=\"https:\/\/www.yigejiaceramics.com\/wp-content\/uploads\/2026\/04\/Wholesale-Black-Soap-Dish-Ceramics-7.webp 800w, https:\/\/www.yigejiaceramics.com\/wp-content\/uploads\/2026\/04\/Wholesale-Black-Soap-Dish-Ceramics-7-300x300.webp 300w, https:\/\/www.yigejiaceramics.com\/wp-content\/uploads\/2026\/04\/Wholesale-Black-Soap-Dish-Ceramics-7-150x150.webp 150w, https:\/\/www.yigejiaceramics.com\/wp-content\/uploads\/2026\/04\/Wholesale-Black-Soap-Dish-Ceramics-7-768x768.webp 768w, https:\/\/www.yigejiaceramics.com\/wp-content\/uploads\/2026\/04\/Wholesale-Black-Soap-Dish-Ceramics-7-12x12.webp 12w, https:\/\/www.yigejiaceramics.com\/wp-content\/uploads\/2026\/04\/Wholesale-Black-Soap-Dish-Ceramics-7-600x600.webp 600w, https:\/\/www.yigejiaceramics.com\/wp-content\/uploads\/2026\/04\/Wholesale-Black-Soap-Dish-Ceramics-7-100x100.webp 100w\" sizes=\"(max-width: 800px) 100vw, 800px\" \/><\/figure>\n<\/div>\n<\/div>\n\n\n\n<div class=\"wp-block-columns is-layout-flex wp-container-core-columns-is-layout-9d6595d7 wp-block-columns-is-layout-flex\">\n<div class=\"wp-block-column is-layout-flow wp-block-column-is-layout-flow\">\n<figure class=\"wp-block-image size-full\"><img decoding=\"async\" width=\"800\" height=\"800\" src=\"https:\/\/www.yigejiaceramics.com\/wp-content\/uploads\/2026\/04\/Wholesale-Black-Soap-Dish-Ceramics-9.webp\" alt=\"Mayorista Jabonera de Cer\u00e1mica Negra\" class=\"wp-image-2213\" srcset=\"https:\/\/www.yigejiaceramics.com\/wp-content\/uploads\/2026\/04\/Wholesale-Black-Soap-Dish-Ceramics-9.webp 800w, https:\/\/www.yigejiaceramics.com\/wp-content\/uploads\/2026\/04\/Wholesale-Black-Soap-Dish-Ceramics-9-300x300.webp 300w, https:\/\/www.yigejiaceramics.com\/wp-content\/uploads\/2026\/04\/Wholesale-Black-Soap-Dish-Ceramics-9-150x150.webp 150w, https:\/\/www.yigejiaceramics.com\/wp-content\/uploads\/2026\/04\/Wholesale-Black-Soap-Dish-Ceramics-9-768x768.webp 768w, https:\/\/www.yigejiaceramics.com\/wp-content\/uploads\/2026\/04\/Wholesale-Black-Soap-Dish-Ceramics-9-12x12.webp 12w, https:\/\/www.yigejiaceramics.com\/wp-content\/uploads\/2026\/04\/Wholesale-Black-Soap-Dish-Ceramics-9-600x600.webp 600w, https:\/\/www.yigejiaceramics.com\/wp-content\/uploads\/2026\/04\/Wholesale-Black-Soap-Dish-Ceramics-9-100x100.webp 100w\" sizes=\"(max-width: 800px) 100vw, 800px\" \/><\/figure>\n<\/div>\n\n\n\n<div class=\"wp-block-column is-layout-flow wp-block-column-is-layout-flow\">\n<figure class=\"wp-block-image size-full\"><img decoding=\"async\" width=\"800\" height=\"800\" src=\"https:\/\/www.yigejiaceramics.com\/wp-content\/uploads\/2026\/04\/Wholesale-Black-Soap-Dish-Ceramics-5.webp\" alt=\"Mayorista Jabonera de Cer\u00e1mica Negra\" class=\"wp-image-2209\" srcset=\"https:\/\/www.yigejiaceramics.com\/wp-content\/uploads\/2026\/04\/Wholesale-Black-Soap-Dish-Ceramics-5.webp 800w, https:\/\/www.yigejiaceramics.com\/wp-content\/uploads\/2026\/04\/Wholesale-Black-Soap-Dish-Ceramics-5-300x300.webp 300w, https:\/\/www.yigejiaceramics.com\/wp-content\/uploads\/2026\/04\/Wholesale-Black-Soap-Dish-Ceramics-5-150x150.webp 150w, https:\/\/www.yigejiaceramics.com\/wp-content\/uploads\/2026\/04\/Wholesale-Black-Soap-Dish-Ceramics-5-768x768.webp 768w, https:\/\/www.yigejiaceramics.com\/wp-content\/uploads\/2026\/04\/Wholesale-Black-Soap-Dish-Ceramics-5-12x12.webp 12w, https:\/\/www.yigejiaceramics.com\/wp-content\/uploads\/2026\/04\/Wholesale-Black-Soap-Dish-Ceramics-5-600x600.webp 600w, https:\/\/www.yigejiaceramics.com\/wp-content\/uploads\/2026\/04\/Wholesale-Black-Soap-Dish-Ceramics-5-100x100.webp 100w\" sizes=\"(max-width: 800px) 100vw, 800px\" \/><\/figure>\n<\/div>\n<\/div>","protected":false},"excerpt":{"rendered":"<p data-start=\"502\" data-end=\"730\">Mayorista Jabonera Ceramica Negra con precios de f\u00e1brica al por mayor y muestras gratis. Efecto m\u00e1rmol negro y oro \u201cLOTION\u201d titular de cer\u00e1mica con acabado de lujo, perfecto para juegos de ba\u00f1o, proyectos de hotel, venta por menor, y la personalizaci\u00f3n a granel.<\/p>\n<h2>Venta al por mayor de cer\u00e1mica de plato de jab\u00f3n negro Par\u00e1metro\uff1a<\/h2>\n<table>\n<tbody>\n<tr>\n<td>Fabricante<\/td>\n<td>Yigejia<\/td>\n<\/tr>\n<tr>\n<td>Tipo de producto<\/td>\n<td>Jabonera<\/td>\n<\/tr>\n<tr>\n<td>Material<\/td>\n<td>Cer\u00e1mica<\/td>\n<\/tr>\n<tr>\n<td>Color<\/td>\n<td>Negro<\/td>\n<\/tr>\n<tr>\n<td>El set incluye<\/td>\n<td>1 unidad<\/td>\n<\/tr>\n<tr>\n<td>Componentes<\/td>\n<td>Jabonera<\/td>\n<\/tr>\n<tr>\n<td>Acabado<\/td>\n<td>Acabado mate<\/td>\n<\/tr>\n<tr>\n<td>Solicitud<\/td>\n<td>Hogar, Ba\u00f1o, Hoteles, Apartamentos, Spa<\/td>\n<\/tr>\n<tr>\n<td>Cantidad m\u00ednima de pedido<\/td>\n<td>MOQ bajo<\/td>\n<\/tr>\n<tr>\n<td>Muestra gratuita<\/td>\n<td>Disponible<\/td>\n<\/tr>\n<tr>\n<td>Personalizado<\/td>\n<td>Color\/Tama\u00f1o\/Logotipo\/Empaque<\/td>\n<\/tr>\n<\/tbody>\n<\/table>","protected":false},"featured_media":2206,"comment_status":"closed","ping_status":"closed","template":"","meta":{"_acf_changed":false},"product_brand":[],"product_cat":[23],"product_tag":[],"class_list":{"0":"post-2204","1":"product","2":"type-product","3":"status-publish","4":"has-post-thumbnail","6":"product_cat-soap-dish-wholesale","8":"first","9":"instock","10":"shipping-taxable","11":"product-type-simple"},"acf":[],"_links":{"self":[{"href":"https:\/\/www.yigejiaceramics.com\/es\/wp-json\/wp\/v2\/product\/2204","targetHints":{"allow":["GET"]}}],"collection":[{"href":"https:\/\/www.yigejiaceramics.com\/es\/wp-json\/wp\/v2\/product"}],"about":[{"href":"https:\/\/www.yigejiaceramics.com\/es\/wp-json\/wp\/v2\/types\/product"}],"replies":[{"embeddable":true,"href":"https:\/\/www.yigejiaceramics.com\/es\/wp-json\/wp\/v2\/comments?post=2204"}],"wp:featuredmedia":[{"embeddable":true,"href":"https:\/\/www.yigejiaceramics.com\/es\/wp-json\/wp\/v2\/media\/2206"}],"wp:attachment":[{"href":"https:\/\/www.yigejiaceramics.com\/es\/wp-json\/wp\/v2\/media?parent=2204"}],"wp:term":[{"taxonomy":"product_brand","embeddable":true,"href":"https:\/\/www.yigejiaceramics.com\/es\/wp-json\/wp\/v2\/product_brand?post=2204"},{"taxonomy":"product_cat","embeddable":true,"href":"https:\/\/www.yigejiaceramics.com\/es\/wp-json\/wp\/v2\/product_cat?post=2204"},{"taxonomy":"product_tag","embeddable":true,"href":"https:\/\/www.yigejiaceramics.com\/es\/wp-json\/wp\/v2\/product_tag?post=2204"}],"curies":[{"name":"wp","href":"https:\/\/api.w.org\/{rel}","templated":true}]}}