{"id":2201,"date":"2026-04-18T01:56:57","date_gmt":"2026-04-18T01:56:57","guid":{"rendered":"https:\/\/www.yigejiaceramics.com\/?post_type=product&#038;p=2201"},"modified":"2026-04-18T01:57:00","modified_gmt":"2026-04-18T01:57:00","slug":"vintage-ceramic-soap-holder-bulk","status":"publish","type":"product","link":"https:\/\/www.yigejiaceramics.com\/es\/producto\/vintage-ceramic-soap-holder-bulk\/","title":{"rendered":"Jabonera de Cer\u00e1mica Vintage a Granel, Plato con Textura de Esmalte Reactivo Azul al por Mayor"},"content":{"rendered":"<div class=\"wp-block-columns is-layout-flex wp-container-core-columns-is-layout-9d6595d7 wp-block-columns-is-layout-flex\">\n<div class=\"wp-block-column is-layout-flow wp-block-column-is-layout-flow\">\n<h2 class=\"wp-block-heading\">Jabonera de Cer\u00e1mica Vintage a Granel Caracter\u00edsticas<\/h2>\n\n\n\n<ul class=\"wp-block-list\">\n<li><strong>Esmalte reactivo Vintage Blue<\/strong>: Jabonera de cer\u00e1mica vintage a granel cuenta con un acabado de esmalte reactivo azul, dando a cada pieza una textura vintage natural.<\/li>\n\n\n\n<li><strong>\u201cBA\u00d1O\u201d Dise\u00f1o texturizado<\/strong>: Jabonera de cer\u00e1mica vintage a granel viene con una textura clara \u201cBA\u00d1O\u201d en relieve, que combina funcionalidad y estilo.<\/li>\n\n\n\n<li><strong>Material cer\u00e1mico duradero<\/strong>: Vintage Jabonera de cer\u00e1mica a granel est\u00e1 hecho de cer\u00e1mica de alta calidad, resistente y f\u00e1cil de limpiar para el uso diario.<\/li>\n\n\n\n<li><strong>Perfecto para el juego de ba\u00f1o de 4 piezas<\/strong>: Jabonera de cer\u00e1mica vintage a granel se combina perfectamente con el vaso, el dispensador y la bandeja para un juego de ba\u00f1o completo.<\/li>\n\n\n\n<li><strong>Precios directos de f\u00e1brica y muestras gratuitas<\/strong>: Vintage Jabonera de Cer\u00e1mica a Granel ofrece precios al por mayor de f\u00e1brica y muestras gratis para los compradores a granel.<\/li>\n<\/ul>\n<\/div>\n\n\n\n<div class=\"wp-block-column is-layout-flow wp-block-column-is-layout-flow\">\n<figure class=\"wp-block-image size-full\"><img decoding=\"async\" width=\"800\" height=\"800\" src=\"https:\/\/www.yigejiaceramics.com\/wp-content\/uploads\/2026\/04\/Vintage-Ceramic-Soap-Holder-Bulk-2.webp\" alt=\"Jabonera de cer\u00e1mica vintage a granel\" class=\"wp-image-2203\" srcset=\"https:\/\/www.yigejiaceramics.com\/wp-content\/uploads\/2026\/04\/Vintage-Ceramic-Soap-Holder-Bulk-2.webp 800w, https:\/\/www.yigejiaceramics.com\/wp-content\/uploads\/2026\/04\/Vintage-Ceramic-Soap-Holder-Bulk-2-300x300.webp 300w, https:\/\/www.yigejiaceramics.com\/wp-content\/uploads\/2026\/04\/Vintage-Ceramic-Soap-Holder-Bulk-2-150x150.webp 150w, https:\/\/www.yigejiaceramics.com\/wp-content\/uploads\/2026\/04\/Vintage-Ceramic-Soap-Holder-Bulk-2-768x768.webp 768w, https:\/\/www.yigejiaceramics.com\/wp-content\/uploads\/2026\/04\/Vintage-Ceramic-Soap-Holder-Bulk-2-12x12.webp 12w, https:\/\/www.yigejiaceramics.com\/wp-content\/uploads\/2026\/04\/Vintage-Ceramic-Soap-Holder-Bulk-2-600x600.webp 600w, https:\/\/www.yigejiaceramics.com\/wp-content\/uploads\/2026\/04\/Vintage-Ceramic-Soap-Holder-Bulk-2-100x100.webp 100w\" sizes=\"(max-width: 800px) 100vw, 800px\" \/><\/figure>\n<\/div>\n<\/div>\n\n\n\n<div class=\"wp-block-columns is-layout-flex wp-container-core-columns-is-layout-9d6595d7 wp-block-columns-is-layout-flex\">\n<div class=\"wp-block-column is-layout-flow wp-block-column-is-layout-flow\"><\/div>\n\n\n\n<div class=\"wp-block-column is-layout-flow wp-block-column-is-layout-flow\"><\/div>\n<\/div>","protected":false},"excerpt":{"rendered":"<p data-start=\"502\" data-end=\"730\">Jabonera de cer\u00e1mica vintage a granel con precios de f\u00e1brica al por mayor y muestras gratis. Plato con textura de esmalte reactivo azul con estilo r\u00fastico vintage, perfecto para juegos de ba\u00f1o, proyectos de hotel, venta al por menor y personalizaci\u00f3n a granel.<\/p>\n<h2>Jabonera de cer\u00e1mica vintage a granel par\u00e1metro\uff1a.<\/h2>\n<table>\n<tbody>\n<tr>\n<td>Fabricante<\/td>\n<td>Yigejia<\/td>\n<\/tr>\n<tr>\n<td>Tipo de producto<\/td>\n<td>Jabonera<\/td>\n<\/tr>\n<tr>\n<td>Material<\/td>\n<td>Cer\u00e1mica<\/td>\n<\/tr>\n<tr>\n<td>Color<\/td>\n<td>Azul Oro<\/td>\n<\/tr>\n<tr>\n<td>El set incluye<\/td>\n<td>1 unidad<\/td>\n<\/tr>\n<tr>\n<td>Componentes<\/td>\n<td>Jabonera<\/td>\n<\/tr>\n<tr>\n<td>Acabado<\/td>\n<td>Acabado mate<\/td>\n<\/tr>\n<tr>\n<td>Solicitud<\/td>\n<td>Hogar, Ba\u00f1o, Hoteles, Apartamentos, Spa<\/td>\n<\/tr>\n<tr>\n<td>Cantidad m\u00ednima de pedido<\/td>\n<td>MOQ bajo<\/td>\n<\/tr>\n<tr>\n<td>Muestra gratuita<\/td>\n<td>Disponible<\/td>\n<\/tr>\n<tr>\n<td>Personalizado<\/td>\n<td>Color\/Tama\u00f1o\/Logotipo\/Empaque<\/td>\n<\/tr>\n<\/tbody>\n<\/table>","protected":false},"featured_media":2202,"comment_status":"closed","ping_status":"closed","template":"","meta":{"_acf_changed":false},"product_brand":[],"product_cat":[23],"product_tag":[],"class_list":{"0":"post-2201","1":"product","2":"type-product","3":"status-publish","4":"has-post-thumbnail","6":"product_cat-soap-dish-wholesale","8":"first","9":"instock","10":"shipping-taxable","11":"product-type-simple"},"acf":[],"_links":{"self":[{"href":"https:\/\/www.yigejiaceramics.com\/es\/wp-json\/wp\/v2\/product\/2201","targetHints":{"allow":["GET"]}}],"collection":[{"href":"https:\/\/www.yigejiaceramics.com\/es\/wp-json\/wp\/v2\/product"}],"about":[{"href":"https:\/\/www.yigejiaceramics.com\/es\/wp-json\/wp\/v2\/types\/product"}],"replies":[{"embeddable":true,"href":"https:\/\/www.yigejiaceramics.com\/es\/wp-json\/wp\/v2\/comments?post=2201"}],"wp:featuredmedia":[{"embeddable":true,"href":"https:\/\/www.yigejiaceramics.com\/es\/wp-json\/wp\/v2\/media\/2202"}],"wp:attachment":[{"href":"https:\/\/www.yigejiaceramics.com\/es\/wp-json\/wp\/v2\/media?parent=2201"}],"wp:term":[{"taxonomy":"product_brand","embeddable":true,"href":"https:\/\/www.yigejiaceramics.com\/es\/wp-json\/wp\/v2\/product_brand?post=2201"},{"taxonomy":"product_cat","embeddable":true,"href":"https:\/\/www.yigejiaceramics.com\/es\/wp-json\/wp\/v2\/product_cat?post=2201"},{"taxonomy":"product_tag","embeddable":true,"href":"https:\/\/www.yigejiaceramics.com\/es\/wp-json\/wp\/v2\/product_tag?post=2201"}],"curies":[{"name":"wp","href":"https:\/\/api.w.org\/{rel}","templated":true}]}}