{"id":2198,"date":"2026-04-18T02:00:06","date_gmt":"2026-04-18T02:00:06","guid":{"rendered":"https:\/\/www.yigejiaceramics.com\/?post_type=product&#038;p=2198"},"modified":"2026-04-18T02:00:09","modified_gmt":"2026-04-18T02:00:09","slug":"vintage-ceramic-soap-dispenser-oem","status":"publish","type":"product","link":"https:\/\/www.yigejiaceramics.com\/es\/producto\/vintage-ceramic-soap-dispenser-oem\/","title":{"rendered":"Vintage dispensador de jab\u00f3n de cer\u00e1mica a granel, azul reactivo esmalte botella de la bomba para el hogar del hotel"},"content":{"rendered":"<div class=\"wp-block-columns is-layout-flex wp-container-core-columns-is-layout-9d6595d7 wp-block-columns-is-layout-flex\">\n<div class=\"wp-block-column is-layout-flow wp-block-column-is-layout-flow\">\n<h2 class=\"wp-block-heading\">Dispensador de jab\u00f3n de cer\u00e1mica vintage a granel Caracter\u00edsticas<\/h2>\n\n\n\n<ul class=\"wp-block-list\">\n<li><strong>Esmalte reactivo Vintage Blue<\/strong>: El Dispensador de Jab\u00f3n de Cer\u00e1mica Vintage a Granel presenta un acabado de esmalte reactivo azul, que confiere a cada botella un aspecto vintage \u00fanico.<\/li>\n\n\n\n<li><strong>\u201cDise\u00f1o de botella con bomba \u201dWASH<\/strong>: El dispensador de jab\u00f3n de cer\u00e1mica vintage a granel incluye una etiqueta \u201cWASH\u201d transparente, lo que lo hace pr\u00e1ctico y visualmente elegante.<\/li>\n\n\n\n<li><strong>Material cer\u00e1mico duradero<\/strong>: Vintage Jabonera de cer\u00e1mica a granel est\u00e1 hecho de cer\u00e1mica fuerte, durable para el uso diario de ba\u00f1o y f\u00e1cil de limpiar.<\/li>\n\n\n\n<li><strong>Perfecto para el juego de ba\u00f1o de 4 piezas<\/strong>El dispensador de jab\u00f3n de cer\u00e1mica vintage a granel combina a la perfecci\u00f3n con el vaso, la jabonera y la bandeja para crear un juego de ba\u00f1o completo.<\/li>\n\n\n\n<li><strong>Precios directos de f\u00e1brica y muestras gratuitas<\/strong>: Vintage Cer\u00e1mica Jab\u00f3n Dispensador a granel viene con precios al por mayor de f\u00e1brica y muestras gratis para los compradores a granel.<\/li>\n<\/ul>\n<\/div>\n\n\n\n<div class=\"wp-block-column is-layout-flow wp-block-column-is-layout-flow\">\n<figure class=\"wp-block-image size-full\"><img decoding=\"async\" width=\"800\" height=\"800\" src=\"https:\/\/www.yigejiaceramics.com\/wp-content\/uploads\/2026\/04\/Vintage-Ceramic-Soap-Dispenser-Bulk-2.webp\" alt=\"Dispensador de jab\u00f3n de cer\u00e1mica vintage a granel\" class=\"wp-image-2200\" srcset=\"https:\/\/www.yigejiaceramics.com\/wp-content\/uploads\/2026\/04\/Vintage-Ceramic-Soap-Dispenser-Bulk-2.webp 800w, https:\/\/www.yigejiaceramics.com\/wp-content\/uploads\/2026\/04\/Vintage-Ceramic-Soap-Dispenser-Bulk-2-300x300.webp 300w, https:\/\/www.yigejiaceramics.com\/wp-content\/uploads\/2026\/04\/Vintage-Ceramic-Soap-Dispenser-Bulk-2-150x150.webp 150w, https:\/\/www.yigejiaceramics.com\/wp-content\/uploads\/2026\/04\/Vintage-Ceramic-Soap-Dispenser-Bulk-2-768x768.webp 768w, https:\/\/www.yigejiaceramics.com\/wp-content\/uploads\/2026\/04\/Vintage-Ceramic-Soap-Dispenser-Bulk-2-12x12.webp 12w, https:\/\/www.yigejiaceramics.com\/wp-content\/uploads\/2026\/04\/Vintage-Ceramic-Soap-Dispenser-Bulk-2-600x600.webp 600w, https:\/\/www.yigejiaceramics.com\/wp-content\/uploads\/2026\/04\/Vintage-Ceramic-Soap-Dispenser-Bulk-2-100x100.webp 100w\" sizes=\"(max-width: 800px) 100vw, 800px\" \/><\/figure>\n<\/div>\n<\/div>\n\n\n\n<div class=\"wp-block-columns is-layout-flex wp-container-core-columns-is-layout-9d6595d7 wp-block-columns-is-layout-flex\">\n<div class=\"wp-block-column is-layout-flow wp-block-column-is-layout-flow\">\n<figure class=\"wp-block-image size-full\"><img decoding=\"async\" width=\"800\" height=\"800\" src=\"https:\/\/www.yigejiaceramics.com\/wp-content\/uploads\/2026\/04\/Vintage-Ceramic-Soap-Dispenser-Bulk-2.webp\" alt=\"Dispensador de jab\u00f3n de cer\u00e1mica vintage a granel\" class=\"wp-image-2200\" srcset=\"https:\/\/www.yigejiaceramics.com\/wp-content\/uploads\/2026\/04\/Vintage-Ceramic-Soap-Dispenser-Bulk-2.webp 800w, https:\/\/www.yigejiaceramics.com\/wp-content\/uploads\/2026\/04\/Vintage-Ceramic-Soap-Dispenser-Bulk-2-300x300.webp 300w, https:\/\/www.yigejiaceramics.com\/wp-content\/uploads\/2026\/04\/Vintage-Ceramic-Soap-Dispenser-Bulk-2-150x150.webp 150w, https:\/\/www.yigejiaceramics.com\/wp-content\/uploads\/2026\/04\/Vintage-Ceramic-Soap-Dispenser-Bulk-2-768x768.webp 768w, https:\/\/www.yigejiaceramics.com\/wp-content\/uploads\/2026\/04\/Vintage-Ceramic-Soap-Dispenser-Bulk-2-12x12.webp 12w, https:\/\/www.yigejiaceramics.com\/wp-content\/uploads\/2026\/04\/Vintage-Ceramic-Soap-Dispenser-Bulk-2-600x600.webp 600w, https:\/\/www.yigejiaceramics.com\/wp-content\/uploads\/2026\/04\/Vintage-Ceramic-Soap-Dispenser-Bulk-2-100x100.webp 100w\" sizes=\"(max-width: 800px) 100vw, 800px\" \/><\/figure>\n<\/div>\n\n\n\n<div class=\"wp-block-column is-layout-flow wp-block-column-is-layout-flow\">\n<figure class=\"wp-block-image size-full\"><img decoding=\"async\" width=\"800\" height=\"800\" src=\"https:\/\/www.yigejiaceramics.com\/wp-content\/uploads\/2026\/04\/Vintage-Ceramic-Soap-Dispenser-Bulk-1.webp\" alt=\"Dispensador de jab\u00f3n de cer\u00e1mica vintage a granel\" class=\"wp-image-2199\" srcset=\"https:\/\/www.yigejiaceramics.com\/wp-content\/uploads\/2026\/04\/Vintage-Ceramic-Soap-Dispenser-Bulk-1.webp 800w, https:\/\/www.yigejiaceramics.com\/wp-content\/uploads\/2026\/04\/Vintage-Ceramic-Soap-Dispenser-Bulk-1-300x300.webp 300w, https:\/\/www.yigejiaceramics.com\/wp-content\/uploads\/2026\/04\/Vintage-Ceramic-Soap-Dispenser-Bulk-1-150x150.webp 150w, https:\/\/www.yigejiaceramics.com\/wp-content\/uploads\/2026\/04\/Vintage-Ceramic-Soap-Dispenser-Bulk-1-768x768.webp 768w, https:\/\/www.yigejiaceramics.com\/wp-content\/uploads\/2026\/04\/Vintage-Ceramic-Soap-Dispenser-Bulk-1-12x12.webp 12w, https:\/\/www.yigejiaceramics.com\/wp-content\/uploads\/2026\/04\/Vintage-Ceramic-Soap-Dispenser-Bulk-1-600x600.webp 600w, https:\/\/www.yigejiaceramics.com\/wp-content\/uploads\/2026\/04\/Vintage-Ceramic-Soap-Dispenser-Bulk-1-100x100.webp 100w\" sizes=\"(max-width: 800px) 100vw, 800px\" \/><\/figure>\n<\/div>\n<\/div>","protected":false},"excerpt":{"rendered":"<p data-start=\"502\" data-end=\"730\">Dispensador de Jab\u00f3n de Cer\u00e1mica Vintage a Granel con precios al por mayor de f\u00e1brica y muestras gratis. Azul reactivo esmalte \u201cWASH\u201d botella de la bomba con dise\u00f1o r\u00fastico vintage, perfecto para juegos de ba\u00f1o, proyectos de hotel, venta por menor, y las necesidades de personalizaci\u00f3n a granel.<\/p>\n<h2>Vintage dispensador de jab\u00f3n de cer\u00e1mica a granel par\u00e1metro\uff1a.<\/h2>\n<table>\n<tbody>\n<tr>\n<td>Fabricante<\/td>\n<td>Yigejia<\/td>\n<\/tr>\n<tr>\n<td>Tipo de producto<\/td>\n<td>Dispensador de jab\u00f3n<\/td>\n<\/tr>\n<tr>\n<td>Material<\/td>\n<td>Cer\u00e1mica<\/td>\n<\/tr>\n<tr>\n<td>Color<\/td>\n<td>Azul Oro<\/td>\n<\/tr>\n<tr>\n<td>El set incluye<\/td>\n<td>1 unidad<\/td>\n<\/tr>\n<tr>\n<td>Componentes<\/td>\n<td>Dispensador de jab\u00f3n<\/td>\n<\/tr>\n<tr>\n<td>Acabado<\/td>\n<td>Acabado mate<\/td>\n<\/tr>\n<tr>\n<td>Solicitud<\/td>\n<td>Hogar, Ba\u00f1o, Hoteles, Apartamentos, Spa<\/td>\n<\/tr>\n<tr>\n<td>Cantidad m\u00ednima de pedido<\/td>\n<td>MOQ bajo<\/td>\n<\/tr>\n<tr>\n<td>Muestra gratuita<\/td>\n<td>Disponible<\/td>\n<\/tr>\n<tr>\n<td>Personalizado<\/td>\n<td>Color\/Tama\u00f1o\/Logotipo\/Empaque<\/td>\n<\/tr>\n<\/tbody>\n<\/table>","protected":false},"featured_media":2199,"comment_status":"closed","ping_status":"closed","template":"","meta":{"_acf_changed":false},"product_brand":[],"product_cat":[20],"product_tag":[],"class_list":{"0":"post-2198","1":"product","2":"type-product","3":"status-publish","4":"has-post-thumbnail","6":"product_cat-custom-soap-dispenser","8":"first","9":"instock","10":"shipping-taxable","11":"product-type-simple"},"acf":[],"_links":{"self":[{"href":"https:\/\/www.yigejiaceramics.com\/es\/wp-json\/wp\/v2\/product\/2198","targetHints":{"allow":["GET"]}}],"collection":[{"href":"https:\/\/www.yigejiaceramics.com\/es\/wp-json\/wp\/v2\/product"}],"about":[{"href":"https:\/\/www.yigejiaceramics.com\/es\/wp-json\/wp\/v2\/types\/product"}],"replies":[{"embeddable":true,"href":"https:\/\/www.yigejiaceramics.com\/es\/wp-json\/wp\/v2\/comments?post=2198"}],"wp:featuredmedia":[{"embeddable":true,"href":"https:\/\/www.yigejiaceramics.com\/es\/wp-json\/wp\/v2\/media\/2199"}],"wp:attachment":[{"href":"https:\/\/www.yigejiaceramics.com\/es\/wp-json\/wp\/v2\/media?parent=2198"}],"wp:term":[{"taxonomy":"product_brand","embeddable":true,"href":"https:\/\/www.yigejiaceramics.com\/es\/wp-json\/wp\/v2\/product_brand?post=2198"},{"taxonomy":"product_cat","embeddable":true,"href":"https:\/\/www.yigejiaceramics.com\/es\/wp-json\/wp\/v2\/product_cat?post=2198"},{"taxonomy":"product_tag","embeddable":true,"href":"https:\/\/www.yigejiaceramics.com\/es\/wp-json\/wp\/v2\/product_tag?post=2198"}],"curies":[{"name":"wp","href":"https:\/\/api.w.org\/{rel}","templated":true}]}}