{"id":1955,"date":"2026-03-26T02:49:59","date_gmt":"2026-03-26T02:49:59","guid":{"rendered":"https:\/\/www.yigejiaceramics.com\/?post_type=product&#038;p=1955"},"modified":"2026-03-26T02:50:03","modified_gmt":"2026-03-26T02:50:03","slug":"wholesale-ceramic-mouthwash-cup","status":"publish","type":"product","link":"https:\/\/www.yigejiaceramics.com\/es\/producto\/wholesale-ceramic-mouthwash-cup\/","title":{"rendered":"Mayorista Vaso de Cer\u00e1mica para Enjuague Bucal, Vaso de Cer\u00e1mica para Enjuague Bucal, Rosa Colorete Moteado Textura de Rejilla"},"content":{"rendered":"<div class=\"wp-block-columns is-layout-flex wp-container-core-columns-is-layout-9d6595d7 wp-block-columns-is-layout-flex\">\n<div class=\"wp-block-column is-layout-flow wp-block-column-is-layout-flow\">\n<h2 class=\"wp-block-heading\">Vaso de cer\u00e1mica para enjuague bucal al por mayor Caracter\u00edsticas<\/h2>\n\n\n\n<ul class=\"wp-block-list\">\n<li><strong>Dise\u00f1o de cuadr\u00edcula moteada rosa rubor<\/strong>: El vaso de cer\u00e1mica para enjuague bucal al por mayor presenta un delicado dise\u00f1o de rejilla moteada en rosa, que a\u00f1ade calidez y profundidad a cualquier cuarto de ba\u00f1o.<\/li>\n\n\n\n<li><strong>Cer\u00e1mica duradera de alta cocci\u00f3n<\/strong>: Hecho de cer\u00e1mica de primera calidad, el vaso de cer\u00e1mica al por mayor para enjuague bucal es fuerte, resistente a las grietas y construido para un uso a largo plazo.<\/li>\n\n\n\n<li><strong>Perfecto para combinar con el juego de ba\u00f1o<\/strong>: A juego con los juegos de ba\u00f1o de cer\u00e1mica (vaso enjuague bucal, portacepillos de dientes, dispensador de jab\u00f3n, jabonera) para un aspecto cohesionado.<\/li>\n\n\n\n<li><strong>Superficie acristalada lisa<\/strong>: La superficie lisa resiste las manchas y las marcas de agua, lo que facilita la limpieza y mantiene la higiene.<\/li>\n\n\n\n<li><strong>Ventaja del suministro directo de f\u00e1brica<\/strong>: Venta al por mayor de cer\u00e1mica taza de enjuague bucal ofrece precios competitivos de f\u00e1brica, muestras gratis y opciones de personalizaci\u00f3n para la compra eficiente a granel.<\/li>\n<\/ul>\n<\/div>\n\n\n\n<div class=\"wp-block-column is-layout-flow wp-block-column-is-layout-flow\">\n<figure class=\"wp-block-image size-full\"><img decoding=\"async\" width=\"800\" height=\"800\" src=\"https:\/\/www.yigejiaceramics.com\/wp-content\/uploads\/2026\/03\/Wholesale-Ceramic-Mouthwash-Cup-5.webp\" alt=\"Vaso de cer\u00e1mica para enjuague bucal al por mayor\" class=\"wp-image-1960\" srcset=\"https:\/\/www.yigejiaceramics.com\/wp-content\/uploads\/2026\/03\/Wholesale-Ceramic-Mouthwash-Cup-5.webp 800w, https:\/\/www.yigejiaceramics.com\/wp-content\/uploads\/2026\/03\/Wholesale-Ceramic-Mouthwash-Cup-5-300x300.webp 300w, https:\/\/www.yigejiaceramics.com\/wp-content\/uploads\/2026\/03\/Wholesale-Ceramic-Mouthwash-Cup-5-150x150.webp 150w, https:\/\/www.yigejiaceramics.com\/wp-content\/uploads\/2026\/03\/Wholesale-Ceramic-Mouthwash-Cup-5-768x768.webp 768w, https:\/\/www.yigejiaceramics.com\/wp-content\/uploads\/2026\/03\/Wholesale-Ceramic-Mouthwash-Cup-5-12x12.webp 12w, https:\/\/www.yigejiaceramics.com\/wp-content\/uploads\/2026\/03\/Wholesale-Ceramic-Mouthwash-Cup-5-600x600.webp 600w, https:\/\/www.yigejiaceramics.com\/wp-content\/uploads\/2026\/03\/Wholesale-Ceramic-Mouthwash-Cup-5-100x100.webp 100w\" sizes=\"(max-width: 800px) 100vw, 800px\" \/><\/figure>\n<\/div>\n<\/div>\n\n\n\n<div class=\"wp-block-columns is-layout-flex wp-container-core-columns-is-layout-9d6595d7 wp-block-columns-is-layout-flex\">\n<div class=\"wp-block-column is-layout-flow wp-block-column-is-layout-flow\">\n<figure class=\"wp-block-image size-full\"><img decoding=\"async\" width=\"800\" height=\"800\" src=\"https:\/\/www.yigejiaceramics.com\/wp-content\/uploads\/2026\/03\/Wholesale-Ceramic-Mouthwash-Cup-9.webp\" alt=\"Vaso de cer\u00e1mica para enjuague bucal al por mayor\" class=\"wp-image-1964\" srcset=\"https:\/\/www.yigejiaceramics.com\/wp-content\/uploads\/2026\/03\/Wholesale-Ceramic-Mouthwash-Cup-9.webp 800w, https:\/\/www.yigejiaceramics.com\/wp-content\/uploads\/2026\/03\/Wholesale-Ceramic-Mouthwash-Cup-9-300x300.webp 300w, https:\/\/www.yigejiaceramics.com\/wp-content\/uploads\/2026\/03\/Wholesale-Ceramic-Mouthwash-Cup-9-150x150.webp 150w, https:\/\/www.yigejiaceramics.com\/wp-content\/uploads\/2026\/03\/Wholesale-Ceramic-Mouthwash-Cup-9-768x768.webp 768w, https:\/\/www.yigejiaceramics.com\/wp-content\/uploads\/2026\/03\/Wholesale-Ceramic-Mouthwash-Cup-9-12x12.webp 12w, https:\/\/www.yigejiaceramics.com\/wp-content\/uploads\/2026\/03\/Wholesale-Ceramic-Mouthwash-Cup-9-600x600.webp 600w, https:\/\/www.yigejiaceramics.com\/wp-content\/uploads\/2026\/03\/Wholesale-Ceramic-Mouthwash-Cup-9-100x100.webp 100w\" sizes=\"(max-width: 800px) 100vw, 800px\" \/><\/figure>\n<\/div>\n\n\n\n<div class=\"wp-block-column is-layout-flow wp-block-column-is-layout-flow\">\n<figure class=\"wp-block-image size-full\"><img decoding=\"async\" width=\"800\" height=\"800\" src=\"https:\/\/www.yigejiaceramics.com\/wp-content\/uploads\/2026\/03\/Wholesale-Ceramic-Mouthwash-Cup-10.webp\" alt=\"Vaso de cer\u00e1mica para enjuague bucal al por mayor\" class=\"wp-image-1965\" srcset=\"https:\/\/www.yigejiaceramics.com\/wp-content\/uploads\/2026\/03\/Wholesale-Ceramic-Mouthwash-Cup-10.webp 800w, https:\/\/www.yigejiaceramics.com\/wp-content\/uploads\/2026\/03\/Wholesale-Ceramic-Mouthwash-Cup-10-300x300.webp 300w, https:\/\/www.yigejiaceramics.com\/wp-content\/uploads\/2026\/03\/Wholesale-Ceramic-Mouthwash-Cup-10-150x150.webp 150w, https:\/\/www.yigejiaceramics.com\/wp-content\/uploads\/2026\/03\/Wholesale-Ceramic-Mouthwash-Cup-10-768x768.webp 768w, https:\/\/www.yigejiaceramics.com\/wp-content\/uploads\/2026\/03\/Wholesale-Ceramic-Mouthwash-Cup-10-12x12.webp 12w, https:\/\/www.yigejiaceramics.com\/wp-content\/uploads\/2026\/03\/Wholesale-Ceramic-Mouthwash-Cup-10-600x600.webp 600w, https:\/\/www.yigejiaceramics.com\/wp-content\/uploads\/2026\/03\/Wholesale-Ceramic-Mouthwash-Cup-10-100x100.webp 100w\" sizes=\"(max-width: 800px) 100vw, 800px\" \/><\/figure>\n<\/div>\n<\/div>","protected":false},"excerpt":{"rendered":"<p data-start=\"399\" data-end=\"631\">Taza de enjuague bucal de cer\u00e1mica al por mayor con textura de rejilla moteada de color rosa rubor, cer\u00e1mica duradera y f\u00e1cil mantenimiento. Perfecto para hoteles, resorts, y juegos de ba\u00f1o. Precio directo de f\u00e1brica con muestras gratis para compradores a granel.<\/p>\n<h2>Par\u00e1metro de la taza de enjuague bucal de cer\u00e1mica al por mayor\uff1a.<\/h2>\n<table>\n<tbody>\n<tr>\n<td>Fabricante<\/td>\n<td>Yigejia<\/td>\n<\/tr>\n<tr>\n<td>Tipo de producto<\/td>\n<td>Vasos<\/td>\n<\/tr>\n<tr>\n<td>Material<\/td>\n<td>Cer\u00e1mica<\/td>\n<\/tr>\n<tr>\n<td>Color<\/td>\n<td>Rosa<\/td>\n<\/tr>\n<tr>\n<td>El set incluye<\/td>\n<td>1 unidad<\/td>\n<\/tr>\n<tr>\n<td>Componentes<\/td>\n<td>Vasos<\/td>\n<\/tr>\n<tr>\n<td>Acabado<\/td>\n<td>Acabado brillante<\/td>\n<\/tr>\n<tr>\n<td>Solicitud<\/td>\n<td>Hogar, Ba\u00f1o, Hoteles, Apartamentos, Spa<\/td>\n<\/tr>\n<tr>\n<td>Cantidad m\u00ednima de pedido<\/td>\n<td>MOQ bajo<\/td>\n<\/tr>\n<tr>\n<td>Muestra gratuita<\/td>\n<td>Disponible<\/td>\n<\/tr>\n<tr>\n<td>Personalizado<\/td>\n<td>Color\/Tama\u00f1o\/Logotipo\/Empaque<\/td>\n<\/tr>\n<\/tbody>\n<\/table>","protected":false},"featured_media":1957,"comment_status":"closed","ping_status":"closed","template":"","meta":{"_acf_changed":false},"product_brand":[],"product_cat":[22],"product_tag":[],"class_list":{"0":"post-1955","1":"product","2":"type-product","3":"status-publish","4":"has-post-thumbnail","6":"product_cat-ceramic-tumbler-wholesale","8":"first","9":"instock","10":"shipping-taxable","11":"product-type-simple"},"acf":[],"_links":{"self":[{"href":"https:\/\/www.yigejiaceramics.com\/es\/wp-json\/wp\/v2\/product\/1955","targetHints":{"allow":["GET"]}}],"collection":[{"href":"https:\/\/www.yigejiaceramics.com\/es\/wp-json\/wp\/v2\/product"}],"about":[{"href":"https:\/\/www.yigejiaceramics.com\/es\/wp-json\/wp\/v2\/types\/product"}],"replies":[{"embeddable":true,"href":"https:\/\/www.yigejiaceramics.com\/es\/wp-json\/wp\/v2\/comments?post=1955"}],"wp:featuredmedia":[{"embeddable":true,"href":"https:\/\/www.yigejiaceramics.com\/es\/wp-json\/wp\/v2\/media\/1957"}],"wp:attachment":[{"href":"https:\/\/www.yigejiaceramics.com\/es\/wp-json\/wp\/v2\/media?parent=1955"}],"wp:term":[{"taxonomy":"product_brand","embeddable":true,"href":"https:\/\/www.yigejiaceramics.com\/es\/wp-json\/wp\/v2\/product_brand?post=1955"},{"taxonomy":"product_cat","embeddable":true,"href":"https:\/\/www.yigejiaceramics.com\/es\/wp-json\/wp\/v2\/product_cat?post=1955"},{"taxonomy":"product_tag","embeddable":true,"href":"https:\/\/www.yigejiaceramics.com\/es\/wp-json\/wp\/v2\/product_tag?post=1955"}],"curies":[{"name":"wp","href":"https:\/\/api.w.org\/{rel}","templated":true}]}}