{"id":1945,"date":"2026-03-26T02:57:50","date_gmt":"2026-03-26T02:57:50","guid":{"rendered":"https:\/\/www.yigejiaceramics.com\/?post_type=product&#038;p=1945"},"modified":"2026-03-26T02:57:51","modified_gmt":"2026-03-26T02:57:51","slug":"vintage-ceramic-toothbrush-holder-bulk","status":"publish","type":"product","link":"https:\/\/www.yigejiaceramics.com\/es\/producto\/vintage-ceramic-toothbrush-holder-bulk\/","title":{"rendered":"Portacepillos de Dientes de Cer\u00e1mica Vintage a Granel, Boho Tribal Pattern Vanity Organizer"},"content":{"rendered":"<div class=\"wp-block-columns is-layout-flex wp-container-core-columns-is-layout-9d6595d7 wp-block-columns-is-layout-flex\">\n<div class=\"wp-block-column is-layout-flow wp-block-column-is-layout-flow\">\n<h2 class=\"wp-block-heading\">Portacepillos de Dientes de Cer\u00e1mica Vintage a Granel Caracter\u00edsticas<\/h2>\n\n\n\n<ul class=\"wp-block-list\">\n<li><strong>Dise\u00f1o tribal boho<\/strong>: El Portacepillos de Dientes de Cer\u00e1mica Vintage a Granel presenta vibrantes motivos tribales que a\u00f1aden personalidad y atractivo visual a los espacios de ba\u00f1o.<\/li>\n\n\n\n<li><strong>Cer\u00e1mica duradera de alta cocci\u00f3n<\/strong>: Hecho de cer\u00e1mica de primera calidad, el cepillo de dientes de cer\u00e1mica Vintage Holder Bulk es fuerte, resistente a las grietas, y construido para el uso a largo plazo.<\/li>\n\n\n\n<li><strong>Perfecto para combinar con el juego de ba\u00f1o<\/strong>: A juego con los juegos de ba\u00f1o de cer\u00e1mica (portacepillos de dientes, dosificador de jab\u00f3n, jabonera, vaso para enjuague bucal) para un aspecto cohesionado.<\/li>\n\n\n\n<li><strong>Dise\u00f1o de almacenamiento organizado<\/strong>: Los pr\u00e1cticos compartimentos ayudan a mantener los cepillos y la pasta de dientes ordenados y de f\u00e1cil acceso.<\/li>\n\n\n\n<li><strong>Ventaja del suministro directo de f\u00e1brica<\/strong>: Vintage Ceramic Toothbrush Holder Bulk ofrece precios competitivos al por mayor, opciones de personalizaci\u00f3n y muestras gratuitas para el abastecimiento eficiente.<\/li>\n<\/ul>\n<\/div>\n\n\n\n<div class=\"wp-block-column is-layout-flow wp-block-column-is-layout-flow\">\n<figure class=\"wp-block-image size-full\"><img decoding=\"async\" width=\"800\" height=\"800\" src=\"https:\/\/www.yigejiaceramics.com\/wp-content\/uploads\/2026\/03\/Vintage-Ceramic-Toothbrush-Holder-Bulk-8.webp\" alt=\"Portacepillos de Dientes de Cer\u00e1mica Vintage a Granel\" class=\"wp-image-1953\" srcset=\"https:\/\/www.yigejiaceramics.com\/wp-content\/uploads\/2026\/03\/Vintage-Ceramic-Toothbrush-Holder-Bulk-8.webp 800w, https:\/\/www.yigejiaceramics.com\/wp-content\/uploads\/2026\/03\/Vintage-Ceramic-Toothbrush-Holder-Bulk-8-300x300.webp 300w, https:\/\/www.yigejiaceramics.com\/wp-content\/uploads\/2026\/03\/Vintage-Ceramic-Toothbrush-Holder-Bulk-8-150x150.webp 150w, https:\/\/www.yigejiaceramics.com\/wp-content\/uploads\/2026\/03\/Vintage-Ceramic-Toothbrush-Holder-Bulk-8-768x768.webp 768w, https:\/\/www.yigejiaceramics.com\/wp-content\/uploads\/2026\/03\/Vintage-Ceramic-Toothbrush-Holder-Bulk-8-12x12.webp 12w, https:\/\/www.yigejiaceramics.com\/wp-content\/uploads\/2026\/03\/Vintage-Ceramic-Toothbrush-Holder-Bulk-8-600x600.webp 600w, https:\/\/www.yigejiaceramics.com\/wp-content\/uploads\/2026\/03\/Vintage-Ceramic-Toothbrush-Holder-Bulk-8-100x100.webp 100w\" sizes=\"(max-width: 800px) 100vw, 800px\" \/><\/figure>\n<\/div>\n<\/div>\n\n\n\n<div class=\"wp-block-columns is-layout-flex wp-container-core-columns-is-layout-9d6595d7 wp-block-columns-is-layout-flex\">\n<div class=\"wp-block-column is-layout-flow wp-block-column-is-layout-flow\">\n<figure class=\"wp-block-image size-full\"><img decoding=\"async\" width=\"800\" height=\"800\" src=\"https:\/\/www.yigejiaceramics.com\/wp-content\/uploads\/2026\/03\/Vintage-Ceramic-Toothbrush-Holder-Bulk-4.webp\" alt=\"Portacepillos de Dientes de Cer\u00e1mica Vintage a Granel\" class=\"wp-image-1949\" srcset=\"https:\/\/www.yigejiaceramics.com\/wp-content\/uploads\/2026\/03\/Vintage-Ceramic-Toothbrush-Holder-Bulk-4.webp 800w, https:\/\/www.yigejiaceramics.com\/wp-content\/uploads\/2026\/03\/Vintage-Ceramic-Toothbrush-Holder-Bulk-4-300x300.webp 300w, https:\/\/www.yigejiaceramics.com\/wp-content\/uploads\/2026\/03\/Vintage-Ceramic-Toothbrush-Holder-Bulk-4-150x150.webp 150w, https:\/\/www.yigejiaceramics.com\/wp-content\/uploads\/2026\/03\/Vintage-Ceramic-Toothbrush-Holder-Bulk-4-768x768.webp 768w, https:\/\/www.yigejiaceramics.com\/wp-content\/uploads\/2026\/03\/Vintage-Ceramic-Toothbrush-Holder-Bulk-4-12x12.webp 12w, https:\/\/www.yigejiaceramics.com\/wp-content\/uploads\/2026\/03\/Vintage-Ceramic-Toothbrush-Holder-Bulk-4-600x600.webp 600w, https:\/\/www.yigejiaceramics.com\/wp-content\/uploads\/2026\/03\/Vintage-Ceramic-Toothbrush-Holder-Bulk-4-100x100.webp 100w\" sizes=\"(max-width: 800px) 100vw, 800px\" \/><\/figure>\n<\/div>\n\n\n\n<div class=\"wp-block-column is-layout-flow wp-block-column-is-layout-flow\">\n<figure class=\"wp-block-image size-full\"><img decoding=\"async\" width=\"800\" height=\"800\" src=\"https:\/\/www.yigejiaceramics.com\/wp-content\/uploads\/2026\/03\/Vintage-Ceramic-Toothbrush-Holder-Bulk-5.webp\" alt=\"Portacepillos de Dientes de Cer\u00e1mica Vintage a Granel\" class=\"wp-image-1950\" srcset=\"https:\/\/www.yigejiaceramics.com\/wp-content\/uploads\/2026\/03\/Vintage-Ceramic-Toothbrush-Holder-Bulk-5.webp 800w, https:\/\/www.yigejiaceramics.com\/wp-content\/uploads\/2026\/03\/Vintage-Ceramic-Toothbrush-Holder-Bulk-5-300x300.webp 300w, https:\/\/www.yigejiaceramics.com\/wp-content\/uploads\/2026\/03\/Vintage-Ceramic-Toothbrush-Holder-Bulk-5-150x150.webp 150w, https:\/\/www.yigejiaceramics.com\/wp-content\/uploads\/2026\/03\/Vintage-Ceramic-Toothbrush-Holder-Bulk-5-768x768.webp 768w, https:\/\/www.yigejiaceramics.com\/wp-content\/uploads\/2026\/03\/Vintage-Ceramic-Toothbrush-Holder-Bulk-5-12x12.webp 12w, https:\/\/www.yigejiaceramics.com\/wp-content\/uploads\/2026\/03\/Vintage-Ceramic-Toothbrush-Holder-Bulk-5-600x600.webp 600w, https:\/\/www.yigejiaceramics.com\/wp-content\/uploads\/2026\/03\/Vintage-Ceramic-Toothbrush-Holder-Bulk-5-100x100.webp 100w\" sizes=\"(max-width: 800px) 100vw, 800px\" \/><\/figure>\n<\/div>\n<\/div>\n\n\n\n<p><\/p>","protected":false},"excerpt":{"rendered":"<p data-start=\"502\" data-end=\"730\">El Portacepillos de Dientes de Cer\u00e1mica Vintage a Granel presenta un colorido estampado tribal boho, una resistente estructura de cer\u00e1mica y un f\u00e1cil mantenimiento. Perfecto para hoteles, resorts, y juegos de ba\u00f1o. Precio al por mayor directo de f\u00e1brica con muestras gratuitas disponibles.<\/p>\n<h2>Vintage cepillo de dientes de cer\u00e1mica titular a granel par\u00e1metro\uff1a.<\/h2>\n<table>\n<tbody>\n<tr>\n<td>Fabricante<\/td>\n<td>Yigejia<\/td>\n<\/tr>\n<tr>\n<td>Tipo de producto<\/td>\n<td>Portacepillos de dientes<\/td>\n<\/tr>\n<tr>\n<td>Material<\/td>\n<td>Cer\u00e1mica<\/td>\n<\/tr>\n<tr>\n<td>Color<\/td>\n<td>Naranja<\/td>\n<\/tr>\n<tr>\n<td>El set incluye<\/td>\n<td>1 unidad<\/td>\n<\/tr>\n<tr>\n<td>Componentes<\/td>\n<td>Portacepillos de dientes<\/td>\n<\/tr>\n<tr>\n<td>Acabado<\/td>\n<td>Acabado mate<\/td>\n<\/tr>\n<tr>\n<td>Solicitud<\/td>\n<td>Hogar, Ba\u00f1o, Hoteles, Apartamentos, Spa<\/td>\n<\/tr>\n<tr>\n<td>Cantidad m\u00ednima de pedido<\/td>\n<td>MOQ bajo<\/td>\n<\/tr>\n<tr>\n<td>Muestra gratuita<\/td>\n<td>Disponible<\/td>\n<\/tr>\n<tr>\n<td>Personalizado<\/td>\n<td>Color\/Tama\u00f1o\/Logotipo\/Empaque<\/td>\n<\/tr>\n<\/tbody>\n<\/table>","protected":false},"featured_media":1948,"comment_status":"closed","ping_status":"closed","template":"","meta":{"_acf_changed":false},"product_brand":[],"product_cat":[21],"product_tag":[],"class_list":{"0":"post-1945","1":"product","2":"type-product","3":"status-publish","4":"has-post-thumbnail","6":"product_cat-custom-toothbrush-holder","8":"first","9":"instock","10":"shipping-taxable","11":"product-type-simple"},"acf":[],"_links":{"self":[{"href":"https:\/\/www.yigejiaceramics.com\/es\/wp-json\/wp\/v2\/product\/1945","targetHints":{"allow":["GET"]}}],"collection":[{"href":"https:\/\/www.yigejiaceramics.com\/es\/wp-json\/wp\/v2\/product"}],"about":[{"href":"https:\/\/www.yigejiaceramics.com\/es\/wp-json\/wp\/v2\/types\/product"}],"replies":[{"embeddable":true,"href":"https:\/\/www.yigejiaceramics.com\/es\/wp-json\/wp\/v2\/comments?post=1945"}],"wp:featuredmedia":[{"embeddable":true,"href":"https:\/\/www.yigejiaceramics.com\/es\/wp-json\/wp\/v2\/media\/1948"}],"wp:attachment":[{"href":"https:\/\/www.yigejiaceramics.com\/es\/wp-json\/wp\/v2\/media?parent=1945"}],"wp:term":[{"taxonomy":"product_brand","embeddable":true,"href":"https:\/\/www.yigejiaceramics.com\/es\/wp-json\/wp\/v2\/product_brand?post=1945"},{"taxonomy":"product_cat","embeddable":true,"href":"https:\/\/www.yigejiaceramics.com\/es\/wp-json\/wp\/v2\/product_cat?post=1945"},{"taxonomy":"product_tag","embeddable":true,"href":"https:\/\/www.yigejiaceramics.com\/es\/wp-json\/wp\/v2\/product_tag?post=1945"}],"curies":[{"name":"wp","href":"https:\/\/api.w.org\/{rel}","templated":true}]}}