{"id":1914,"date":"2026-03-26T03:17:57","date_gmt":"2026-03-26T03:17:57","guid":{"rendered":"https:\/\/www.yigejiaceramics.com\/?post_type=product&#038;p=1914"},"modified":"2026-03-26T03:18:00","modified_gmt":"2026-03-26T03:18:00","slug":"vintage-ceramic-mouthwash-cup-bulk","status":"publish","type":"product","link":"https:\/\/www.yigejiaceramics.com\/es\/producto\/vintage-ceramic-mouthwash-cup-bulk\/","title":{"rendered":"Taza de Cer\u00e1mica Vintage para Enjuague Bucal al por mayor, Boho Tribal Pattern Accesorio de Ba\u00f1o"},"content":{"rendered":"<div class=\"wp-block-columns is-layout-flex wp-container-core-columns-is-layout-9d6595d7 wp-block-columns-is-layout-flex\">\n<div class=\"wp-block-column is-layout-flow wp-block-column-is-layout-flow\">\n<h2 class=\"wp-block-heading\">Taza de Cer\u00e1mica Vintage para Enjuague Bucal al por mayor Caracter\u00edsticas<\/h2>\n\n\n\n<ul class=\"wp-block-list\">\n<li><strong>Dise\u00f1o tribal boho<\/strong>: El vaso de cer\u00e1mica Vintage para enjuague bucal al por mayor presenta vibrantes motivos tribales que a\u00f1aden personalidad y atractivo visual a los espacios de ba\u00f1o.<\/li>\n\n\n\n<li><strong>Cer\u00e1mica duradera de alta cocci\u00f3n<\/strong>: Fabricado en cer\u00e1mica de primera calidad, el Vaso de Cer\u00e1mica Vintage para Enjuague Bucal al por mayor es robusto, resistente a las grietas y construido para un uso prolongado.<\/li>\n\n\n\n<li><strong><strong>Almacenamiento multifuncional<\/strong>:<\/strong> Tama\u00f1o perfecto para guardar cepillos de dientes, enjuagues bucales u otros art\u00edculos de ba\u00f1o peque\u00f1os, manteniendo las encimeras ordenadas y organizadas.<\/li>\n\n\n\n<li><strong>Perfecto para combinar con el juego de ba\u00f1o<\/strong>: A juego con los juegos de ba\u00f1o de cer\u00e1mica (vaso enjuague bucal, dosificador de jab\u00f3n, jabonera, portacepillos de dientes) para un aspecto cohesivo.<\/li>\n\n\n\n<li><strong>Superficie acristalada lisa<\/strong>: F\u00e1cil de limpiar y resistente a las manchas, lo que garantiza una mayor higiene y comodidad en el uso diario.<\/li>\n\n\n\n<li><strong>Ventaja del suministro directo de f\u00e1brica<\/strong>: Vintage Ceramic Mouthwash Cup Wholesale ofrece precios competitivos al por mayor, opciones de personalizaci\u00f3n y muestras gratuitas para un abastecimiento eficiente.<\/li>\n<\/ul>\n<\/div>\n\n\n\n<div class=\"wp-block-column is-layout-flow wp-block-column-is-layout-flow\">\n<figure class=\"wp-block-image size-full\"><img decoding=\"async\" width=\"800\" height=\"800\" src=\"https:\/\/www.yigejiaceramics.com\/wp-content\/uploads\/2026\/03\/Vintage-Ceramic-Mouthwash-Cup-Wholesale-1.webp\" alt=\"Taza de cer\u00e1mica de la vendimia del enjuague bucal al por mayor\" class=\"wp-image-1915\" srcset=\"https:\/\/www.yigejiaceramics.com\/wp-content\/uploads\/2026\/03\/Vintage-Ceramic-Mouthwash-Cup-Wholesale-1.webp 800w, https:\/\/www.yigejiaceramics.com\/wp-content\/uploads\/2026\/03\/Vintage-Ceramic-Mouthwash-Cup-Wholesale-1-300x300.webp 300w, https:\/\/www.yigejiaceramics.com\/wp-content\/uploads\/2026\/03\/Vintage-Ceramic-Mouthwash-Cup-Wholesale-1-150x150.webp 150w, https:\/\/www.yigejiaceramics.com\/wp-content\/uploads\/2026\/03\/Vintage-Ceramic-Mouthwash-Cup-Wholesale-1-768x768.webp 768w, https:\/\/www.yigejiaceramics.com\/wp-content\/uploads\/2026\/03\/Vintage-Ceramic-Mouthwash-Cup-Wholesale-1-12x12.webp 12w, https:\/\/www.yigejiaceramics.com\/wp-content\/uploads\/2026\/03\/Vintage-Ceramic-Mouthwash-Cup-Wholesale-1-600x600.webp 600w, https:\/\/www.yigejiaceramics.com\/wp-content\/uploads\/2026\/03\/Vintage-Ceramic-Mouthwash-Cup-Wholesale-1-100x100.webp 100w\" sizes=\"(max-width: 800px) 100vw, 800px\" \/><\/figure>\n<\/div>\n<\/div>\n\n\n\n<div class=\"wp-block-columns is-layout-flex wp-container-core-columns-is-layout-9d6595d7 wp-block-columns-is-layout-flex\">\n<div class=\"wp-block-column is-layout-flow wp-block-column-is-layout-flow\">\n<figure class=\"wp-block-image size-full\"><img decoding=\"async\" width=\"800\" height=\"800\" src=\"https:\/\/www.yigejiaceramics.com\/wp-content\/uploads\/2026\/03\/Vintage-Ceramic-Mouthwash-Cup-Wholesale-6.webp\" alt=\"Taza de cer\u00e1mica de la vendimia del enjuague bucal al por mayor\" class=\"wp-image-1920\" srcset=\"https:\/\/www.yigejiaceramics.com\/wp-content\/uploads\/2026\/03\/Vintage-Ceramic-Mouthwash-Cup-Wholesale-6.webp 800w, https:\/\/www.yigejiaceramics.com\/wp-content\/uploads\/2026\/03\/Vintage-Ceramic-Mouthwash-Cup-Wholesale-6-300x300.webp 300w, https:\/\/www.yigejiaceramics.com\/wp-content\/uploads\/2026\/03\/Vintage-Ceramic-Mouthwash-Cup-Wholesale-6-150x150.webp 150w, https:\/\/www.yigejiaceramics.com\/wp-content\/uploads\/2026\/03\/Vintage-Ceramic-Mouthwash-Cup-Wholesale-6-768x768.webp 768w, https:\/\/www.yigejiaceramics.com\/wp-content\/uploads\/2026\/03\/Vintage-Ceramic-Mouthwash-Cup-Wholesale-6-12x12.webp 12w, https:\/\/www.yigejiaceramics.com\/wp-content\/uploads\/2026\/03\/Vintage-Ceramic-Mouthwash-Cup-Wholesale-6-600x600.webp 600w, https:\/\/www.yigejiaceramics.com\/wp-content\/uploads\/2026\/03\/Vintage-Ceramic-Mouthwash-Cup-Wholesale-6-100x100.webp 100w\" sizes=\"(max-width: 800px) 100vw, 800px\" \/><\/figure>\n<\/div>\n\n\n\n<div class=\"wp-block-column is-layout-flow wp-block-column-is-layout-flow\">\n<figure class=\"wp-block-image size-full\"><img decoding=\"async\" width=\"800\" height=\"800\" src=\"https:\/\/www.yigejiaceramics.com\/wp-content\/uploads\/2026\/03\/Vintage-Ceramic-Mouthwash-Cup-Wholesale-5.webp\" alt=\"Taza de cer\u00e1mica de la vendimia del enjuague bucal al por mayor\" class=\"wp-image-1919\" srcset=\"https:\/\/www.yigejiaceramics.com\/wp-content\/uploads\/2026\/03\/Vintage-Ceramic-Mouthwash-Cup-Wholesale-5.webp 800w, https:\/\/www.yigejiaceramics.com\/wp-content\/uploads\/2026\/03\/Vintage-Ceramic-Mouthwash-Cup-Wholesale-5-300x300.webp 300w, https:\/\/www.yigejiaceramics.com\/wp-content\/uploads\/2026\/03\/Vintage-Ceramic-Mouthwash-Cup-Wholesale-5-150x150.webp 150w, https:\/\/www.yigejiaceramics.com\/wp-content\/uploads\/2026\/03\/Vintage-Ceramic-Mouthwash-Cup-Wholesale-5-768x768.webp 768w, https:\/\/www.yigejiaceramics.com\/wp-content\/uploads\/2026\/03\/Vintage-Ceramic-Mouthwash-Cup-Wholesale-5-12x12.webp 12w, https:\/\/www.yigejiaceramics.com\/wp-content\/uploads\/2026\/03\/Vintage-Ceramic-Mouthwash-Cup-Wholesale-5-600x600.webp 600w, https:\/\/www.yigejiaceramics.com\/wp-content\/uploads\/2026\/03\/Vintage-Ceramic-Mouthwash-Cup-Wholesale-5-100x100.webp 100w\" sizes=\"(max-width: 800px) 100vw, 800px\" \/><\/figure>\n<\/div>\n<\/div>","protected":false},"excerpt":{"rendered":"<p data-start=\"502\" data-end=\"730\">Taza de enjuague bucal de cer\u00e1mica vintage al por mayor cuenta con un colorido patr\u00f3n tribal boho, cer\u00e1mica duradera y f\u00e1cil mantenimiento. Perfecto para hoteles, resorts, y juegos de ba\u00f1o. Precio al por mayor directo de f\u00e1brica con muestras gratuitas disponibles.<\/p>\n<h2>Vaso de enjuague bucal de cer\u00e1mica vintage Parameter\uff1a<\/h2>\n<table>\n<tbody>\n<tr>\n<td>Fabricante<\/td>\n<td>Yigejia<\/td>\n<\/tr>\n<tr>\n<td>Tipo de producto<\/td>\n<td>Vasos<\/td>\n<\/tr>\n<tr>\n<td>Material<\/td>\n<td>Cer\u00e1mica<\/td>\n<\/tr>\n<tr>\n<td>Color<\/td>\n<td>Naranja<\/td>\n<\/tr>\n<tr>\n<td>El set incluye<\/td>\n<td>1 unidad<\/td>\n<\/tr>\n<tr>\n<td>Componentes<\/td>\n<td>Vasos<\/td>\n<\/tr>\n<tr>\n<td>Acabado<\/td>\n<td>Acabado mate<\/td>\n<\/tr>\n<tr>\n<td>Solicitud<\/td>\n<td>Hogar, Ba\u00f1o, Hoteles, Apartamentos, Spa<\/td>\n<\/tr>\n<tr>\n<td>Cantidad m\u00ednima de pedido<\/td>\n<td>MOQ bajo<\/td>\n<\/tr>\n<tr>\n<td>Muestra gratuita<\/td>\n<td>Disponible<\/td>\n<\/tr>\n<tr>\n<td>Personalizado<\/td>\n<td>Color\/Tama\u00f1o\/Logotipo\/Empaque<\/td>\n<\/tr>\n<\/tbody>\n<\/table>","protected":false},"featured_media":1921,"comment_status":"closed","ping_status":"closed","template":"","meta":{"_acf_changed":false},"product_brand":[],"product_cat":[22],"product_tag":[],"class_list":{"0":"post-1914","1":"product","2":"type-product","3":"status-publish","4":"has-post-thumbnail","6":"product_cat-ceramic-tumbler-wholesale","8":"first","9":"instock","10":"shipping-taxable","11":"product-type-simple"},"acf":[],"_links":{"self":[{"href":"https:\/\/www.yigejiaceramics.com\/es\/wp-json\/wp\/v2\/product\/1914","targetHints":{"allow":["GET"]}}],"collection":[{"href":"https:\/\/www.yigejiaceramics.com\/es\/wp-json\/wp\/v2\/product"}],"about":[{"href":"https:\/\/www.yigejiaceramics.com\/es\/wp-json\/wp\/v2\/types\/product"}],"replies":[{"embeddable":true,"href":"https:\/\/www.yigejiaceramics.com\/es\/wp-json\/wp\/v2\/comments?post=1914"}],"wp:featuredmedia":[{"embeddable":true,"href":"https:\/\/www.yigejiaceramics.com\/es\/wp-json\/wp\/v2\/media\/1921"}],"wp:attachment":[{"href":"https:\/\/www.yigejiaceramics.com\/es\/wp-json\/wp\/v2\/media?parent=1914"}],"wp:term":[{"taxonomy":"product_brand","embeddable":true,"href":"https:\/\/www.yigejiaceramics.com\/es\/wp-json\/wp\/v2\/product_brand?post=1914"},{"taxonomy":"product_cat","embeddable":true,"href":"https:\/\/www.yigejiaceramics.com\/es\/wp-json\/wp\/v2\/product_cat?post=1914"},{"taxonomy":"product_tag","embeddable":true,"href":"https:\/\/www.yigejiaceramics.com\/es\/wp-json\/wp\/v2\/product_tag?post=1914"}],"curies":[{"name":"wp","href":"https:\/\/api.w.org\/{rel}","templated":true}]}}