{"id":1876,"date":"2026-03-26T03:48:45","date_gmt":"2026-03-26T03:48:45","guid":{"rendered":"https:\/\/www.yigejiaceramics.com\/?post_type=product&#038;p=1876"},"modified":"2026-03-26T03:48:47","modified_gmt":"2026-03-26T03:48:47","slug":"grey-ceramic-mouthwash-cup-bulk","status":"publish","type":"product","link":"https:\/\/www.yigejiaceramics.com\/es\/producto\/grey-ceramic-mouthwash-cup-bulk\/","title":{"rendered":"Taza de cer\u00e1mica gris carb\u00f3n para enjuague bucal a granel, f\u00e1brica de accesorios de ba\u00f1o con textura"},"content":{"rendered":"<div class=\"wp-block-columns is-layout-flex wp-container-core-columns-is-layout-9d6595d7 wp-block-columns-is-layout-flex\">\n<div class=\"wp-block-column is-layout-flow wp-block-column-is-layout-flow\">\n<h2 class=\"wp-block-heading\">Vaso enjuague bucal de cer\u00e1mica gris a granel Caracter\u00edsticas<\/h2>\n\n\n\n<ul class=\"wp-block-list\">\n<li><strong>Dise\u00f1o texturizado premium<\/strong>: La taza de enjuague bucal de cer\u00e1mica gris a granel presenta una moderna textura mate que se integra perfectamente en los espacios de ba\u00f1o contempor\u00e1neos y mejora la est\u00e9tica general.<\/li>\n\n\n\n<li><strong>Material cer\u00e1mico de alta calidad<\/strong>: Fabricado en cer\u00e1mica cocida a alta temperatura, este vaso de cer\u00e1mica gris para enjuague bucal a granel es duradero, resistente a las grietas e ideal para un uso prolongado.<\/li>\n\n\n\n<li><strong>Perfecto para combinar con el juego de ba\u00f1o<\/strong>: Dise\u00f1ado para coordinarse con los juegos de ba\u00f1o de cer\u00e1mica (taza de enjuague bucal, dispensador de jab\u00f3n, jabonera, portacepillos de dientes) para lograr un aspecto coherente y profesional.<\/li>\n\n\n\n<li><strong>F\u00e1cil de limpiar e higi\u00e9nico<\/strong>: La superficie lisa y esmaltada resiste las manchas de agua y las acumulaciones, lo que facilita la limpieza diaria y mantiene las normas de higiene.<\/li>\n\n\n\n<li><strong>Ventaja directa de f\u00e1brica<\/strong>: Grey Ceramic Mouthwash Cup Bulk est\u00e1 disponible con precios al por mayor, opciones de personalizaci\u00f3n y muestras gratuitas para apoyar el abastecimiento eficiente.<\/li>\n<\/ul>\n<\/div>\n\n\n\n<div class=\"wp-block-column is-layout-flow wp-block-column-is-layout-flow\">\n<figure class=\"wp-block-image size-full\"><img decoding=\"async\" width=\"800\" height=\"800\" src=\"https:\/\/www.yigejiaceramics.com\/wp-content\/uploads\/2026\/03\/Grey-Ceramic-Mouthwash-Cup-Bulk-6.webp\" alt=\"Vaso enjuague bucal cer\u00e1mica gris a granel\" class=\"wp-image-1882\" srcset=\"https:\/\/www.yigejiaceramics.com\/wp-content\/uploads\/2026\/03\/Grey-Ceramic-Mouthwash-Cup-Bulk-6.webp 800w, https:\/\/www.yigejiaceramics.com\/wp-content\/uploads\/2026\/03\/Grey-Ceramic-Mouthwash-Cup-Bulk-6-300x300.webp 300w, https:\/\/www.yigejiaceramics.com\/wp-content\/uploads\/2026\/03\/Grey-Ceramic-Mouthwash-Cup-Bulk-6-150x150.webp 150w, https:\/\/www.yigejiaceramics.com\/wp-content\/uploads\/2026\/03\/Grey-Ceramic-Mouthwash-Cup-Bulk-6-768x768.webp 768w, https:\/\/www.yigejiaceramics.com\/wp-content\/uploads\/2026\/03\/Grey-Ceramic-Mouthwash-Cup-Bulk-6-12x12.webp 12w, https:\/\/www.yigejiaceramics.com\/wp-content\/uploads\/2026\/03\/Grey-Ceramic-Mouthwash-Cup-Bulk-6-600x600.webp 600w, https:\/\/www.yigejiaceramics.com\/wp-content\/uploads\/2026\/03\/Grey-Ceramic-Mouthwash-Cup-Bulk-6-100x100.webp 100w\" sizes=\"(max-width: 800px) 100vw, 800px\" \/><\/figure>\n<\/div>\n<\/div>\n\n\n\n<div class=\"wp-block-columns is-layout-flex wp-container-core-columns-is-layout-9d6595d7 wp-block-columns-is-layout-flex\">\n<div class=\"wp-block-column is-layout-flow wp-block-column-is-layout-flow\">\n<figure class=\"wp-block-image size-full\"><img decoding=\"async\" width=\"800\" height=\"800\" src=\"https:\/\/www.yigejiaceramics.com\/wp-content\/uploads\/2026\/03\/Grey-Ceramic-Mouthwash-Cup-Bulk-2.webp\" alt=\"Vaso enjuague bucal cer\u00e1mica gris a granel\" class=\"wp-image-1878\" srcset=\"https:\/\/www.yigejiaceramics.com\/wp-content\/uploads\/2026\/03\/Grey-Ceramic-Mouthwash-Cup-Bulk-2.webp 800w, https:\/\/www.yigejiaceramics.com\/wp-content\/uploads\/2026\/03\/Grey-Ceramic-Mouthwash-Cup-Bulk-2-300x300.webp 300w, https:\/\/www.yigejiaceramics.com\/wp-content\/uploads\/2026\/03\/Grey-Ceramic-Mouthwash-Cup-Bulk-2-150x150.webp 150w, https:\/\/www.yigejiaceramics.com\/wp-content\/uploads\/2026\/03\/Grey-Ceramic-Mouthwash-Cup-Bulk-2-768x768.webp 768w, https:\/\/www.yigejiaceramics.com\/wp-content\/uploads\/2026\/03\/Grey-Ceramic-Mouthwash-Cup-Bulk-2-12x12.webp 12w, https:\/\/www.yigejiaceramics.com\/wp-content\/uploads\/2026\/03\/Grey-Ceramic-Mouthwash-Cup-Bulk-2-600x600.webp 600w, https:\/\/www.yigejiaceramics.com\/wp-content\/uploads\/2026\/03\/Grey-Ceramic-Mouthwash-Cup-Bulk-2-100x100.webp 100w\" sizes=\"(max-width: 800px) 100vw, 800px\" \/><\/figure>\n<\/div>\n\n\n\n<div class=\"wp-block-column is-layout-flow wp-block-column-is-layout-flow\">\n<figure class=\"wp-block-image size-full\"><img decoding=\"async\" width=\"800\" height=\"800\" src=\"https:\/\/www.yigejiaceramics.com\/wp-content\/uploads\/2026\/03\/Grey-Ceramic-Mouthwash-Cup-Bulk-8.webp\" alt=\"Vaso enjuague bucal cer\u00e1mica gris a granel\" class=\"wp-image-1884\" srcset=\"https:\/\/www.yigejiaceramics.com\/wp-content\/uploads\/2026\/03\/Grey-Ceramic-Mouthwash-Cup-Bulk-8.webp 800w, https:\/\/www.yigejiaceramics.com\/wp-content\/uploads\/2026\/03\/Grey-Ceramic-Mouthwash-Cup-Bulk-8-300x300.webp 300w, https:\/\/www.yigejiaceramics.com\/wp-content\/uploads\/2026\/03\/Grey-Ceramic-Mouthwash-Cup-Bulk-8-150x150.webp 150w, https:\/\/www.yigejiaceramics.com\/wp-content\/uploads\/2026\/03\/Grey-Ceramic-Mouthwash-Cup-Bulk-8-768x768.webp 768w, https:\/\/www.yigejiaceramics.com\/wp-content\/uploads\/2026\/03\/Grey-Ceramic-Mouthwash-Cup-Bulk-8-12x12.webp 12w, https:\/\/www.yigejiaceramics.com\/wp-content\/uploads\/2026\/03\/Grey-Ceramic-Mouthwash-Cup-Bulk-8-600x600.webp 600w, https:\/\/www.yigejiaceramics.com\/wp-content\/uploads\/2026\/03\/Grey-Ceramic-Mouthwash-Cup-Bulk-8-100x100.webp 100w\" sizes=\"(max-width: 800px) 100vw, 800px\" \/><\/figure>\n<\/div>\n<\/div>\n\n\n\n<p><\/p>","protected":false},"excerpt":{"rendered":"<p data-start=\"399\" data-end=\"631\">Taza de enjuague bucal de cer\u00e1mica gris a granel con elegante dise\u00f1o texturizado, cer\u00e1mica duradera y f\u00e1cil mantenimiento. Perfecto para hoteles, apartamentos y juegos de ba\u00f1o. Precio al por mayor directo de f\u00e1brica con muestras gratuitas disponibles para los compradores a granel.<\/p>\n<h2>Vaso de cer\u00e1mica gris para enjuague bucal Par\u00e1metro\uff1a<\/h2>\n<table>\n<tbody>\n<tr>\n<td>Fabricante<\/td>\n<td>Yigejia<\/td>\n<\/tr>\n<tr>\n<td>Tipo de producto<\/td>\n<td>Vasos<\/td>\n<\/tr>\n<tr>\n<td>Material<\/td>\n<td>Cer\u00e1mica<\/td>\n<\/tr>\n<tr>\n<td>Color<\/td>\n<td>Gris<\/td>\n<\/tr>\n<tr>\n<td>El set incluye<\/td>\n<td>1 unidad<\/td>\n<\/tr>\n<tr>\n<td>Componentes<\/td>\n<td>Vasos<\/td>\n<\/tr>\n<tr>\n<td>Acabado<\/td>\n<td>Acabado brillante<\/td>\n<\/tr>\n<tr>\n<td>Solicitud<\/td>\n<td>Hogar, Ba\u00f1o, Hoteles, Apartamentos, Spa<\/td>\n<\/tr>\n<tr>\n<td>Cantidad m\u00ednima de pedido<\/td>\n<td>MOQ bajo<\/td>\n<\/tr>\n<tr>\n<td>Muestra gratuita<\/td>\n<td>Disponible<\/td>\n<\/tr>\n<tr>\n<td>Personalizado<\/td>\n<td>Color\/Tama\u00f1o\/Logotipo\/Empaque<\/td>\n<\/tr>\n<\/tbody>\n<\/table>","protected":false},"featured_media":1884,"comment_status":"closed","ping_status":"closed","template":"","meta":{"_acf_changed":false},"product_brand":[],"product_cat":[22],"product_tag":[],"class_list":{"0":"post-1876","1":"product","2":"type-product","3":"status-publish","4":"has-post-thumbnail","6":"product_cat-ceramic-tumbler-wholesale","8":"first","9":"instock","10":"shipping-taxable","11":"product-type-simple"},"acf":[],"_links":{"self":[{"href":"https:\/\/www.yigejiaceramics.com\/es\/wp-json\/wp\/v2\/product\/1876","targetHints":{"allow":["GET"]}}],"collection":[{"href":"https:\/\/www.yigejiaceramics.com\/es\/wp-json\/wp\/v2\/product"}],"about":[{"href":"https:\/\/www.yigejiaceramics.com\/es\/wp-json\/wp\/v2\/types\/product"}],"replies":[{"embeddable":true,"href":"https:\/\/www.yigejiaceramics.com\/es\/wp-json\/wp\/v2\/comments?post=1876"}],"wp:featuredmedia":[{"embeddable":true,"href":"https:\/\/www.yigejiaceramics.com\/es\/wp-json\/wp\/v2\/media\/1884"}],"wp:attachment":[{"href":"https:\/\/www.yigejiaceramics.com\/es\/wp-json\/wp\/v2\/media?parent=1876"}],"wp:term":[{"taxonomy":"product_brand","embeddable":true,"href":"https:\/\/www.yigejiaceramics.com\/es\/wp-json\/wp\/v2\/product_brand?post=1876"},{"taxonomy":"product_cat","embeddable":true,"href":"https:\/\/www.yigejiaceramics.com\/es\/wp-json\/wp\/v2\/product_cat?post=1876"},{"taxonomy":"product_tag","embeddable":true,"href":"https:\/\/www.yigejiaceramics.com\/es\/wp-json\/wp\/v2\/product_tag?post=1876"}],"curies":[{"name":"wp","href":"https:\/\/api.w.org\/{rel}","templated":true}]}}