{"id":748,"date":"2025-12-27T01:00:34","date_gmt":"2025-12-27T01:00:34","guid":{"rendered":"https:\/\/www.yigejiaceramics.com\/?post_type=product&#038;p=748"},"modified":"2026-01-09T02:00:12","modified_gmt":"2026-01-09T02:00:12","slug":"customized-bathroom-sets-4-piece","status":"publish","type":"product","link":"https:\/\/www.yigejiaceramics.com\/de\/produkt\/customized-bathroom-sets-4-piece\/","title":{"rendered":"Ma\u00dfgeschneiderte Badezimmer-Sets, 4-teiliges Set aus Keramik mit schwarz-goldenem Marmormuster zur Organisation des Badezimmers"},"content":{"rendered":"<div class=\"wp-block-columns is-layout-flex wp-container-core-columns-is-layout-9d6595d7 wp-block-columns-is-layout-flex\">\n<div class=\"wp-block-column is-layout-flow wp-block-column-is-layout-flow\">\n<h2 class=\"wp-block-heading\">Ma\u00dfgeschneiderte Badezimmer-Sets \u2013 Eigenschaften<\/h2>\n\n\n\n<ul class=\"wp-block-list\">\n<li><strong>Das Design aus schwarzem und goldenem Marmor strahlt sofort eine hochwertige Ausstrahlung aus.<\/strong>Dieses ma\u00dfgefertigte Badezimmer-Set zeichnet sich durch eine Farbgebung in Schwarz und Gold mit Marmorstruktur aus, wodurch ein sehr raffiniertes und elegantes Gesamtbild entsteht, das sich perfekt f\u00fcr hochwertige Wohnr\u00e4ume, Hotels und Boutique-Badezimmer eignet.<\/li>\n\n\n\n<li><strong>Glasierte Keramik Gl\u00e4nzend, zarte Textur, leicht zu reinigen:<\/strong> Die Glasur auf der Keramikoberfl\u00e4che ist hochgl\u00e4nzend. Sie f\u00fchlt sich glatt und brillant an. Wasserflecken und Schmutz haften kaum an, sodass die t\u00e4gliche Reinigung zum Kinderspiel wird.<\/li>\n\n\n\n<li><strong>Praktische Konfiguration f\u00fcr ein vierteiliges Set: <\/strong>Kann Ihre Eitelkeit ordentlich halten: Das Set enth\u00e4lt einen Seifenspender, einen Zahnb\u00fcrstenhalter, einen Sp\u00fclbecher und eine Seifenschale, um alle t\u00e4glichen Toilettenartikel zu halten. Der einheitliche Stil macht es geeignet f\u00fcr den Verkauf von Sets.<\/li>\n\n\n\n<li><strong>Hochtemperaturgebrannte Keramik; robust und langlebig<\/strong>: Hochdichtes Material aus Keramik, bei hoher Temperatur gebrannt und mit einem mittleren Gewicht, um Stabilit\u00e4t zu gew\u00e4hrleisten, ohne dass es zu Umkippen kommt. Es bietet die Gew\u00e4hr f\u00fcr h\u00e4ufigen und besten Einsatz in Haushalten und Hotels.<\/li>\n\n\n\n<li><strong>Direktlieferung ab Werk, wettbewerbsf\u00e4higere Gro\u00dfhandelspreise: <\/strong>Als professioneller Hersteller von Gro\u00dfhandels-Badaccessoires-Sets verfolgen wir ein Fabrik-Direktvertriebsmodell und bieten wettbewerbsf\u00e4higere Gro\u00dfhandelspreise f\u00fcr unsere ma\u00dfgeschneiderten Bad-Sets.<\/li>\n<\/ul>\n<\/div>\n\n\n\n<div class=\"wp-block-column is-layout-flow wp-block-column-is-layout-flow\">\n<figure class=\"wp-block-image size-full\"><img decoding=\"async\" width=\"3019\" height=\"3019\" src=\"https:\/\/www.yigejiaceramics.com\/wp-content\/uploads\/2025\/12\/Customized-Bathroom-Sets-4-Piece-Ceramic-3.webp\" alt=\"Ma\u00dfgeschneiderte Badezimmer-Sets 4-teilig Keramik (3)\" class=\"wp-image-770\" srcset=\"https:\/\/www.yigejiaceramics.com\/wp-content\/uploads\/2025\/12\/Customized-Bathroom-Sets-4-Piece-Ceramic-3.webp 3019w, https:\/\/www.yigejiaceramics.com\/wp-content\/uploads\/2025\/12\/Customized-Bathroom-Sets-4-Piece-Ceramic-3-300x300.webp 300w, https:\/\/www.yigejiaceramics.com\/wp-content\/uploads\/2025\/12\/Customized-Bathroom-Sets-4-Piece-Ceramic-3-150x150.webp 150w, https:\/\/www.yigejiaceramics.com\/wp-content\/uploads\/2025\/12\/Customized-Bathroom-Sets-4-Piece-Ceramic-3-768x768.webp 768w, https:\/\/www.yigejiaceramics.com\/wp-content\/uploads\/2025\/12\/Customized-Bathroom-Sets-4-Piece-Ceramic-3-1200x1200.webp 1200w, https:\/\/www.yigejiaceramics.com\/wp-content\/uploads\/2025\/12\/Customized-Bathroom-Sets-4-Piece-Ceramic-3-600x600.webp 600w, https:\/\/www.yigejiaceramics.com\/wp-content\/uploads\/2025\/12\/Customized-Bathroom-Sets-4-Piece-Ceramic-3-100x100.webp 100w\" sizes=\"(max-width: 3019px) 100vw, 3019px\" \/><\/figure>\n<\/div>\n<\/div>\n\n\n\n<div class=\"wp-block-columns is-layout-flex wp-container-core-columns-is-layout-9d6595d7 wp-block-columns-is-layout-flex\">\n<div class=\"wp-block-column is-layout-flow wp-block-column-is-layout-flow\">\n<figure class=\"wp-block-image size-full\"><img decoding=\"async\" width=\"800\" height=\"800\" src=\"https:\/\/www.yigejiaceramics.com\/wp-content\/uploads\/2025\/12\/Customized-Bathroom-Sets-Manufacturer-yigejia-2.webp\" alt=\"Hersteller von ma\u00dfgeschneiderten Badezimmer-Sets \u2013 yigejia (2)\" class=\"wp-image-780\" srcset=\"https:\/\/www.yigejiaceramics.com\/wp-content\/uploads\/2025\/12\/Customized-Bathroom-Sets-Manufacturer-yigejia-2.webp 800w, https:\/\/www.yigejiaceramics.com\/wp-content\/uploads\/2025\/12\/Customized-Bathroom-Sets-Manufacturer-yigejia-2-300x300.webp 300w, https:\/\/www.yigejiaceramics.com\/wp-content\/uploads\/2025\/12\/Customized-Bathroom-Sets-Manufacturer-yigejia-2-150x150.webp 150w, https:\/\/www.yigejiaceramics.com\/wp-content\/uploads\/2025\/12\/Customized-Bathroom-Sets-Manufacturer-yigejia-2-768x768.webp 768w, https:\/\/www.yigejiaceramics.com\/wp-content\/uploads\/2025\/12\/Customized-Bathroom-Sets-Manufacturer-yigejia-2-600x600.webp 600w, https:\/\/www.yigejiaceramics.com\/wp-content\/uploads\/2025\/12\/Customized-Bathroom-Sets-Manufacturer-yigejia-2-100x100.webp 100w\" sizes=\"(max-width: 800px) 100vw, 800px\" \/><\/figure>\n<\/div>\n\n\n\n<div class=\"wp-block-column is-layout-flow wp-block-column-is-layout-flow\">\n<figure class=\"wp-block-image size-full\"><img decoding=\"async\" width=\"800\" height=\"800\" src=\"https:\/\/www.yigejiaceramics.com\/wp-content\/uploads\/2025\/12\/Customized-Bathroom-Sets-Manufacturer-yigejia-1.webp\" alt=\"Hersteller von ma\u00dfgeschneiderten Badezimmer-Sets \u2013 yigejia (1)\" class=\"wp-image-779\" srcset=\"https:\/\/www.yigejiaceramics.com\/wp-content\/uploads\/2025\/12\/Customized-Bathroom-Sets-Manufacturer-yigejia-1.webp 800w, https:\/\/www.yigejiaceramics.com\/wp-content\/uploads\/2025\/12\/Customized-Bathroom-Sets-Manufacturer-yigejia-1-300x300.webp 300w, https:\/\/www.yigejiaceramics.com\/wp-content\/uploads\/2025\/12\/Customized-Bathroom-Sets-Manufacturer-yigejia-1-150x150.webp 150w, https:\/\/www.yigejiaceramics.com\/wp-content\/uploads\/2025\/12\/Customized-Bathroom-Sets-Manufacturer-yigejia-1-768x768.webp 768w, https:\/\/www.yigejiaceramics.com\/wp-content\/uploads\/2025\/12\/Customized-Bathroom-Sets-Manufacturer-yigejia-1-600x600.webp 600w, https:\/\/www.yigejiaceramics.com\/wp-content\/uploads\/2025\/12\/Customized-Bathroom-Sets-Manufacturer-yigejia-1-100x100.webp 100w\" sizes=\"(max-width: 800px) 100vw, 800px\" \/><\/figure>\n<\/div>\n\n\n\n<div class=\"wp-block-column is-layout-flow wp-block-column-is-layout-flow\">\n<figure class=\"wp-block-image size-full\"><img decoding=\"async\" width=\"800\" height=\"800\" src=\"https:\/\/www.yigejiaceramics.com\/wp-content\/uploads\/2025\/12\/Customized-Bathroom-Sets-Manufacturer-yigejia-3.webp\" alt=\"Hersteller von ma\u00dfgeschneiderten Badezimmer-Sets \u2013 yigejia (3)\" class=\"wp-image-781\" srcset=\"https:\/\/www.yigejiaceramics.com\/wp-content\/uploads\/2025\/12\/Customized-Bathroom-Sets-Manufacturer-yigejia-3.webp 800w, https:\/\/www.yigejiaceramics.com\/wp-content\/uploads\/2025\/12\/Customized-Bathroom-Sets-Manufacturer-yigejia-3-300x300.webp 300w, https:\/\/www.yigejiaceramics.com\/wp-content\/uploads\/2025\/12\/Customized-Bathroom-Sets-Manufacturer-yigejia-3-150x150.webp 150w, https:\/\/www.yigejiaceramics.com\/wp-content\/uploads\/2025\/12\/Customized-Bathroom-Sets-Manufacturer-yigejia-3-768x768.webp 768w, https:\/\/www.yigejiaceramics.com\/wp-content\/uploads\/2025\/12\/Customized-Bathroom-Sets-Manufacturer-yigejia-3-600x600.webp 600w, https:\/\/www.yigejiaceramics.com\/wp-content\/uploads\/2025\/12\/Customized-Bathroom-Sets-Manufacturer-yigejia-3-100x100.webp 100w\" sizes=\"(max-width: 800px) 100vw, 800px\" \/><\/figure>\n<\/div>\n\n\n\n<div class=\"wp-block-column is-layout-flow wp-block-column-is-layout-flow\">\n<figure class=\"wp-block-image size-full\"><img decoding=\"async\" width=\"800\" height=\"800\" src=\"https:\/\/www.yigejiaceramics.com\/wp-content\/uploads\/2025\/12\/Customized-Bathroom-Sets-Manufacturer-yigejia-4.webp\" alt=\"Hersteller von ma\u00dfgeschneiderten Badezimmer-Sets \u2013 yigejia (4)\" class=\"wp-image-782\" srcset=\"https:\/\/www.yigejiaceramics.com\/wp-content\/uploads\/2025\/12\/Customized-Bathroom-Sets-Manufacturer-yigejia-4.webp 800w, https:\/\/www.yigejiaceramics.com\/wp-content\/uploads\/2025\/12\/Customized-Bathroom-Sets-Manufacturer-yigejia-4-300x300.webp 300w, https:\/\/www.yigejiaceramics.com\/wp-content\/uploads\/2025\/12\/Customized-Bathroom-Sets-Manufacturer-yigejia-4-150x150.webp 150w, https:\/\/www.yigejiaceramics.com\/wp-content\/uploads\/2025\/12\/Customized-Bathroom-Sets-Manufacturer-yigejia-4-768x768.webp 768w, https:\/\/www.yigejiaceramics.com\/wp-content\/uploads\/2025\/12\/Customized-Bathroom-Sets-Manufacturer-yigejia-4-600x600.webp 600w, https:\/\/www.yigejiaceramics.com\/wp-content\/uploads\/2025\/12\/Customized-Bathroom-Sets-Manufacturer-yigejia-4-100x100.webp 100w\" sizes=\"(max-width: 800px) 100vw, 800px\" \/><\/figure>\n<\/div>\n<\/div>\n\n\n\n<p><\/p>","protected":false},"excerpt":{"rendered":"<p data-start=\"399\" data-end=\"631\">Ma\u00dfgeschneiderte Badezimmer-Sets mit Keramik-Badezimmeraccessoires in schwarz-goldener Marmoroptik in einem 4-teiligen Organizer-Set. Preisvorteil durch Direktverkauf ab Werk mit kostenlosen Mustern, ideal f\u00fcr OEM-Branding, Hotels und Gro\u00dfeink\u00e4ufe.<\/p>\n<h2>Individuell angepasste Badezimmer-Sets Parameter:<\/h2>\n<table>\n<tbody>\n<tr>\n<td>Hersteller<\/td>\n<td>Yigejia<\/td>\n<\/tr>\n<tr>\n<td>Produkttyp<\/td>\n<td>Badezimmer-Accessoires-Set<\/td>\n<\/tr>\n<tr>\n<td>Material<\/td>\n<td>Keramik<\/td>\n<\/tr>\n<tr>\n<td>Farbe<\/td>\n<td>Schwarzes Gold<\/td>\n<\/tr>\n<tr>\n<td>Set enth\u00e4lt<\/td>\n<td>4 St\u00fcck<\/td>\n<\/tr>\n<tr>\n<td>Komponenten<\/td>\n<td>Lotionspender, Zahnb\u00fcrstenhalter, Seifenschale, Becher<\/td>\n<\/tr>\n<tr>\n<td>Fertigstellen<\/td>\n<td>Gl\u00e4nzende Oberfl\u00e4che<\/td>\n<\/tr>\n<tr>\n<td>Anwendung<\/td>\n<td>Zuhause, Badezimmer, Hotels, Wohnungen, Spa<\/td>\n<\/tr>\n<tr>\n<td>Mindestbestellmenge<\/td>\n<td>Geringe Mindestbestellmenge<\/td>\n<\/tr>\n<tr>\n<td>Kostenlose Probe<\/td>\n<td>Verf\u00fcgbar<\/td>\n<\/tr>\n<tr>\n<td>Kundenspezifisch<\/td>\n<td>Farbe\/Gr\u00f6\u00dfe\/Logo\/Verpackung<\/td>\n<\/tr>\n<\/tbody>\n<\/table>","protected":false},"featured_media":769,"comment_status":"closed","ping_status":"closed","template":"","meta":{"_acf_changed":false},"product_brand":[],"product_cat":[19],"product_tag":[],"class_list":{"0":"post-748","1":"product","2":"type-product","3":"status-publish","4":"has-post-thumbnail","6":"product_cat-wholesale-bathroom-sets","8":"first","9":"instock","10":"shipping-taxable","11":"product-type-simple"},"acf":[],"_links":{"self":[{"href":"https:\/\/www.yigejiaceramics.com\/de\/wp-json\/wp\/v2\/product\/748","targetHints":{"allow":["GET"]}}],"collection":[{"href":"https:\/\/www.yigejiaceramics.com\/de\/wp-json\/wp\/v2\/product"}],"about":[{"href":"https:\/\/www.yigejiaceramics.com\/de\/wp-json\/wp\/v2\/types\/product"}],"replies":[{"embeddable":true,"href":"https:\/\/www.yigejiaceramics.com\/de\/wp-json\/wp\/v2\/comments?post=748"}],"wp:featuredmedia":[{"embeddable":true,"href":"https:\/\/www.yigejiaceramics.com\/de\/wp-json\/wp\/v2\/media\/769"}],"wp:attachment":[{"href":"https:\/\/www.yigejiaceramics.com\/de\/wp-json\/wp\/v2\/media?parent=748"}],"wp:term":[{"taxonomy":"product_brand","embeddable":true,"href":"https:\/\/www.yigejiaceramics.com\/de\/wp-json\/wp\/v2\/product_brand?post=748"},{"taxonomy":"product_cat","embeddable":true,"href":"https:\/\/www.yigejiaceramics.com\/de\/wp-json\/wp\/v2\/product_cat?post=748"},{"taxonomy":"product_tag","embeddable":true,"href":"https:\/\/www.yigejiaceramics.com\/de\/wp-json\/wp\/v2\/product_tag?post=748"}],"curies":[{"name":"wp","href":"https:\/\/api.w.org\/{rel}","templated":true}]}}