{"id":2226,"date":"2026-04-17T08:45:19","date_gmt":"2026-04-17T08:45:19","guid":{"rendered":"https:\/\/www.yigejiaceramics.com\/?post_type=product&#038;p=2226"},"modified":"2026-04-17T08:45:21","modified_gmt":"2026-04-17T08:45:21","slug":"wholesale-black-toothbrush-holder","status":"publish","type":"product","link":"https:\/\/www.yigejiaceramics.com\/de\/produkt\/wholesale-black-toothbrush-holder\/","title":{"rendered":"Gro\u00dfhandel schwarz Zahnb\u00fcrste Halter Keramik, Bulk Badezimmer Eitelkeit Zubeh\u00f6r f\u00fcr Home Hotel"},"content":{"rendered":"<div class=\"wp-block-columns is-layout-flex wp-container-core-columns-is-layout-9d6595d7 wp-block-columns-is-layout-flex\">\n<div class=\"wp-block-column is-layout-flow wp-block-column-is-layout-flow\">\n<h2 class=\"wp-block-heading\">Gro\u00dfhandel schwarz Zahnb\u00fcrste Halter Keramik Merkmale<\/h2>\n\n\n\n<ul class=\"wp-block-list\">\n<li><strong>Marmor-Effekt Schwarz &amp; Gold Design<\/strong>: Gro\u00dfhandel Schwarz Zahnb\u00fcrstenhalter Keramik verf\u00fcgt \u00fcber eine Marmor-inspirierte Schwarz und Gold-Finish, die Verbesserung der modernen Bad-Stil.<\/li>\n\n\n\n<li><strong>\u201cLOTION\u201d Etikett Design<\/strong>: Gro\u00dfhandel Schwarz Zahnb\u00fcrstenhalter Keramik umfasst eine klare \u201cLOTION\u201d Kennzeichnung, kombiniert Funktionalit\u00e4t mit modernem Design.<\/li>\n\n\n\n<li><strong>Langlebige Keramikflasche<\/strong>: Gro\u00dfhandel Schwarz Zahnb\u00fcrstenhalter Keramik ist aus hochwertiger Keramik, robust und leicht zu pflegen.<\/li>\n\n\n\n<li><strong>Perfekt f\u00fcr das 4-teilige Badeset<\/strong>: Gro\u00dfhandel Schwarz Zahnb\u00fcrstenhalter Keramik Paare gut mit Becher, Spender und Seifenschale f\u00fcr ein komplettes Bad-Set.<\/li>\n\n\n\n<li><strong>Direktpreise ab Werk &amp; kostenlose Muster<\/strong>: Gro\u00dfhandel Schwarz Zahnb\u00fcrste Halter Keramik kommt mit Fabrik Gro\u00dfhandelspreis und kostenlose Proben f\u00fcr Gro\u00dfabnehmer.<\/li>\n<\/ul>\n<\/div>\n\n\n\n<div class=\"wp-block-column is-layout-flow wp-block-column-is-layout-flow\">\n<figure class=\"wp-block-image size-full\"><img decoding=\"async\" width=\"800\" height=\"800\" src=\"https:\/\/www.yigejiaceramics.com\/wp-content\/uploads\/2026\/04\/Wholesale-Black-Toothbrush-Holder-Ceramics-9.webp\" alt=\"Gro\u00dfhandel Schwarz Zahnb\u00fcrste Halter Keramik\" class=\"wp-image-2235\" srcset=\"https:\/\/www.yigejiaceramics.com\/wp-content\/uploads\/2026\/04\/Wholesale-Black-Toothbrush-Holder-Ceramics-9.webp 800w, https:\/\/www.yigejiaceramics.com\/wp-content\/uploads\/2026\/04\/Wholesale-Black-Toothbrush-Holder-Ceramics-9-300x300.webp 300w, https:\/\/www.yigejiaceramics.com\/wp-content\/uploads\/2026\/04\/Wholesale-Black-Toothbrush-Holder-Ceramics-9-150x150.webp 150w, https:\/\/www.yigejiaceramics.com\/wp-content\/uploads\/2026\/04\/Wholesale-Black-Toothbrush-Holder-Ceramics-9-768x768.webp 768w, https:\/\/www.yigejiaceramics.com\/wp-content\/uploads\/2026\/04\/Wholesale-Black-Toothbrush-Holder-Ceramics-9-12x12.webp 12w, https:\/\/www.yigejiaceramics.com\/wp-content\/uploads\/2026\/04\/Wholesale-Black-Toothbrush-Holder-Ceramics-9-600x600.webp 600w, https:\/\/www.yigejiaceramics.com\/wp-content\/uploads\/2026\/04\/Wholesale-Black-Toothbrush-Holder-Ceramics-9-100x100.webp 100w\" sizes=\"(max-width: 800px) 100vw, 800px\" \/><\/figure>\n<\/div>\n<\/div>\n\n\n\n<div class=\"wp-block-columns is-layout-flex wp-container-core-columns-is-layout-9d6595d7 wp-block-columns-is-layout-flex\">\n<div class=\"wp-block-column is-layout-flow wp-block-column-is-layout-flow\">\n<figure class=\"wp-block-image size-full\"><img decoding=\"async\" width=\"800\" height=\"800\" src=\"https:\/\/www.yigejiaceramics.com\/wp-content\/uploads\/2026\/04\/Wholesale-Black-Toothbrush-Holder-Ceramics-4.webp\" alt=\"Gro\u00dfhandel Schwarz Zahnb\u00fcrste Halter Keramik\" class=\"wp-image-2230\" srcset=\"https:\/\/www.yigejiaceramics.com\/wp-content\/uploads\/2026\/04\/Wholesale-Black-Toothbrush-Holder-Ceramics-4.webp 800w, https:\/\/www.yigejiaceramics.com\/wp-content\/uploads\/2026\/04\/Wholesale-Black-Toothbrush-Holder-Ceramics-4-300x300.webp 300w, https:\/\/www.yigejiaceramics.com\/wp-content\/uploads\/2026\/04\/Wholesale-Black-Toothbrush-Holder-Ceramics-4-150x150.webp 150w, https:\/\/www.yigejiaceramics.com\/wp-content\/uploads\/2026\/04\/Wholesale-Black-Toothbrush-Holder-Ceramics-4-768x768.webp 768w, https:\/\/www.yigejiaceramics.com\/wp-content\/uploads\/2026\/04\/Wholesale-Black-Toothbrush-Holder-Ceramics-4-12x12.webp 12w, https:\/\/www.yigejiaceramics.com\/wp-content\/uploads\/2026\/04\/Wholesale-Black-Toothbrush-Holder-Ceramics-4-600x600.webp 600w, https:\/\/www.yigejiaceramics.com\/wp-content\/uploads\/2026\/04\/Wholesale-Black-Toothbrush-Holder-Ceramics-4-100x100.webp 100w\" sizes=\"(max-width: 800px) 100vw, 800px\" \/><\/figure>\n<\/div>\n\n\n\n<div class=\"wp-block-column is-layout-flow wp-block-column-is-layout-flow\">\n<figure class=\"wp-block-image size-full\"><img decoding=\"async\" width=\"800\" height=\"800\" src=\"https:\/\/www.yigejiaceramics.com\/wp-content\/uploads\/2026\/04\/Wholesale-Black-Toothbrush-Holder-Ceramics-5.webp\" alt=\"Gro\u00dfhandel Schwarz Zahnb\u00fcrste Halter Keramik\" class=\"wp-image-2231\" srcset=\"https:\/\/www.yigejiaceramics.com\/wp-content\/uploads\/2026\/04\/Wholesale-Black-Toothbrush-Holder-Ceramics-5.webp 800w, https:\/\/www.yigejiaceramics.com\/wp-content\/uploads\/2026\/04\/Wholesale-Black-Toothbrush-Holder-Ceramics-5-300x300.webp 300w, https:\/\/www.yigejiaceramics.com\/wp-content\/uploads\/2026\/04\/Wholesale-Black-Toothbrush-Holder-Ceramics-5-150x150.webp 150w, https:\/\/www.yigejiaceramics.com\/wp-content\/uploads\/2026\/04\/Wholesale-Black-Toothbrush-Holder-Ceramics-5-768x768.webp 768w, https:\/\/www.yigejiaceramics.com\/wp-content\/uploads\/2026\/04\/Wholesale-Black-Toothbrush-Holder-Ceramics-5-12x12.webp 12w, https:\/\/www.yigejiaceramics.com\/wp-content\/uploads\/2026\/04\/Wholesale-Black-Toothbrush-Holder-Ceramics-5-600x600.webp 600w, https:\/\/www.yigejiaceramics.com\/wp-content\/uploads\/2026\/04\/Wholesale-Black-Toothbrush-Holder-Ceramics-5-100x100.webp 100w\" sizes=\"(max-width: 800px) 100vw, 800px\" \/><\/figure>\n<\/div>\n<\/div>","protected":false},"excerpt":{"rendered":"<p data-start=\"502\" data-end=\"730\">Gro\u00dfhandel Schwarz Zahnb\u00fcrstenhalter Keramik mit Fabrik Gro\u00dfhandelspreise und kostenlose Proben. Marmor-Effekt schwarz und gold \u201cLOTION\u201d Keramik Veranstalter mit Luxus-Finish, perfekt f\u00fcr Bad-Sets, Hotel-Projekte, Einzelhandel und Bulk-Anpassung.<\/p>\n<h2>Gro\u00dfhandel schwarz Zahnb\u00fcrste Halter Keramik Parameter\uff1a<\/h2>\n<table>\n<tbody>\n<tr>\n<td>Hersteller<\/td>\n<td>Yigejia<\/td>\n<\/tr>\n<tr>\n<td>Produkttyp<\/td>\n<td>Zahnb\u00fcrstenhalter<\/td>\n<\/tr>\n<tr>\n<td>Material<\/td>\n<td>Keramik<\/td>\n<\/tr>\n<tr>\n<td>Farbe<\/td>\n<td>Schwarz<\/td>\n<\/tr>\n<tr>\n<td>Set enth\u00e4lt<\/td>\n<td>1 St\u00fcck<\/td>\n<\/tr>\n<tr>\n<td>Komponenten<\/td>\n<td>Zahnb\u00fcrstenhalter<\/td>\n<\/tr>\n<tr>\n<td>Fertigstellen<\/td>\n<td>Mattes Finish<\/td>\n<\/tr>\n<tr>\n<td>Anwendung<\/td>\n<td>Zuhause, Badezimmer, Hotels, Wohnungen, Spa<\/td>\n<\/tr>\n<tr>\n<td>Mindestbestellmenge<\/td>\n<td>Geringe Mindestbestellmenge<\/td>\n<\/tr>\n<tr>\n<td>Kostenlose Probe<\/td>\n<td>Verf\u00fcgbar<\/td>\n<\/tr>\n<tr>\n<td>Kundenspezifisch<\/td>\n<td>Farbe\/Gr\u00f6\u00dfe\/Logo\/Verpackung<\/td>\n<\/tr>\n<\/tbody>\n<\/table>","protected":false},"featured_media":2228,"comment_status":"closed","ping_status":"closed","template":"","meta":{"_acf_changed":false},"product_brand":[],"product_cat":[21],"product_tag":[],"class_list":{"0":"post-2226","1":"product","2":"type-product","3":"status-publish","4":"has-post-thumbnail","6":"product_cat-custom-toothbrush-holder","8":"first","9":"instock","10":"shipping-taxable","11":"product-type-simple"},"acf":[],"_links":{"self":[{"href":"https:\/\/www.yigejiaceramics.com\/de\/wp-json\/wp\/v2\/product\/2226","targetHints":{"allow":["GET"]}}],"collection":[{"href":"https:\/\/www.yigejiaceramics.com\/de\/wp-json\/wp\/v2\/product"}],"about":[{"href":"https:\/\/www.yigejiaceramics.com\/de\/wp-json\/wp\/v2\/types\/product"}],"replies":[{"embeddable":true,"href":"https:\/\/www.yigejiaceramics.com\/de\/wp-json\/wp\/v2\/comments?post=2226"}],"wp:featuredmedia":[{"embeddable":true,"href":"https:\/\/www.yigejiaceramics.com\/de\/wp-json\/wp\/v2\/media\/2228"}],"wp:attachment":[{"href":"https:\/\/www.yigejiaceramics.com\/de\/wp-json\/wp\/v2\/media?parent=2226"}],"wp:term":[{"taxonomy":"product_brand","embeddable":true,"href":"https:\/\/www.yigejiaceramics.com\/de\/wp-json\/wp\/v2\/product_brand?post=2226"},{"taxonomy":"product_cat","embeddable":true,"href":"https:\/\/www.yigejiaceramics.com\/de\/wp-json\/wp\/v2\/product_cat?post=2226"},{"taxonomy":"product_tag","embeddable":true,"href":"https:\/\/www.yigejiaceramics.com\/de\/wp-json\/wp\/v2\/product_tag?post=2226"}],"curies":[{"name":"wp","href":"https:\/\/api.w.org\/{rel}","templated":true}]}}