{"id":1982,"date":"2026-03-26T02:19:08","date_gmt":"2026-03-26T02:19:08","guid":{"rendered":"https:\/\/www.yigejiaceramics.com\/?post_type=product&#038;p=1982"},"modified":"2026-03-26T02:37:26","modified_gmt":"2026-03-26T02:37:26","slug":"wholesale-soap-dispensers-supplier","status":"publish","type":"product","link":"https:\/\/www.yigejiaceramics.com\/de\/produkt\/wholesale-soap-dispensers-supplier\/","title":{"rendered":"Gro\u00dfhandel Seifenspender Hersteller, err\u00f6ten rosa gesprenkelt Grid Keramik Lotion Pumpe"},"content":{"rendered":"<div class=\"wp-block-columns is-layout-flex wp-container-core-columns-is-layout-9d6595d7 wp-block-columns-is-layout-flex\">\n<div class=\"wp-block-column is-layout-flow wp-block-column-is-layout-flow\">\n<h2 class=\"wp-block-heading\">Gro\u00dfhandel Seifenspender Hersteller Eigenschaften<\/h2>\n\n\n\n<ul class=\"wp-block-list\">\n<li><strong>Blush Pink Gesprenkeltes Gitterdesign<\/strong>: Der Gro\u00dfhandel Seifenspender Hersteller verf\u00fcgt \u00fcber zarte rosa gesprenkelt Gitter Keramikpumpen, Hinzuf\u00fcgen von W\u00e4rme und Tiefe zu jedem Badezimmer.<\/li>\n\n\n\n<li><strong>Langlebige hochgebrannte Keramik<\/strong>: Die aus hochwertiger Keramik gefertigten Lotionpumpen sind stabil, rissfest und f\u00fcr den langfristigen Gebrauch konzipiert.<\/li>\n\n\n\n<li><strong>Zuverl\u00e4ssiger Pumpenmechanismus<\/strong>: Ausgestattet mit einer leichtg\u00e4ngigen, langlebigen Pumpe f\u00fcr eine gleichm\u00e4\u00dfige Dosierung, ideal f\u00fcr den h\u00e4ufigen Gebrauch.<\/li>\n\n\n\n<li><strong>Perfekt f\u00fcr Badezimmer-Sets<\/strong>: Passend zu den Keramiksets f\u00fcr das Badezimmer (Seifenspender, Seifenschale, Mundsp\u00fclbecher, Zahnb\u00fcrstenhalter) f\u00fcr ein einheitliches Erscheinungsbild.<\/li>\n\n\n\n<li><strong>Vorteil der Direktlieferung ab Werk<\/strong>: Gro\u00dfhandel Seifenspender Hersteller bietet wettbewerbsf\u00e4hige Fabrik Preise, kostenlose Proben, und Anpassungsm\u00f6glichkeiten f\u00fcr effiziente Bulk-Sourcing.<\/li>\n<\/ul>\n<\/div>\n\n\n\n<div class=\"wp-block-column is-layout-flow wp-block-column-is-layout-flow\">\n<figure class=\"wp-block-image size-full\"><img decoding=\"async\" width=\"800\" height=\"800\" src=\"https:\/\/www.yigejiaceramics.com\/wp-content\/uploads\/2026\/03\/Wholesale-Soap-Dispensers-Manufacturer-4.webp\" alt=\"Gro\u00dfhandel Seifenspender Hersteller\" class=\"wp-image-1986\" srcset=\"https:\/\/www.yigejiaceramics.com\/wp-content\/uploads\/2026\/03\/Wholesale-Soap-Dispensers-Manufacturer-4.webp 800w, https:\/\/www.yigejiaceramics.com\/wp-content\/uploads\/2026\/03\/Wholesale-Soap-Dispensers-Manufacturer-4-300x300.webp 300w, https:\/\/www.yigejiaceramics.com\/wp-content\/uploads\/2026\/03\/Wholesale-Soap-Dispensers-Manufacturer-4-150x150.webp 150w, https:\/\/www.yigejiaceramics.com\/wp-content\/uploads\/2026\/03\/Wholesale-Soap-Dispensers-Manufacturer-4-768x768.webp 768w, https:\/\/www.yigejiaceramics.com\/wp-content\/uploads\/2026\/03\/Wholesale-Soap-Dispensers-Manufacturer-4-12x12.webp 12w, https:\/\/www.yigejiaceramics.com\/wp-content\/uploads\/2026\/03\/Wholesale-Soap-Dispensers-Manufacturer-4-600x600.webp 600w, https:\/\/www.yigejiaceramics.com\/wp-content\/uploads\/2026\/03\/Wholesale-Soap-Dispensers-Manufacturer-4-100x100.webp 100w\" sizes=\"(max-width: 800px) 100vw, 800px\" \/><\/figure>\n<\/div>\n<\/div>\n\n\n\n<div class=\"wp-block-columns is-layout-flex wp-container-core-columns-is-layout-9d6595d7 wp-block-columns-is-layout-flex\">\n<div class=\"wp-block-column is-layout-flow wp-block-column-is-layout-flow\">\n<div class=\"wp-block-columns is-layout-flex wp-container-core-columns-is-layout-9d6595d7 wp-block-columns-is-layout-flex\">\n<div class=\"wp-block-column is-layout-flow wp-block-column-is-layout-flow\">\n<figure class=\"wp-block-image size-full\"><img decoding=\"async\" width=\"800\" height=\"800\" src=\"https:\/\/www.yigejiaceramics.com\/wp-content\/uploads\/2026\/03\/Wholesale-Soap-Dispensers-Manufacturer-4.webp\" alt=\"Gro\u00dfhandel Seifenspender Hersteller\" class=\"wp-image-1986\" srcset=\"https:\/\/www.yigejiaceramics.com\/wp-content\/uploads\/2026\/03\/Wholesale-Soap-Dispensers-Manufacturer-4.webp 800w, https:\/\/www.yigejiaceramics.com\/wp-content\/uploads\/2026\/03\/Wholesale-Soap-Dispensers-Manufacturer-4-300x300.webp 300w, https:\/\/www.yigejiaceramics.com\/wp-content\/uploads\/2026\/03\/Wholesale-Soap-Dispensers-Manufacturer-4-150x150.webp 150w, https:\/\/www.yigejiaceramics.com\/wp-content\/uploads\/2026\/03\/Wholesale-Soap-Dispensers-Manufacturer-4-768x768.webp 768w, https:\/\/www.yigejiaceramics.com\/wp-content\/uploads\/2026\/03\/Wholesale-Soap-Dispensers-Manufacturer-4-12x12.webp 12w, https:\/\/www.yigejiaceramics.com\/wp-content\/uploads\/2026\/03\/Wholesale-Soap-Dispensers-Manufacturer-4-600x600.webp 600w, https:\/\/www.yigejiaceramics.com\/wp-content\/uploads\/2026\/03\/Wholesale-Soap-Dispensers-Manufacturer-4-100x100.webp 100w\" sizes=\"(max-width: 800px) 100vw, 800px\" \/><\/figure>\n<\/div>\n\n\n\n<div class=\"wp-block-column is-layout-flow wp-block-column-is-layout-flow\">\n<figure class=\"wp-block-image size-full\"><img decoding=\"async\" width=\"800\" height=\"800\" src=\"https:\/\/www.yigejiaceramics.com\/wp-content\/uploads\/2026\/03\/Wholesale-Soap-Dispensers-Manufacturer-3.webp\" alt=\"Gro\u00dfhandel Seifenspender Hersteller\" class=\"wp-image-1985\" srcset=\"https:\/\/www.yigejiaceramics.com\/wp-content\/uploads\/2026\/03\/Wholesale-Soap-Dispensers-Manufacturer-3.webp 800w, https:\/\/www.yigejiaceramics.com\/wp-content\/uploads\/2026\/03\/Wholesale-Soap-Dispensers-Manufacturer-3-300x300.webp 300w, https:\/\/www.yigejiaceramics.com\/wp-content\/uploads\/2026\/03\/Wholesale-Soap-Dispensers-Manufacturer-3-150x150.webp 150w, https:\/\/www.yigejiaceramics.com\/wp-content\/uploads\/2026\/03\/Wholesale-Soap-Dispensers-Manufacturer-3-768x768.webp 768w, https:\/\/www.yigejiaceramics.com\/wp-content\/uploads\/2026\/03\/Wholesale-Soap-Dispensers-Manufacturer-3-12x12.webp 12w, https:\/\/www.yigejiaceramics.com\/wp-content\/uploads\/2026\/03\/Wholesale-Soap-Dispensers-Manufacturer-3-600x600.webp 600w, https:\/\/www.yigejiaceramics.com\/wp-content\/uploads\/2026\/03\/Wholesale-Soap-Dispensers-Manufacturer-3-100x100.webp 100w\" sizes=\"(max-width: 800px) 100vw, 800px\" \/><\/figure>\n<\/div>\n<\/div>\n<\/div>\n\n\n\n<div class=\"wp-block-column is-layout-flow wp-block-column-is-layout-flow\">\n<div class=\"wp-block-columns is-layout-flex wp-container-core-columns-is-layout-9d6595d7 wp-block-columns-is-layout-flex\">\n<div class=\"wp-block-column is-layout-flow wp-block-column-is-layout-flow\">\n<figure class=\"wp-block-image size-full\"><img decoding=\"async\" width=\"800\" height=\"800\" src=\"https:\/\/www.yigejiaceramics.com\/wp-content\/uploads\/2026\/03\/Wholesale-Soap-Dispensers-Manufacturer-2.webp\" alt=\"Gro\u00dfhandel Seifenspender Hersteller\" class=\"wp-image-1984\" srcset=\"https:\/\/www.yigejiaceramics.com\/wp-content\/uploads\/2026\/03\/Wholesale-Soap-Dispensers-Manufacturer-2.webp 800w, https:\/\/www.yigejiaceramics.com\/wp-content\/uploads\/2026\/03\/Wholesale-Soap-Dispensers-Manufacturer-2-300x300.webp 300w, https:\/\/www.yigejiaceramics.com\/wp-content\/uploads\/2026\/03\/Wholesale-Soap-Dispensers-Manufacturer-2-150x150.webp 150w, https:\/\/www.yigejiaceramics.com\/wp-content\/uploads\/2026\/03\/Wholesale-Soap-Dispensers-Manufacturer-2-768x768.webp 768w, https:\/\/www.yigejiaceramics.com\/wp-content\/uploads\/2026\/03\/Wholesale-Soap-Dispensers-Manufacturer-2-12x12.webp 12w, https:\/\/www.yigejiaceramics.com\/wp-content\/uploads\/2026\/03\/Wholesale-Soap-Dispensers-Manufacturer-2-600x600.webp 600w, https:\/\/www.yigejiaceramics.com\/wp-content\/uploads\/2026\/03\/Wholesale-Soap-Dispensers-Manufacturer-2-100x100.webp 100w\" sizes=\"(max-width: 800px) 100vw, 800px\" \/><\/figure>\n<\/div>\n\n\n\n<div class=\"wp-block-column is-layout-flow wp-block-column-is-layout-flow\">\n<figure class=\"wp-block-image size-full\"><img decoding=\"async\" width=\"800\" height=\"800\" src=\"https:\/\/www.yigejiaceramics.com\/wp-content\/uploads\/2026\/03\/Wholesale-Soap-Dispensers-Manufacturer-6.webp\" alt=\"Gro\u00dfhandel Seifenspender Hersteller\" class=\"wp-image-1988\" srcset=\"https:\/\/www.yigejiaceramics.com\/wp-content\/uploads\/2026\/03\/Wholesale-Soap-Dispensers-Manufacturer-6.webp 800w, https:\/\/www.yigejiaceramics.com\/wp-content\/uploads\/2026\/03\/Wholesale-Soap-Dispensers-Manufacturer-6-300x300.webp 300w, https:\/\/www.yigejiaceramics.com\/wp-content\/uploads\/2026\/03\/Wholesale-Soap-Dispensers-Manufacturer-6-150x150.webp 150w, https:\/\/www.yigejiaceramics.com\/wp-content\/uploads\/2026\/03\/Wholesale-Soap-Dispensers-Manufacturer-6-768x768.webp 768w, https:\/\/www.yigejiaceramics.com\/wp-content\/uploads\/2026\/03\/Wholesale-Soap-Dispensers-Manufacturer-6-12x12.webp 12w, https:\/\/www.yigejiaceramics.com\/wp-content\/uploads\/2026\/03\/Wholesale-Soap-Dispensers-Manufacturer-6-600x600.webp 600w, https:\/\/www.yigejiaceramics.com\/wp-content\/uploads\/2026\/03\/Wholesale-Soap-Dispensers-Manufacturer-6-100x100.webp 100w\" sizes=\"(max-width: 800px) 100vw, 800px\" \/><\/figure>\n<\/div>\n<\/div>\n<\/div>\n<\/div>","protected":false},"excerpt":{"rendered":"<p data-start=\"351\" data-end=\"595\">Gro\u00dfhandel Seifenspender Hersteller verf\u00fcgt \u00fcber err\u00f6ten rosa gesprenkelt Gitter Keramik Lotion Pumpen, langlebige Pumpe K\u00f6pfe, und einfach nachf\u00fcllen Design. Perfekt f\u00fcr Hotels, Resorts und Badezimmer-Sets. Fabrik direkte Preise mit kostenlosen Proben f\u00fcr Gro\u00dfabnehmer.<\/p>\n<h2>Gro\u00dfhandel Seifenspender Parameter\uff1a<\/h2>\n<table>\n<tbody>\n<tr>\n<td>Hersteller<\/td>\n<td>Yigejia<\/td>\n<\/tr>\n<tr>\n<td>Produkttyp<\/td>\n<td>Seifenspender<\/td>\n<\/tr>\n<tr>\n<td>Material<\/td>\n<td>Keramik<\/td>\n<\/tr>\n<tr>\n<td>Farbe<\/td>\n<td>Rosa<\/td>\n<\/tr>\n<tr>\n<td>Design<\/td>\n<td>Stammes-Design<\/td>\n<\/tr>\n<tr>\n<td>Komponenten<\/td>\n<td>Seifenspender<\/td>\n<\/tr>\n<tr>\n<td>Fertigstellen<\/td>\n<td>Mattes Finish<\/td>\n<\/tr>\n<tr>\n<td>Anwendung<\/td>\n<td>Zuhause, Badezimmer, Hotels, Wohnungen, Spa<\/td>\n<\/tr>\n<tr>\n<td>Mindestbestellmenge<\/td>\n<td>Geringe Mindestbestellmenge<\/td>\n<\/tr>\n<tr>\n<td>Kostenlose Probe<\/td>\n<td>Verf\u00fcgbar<\/td>\n<\/tr>\n<tr>\n<td>Kundenspezifisch<\/td>\n<td>Farbe\/Gr\u00f6\u00dfe\/Logo\/Verpackung<\/td>\n<\/tr>\n<\/tbody>\n<\/table>","protected":false},"featured_media":1983,"comment_status":"closed","ping_status":"closed","template":"","meta":{"_acf_changed":false},"product_brand":[],"product_cat":[20],"product_tag":[],"class_list":{"0":"post-1982","1":"product","2":"type-product","3":"status-publish","4":"has-post-thumbnail","6":"product_cat-custom-soap-dispenser","8":"first","9":"instock","10":"shipping-taxable","11":"product-type-simple"},"acf":[],"_links":{"self":[{"href":"https:\/\/www.yigejiaceramics.com\/de\/wp-json\/wp\/v2\/product\/1982","targetHints":{"allow":["GET"]}}],"collection":[{"href":"https:\/\/www.yigejiaceramics.com\/de\/wp-json\/wp\/v2\/product"}],"about":[{"href":"https:\/\/www.yigejiaceramics.com\/de\/wp-json\/wp\/v2\/types\/product"}],"replies":[{"embeddable":true,"href":"https:\/\/www.yigejiaceramics.com\/de\/wp-json\/wp\/v2\/comments?post=1982"}],"wp:featuredmedia":[{"embeddable":true,"href":"https:\/\/www.yigejiaceramics.com\/de\/wp-json\/wp\/v2\/media\/1983"}],"wp:attachment":[{"href":"https:\/\/www.yigejiaceramics.com\/de\/wp-json\/wp\/v2\/media?parent=1982"}],"wp:term":[{"taxonomy":"product_brand","embeddable":true,"href":"https:\/\/www.yigejiaceramics.com\/de\/wp-json\/wp\/v2\/product_brand?post=1982"},{"taxonomy":"product_cat","embeddable":true,"href":"https:\/\/www.yigejiaceramics.com\/de\/wp-json\/wp\/v2\/product_cat?post=1982"},{"taxonomy":"product_tag","embeddable":true,"href":"https:\/\/www.yigejiaceramics.com\/de\/wp-json\/wp\/v2\/product_tag?post=1982"}],"curies":[{"name":"wp","href":"https:\/\/api.w.org\/{rel}","templated":true}]}}