{"id":1955,"date":"2026-03-26T02:49:59","date_gmt":"2026-03-26T02:49:59","guid":{"rendered":"https:\/\/www.yigejiaceramics.com\/?post_type=product&#038;p=1955"},"modified":"2026-03-26T02:50:03","modified_gmt":"2026-03-26T02:50:03","slug":"wholesale-ceramic-mouthwash-cup","status":"publish","type":"product","link":"https:\/\/www.yigejiaceramics.com\/de\/produkt\/wholesale-ceramic-mouthwash-cup\/","title":{"rendered":"Gro\u00dfhandel Keramik Mundwasser Tasse, err\u00f6ten rosa gesprenkelt Grid Textur Badezimmer sp\u00fclen Tasse"},"content":{"rendered":"<div class=\"wp-block-columns is-layout-flex wp-container-core-columns-is-layout-9d6595d7 wp-block-columns-is-layout-flex\">\n<div class=\"wp-block-column is-layout-flow wp-block-column-is-layout-flow\">\n<h2 class=\"wp-block-heading\">Gro\u00dfhandel Keramik Mundwasser Cup Eigenschaften<\/h2>\n\n\n\n<ul class=\"wp-block-list\">\n<li><strong>Blush Pink Gesprenkeltes Gitterdesign<\/strong>: Der Gro\u00dfhandel Keramik Mundwasser Tasse verf\u00fcgt \u00fcber eine zarte rosa gesprenkelt Gittermuster, Hinzuf\u00fcgen von W\u00e4rme und Tiefe zu jedem Badezimmer.<\/li>\n\n\n\n<li><strong>Langlebige hochgebrannte Keramik<\/strong>: Hergestellt aus Premium-Keramik, ist der Gro\u00dfhandel Keramik Mundwasser Tasse stark, rissfest, und f\u00fcr den langfristigen Einsatz gebaut.<\/li>\n\n\n\n<li><strong>Perfekt f\u00fcr Badezimmer-Sets<\/strong>: Passend zu den Keramiksets f\u00fcr das Badezimmer (Mundsp\u00fclbecher, Zahnb\u00fcrstenhalter, Seifenspender, Seifenschale) f\u00fcr ein einheitliches Erscheinungsbild.<\/li>\n\n\n\n<li><strong>Glatte glasierte Oberfl\u00e4che<\/strong>: Die glatte Oberfl\u00e4che ist flecken- und wasserabweisend, was die Reinigung erleichtert und die Hygiene erh\u00e4lt.<\/li>\n\n\n\n<li><strong>Vorteil der Direktlieferung ab Werk<\/strong>: Gro\u00dfhandel Keramik Mundwasser Cup bietet wettbewerbsf\u00e4hige Fabrik Preise, kostenlose Proben und Anpassungsm\u00f6glichkeiten f\u00fcr effiziente Bulk-Sourcing.<\/li>\n<\/ul>\n<\/div>\n\n\n\n<div class=\"wp-block-column is-layout-flow wp-block-column-is-layout-flow\">\n<figure class=\"wp-block-image size-full\"><img decoding=\"async\" width=\"800\" height=\"800\" src=\"https:\/\/www.yigejiaceramics.com\/wp-content\/uploads\/2026\/03\/Wholesale-Ceramic-Mouthwash-Cup-5.webp\" alt=\"Gro\u00dfhandel Keramik Mundwasser Tasse\" class=\"wp-image-1960\" srcset=\"https:\/\/www.yigejiaceramics.com\/wp-content\/uploads\/2026\/03\/Wholesale-Ceramic-Mouthwash-Cup-5.webp 800w, https:\/\/www.yigejiaceramics.com\/wp-content\/uploads\/2026\/03\/Wholesale-Ceramic-Mouthwash-Cup-5-300x300.webp 300w, https:\/\/www.yigejiaceramics.com\/wp-content\/uploads\/2026\/03\/Wholesale-Ceramic-Mouthwash-Cup-5-150x150.webp 150w, https:\/\/www.yigejiaceramics.com\/wp-content\/uploads\/2026\/03\/Wholesale-Ceramic-Mouthwash-Cup-5-768x768.webp 768w, https:\/\/www.yigejiaceramics.com\/wp-content\/uploads\/2026\/03\/Wholesale-Ceramic-Mouthwash-Cup-5-12x12.webp 12w, https:\/\/www.yigejiaceramics.com\/wp-content\/uploads\/2026\/03\/Wholesale-Ceramic-Mouthwash-Cup-5-600x600.webp 600w, https:\/\/www.yigejiaceramics.com\/wp-content\/uploads\/2026\/03\/Wholesale-Ceramic-Mouthwash-Cup-5-100x100.webp 100w\" sizes=\"(max-width: 800px) 100vw, 800px\" \/><\/figure>\n<\/div>\n<\/div>\n\n\n\n<div class=\"wp-block-columns is-layout-flex wp-container-core-columns-is-layout-9d6595d7 wp-block-columns-is-layout-flex\">\n<div class=\"wp-block-column is-layout-flow wp-block-column-is-layout-flow\">\n<figure class=\"wp-block-image size-full\"><img decoding=\"async\" width=\"800\" height=\"800\" src=\"https:\/\/www.yigejiaceramics.com\/wp-content\/uploads\/2026\/03\/Wholesale-Ceramic-Mouthwash-Cup-9.webp\" alt=\"Gro\u00dfhandel Keramik Mundwasser Tasse\" class=\"wp-image-1964\" srcset=\"https:\/\/www.yigejiaceramics.com\/wp-content\/uploads\/2026\/03\/Wholesale-Ceramic-Mouthwash-Cup-9.webp 800w, https:\/\/www.yigejiaceramics.com\/wp-content\/uploads\/2026\/03\/Wholesale-Ceramic-Mouthwash-Cup-9-300x300.webp 300w, https:\/\/www.yigejiaceramics.com\/wp-content\/uploads\/2026\/03\/Wholesale-Ceramic-Mouthwash-Cup-9-150x150.webp 150w, https:\/\/www.yigejiaceramics.com\/wp-content\/uploads\/2026\/03\/Wholesale-Ceramic-Mouthwash-Cup-9-768x768.webp 768w, https:\/\/www.yigejiaceramics.com\/wp-content\/uploads\/2026\/03\/Wholesale-Ceramic-Mouthwash-Cup-9-12x12.webp 12w, https:\/\/www.yigejiaceramics.com\/wp-content\/uploads\/2026\/03\/Wholesale-Ceramic-Mouthwash-Cup-9-600x600.webp 600w, https:\/\/www.yigejiaceramics.com\/wp-content\/uploads\/2026\/03\/Wholesale-Ceramic-Mouthwash-Cup-9-100x100.webp 100w\" sizes=\"(max-width: 800px) 100vw, 800px\" \/><\/figure>\n<\/div>\n\n\n\n<div class=\"wp-block-column is-layout-flow wp-block-column-is-layout-flow\">\n<figure class=\"wp-block-image size-full\"><img decoding=\"async\" width=\"800\" height=\"800\" src=\"https:\/\/www.yigejiaceramics.com\/wp-content\/uploads\/2026\/03\/Wholesale-Ceramic-Mouthwash-Cup-10.webp\" alt=\"Gro\u00dfhandel Keramik Mundwasser Tasse\" class=\"wp-image-1965\" srcset=\"https:\/\/www.yigejiaceramics.com\/wp-content\/uploads\/2026\/03\/Wholesale-Ceramic-Mouthwash-Cup-10.webp 800w, https:\/\/www.yigejiaceramics.com\/wp-content\/uploads\/2026\/03\/Wholesale-Ceramic-Mouthwash-Cup-10-300x300.webp 300w, https:\/\/www.yigejiaceramics.com\/wp-content\/uploads\/2026\/03\/Wholesale-Ceramic-Mouthwash-Cup-10-150x150.webp 150w, https:\/\/www.yigejiaceramics.com\/wp-content\/uploads\/2026\/03\/Wholesale-Ceramic-Mouthwash-Cup-10-768x768.webp 768w, https:\/\/www.yigejiaceramics.com\/wp-content\/uploads\/2026\/03\/Wholesale-Ceramic-Mouthwash-Cup-10-12x12.webp 12w, https:\/\/www.yigejiaceramics.com\/wp-content\/uploads\/2026\/03\/Wholesale-Ceramic-Mouthwash-Cup-10-600x600.webp 600w, https:\/\/www.yigejiaceramics.com\/wp-content\/uploads\/2026\/03\/Wholesale-Ceramic-Mouthwash-Cup-10-100x100.webp 100w\" sizes=\"(max-width: 800px) 100vw, 800px\" \/><\/figure>\n<\/div>\n<\/div>","protected":false},"excerpt":{"rendered":"<p data-start=\"399\" data-end=\"631\">Gro\u00dfhandel Keramik Mundwasser Tasse verf\u00fcgt \u00fcber eine err\u00f6ten rosa gesprenkelt Gitter Textur, langlebige Keramik, und einfache Wartung. Perfekt f\u00fcr Hotels, Resorts und Badezimmer-Sets. Fabrik direkte Preisgestaltung mit kostenlosen Proben f\u00fcr Gro\u00dfabnehmer.<\/p>\n<h2>Gro\u00dfhandel keramische Mundwasser Tasse Parameter\uff1a<\/h2>\n<table>\n<tbody>\n<tr>\n<td>Hersteller<\/td>\n<td>Yigejia<\/td>\n<\/tr>\n<tr>\n<td>Produkttyp<\/td>\n<td>Becher<\/td>\n<\/tr>\n<tr>\n<td>Material<\/td>\n<td>Keramik<\/td>\n<\/tr>\n<tr>\n<td>Farbe<\/td>\n<td>Rosa<\/td>\n<\/tr>\n<tr>\n<td>Set enth\u00e4lt<\/td>\n<td>1 St\u00fcck<\/td>\n<\/tr>\n<tr>\n<td>Komponenten<\/td>\n<td>Becher<\/td>\n<\/tr>\n<tr>\n<td>Fertigstellen<\/td>\n<td>Gl\u00e4nzende Oberfl\u00e4che<\/td>\n<\/tr>\n<tr>\n<td>Anwendung<\/td>\n<td>Zuhause, Badezimmer, Hotels, Wohnungen, Spa<\/td>\n<\/tr>\n<tr>\n<td>Mindestbestellmenge<\/td>\n<td>Geringe Mindestbestellmenge<\/td>\n<\/tr>\n<tr>\n<td>Kostenlose Probe<\/td>\n<td>Verf\u00fcgbar<\/td>\n<\/tr>\n<tr>\n<td>Kundenspezifisch<\/td>\n<td>Farbe\/Gr\u00f6\u00dfe\/Logo\/Verpackung<\/td>\n<\/tr>\n<\/tbody>\n<\/table>","protected":false},"featured_media":1957,"comment_status":"closed","ping_status":"closed","template":"","meta":{"_acf_changed":false},"product_brand":[],"product_cat":[22],"product_tag":[],"class_list":{"0":"post-1955","1":"product","2":"type-product","3":"status-publish","4":"has-post-thumbnail","6":"product_cat-ceramic-tumbler-wholesale","8":"first","9":"instock","10":"shipping-taxable","11":"product-type-simple"},"acf":[],"_links":{"self":[{"href":"https:\/\/www.yigejiaceramics.com\/de\/wp-json\/wp\/v2\/product\/1955","targetHints":{"allow":["GET"]}}],"collection":[{"href":"https:\/\/www.yigejiaceramics.com\/de\/wp-json\/wp\/v2\/product"}],"about":[{"href":"https:\/\/www.yigejiaceramics.com\/de\/wp-json\/wp\/v2\/types\/product"}],"replies":[{"embeddable":true,"href":"https:\/\/www.yigejiaceramics.com\/de\/wp-json\/wp\/v2\/comments?post=1955"}],"wp:featuredmedia":[{"embeddable":true,"href":"https:\/\/www.yigejiaceramics.com\/de\/wp-json\/wp\/v2\/media\/1957"}],"wp:attachment":[{"href":"https:\/\/www.yigejiaceramics.com\/de\/wp-json\/wp\/v2\/media?parent=1955"}],"wp:term":[{"taxonomy":"product_brand","embeddable":true,"href":"https:\/\/www.yigejiaceramics.com\/de\/wp-json\/wp\/v2\/product_brand?post=1955"},{"taxonomy":"product_cat","embeddable":true,"href":"https:\/\/www.yigejiaceramics.com\/de\/wp-json\/wp\/v2\/product_cat?post=1955"},{"taxonomy":"product_tag","embeddable":true,"href":"https:\/\/www.yigejiaceramics.com\/de\/wp-json\/wp\/v2\/product_tag?post=1955"}],"curies":[{"name":"wp","href":"https:\/\/api.w.org\/{rel}","templated":true}]}}