{"id":1716,"date":"2026-03-04T09:51:22","date_gmt":"2026-03-04T09:51:22","guid":{"rendered":"https:\/\/www.yigejiaceramics.com\/?post_type=product&#038;p=1716"},"modified":"2026-03-04T09:51:32","modified_gmt":"2026-03-04T09:51:32","slug":"custom-glossy-tumbler-ceramics","status":"publish","type":"product","link":"https:\/\/www.yigejiaceramics.com\/de\/produkt\/custom-glossy-tumbler-ceramics\/","title":{"rendered":"Benutzerdefinierte gl\u00e4nzende Becher Keramik f\u00fcr Urlaub, schwarz Bad Accessoire Fabrik"},"content":{"rendered":"<div class=\"wp-block-columns is-layout-flex wp-container-core-columns-is-layout-9d6595d7 wp-block-columns-is-layout-flex\">\n<div class=\"wp-block-column is-layout-flow wp-block-column-is-layout-flow\">\n<h2 class=\"wp-block-heading\">Custom Glossy Tumbler Keramik Merkmale<\/h2>\n\n\n\n<ul class=\"wp-block-list\">\n<li><strong>Festliches Farbdesign<\/strong>: Custom Glossy Tumbler Ceramics haben eine gl\u00e4nzende schwarze und gr\u00fcne Glasur mit weihnachtlichen Elementen, die das weihnachtliche Ambiente verst\u00e4rken und die Arbeitsfl\u00e4chen im Badezimmer optisch aufwerten.<\/li>\n\n\n\n<li><strong><strong>Hochtemperatur-gebrannte Keramik<\/strong>:<\/strong> Glatte und strapazierf\u00e4hige Oberfl\u00e4che, wasser- und lichtecht, leicht zu reinigen, f\u00fcr den t\u00e4glichen Dauereinsatz geeignet.<\/li>\n\n\n\n<li><strong><strong>Multifunktionale Lagerung<\/strong>:<\/strong> Perfekte Gr\u00f6\u00dfe zur Aufbewahrung von Zahnb\u00fcrsten, Mundwasser oder anderen kleinen Badutensilien, die f\u00fcr Ordnung auf der Arbeitsfl\u00e4che sorgen.<\/li>\n\n\n\n<li><strong><strong>Komplettes 4-teiliges Badezimmerset Option<\/strong>:<\/strong> Individuell gestaltete, gl\u00e4nzende Keramikbecher k\u00f6nnen mit Seifenschale, Lotionspender und Zahnb\u00fcrstenhalter kombiniert werden, um ein koh\u00e4rentes Keramik-Badezimmerset zu bilden, das ideal f\u00fcr Hotels, den Einzelhandel und Geschenkm\u00e4rkte ist.<\/li>\n\n\n\n<li><strong>Umweltfreundlich und sicher, leicht zu reinigen und zu pflegen:<\/strong> Durch die Verwendung einer blei- und cadmiumfreien, umweltfreundlichen Glasur ist die Oberfl\u00e4che glatt und zart, so dass sich kein Schmutz ansammeln kann. Ein einfaches Absp\u00fclen reicht aus, um sie wie neu aussehen zu lassen, was dem Streben der modernen Verbraucher nach einem umweltfreundlichen und gesunden Leben zu Hause perfekt entspricht.<\/li>\n\n\n\n<li><strong><strong>Direktlieferung ab Werk &amp; kostenlose Muster<\/strong>:<\/strong> Produziert von unserer eigenen Fabrik mit wettbewerbsf\u00e4higen Gro\u00dfhandelspreisen, unterst\u00fctzt OEM\/ODM-Anpassung. Kostenlose Muster stehen zur Verf\u00fcgung, damit sich die K\u00e4ufer von der Qualit\u00e4t \u00fcberzeugen k\u00f6nnen, bevor sie Gro\u00dfauftr\u00e4ge erteilen.<\/li>\n<\/ul>\n<\/div>\n\n\n\n<div class=\"wp-block-column is-layout-flow wp-block-column-is-layout-flow\">\n<figure class=\"wp-block-image size-full\"><img decoding=\"async\" width=\"800\" height=\"800\" src=\"https:\/\/www.yigejiaceramics.com\/wp-content\/uploads\/2026\/03\/Custom-Glossy-Tumbler-Ceramics-7.webp\" alt=\"Benutzerdefinierte gl\u00e4nzende Becher aus Keramik\" class=\"wp-image-1723\" srcset=\"https:\/\/www.yigejiaceramics.com\/wp-content\/uploads\/2026\/03\/Custom-Glossy-Tumbler-Ceramics-7.webp 800w, https:\/\/www.yigejiaceramics.com\/wp-content\/uploads\/2026\/03\/Custom-Glossy-Tumbler-Ceramics-7-300x300.webp 300w, https:\/\/www.yigejiaceramics.com\/wp-content\/uploads\/2026\/03\/Custom-Glossy-Tumbler-Ceramics-7-150x150.webp 150w, https:\/\/www.yigejiaceramics.com\/wp-content\/uploads\/2026\/03\/Custom-Glossy-Tumbler-Ceramics-7-768x768.webp 768w, https:\/\/www.yigejiaceramics.com\/wp-content\/uploads\/2026\/03\/Custom-Glossy-Tumbler-Ceramics-7-12x12.webp 12w, https:\/\/www.yigejiaceramics.com\/wp-content\/uploads\/2026\/03\/Custom-Glossy-Tumbler-Ceramics-7-600x600.webp 600w, https:\/\/www.yigejiaceramics.com\/wp-content\/uploads\/2026\/03\/Custom-Glossy-Tumbler-Ceramics-7-100x100.webp 100w\" sizes=\"(max-width: 800px) 100vw, 800px\" \/><\/figure>\n<\/div>\n<\/div>\n\n\n\n<div class=\"wp-block-columns is-layout-flex wp-container-core-columns-is-layout-9d6595d7 wp-block-columns-is-layout-flex\">\n<div class=\"wp-block-column is-layout-flow wp-block-column-is-layout-flow\">\n<figure class=\"wp-block-image size-full\"><img decoding=\"async\" width=\"800\" height=\"800\" src=\"https:\/\/www.yigejiaceramics.com\/wp-content\/uploads\/2026\/03\/Custom-Glossy-Tumbler-Ceramics-4.webp\" alt=\"Benutzerdefinierte gl\u00e4nzende Becher aus Keramik\" class=\"wp-image-1720\" srcset=\"https:\/\/www.yigejiaceramics.com\/wp-content\/uploads\/2026\/03\/Custom-Glossy-Tumbler-Ceramics-4.webp 800w, https:\/\/www.yigejiaceramics.com\/wp-content\/uploads\/2026\/03\/Custom-Glossy-Tumbler-Ceramics-4-300x300.webp 300w, https:\/\/www.yigejiaceramics.com\/wp-content\/uploads\/2026\/03\/Custom-Glossy-Tumbler-Ceramics-4-150x150.webp 150w, https:\/\/www.yigejiaceramics.com\/wp-content\/uploads\/2026\/03\/Custom-Glossy-Tumbler-Ceramics-4-768x768.webp 768w, https:\/\/www.yigejiaceramics.com\/wp-content\/uploads\/2026\/03\/Custom-Glossy-Tumbler-Ceramics-4-12x12.webp 12w, https:\/\/www.yigejiaceramics.com\/wp-content\/uploads\/2026\/03\/Custom-Glossy-Tumbler-Ceramics-4-600x600.webp 600w, https:\/\/www.yigejiaceramics.com\/wp-content\/uploads\/2026\/03\/Custom-Glossy-Tumbler-Ceramics-4-100x100.webp 100w\" sizes=\"(max-width: 800px) 100vw, 800px\" \/><\/figure>\n<\/div>\n\n\n\n<div class=\"wp-block-column is-layout-flow wp-block-column-is-layout-flow\">\n<figure class=\"wp-block-image size-full\"><img decoding=\"async\" width=\"800\" height=\"800\" src=\"https:\/\/www.yigejiaceramics.com\/wp-content\/uploads\/2026\/03\/Custom-Glossy-Tumbler-Ceramics-5.webp\" alt=\"Benutzerdefinierte gl\u00e4nzende Becher aus Keramik\" class=\"wp-image-1721\" srcset=\"https:\/\/www.yigejiaceramics.com\/wp-content\/uploads\/2026\/03\/Custom-Glossy-Tumbler-Ceramics-5.webp 800w, https:\/\/www.yigejiaceramics.com\/wp-content\/uploads\/2026\/03\/Custom-Glossy-Tumbler-Ceramics-5-300x300.webp 300w, https:\/\/www.yigejiaceramics.com\/wp-content\/uploads\/2026\/03\/Custom-Glossy-Tumbler-Ceramics-5-150x150.webp 150w, https:\/\/www.yigejiaceramics.com\/wp-content\/uploads\/2026\/03\/Custom-Glossy-Tumbler-Ceramics-5-768x768.webp 768w, https:\/\/www.yigejiaceramics.com\/wp-content\/uploads\/2026\/03\/Custom-Glossy-Tumbler-Ceramics-5-12x12.webp 12w, https:\/\/www.yigejiaceramics.com\/wp-content\/uploads\/2026\/03\/Custom-Glossy-Tumbler-Ceramics-5-600x600.webp 600w, https:\/\/www.yigejiaceramics.com\/wp-content\/uploads\/2026\/03\/Custom-Glossy-Tumbler-Ceramics-5-100x100.webp 100w\" sizes=\"(max-width: 800px) 100vw, 800px\" \/><\/figure>\n<\/div>\n<\/div>\n\n\n\n<p><\/p>","protected":false},"excerpt":{"rendered":"<p data-start=\"502\" data-end=\"730\">Benutzerdefinierte Glossy Tumbler Keramik mit festlichen schwarz-gr\u00fcn gl\u00e4nzende Glasur, perfekt f\u00fcr Weihnachten Bad Dekor und t\u00e4glichen Gebrauch f\u00fcr Zahnb\u00fcrsten und Mundwasser. Fabrik direkt liefern, Gro\u00dfhandelspreis Vorteil, kostenlose Proben f\u00fcr Gro\u00dfabnehmer zur Verf\u00fcgung, und OEM-Anpassung.<\/p>\n<h2>Benutzerdefinierte gl\u00e4nzende Becher Keramik Parameter\uff1a<\/h2>\n<table>\n<tbody>\n<tr>\n<td>Hersteller<\/td>\n<td>Yigejia<\/td>\n<\/tr>\n<tr>\n<td>Produkttyp<\/td>\n<td>Becher<\/td>\n<\/tr>\n<tr>\n<td>Material<\/td>\n<td>Keramik<\/td>\n<\/tr>\n<tr>\n<td>Farbe<\/td>\n<td>Schwarz &amp; Gr\u00fcn<\/td>\n<\/tr>\n<tr>\n<td>Set enth\u00e4lt<\/td>\n<td>1 St\u00fcck<\/td>\n<\/tr>\n<tr>\n<td>Komponenten<\/td>\n<td>Becher<\/td>\n<\/tr>\n<tr>\n<td>Fertigstellen<\/td>\n<td>Mattes Finish<\/td>\n<\/tr>\n<tr>\n<td>Anwendung<\/td>\n<td>Zuhause, Badezimmer, Hotels, Wohnungen, Spa<\/td>\n<\/tr>\n<tr>\n<td>Mindestbestellmenge<\/td>\n<td>Geringe Mindestbestellmenge<\/td>\n<\/tr>\n<tr>\n<td>Kostenlose Probe<\/td>\n<td>Verf\u00fcgbar<\/td>\n<\/tr>\n<tr>\n<td>Kundenspezifisch<\/td>\n<td>Farbe\/Gr\u00f6\u00dfe\/Logo\/Verpackung<\/td>\n<\/tr>\n<\/tbody>\n<\/table>","protected":false},"featured_media":1718,"comment_status":"closed","ping_status":"closed","template":"","meta":{"_acf_changed":false},"product_brand":[],"product_cat":[22],"product_tag":[],"class_list":{"0":"post-1716","1":"product","2":"type-product","3":"status-publish","4":"has-post-thumbnail","6":"product_cat-ceramic-tumbler-wholesale","8":"first","9":"instock","10":"shipping-taxable","11":"product-type-simple"},"acf":[],"_links":{"self":[{"href":"https:\/\/www.yigejiaceramics.com\/de\/wp-json\/wp\/v2\/product\/1716","targetHints":{"allow":["GET"]}}],"collection":[{"href":"https:\/\/www.yigejiaceramics.com\/de\/wp-json\/wp\/v2\/product"}],"about":[{"href":"https:\/\/www.yigejiaceramics.com\/de\/wp-json\/wp\/v2\/types\/product"}],"replies":[{"embeddable":true,"href":"https:\/\/www.yigejiaceramics.com\/de\/wp-json\/wp\/v2\/comments?post=1716"}],"wp:featuredmedia":[{"embeddable":true,"href":"https:\/\/www.yigejiaceramics.com\/de\/wp-json\/wp\/v2\/media\/1718"}],"wp:attachment":[{"href":"https:\/\/www.yigejiaceramics.com\/de\/wp-json\/wp\/v2\/media?parent=1716"}],"wp:term":[{"taxonomy":"product_brand","embeddable":true,"href":"https:\/\/www.yigejiaceramics.com\/de\/wp-json\/wp\/v2\/product_brand?post=1716"},{"taxonomy":"product_cat","embeddable":true,"href":"https:\/\/www.yigejiaceramics.com\/de\/wp-json\/wp\/v2\/product_cat?post=1716"},{"taxonomy":"product_tag","embeddable":true,"href":"https:\/\/www.yigejiaceramics.com\/de\/wp-json\/wp\/v2\/product_tag?post=1716"}],"curies":[{"name":"wp","href":"https:\/\/api.w.org\/{rel}","templated":true}]}}