{"id":1623,"date":"2026-02-04T09:53:44","date_gmt":"2026-02-04T09:53:44","guid":{"rendered":"https:\/\/www.yigejiaceramics.com\/?post_type=product&#038;p=1623"},"modified":"2026-02-07T07:53:34","modified_gmt":"2026-02-07T07:53:34","slug":"stoneware-tumbler-wholesale","status":"publish","type":"product","link":"https:\/\/www.yigejiaceramics.com\/de\/produkt\/stoneware-tumbler-wholesale\/","title":{"rendered":"Steingut Becher Gro\u00dfhandel schwarz Keramik Tribal Design Bad Mundwasser Tasse"},"content":{"rendered":"<div class=\"wp-block-columns is-layout-flex wp-container-core-columns-is-layout-9d6595d7 wp-block-columns-is-layout-flex\">\n<div class=\"wp-block-column is-layout-flow wp-block-column-is-layout-flow\">\n<h2 class=\"wp-block-heading\">Steingut Becher Gro\u00dfhandel Merkmale<\/h2>\n\n\n\n<ul class=\"wp-block-list\">\n<li><strong>Exquisite handgefertigte Schnitzerei:<\/strong> Der Becherk\u00f6rper weist einen hohen Wiedererkennungswert der Schriftart \u201cWASH\u201d auf. in Kombination mit zarten, handgeschnitzten Stammesmustern am Boden, die eine einzigartige k\u00fcnstlerische Sch\u00f6nheit auf dem Gro\u00dfhandelsmarkt f\u00fcr Steinzeugbecher darstellen und den Stil des Badezimmers sofort aufwerten.<\/li>\n\n\n\n<li><strong>Hochdichtes Steinzeug Material:<\/strong> Die aus hochwertigem, bei hohen Temperaturen gebranntem Steinzeug hergestellte Keramik ist dicht und hat eine extrem geringe Wasseraufnahme. Sie ist nicht nur robust und langlebig, sondern auch hervorragend schimmel- und feuchtigkeitsbest\u00e4ndig und setzt damit Ma\u00dfst\u00e4be f\u00fcr die Haltbarkeit von Steingutbechern im Gro\u00dfhandel.<\/li>\n\n\n\n<li><strong>Ergonomisches Design: <\/strong>Das einzigartige stromlinienf\u00f6rmige Flaschendesign, das oben schmaler und unten breiter ist, sorgt f\u00fcr einen festen und stabilen Griff. Sie kann nicht nur als Mundsp\u00fclbecher, sondern auch als Zahnb\u00fcrstenhalter oder Aufbewahrungsbeh\u00e4lter f\u00fcr Beauty-Tools verwendet werden und ist somit multifunktional einsetzbar.<\/li>\n\n\n\n<li><strong>Direkte Lieferung von der Quelle Fabrik, sehr wettbewerbsf\u00e4hige Preise:<\/strong> Als Quellhersteller bieten wir Gro\u00dfhandelspreise aus erster Hand. Wir sorgen f\u00fcr eine hochwertige Verarbeitung, minimieren Ihre Beschaffungskosten und helfen Ihrer Marke, sich auf dem Einzelhandelsmarkt abzuheben.<\/li>\n\n\n\n<li><strong>Umweltfreundlich und sicher, leicht zu reinigen und zu pflegen:<\/strong> Durch die Verwendung einer blei- und cadmiumfreien, umweltfreundlichen Glasur ist die Oberfl\u00e4che glatt und zart, so dass sich kein Schmutz ansammeln kann. Ein einfaches Absp\u00fclen reicht aus, um sie wie neu aussehen zu lassen, was dem Streben der modernen Verbraucher nach einem umweltfreundlichen und gesunden Leben zu Hause perfekt entspricht.<\/li>\n\n\n\n<li><strong>Kostenlose Muster und professionelle Anpassungsdienste: <\/strong>Wir sind uns bewusst, dass Qualit\u00e4t die Grundlage f\u00fcr eine Zusammenarbeit ist, und unterst\u00fctzen daher die Bereitstellung kostenloser Muster zur Qualit\u00e4tspr\u00fcfung. Wir bieten auch flexible L\u00f6sungen f\u00fcr die Anpassung von Gro\u00dfpackungen an, die es Ihnen erm\u00f6glichen, Ihr Logo oder Ihre Verpackung nach Ihren W\u00fcnschen zu gestalten, damit Ihre Bestellung sorgenfrei ist.<\/li>\n<\/ul>\n<\/div>\n\n\n\n<div class=\"wp-block-column is-layout-flow wp-block-column-is-layout-flow\">\n<figure class=\"wp-block-image size-full\"><img decoding=\"async\" width=\"800\" height=\"800\" src=\"https:\/\/www.yigejiaceramics.com\/wp-content\/uploads\/2026\/02\/Stoneware-Tumbler-Wholesale-Supplier-3.webp\" alt=\"Steingut Becher Gro\u00dfhandel Lieferant (3)\" class=\"wp-image-1644\" srcset=\"https:\/\/www.yigejiaceramics.com\/wp-content\/uploads\/2026\/02\/Stoneware-Tumbler-Wholesale-Supplier-3.webp 800w, https:\/\/www.yigejiaceramics.com\/wp-content\/uploads\/2026\/02\/Stoneware-Tumbler-Wholesale-Supplier-3-300x300.webp 300w, https:\/\/www.yigejiaceramics.com\/wp-content\/uploads\/2026\/02\/Stoneware-Tumbler-Wholesale-Supplier-3-150x150.webp 150w, https:\/\/www.yigejiaceramics.com\/wp-content\/uploads\/2026\/02\/Stoneware-Tumbler-Wholesale-Supplier-3-768x768.webp 768w, https:\/\/www.yigejiaceramics.com\/wp-content\/uploads\/2026\/02\/Stoneware-Tumbler-Wholesale-Supplier-3-12x12.webp 12w, https:\/\/www.yigejiaceramics.com\/wp-content\/uploads\/2026\/02\/Stoneware-Tumbler-Wholesale-Supplier-3-600x600.webp 600w, https:\/\/www.yigejiaceramics.com\/wp-content\/uploads\/2026\/02\/Stoneware-Tumbler-Wholesale-Supplier-3-100x100.webp 100w\" sizes=\"(max-width: 800px) 100vw, 800px\" \/><\/figure>\n<\/div>\n<\/div>\n\n\n\n<div class=\"wp-block-columns is-layout-flex wp-container-core-columns-is-layout-9d6595d7 wp-block-columns-is-layout-flex\">\n<div class=\"wp-block-column is-layout-flow wp-block-column-is-layout-flow\">\n<figure class=\"wp-block-image size-full\"><img decoding=\"async\" width=\"800\" height=\"800\" src=\"https:\/\/www.yigejiaceramics.com\/wp-content\/uploads\/2026\/02\/Stoneware-Tumbler-Wholeswale-6.webp\" alt=\"Steingutbecher Wholeswale\" class=\"wp-image-1629\" srcset=\"https:\/\/www.yigejiaceramics.com\/wp-content\/uploads\/2026\/02\/Stoneware-Tumbler-Wholeswale-6.webp 800w, https:\/\/www.yigejiaceramics.com\/wp-content\/uploads\/2026\/02\/Stoneware-Tumbler-Wholeswale-6-300x300.webp 300w, https:\/\/www.yigejiaceramics.com\/wp-content\/uploads\/2026\/02\/Stoneware-Tumbler-Wholeswale-6-150x150.webp 150w, https:\/\/www.yigejiaceramics.com\/wp-content\/uploads\/2026\/02\/Stoneware-Tumbler-Wholeswale-6-768x768.webp 768w, https:\/\/www.yigejiaceramics.com\/wp-content\/uploads\/2026\/02\/Stoneware-Tumbler-Wholeswale-6-12x12.webp 12w, https:\/\/www.yigejiaceramics.com\/wp-content\/uploads\/2026\/02\/Stoneware-Tumbler-Wholeswale-6-600x600.webp 600w, https:\/\/www.yigejiaceramics.com\/wp-content\/uploads\/2026\/02\/Stoneware-Tumbler-Wholeswale-6-100x100.webp 100w\" sizes=\"(max-width: 800px) 100vw, 800px\" \/><\/figure>\n<\/div>\n\n\n\n<div class=\"wp-block-column is-layout-flow wp-block-column-is-layout-flow\">\n<figure class=\"wp-block-image size-full\"><img decoding=\"async\" width=\"800\" height=\"800\" src=\"https:\/\/www.yigejiaceramics.com\/wp-content\/uploads\/2026\/02\/Stoneware-Tumbler-Wholeswale-5.webp\" alt=\"Steingutbecher Wholeswale\" class=\"wp-image-1628\" srcset=\"https:\/\/www.yigejiaceramics.com\/wp-content\/uploads\/2026\/02\/Stoneware-Tumbler-Wholeswale-5.webp 800w, https:\/\/www.yigejiaceramics.com\/wp-content\/uploads\/2026\/02\/Stoneware-Tumbler-Wholeswale-5-300x300.webp 300w, https:\/\/www.yigejiaceramics.com\/wp-content\/uploads\/2026\/02\/Stoneware-Tumbler-Wholeswale-5-150x150.webp 150w, https:\/\/www.yigejiaceramics.com\/wp-content\/uploads\/2026\/02\/Stoneware-Tumbler-Wholeswale-5-768x768.webp 768w, https:\/\/www.yigejiaceramics.com\/wp-content\/uploads\/2026\/02\/Stoneware-Tumbler-Wholeswale-5-12x12.webp 12w, https:\/\/www.yigejiaceramics.com\/wp-content\/uploads\/2026\/02\/Stoneware-Tumbler-Wholeswale-5-600x600.webp 600w, https:\/\/www.yigejiaceramics.com\/wp-content\/uploads\/2026\/02\/Stoneware-Tumbler-Wholeswale-5-100x100.webp 100w\" sizes=\"(max-width: 800px) 100vw, 800px\" \/><\/figure>\n<\/div>\n<\/div>\n\n\n\n<p><\/p>","protected":false},"excerpt":{"rendered":"<p data-start=\"502\" data-end=\"730\">Entdecken Sie Premium-Steinzeugbecher im Gro\u00dfhandel mit unseren handgeschnitzten Badezimmerbechern im Stammesdesign \u201cWASH\u201d. Genie\u00dfen Sie direkte Fabrik Preise, hochwertige Keramik Haltbarkeit, und kostenlose Proben f\u00fcr Gro\u00dfauftr\u00e4ge. Perfekt f\u00fcr moderne Wohnkultur!<\/p>\n<h2>Steingut Becher Gro\u00dfhandel Parameter\uff1a<\/h2>\n<table>\n<tbody>\n<tr>\n<td>Hersteller<\/td>\n<td>Yigejia<\/td>\n<\/tr>\n<tr>\n<td>Produkttyp<\/td>\n<td>Badezimmer-Accessoires-Set<\/td>\n<\/tr>\n<tr>\n<td>Material<\/td>\n<td>Keramik<\/td>\n<\/tr>\n<tr>\n<td>Farbe<\/td>\n<td>Schwarz\u00a0<\/td>\n<\/tr>\n<tr>\n<td>Set enth\u00e4lt<\/td>\n<td>1 St\u00fcck<\/td>\n<\/tr>\n<tr>\n<td>Komponenten<\/td>\n<td>Becher<\/td>\n<\/tr>\n<tr>\n<td>Fertigstellen<\/td>\n<td>Mattes Finish<\/td>\n<\/tr>\n<tr>\n<td>Anwendung<\/td>\n<td>Zuhause, Badezimmer, Hotels, Wohnungen, Spa<\/td>\n<\/tr>\n<tr>\n<td>Mindestbestellmenge<\/td>\n<td>Geringe Mindestbestellmenge<\/td>\n<\/tr>\n<tr>\n<td>Kostenlose Probe<\/td>\n<td>Verf\u00fcgbar<\/td>\n<\/tr>\n<tr>\n<td>Kundenspezifisch<\/td>\n<td>Farbe\/Gr\u00f6\u00dfe\/Logo\/Verpackung<\/td>\n<\/tr>\n<\/tbody>\n<\/table>","protected":false},"featured_media":1640,"comment_status":"closed","ping_status":"closed","template":"","meta":{"_acf_changed":false},"product_brand":[],"product_cat":[22],"product_tag":[],"class_list":{"0":"post-1623","1":"product","2":"type-product","3":"status-publish","4":"has-post-thumbnail","6":"product_cat-ceramic-tumbler-wholesale","8":"first","9":"instock","10":"shipping-taxable","11":"product-type-simple"},"acf":[],"_links":{"self":[{"href":"https:\/\/www.yigejiaceramics.com\/de\/wp-json\/wp\/v2\/product\/1623","targetHints":{"allow":["GET"]}}],"collection":[{"href":"https:\/\/www.yigejiaceramics.com\/de\/wp-json\/wp\/v2\/product"}],"about":[{"href":"https:\/\/www.yigejiaceramics.com\/de\/wp-json\/wp\/v2\/types\/product"}],"replies":[{"embeddable":true,"href":"https:\/\/www.yigejiaceramics.com\/de\/wp-json\/wp\/v2\/comments?post=1623"}],"wp:featuredmedia":[{"embeddable":true,"href":"https:\/\/www.yigejiaceramics.com\/de\/wp-json\/wp\/v2\/media\/1640"}],"wp:attachment":[{"href":"https:\/\/www.yigejiaceramics.com\/de\/wp-json\/wp\/v2\/media?parent=1623"}],"wp:term":[{"taxonomy":"product_brand","embeddable":true,"href":"https:\/\/www.yigejiaceramics.com\/de\/wp-json\/wp\/v2\/product_brand?post=1623"},{"taxonomy":"product_cat","embeddable":true,"href":"https:\/\/www.yigejiaceramics.com\/de\/wp-json\/wp\/v2\/product_cat?post=1623"},{"taxonomy":"product_tag","embeddable":true,"href":"https:\/\/www.yigejiaceramics.com\/de\/wp-json\/wp\/v2\/product_tag?post=1623"}],"curies":[{"name":"wp","href":"https:\/\/api.w.org\/{rel}","templated":true}]}}