{"id":1248,"date":"2026-01-13T07:36:44","date_gmt":"2026-01-13T07:36:44","guid":{"rendered":"https:\/\/www.yigejiaceramics.com\/?post_type=product&#038;p=1248"},"modified":"2026-01-15T03:57:30","modified_gmt":"2026-01-15T03:57:30","slug":"custom-vintage-bathroom-set-bulk","status":"publish","type":"product","link":"https:\/\/www.yigejiaceramics.com\/de\/produkt\/custom-vintage-bathroom-set-bulk\/","title":{"rendered":"Custom Vintage Badezimmer Set, Schwarz &amp; Nat\u00fcrliche Textur Keramik \u201cWASH\u201d Bad-Accessoires"},"content":{"rendered":"<div class=\"wp-block-columns is-layout-flex wp-container-core-columns-is-layout-9d6595d7 wp-block-columns-is-layout-flex\">\n<div class=\"wp-block-column is-layout-flow wp-block-column-is-layout-flow\">\n<h2 class=\"wp-block-heading\">Benutzerdefiniertes Vintage-Badezimmer-Set Merkmale<\/h2>\n\n\n\n<ul class=\"wp-block-list\">\n<li><strong>Praktisches 4-teiliges Badezimmerset<\/strong>: Mit Lotionspender, Zahnb\u00fcrstenhalter, Becher und Seifenschale f\u00fcr den t\u00e4glichen Bedarf im Bad.<\/li>\n\n\n\n<li><strong>Design im Vintage-Stil:<\/strong> Schwarze Keramik kombiniert mit nat\u00fcrlicher Textur schafft einen klassischen Vintage-Look, der zu verschiedenen Badstilen passt.<\/li>\n\n\n\n<li><strong>Hochwertiges keramisches Material: <\/strong>Glatte und robuste Keramik, langlebig f\u00fcr den langfristigen Gebrauch und leicht zu pflegen.<\/li>\n\n\n\n<li><strong>Fabrik Direkt Gro\u00dfhandel Vorteil<\/strong>: Benutzerdefinierte Vintage Badezimmer Set wird von unserer eigenen Fabrik produziert, bietet wettbewerbsf\u00e4hige Gro\u00dfhandelspreise und kostenlose Probe zu unterst\u00fctzen.<\/li>\n\n\n\n<li><strong>Breite Anwendung: <\/strong>Geeignet f\u00fcr private B\u00e4der, Hotels, Pensionen und Projekte im Vintage-Stil.<\/li>\n<\/ul>\n<\/div>\n\n\n\n<div class=\"wp-block-column is-layout-flow wp-block-column-is-layout-flow\">\n<figure class=\"wp-block-image size-full\"><img decoding=\"async\" width=\"800\" height=\"800\" src=\"https:\/\/www.yigejiaceramics.com\/wp-content\/uploads\/2026\/01\/Custom-Vintage-Bathroom-Set-6.webp\" alt=\"Individuelles Vintage-Badezimmer-Set\" class=\"wp-image-1306\" srcset=\"https:\/\/www.yigejiaceramics.com\/wp-content\/uploads\/2026\/01\/Custom-Vintage-Bathroom-Set-6.webp 800w, https:\/\/www.yigejiaceramics.com\/wp-content\/uploads\/2026\/01\/Custom-Vintage-Bathroom-Set-6-300x300.webp 300w, https:\/\/www.yigejiaceramics.com\/wp-content\/uploads\/2026\/01\/Custom-Vintage-Bathroom-Set-6-150x150.webp 150w, https:\/\/www.yigejiaceramics.com\/wp-content\/uploads\/2026\/01\/Custom-Vintage-Bathroom-Set-6-768x768.webp 768w, https:\/\/www.yigejiaceramics.com\/wp-content\/uploads\/2026\/01\/Custom-Vintage-Bathroom-Set-6-12x12.webp 12w, https:\/\/www.yigejiaceramics.com\/wp-content\/uploads\/2026\/01\/Custom-Vintage-Bathroom-Set-6-600x600.webp 600w, https:\/\/www.yigejiaceramics.com\/wp-content\/uploads\/2026\/01\/Custom-Vintage-Bathroom-Set-6-100x100.webp 100w\" sizes=\"(max-width: 800px) 100vw, 800px\" \/><\/figure>\n<\/div>\n<\/div>\n\n\n\n<div class=\"wp-block-columns is-layout-flex wp-container-core-columns-is-layout-9d6595d7 wp-block-columns-is-layout-flex\">\n<div class=\"wp-block-column is-layout-flow wp-block-column-is-layout-flow\">\n<figure class=\"wp-block-image size-full\"><img decoding=\"async\" width=\"800\" height=\"800\" src=\"https:\/\/www.yigejiaceramics.com\/wp-content\/uploads\/2026\/01\/Custom-Vintage-Bathroom-Set-1.webp\" alt=\"Individuelles Vintage-Badezimmer-Set\" class=\"wp-image-1301\" srcset=\"https:\/\/www.yigejiaceramics.com\/wp-content\/uploads\/2026\/01\/Custom-Vintage-Bathroom-Set-1.webp 800w, https:\/\/www.yigejiaceramics.com\/wp-content\/uploads\/2026\/01\/Custom-Vintage-Bathroom-Set-1-300x300.webp 300w, https:\/\/www.yigejiaceramics.com\/wp-content\/uploads\/2026\/01\/Custom-Vintage-Bathroom-Set-1-150x150.webp 150w, https:\/\/www.yigejiaceramics.com\/wp-content\/uploads\/2026\/01\/Custom-Vintage-Bathroom-Set-1-768x768.webp 768w, https:\/\/www.yigejiaceramics.com\/wp-content\/uploads\/2026\/01\/Custom-Vintage-Bathroom-Set-1-12x12.webp 12w, https:\/\/www.yigejiaceramics.com\/wp-content\/uploads\/2026\/01\/Custom-Vintage-Bathroom-Set-1-600x600.webp 600w, https:\/\/www.yigejiaceramics.com\/wp-content\/uploads\/2026\/01\/Custom-Vintage-Bathroom-Set-1-100x100.webp 100w\" sizes=\"(max-width: 800px) 100vw, 800px\" \/><\/figure>\n<\/div>\n\n\n\n<div class=\"wp-block-column is-layout-flow wp-block-column-is-layout-flow\">\n<figure class=\"wp-block-image size-full\"><img decoding=\"async\" width=\"800\" height=\"800\" src=\"https:\/\/www.yigejiaceramics.com\/wp-content\/uploads\/2026\/01\/Custom-Vintage-Bathroom-Set-14.webp\" alt=\"Individuelles Vintage-Badezimmer-Set\" class=\"wp-image-1314\" srcset=\"https:\/\/www.yigejiaceramics.com\/wp-content\/uploads\/2026\/01\/Custom-Vintage-Bathroom-Set-14.webp 800w, https:\/\/www.yigejiaceramics.com\/wp-content\/uploads\/2026\/01\/Custom-Vintage-Bathroom-Set-14-300x300.webp 300w, https:\/\/www.yigejiaceramics.com\/wp-content\/uploads\/2026\/01\/Custom-Vintage-Bathroom-Set-14-150x150.webp 150w, https:\/\/www.yigejiaceramics.com\/wp-content\/uploads\/2026\/01\/Custom-Vintage-Bathroom-Set-14-768x768.webp 768w, https:\/\/www.yigejiaceramics.com\/wp-content\/uploads\/2026\/01\/Custom-Vintage-Bathroom-Set-14-12x12.webp 12w, https:\/\/www.yigejiaceramics.com\/wp-content\/uploads\/2026\/01\/Custom-Vintage-Bathroom-Set-14-600x600.webp 600w, https:\/\/www.yigejiaceramics.com\/wp-content\/uploads\/2026\/01\/Custom-Vintage-Bathroom-Set-14-100x100.webp 100w\" sizes=\"(max-width: 800px) 100vw, 800px\" \/><\/figure>\n<\/div>\n\n\n\n<div class=\"wp-block-column is-layout-flow wp-block-column-is-layout-flow\">\n<figure class=\"wp-block-image size-full\"><img decoding=\"async\" width=\"800\" height=\"800\" src=\"https:\/\/www.yigejiaceramics.com\/wp-content\/uploads\/2026\/01\/Custom-Vintage-Bathroom-Set-2.webp\" alt=\"Individuelles Vintage-Badezimmer-Set\" class=\"wp-image-1302\" srcset=\"https:\/\/www.yigejiaceramics.com\/wp-content\/uploads\/2026\/01\/Custom-Vintage-Bathroom-Set-2.webp 800w, https:\/\/www.yigejiaceramics.com\/wp-content\/uploads\/2026\/01\/Custom-Vintage-Bathroom-Set-2-300x300.webp 300w, https:\/\/www.yigejiaceramics.com\/wp-content\/uploads\/2026\/01\/Custom-Vintage-Bathroom-Set-2-150x150.webp 150w, https:\/\/www.yigejiaceramics.com\/wp-content\/uploads\/2026\/01\/Custom-Vintage-Bathroom-Set-2-768x768.webp 768w, https:\/\/www.yigejiaceramics.com\/wp-content\/uploads\/2026\/01\/Custom-Vintage-Bathroom-Set-2-12x12.webp 12w, https:\/\/www.yigejiaceramics.com\/wp-content\/uploads\/2026\/01\/Custom-Vintage-Bathroom-Set-2-600x600.webp 600w, https:\/\/www.yigejiaceramics.com\/wp-content\/uploads\/2026\/01\/Custom-Vintage-Bathroom-Set-2-100x100.webp 100w\" sizes=\"(max-width: 800px) 100vw, 800px\" \/><\/figure>\n<\/div>\n\n\n\n<div class=\"wp-block-column is-layout-flow wp-block-column-is-layout-flow\">\n<figure class=\"wp-block-image size-full\"><img decoding=\"async\" width=\"800\" height=\"800\" src=\"https:\/\/www.yigejiaceramics.com\/wp-content\/uploads\/2026\/01\/Custom-Vintage-Bathroom-Set-3.webp\" alt=\"Individuelles Vintage-Badezimmer-Set\" class=\"wp-image-1303\" srcset=\"https:\/\/www.yigejiaceramics.com\/wp-content\/uploads\/2026\/01\/Custom-Vintage-Bathroom-Set-3.webp 800w, https:\/\/www.yigejiaceramics.com\/wp-content\/uploads\/2026\/01\/Custom-Vintage-Bathroom-Set-3-300x300.webp 300w, https:\/\/www.yigejiaceramics.com\/wp-content\/uploads\/2026\/01\/Custom-Vintage-Bathroom-Set-3-150x150.webp 150w, https:\/\/www.yigejiaceramics.com\/wp-content\/uploads\/2026\/01\/Custom-Vintage-Bathroom-Set-3-768x768.webp 768w, https:\/\/www.yigejiaceramics.com\/wp-content\/uploads\/2026\/01\/Custom-Vintage-Bathroom-Set-3-12x12.webp 12w, https:\/\/www.yigejiaceramics.com\/wp-content\/uploads\/2026\/01\/Custom-Vintage-Bathroom-Set-3-600x600.webp 600w, https:\/\/www.yigejiaceramics.com\/wp-content\/uploads\/2026\/01\/Custom-Vintage-Bathroom-Set-3-100x100.webp 100w\" sizes=\"(max-width: 800px) 100vw, 800px\" \/><\/figure>\n<\/div>\n<\/div>\n\n\n\n<p><\/p>","protected":false},"excerpt":{"rendered":"<p data-start=\"399\" data-end=\"631\">Benutzerdefinierte Vintage Bad Set Hersteller spezialisiert auf schwarz und nat\u00fcrliche Textur Keramik Bad-Accessoires. Fabrik direktes Angebot sorgt f\u00fcr stabile Gro\u00dfhandelspreise, flexible OEM-Optionen und kostenlose Proben, um Gro\u00dfeinkauf Entscheidungen zu unterst\u00fctzen.<\/p>\n<h2>Benutzerdefinierte Vintage-Badezimmer-Set Parameter\uff1a<\/h2>\n<table>\n<tbody>\n<tr>\n<td>Hersteller<\/td>\n<td>Yigejia<\/td>\n<\/tr>\n<tr>\n<td>Produkttyp<\/td>\n<td>Badezimmer-Accessoires-Set<\/td>\n<\/tr>\n<tr>\n<td>Material<\/td>\n<td>Keramik<\/td>\n<\/tr>\n<tr>\n<td>Farbe<\/td>\n<td>Schwarz\u00a0<\/td>\n<\/tr>\n<tr>\n<td>Set enth\u00e4lt<\/td>\n<td>4 St\u00fcck<\/td>\n<\/tr>\n<tr>\n<td>Komponenten<\/td>\n<td>Lotionspender, Zahnb\u00fcrstenhalter, Seifenschale, Becher<\/td>\n<\/tr>\n<tr>\n<td>Fertigstellen<\/td>\n<td>Mattes Finish<\/td>\n<\/tr>\n<tr>\n<td>Anwendung<\/td>\n<td>Zuhause, Badezimmer, Hotels, Wohnungen, Spa<\/td>\n<\/tr>\n<tr>\n<td>Mindestbestellmenge<\/td>\n<td>Geringe Mindestbestellmenge<\/td>\n<\/tr>\n<tr>\n<td>Kostenlose Probe<\/td>\n<td>Verf\u00fcgbar<\/td>\n<\/tr>\n<tr>\n<td>Kundenspezifisch<\/td>\n<td>Farbe\/Gr\u00f6\u00dfe\/Logo\/Verpackung<\/td>\n<\/tr>\n<\/tbody>\n<\/table>","protected":false},"featured_media":1307,"comment_status":"closed","ping_status":"closed","template":"","meta":{"_acf_changed":false},"product_brand":[],"product_cat":[19],"product_tag":[],"class_list":{"0":"post-1248","1":"product","2":"type-product","3":"status-publish","4":"has-post-thumbnail","6":"product_cat-wholesale-bathroom-sets","8":"first","9":"instock","10":"shipping-taxable","11":"product-type-simple"},"acf":[],"_links":{"self":[{"href":"https:\/\/www.yigejiaceramics.com\/de\/wp-json\/wp\/v2\/product\/1248","targetHints":{"allow":["GET"]}}],"collection":[{"href":"https:\/\/www.yigejiaceramics.com\/de\/wp-json\/wp\/v2\/product"}],"about":[{"href":"https:\/\/www.yigejiaceramics.com\/de\/wp-json\/wp\/v2\/types\/product"}],"replies":[{"embeddable":true,"href":"https:\/\/www.yigejiaceramics.com\/de\/wp-json\/wp\/v2\/comments?post=1248"}],"wp:featuredmedia":[{"embeddable":true,"href":"https:\/\/www.yigejiaceramics.com\/de\/wp-json\/wp\/v2\/media\/1307"}],"wp:attachment":[{"href":"https:\/\/www.yigejiaceramics.com\/de\/wp-json\/wp\/v2\/media?parent=1248"}],"wp:term":[{"taxonomy":"product_brand","embeddable":true,"href":"https:\/\/www.yigejiaceramics.com\/de\/wp-json\/wp\/v2\/product_brand?post=1248"},{"taxonomy":"product_cat","embeddable":true,"href":"https:\/\/www.yigejiaceramics.com\/de\/wp-json\/wp\/v2\/product_cat?post=1248"},{"taxonomy":"product_tag","embeddable":true,"href":"https:\/\/www.yigejiaceramics.com\/de\/wp-json\/wp\/v2\/product_tag?post=1248"}],"curies":[{"name":"wp","href":"https:\/\/api.w.org\/{rel}","templated":true}]}}