{"id":1232,"date":"2026-01-13T07:07:48","date_gmt":"2026-01-13T07:07:48","guid":{"rendered":"https:\/\/www.yigejiaceramics.com\/?post_type=product&#038;p=1232"},"modified":"2026-01-15T06:33:29","modified_gmt":"2026-01-15T06:33:29","slug":"designer-bathroom-sets-wholesale","status":"publish","type":"product","link":"https:\/\/www.yigejiaceramics.com\/de\/produkt\/designer-bathroom-sets-wholesale\/","title":{"rendered":"4-teilige Designer-Badezimmer-Sets Gro\u00dfhandel, Schwarz &amp; Bronze keramische Bad-Accessoires Set"},"content":{"rendered":"<div class=\"wp-block-columns is-layout-flex wp-container-core-columns-is-layout-9d6595d7 wp-block-columns-is-layout-flex\">\n<div class=\"wp-block-column is-layout-flow wp-block-column-is-layout-flow\">\n<h2 class=\"wp-block-heading\">4-teilige Designer-Badezimmer-Sets Gro\u00dfhandel Eigenschaften<\/h2>\n\n\n\n<ul class=\"wp-block-list\">\n<li><strong>Das Design aus schwarzem und goldenem Marmor strahlt sofort eine hochwertige Ausstrahlung aus.<\/strong>Dieses ma\u00dfgefertigte Badezimmer-Set zeichnet sich durch eine Farbgebung in Schwarz und Gold mit Marmorstruktur aus, wodurch ein sehr raffiniertes und elegantes Gesamtbild entsteht, das sich perfekt f\u00fcr hochwertige Wohnr\u00e4ume, Hotels und Boutique-Badezimmer eignet.<\/li>\n\n\n\n<li><strong>Glasierte Keramik Gl\u00e4nzend, zarte Textur, leicht zu reinigen:<\/strong> Die Glasur auf der Keramikoberfl\u00e4che ist hochgl\u00e4nzend. Sie f\u00fchlt sich glatt und brillant an. Wasserflecken und Schmutz haften kaum an, sodass die t\u00e4gliche Reinigung zum Kinderspiel wird.<\/li>\n\n\n\n<li><strong>Praktische Konfiguration f\u00fcr ein vierteiliges Set: <\/strong>Kann Ihre Eitelkeit ordentlich halten: Das Set enth\u00e4lt einen Seifenspender, einen Zahnb\u00fcrstenhalter, einen Sp\u00fclbecher und eine Seifenschale, um alle t\u00e4glichen Toilettenartikel zu halten. Der einheitliche Stil macht es geeignet f\u00fcr den Verkauf von Sets.<\/li>\n\n\n\n<li><strong>Hochtemperaturgebrannte Keramik; robust und langlebig<\/strong>: Hochdichtes Material aus Keramik, bei hoher Temperatur gebrannt und mit einem mittleren Gewicht, um Stabilit\u00e4t zu gew\u00e4hrleisten, ohne dass es zu Umkippen kommt. Es bietet die Gew\u00e4hr f\u00fcr h\u00e4ufigen und besten Einsatz in Haushalten und Hotels.<\/li>\n\n\n\n<li><strong>Direktlieferung ab Werk, wettbewerbsf\u00e4higere Gro\u00dfhandelspreise: <\/strong>Als professioneller Hersteller von Gro\u00dfhandels-Badaccessoires-Sets verfolgen wir ein Fabrik-Direktvertriebsmodell und bieten wettbewerbsf\u00e4higere Gro\u00dfhandelspreise f\u00fcr unsere ma\u00dfgeschneiderten Bad-Sets.<\/li>\n<\/ul>\n<\/div>\n\n\n\n<div class=\"wp-block-column is-layout-flow wp-block-column-is-layout-flow\">\n<figure class=\"wp-block-image size-full\"><img decoding=\"async\" width=\"800\" height=\"800\" src=\"https:\/\/www.yigejiaceramics.com\/wp-content\/uploads\/2026\/01\/4-Piece-Designer-Bathroom-Sets-Wholesale-6.webp\" alt=\"4-teilige Designer-Badezimmer-Sets Gro\u00dfhandel\" class=\"wp-image-1334\" srcset=\"https:\/\/www.yigejiaceramics.com\/wp-content\/uploads\/2026\/01\/4-Piece-Designer-Bathroom-Sets-Wholesale-6.webp 800w, https:\/\/www.yigejiaceramics.com\/wp-content\/uploads\/2026\/01\/4-Piece-Designer-Bathroom-Sets-Wholesale-6-300x300.webp 300w, https:\/\/www.yigejiaceramics.com\/wp-content\/uploads\/2026\/01\/4-Piece-Designer-Bathroom-Sets-Wholesale-6-150x150.webp 150w, https:\/\/www.yigejiaceramics.com\/wp-content\/uploads\/2026\/01\/4-Piece-Designer-Bathroom-Sets-Wholesale-6-768x768.webp 768w, https:\/\/www.yigejiaceramics.com\/wp-content\/uploads\/2026\/01\/4-Piece-Designer-Bathroom-Sets-Wholesale-6-12x12.webp 12w, https:\/\/www.yigejiaceramics.com\/wp-content\/uploads\/2026\/01\/4-Piece-Designer-Bathroom-Sets-Wholesale-6-600x600.webp 600w, https:\/\/www.yigejiaceramics.com\/wp-content\/uploads\/2026\/01\/4-Piece-Designer-Bathroom-Sets-Wholesale-6-100x100.webp 100w\" sizes=\"(max-width: 800px) 100vw, 800px\" \/><\/figure>\n<\/div>\n<\/div>\n\n\n\n<div class=\"wp-block-columns is-layout-flex wp-container-core-columns-is-layout-9d6595d7 wp-block-columns-is-layout-flex\">\n<div class=\"wp-block-column is-layout-flow wp-block-column-is-layout-flow\">\n<figure class=\"wp-block-image size-full\"><img decoding=\"async\" width=\"800\" height=\"800\" src=\"https:\/\/www.yigejiaceramics.com\/wp-content\/uploads\/2026\/01\/4-Piece-Designer-Bathroom-Sets-Wholesale-1.webp\" alt=\"4-teilige Designer-Badezimmer-Sets Gro\u00dfhandel\" class=\"wp-image-1329\" srcset=\"https:\/\/www.yigejiaceramics.com\/wp-content\/uploads\/2026\/01\/4-Piece-Designer-Bathroom-Sets-Wholesale-1.webp 800w, https:\/\/www.yigejiaceramics.com\/wp-content\/uploads\/2026\/01\/4-Piece-Designer-Bathroom-Sets-Wholesale-1-300x300.webp 300w, https:\/\/www.yigejiaceramics.com\/wp-content\/uploads\/2026\/01\/4-Piece-Designer-Bathroom-Sets-Wholesale-1-150x150.webp 150w, https:\/\/www.yigejiaceramics.com\/wp-content\/uploads\/2026\/01\/4-Piece-Designer-Bathroom-Sets-Wholesale-1-768x768.webp 768w, https:\/\/www.yigejiaceramics.com\/wp-content\/uploads\/2026\/01\/4-Piece-Designer-Bathroom-Sets-Wholesale-1-12x12.webp 12w, https:\/\/www.yigejiaceramics.com\/wp-content\/uploads\/2026\/01\/4-Piece-Designer-Bathroom-Sets-Wholesale-1-600x600.webp 600w, https:\/\/www.yigejiaceramics.com\/wp-content\/uploads\/2026\/01\/4-Piece-Designer-Bathroom-Sets-Wholesale-1-100x100.webp 100w\" sizes=\"(max-width: 800px) 100vw, 800px\" \/><\/figure>\n<\/div>\n\n\n\n<div class=\"wp-block-column is-layout-flow wp-block-column-is-layout-flow\">\n<figure class=\"wp-block-image size-full\"><img decoding=\"async\" width=\"800\" height=\"800\" src=\"https:\/\/www.yigejiaceramics.com\/wp-content\/uploads\/2026\/01\/4-Piece-Designer-Bathroom-Sets-Wholesale-14.webp\" alt=\"4-teilige Designer-Badezimmer-Sets Gro\u00dfhandel\" class=\"wp-image-1342\" srcset=\"https:\/\/www.yigejiaceramics.com\/wp-content\/uploads\/2026\/01\/4-Piece-Designer-Bathroom-Sets-Wholesale-14.webp 800w, https:\/\/www.yigejiaceramics.com\/wp-content\/uploads\/2026\/01\/4-Piece-Designer-Bathroom-Sets-Wholesale-14-300x300.webp 300w, https:\/\/www.yigejiaceramics.com\/wp-content\/uploads\/2026\/01\/4-Piece-Designer-Bathroom-Sets-Wholesale-14-150x150.webp 150w, https:\/\/www.yigejiaceramics.com\/wp-content\/uploads\/2026\/01\/4-Piece-Designer-Bathroom-Sets-Wholesale-14-768x768.webp 768w, https:\/\/www.yigejiaceramics.com\/wp-content\/uploads\/2026\/01\/4-Piece-Designer-Bathroom-Sets-Wholesale-14-12x12.webp 12w, https:\/\/www.yigejiaceramics.com\/wp-content\/uploads\/2026\/01\/4-Piece-Designer-Bathroom-Sets-Wholesale-14-600x600.webp 600w, https:\/\/www.yigejiaceramics.com\/wp-content\/uploads\/2026\/01\/4-Piece-Designer-Bathroom-Sets-Wholesale-14-100x100.webp 100w\" sizes=\"(max-width: 800px) 100vw, 800px\" \/><\/figure>\n<\/div>\n\n\n\n<div class=\"wp-block-column is-layout-flow wp-block-column-is-layout-flow\">\n<figure class=\"wp-block-image size-full\"><img decoding=\"async\" width=\"800\" height=\"800\" src=\"https:\/\/www.yigejiaceramics.com\/wp-content\/uploads\/2026\/01\/4-Piece-Designer-Bathroom-Sets-Wholesale-2.webp\" alt=\"4-teilige Designer-Badezimmer-Sets Gro\u00dfhandel\" class=\"wp-image-1330\" srcset=\"https:\/\/www.yigejiaceramics.com\/wp-content\/uploads\/2026\/01\/4-Piece-Designer-Bathroom-Sets-Wholesale-2.webp 800w, https:\/\/www.yigejiaceramics.com\/wp-content\/uploads\/2026\/01\/4-Piece-Designer-Bathroom-Sets-Wholesale-2-300x300.webp 300w, https:\/\/www.yigejiaceramics.com\/wp-content\/uploads\/2026\/01\/4-Piece-Designer-Bathroom-Sets-Wholesale-2-150x150.webp 150w, https:\/\/www.yigejiaceramics.com\/wp-content\/uploads\/2026\/01\/4-Piece-Designer-Bathroom-Sets-Wholesale-2-768x768.webp 768w, https:\/\/www.yigejiaceramics.com\/wp-content\/uploads\/2026\/01\/4-Piece-Designer-Bathroom-Sets-Wholesale-2-12x12.webp 12w, https:\/\/www.yigejiaceramics.com\/wp-content\/uploads\/2026\/01\/4-Piece-Designer-Bathroom-Sets-Wholesale-2-600x600.webp 600w, https:\/\/www.yigejiaceramics.com\/wp-content\/uploads\/2026\/01\/4-Piece-Designer-Bathroom-Sets-Wholesale-2-100x100.webp 100w\" sizes=\"(max-width: 800px) 100vw, 800px\" \/><\/figure>\n<\/div>\n\n\n\n<div class=\"wp-block-column is-layout-flow wp-block-column-is-layout-flow\">\n<figure class=\"wp-block-image size-full\"><img decoding=\"async\" width=\"800\" height=\"800\" src=\"https:\/\/www.yigejiaceramics.com\/wp-content\/uploads\/2026\/01\/4-Piece-Designer-Bathroom-Sets-Wholesale-3.webp\" alt=\"4-teilige Designer-Badezimmer-Sets Gro\u00dfhandel\" class=\"wp-image-1331\" srcset=\"https:\/\/www.yigejiaceramics.com\/wp-content\/uploads\/2026\/01\/4-Piece-Designer-Bathroom-Sets-Wholesale-3.webp 800w, https:\/\/www.yigejiaceramics.com\/wp-content\/uploads\/2026\/01\/4-Piece-Designer-Bathroom-Sets-Wholesale-3-300x300.webp 300w, https:\/\/www.yigejiaceramics.com\/wp-content\/uploads\/2026\/01\/4-Piece-Designer-Bathroom-Sets-Wholesale-3-150x150.webp 150w, https:\/\/www.yigejiaceramics.com\/wp-content\/uploads\/2026\/01\/4-Piece-Designer-Bathroom-Sets-Wholesale-3-768x768.webp 768w, https:\/\/www.yigejiaceramics.com\/wp-content\/uploads\/2026\/01\/4-Piece-Designer-Bathroom-Sets-Wholesale-3-12x12.webp 12w, https:\/\/www.yigejiaceramics.com\/wp-content\/uploads\/2026\/01\/4-Piece-Designer-Bathroom-Sets-Wholesale-3-600x600.webp 600w, https:\/\/www.yigejiaceramics.com\/wp-content\/uploads\/2026\/01\/4-Piece-Designer-Bathroom-Sets-Wholesale-3-100x100.webp 100w\" sizes=\"(max-width: 800px) 100vw, 800px\" \/><\/figure>\n<\/div>\n<\/div>\n\n\n\n<p><\/p>","protected":false},"excerpt":{"rendered":"<p data-start=\"399\" data-end=\"631\">Willkommen in unserem benutzerdefinierten 4-teiligen Designer-Badezimmer-Sets Gro\u00dfhandel Funktion schwarz und Bronze Keramik-Design mit Lotion Spender, Zahnb\u00fcrstenhalter und Seifenschale, ideal f\u00fcr moderne B\u00e4der. Fabrik direkt Gro\u00dfhandelspreis und kostenlose Proben f\u00fcr Gro\u00dfabnehmer.<\/p>\n<h2>4-teilige Designer-Badezimmer-Sets Gro\u00dfhandel Parameter\uff1a<\/h2>\n<table>\n<tbody>\n<tr>\n<td>Hersteller<\/td>\n<td>Yigejia<\/td>\n<\/tr>\n<tr>\n<td>Produkttyp<\/td>\n<td>Badezimmer-Accessoires-Set<\/td>\n<\/tr>\n<tr>\n<td>Material<\/td>\n<td>Keramik<\/td>\n<\/tr>\n<tr>\n<td>Farbe<\/td>\n<td>Schwarz &amp; Bronze<\/td>\n<\/tr>\n<tr>\n<td>Set enth\u00e4lt<\/td>\n<td>4 St\u00fcck<\/td>\n<\/tr>\n<tr>\n<td>Komponenten<\/td>\n<td>Lotionspender, Zahnb\u00fcrstenhalter, Seifenschale, Becher<\/td>\n<\/tr>\n<tr>\n<td>Fertigstellen<\/td>\n<td>Mattes Finish<\/td>\n<\/tr>\n<tr>\n<td>Anwendung<\/td>\n<td>Zuhause, Badezimmer, Hotels, Wohnungen, Spa<\/td>\n<\/tr>\n<tr>\n<td>Mindestbestellmenge<\/td>\n<td>Geringe Mindestbestellmenge<\/td>\n<\/tr>\n<tr>\n<td>Kostenlose Probe<\/td>\n<td>Verf\u00fcgbar<\/td>\n<\/tr>\n<tr>\n<td>Kundenspezifisch<\/td>\n<td>Farbe\/Gr\u00f6\u00dfe\/Logo\/Verpackung<\/td>\n<\/tr>\n<\/tbody>\n<\/table>","protected":false},"featured_media":1335,"comment_status":"closed","ping_status":"closed","template":"","meta":{"_acf_changed":false},"product_brand":[],"product_cat":[19],"product_tag":[],"class_list":{"0":"post-1232","1":"product","2":"type-product","3":"status-publish","4":"has-post-thumbnail","6":"product_cat-wholesale-bathroom-sets","8":"first","9":"instock","10":"shipping-taxable","11":"product-type-simple"},"acf":[],"_links":{"self":[{"href":"https:\/\/www.yigejiaceramics.com\/de\/wp-json\/wp\/v2\/product\/1232","targetHints":{"allow":["GET"]}}],"collection":[{"href":"https:\/\/www.yigejiaceramics.com\/de\/wp-json\/wp\/v2\/product"}],"about":[{"href":"https:\/\/www.yigejiaceramics.com\/de\/wp-json\/wp\/v2\/types\/product"}],"replies":[{"embeddable":true,"href":"https:\/\/www.yigejiaceramics.com\/de\/wp-json\/wp\/v2\/comments?post=1232"}],"wp:featuredmedia":[{"embeddable":true,"href":"https:\/\/www.yigejiaceramics.com\/de\/wp-json\/wp\/v2\/media\/1335"}],"wp:attachment":[{"href":"https:\/\/www.yigejiaceramics.com\/de\/wp-json\/wp\/v2\/media?parent=1232"}],"wp:term":[{"taxonomy":"product_brand","embeddable":true,"href":"https:\/\/www.yigejiaceramics.com\/de\/wp-json\/wp\/v2\/product_brand?post=1232"},{"taxonomy":"product_cat","embeddable":true,"href":"https:\/\/www.yigejiaceramics.com\/de\/wp-json\/wp\/v2\/product_cat?post=1232"},{"taxonomy":"product_tag","embeddable":true,"href":"https:\/\/www.yigejiaceramics.com\/de\/wp-json\/wp\/v2\/product_tag?post=1232"}],"curies":[{"name":"wp","href":"https:\/\/api.w.org\/{rel}","templated":true}]}}