{"id":1186,"date":"2026-01-13T06:45:59","date_gmt":"2026-01-13T06:45:59","guid":{"rendered":"https:\/\/www.yigejiaceramics.com\/?post_type=product&#038;p=1186"},"modified":"2026-01-15T07:03:37","modified_gmt":"2026-01-15T07:03:37","slug":"ceramic-decal-bathroom-set-bulk","status":"publish","type":"product","link":"https:\/\/www.yigejiaceramics.com\/de\/produkt\/ceramic-decal-bathroom-set-bulk\/","title":{"rendered":"Keramik Abziehbild Badezimmer Set Gro\u00dfhandel, 4-St\u00fcck Afrikanisches Muster Badezimmer Zubeh\u00f6r Set"},"content":{"rendered":"<div class=\"wp-block-columns is-layout-flex wp-container-core-columns-is-layout-9d6595d7 wp-block-columns-is-layout-flex\">\n<div class=\"wp-block-column is-layout-flow wp-block-column-is-layout-flow\">\n<h2 class=\"wp-block-heading\">Keramik Abziehbild Badezimmer Set Gro\u00dfhandel Eigenschaften<\/h2>\n\n\n\n<ul class=\"wp-block-list\">\n<li><strong>Afrika-Muster Keramik Abziehbild Design:<\/strong> Mit dem Kauf dieses Gro\u00dfhandels-Badezimmersets aus keramischen Abziehbildern erhalten Sie ein afrikanisch inspiriertes Design, das Ihrem Badezimmer durch seine Gestaltungsmerkmale eine reichhaltig dekorierte Umgebung verleiht.<\/li>\n\n\n\n<li><strong>Funktionales vierteiliges Set Anordnung:<\/strong> Enth\u00e4lt einen Seifenspender, einen Zahnb\u00fcrstenhalter, einen Sp\u00fclbecher und eine Seifenschale. Alle Teile sind in einem harmonischen Stil angeordnet, der zum Waschen und Aufbewahren n\u00fctzlich ist und Ihr Badezimmer sauberer und organisierter macht.<\/li>\n\n\n\n<li><strong>Hochtemperatur-Keramik-Material:<\/strong> Durch die Verwendung hochwertiger, bei hoher Temperatur gebrannter Keramik ist dieses Material verschlei\u00df- und kratzfest und bietet eine lange Lebensdauer im Vergleich zu Harz oder Kunststoffen, die nicht sehr haltbar sind.<\/li>\n\n\n\n<li><strong>Leicht zu reinigen und zu pflegen: <\/strong>Durch die Glasur sind die Oberfl\u00e4chen glatt und eben, so dass sich keine Wasserflecken oder Schmutz ansammeln k\u00f6nnen. Die Reinigung solcher Oberfl\u00e4chen ist eine leichtere Aufgabe.<\/li>\n\n\n\n<li><strong>Personalisierung und Preisvorteil: <\/strong>Als ein Gro\u00dfhandel Keramik Abziehbild Bad Set Fabrik Lieferant, sind wir in der Lage, feste Gro\u00dfhandelspreise, OEM \/ ODM-Dienstleistungen und kostenlose Proben f\u00fcr unsere Kunden zu bieten, um die Produktqualit\u00e4t zu \u00fcberpr\u00fcfen und Bestellungen aufgeben.<\/li>\n\n\n\n<li><strong>Vielf\u00e4ltig anwendbar f\u00fcr verschiedene Szenarien<\/strong>: Es ist in vielen Bereichen einsetzbar, z. B. in Hotels, Resorts, Luxuswohnungen, Wohnprojekten und Einzelhandelsgesch\u00e4ften.<\/li>\n<\/ul>\n<\/div>\n\n\n\n<div class=\"wp-block-column is-layout-flow wp-block-column-is-layout-flow\">\n<figure class=\"wp-block-image size-full\"><img decoding=\"async\" width=\"800\" height=\"800\" src=\"https:\/\/www.yigejiaceramics.com\/wp-content\/uploads\/2026\/01\/Ceramic-Decal-Bathroom-Set-Wholesale-4.webp\" alt=\"Keramisches Abziehbild Badezimmer Set Gro\u00dfhandel\" class=\"wp-image-1360\" srcset=\"https:\/\/www.yigejiaceramics.com\/wp-content\/uploads\/2026\/01\/Ceramic-Decal-Bathroom-Set-Wholesale-4.webp 800w, https:\/\/www.yigejiaceramics.com\/wp-content\/uploads\/2026\/01\/Ceramic-Decal-Bathroom-Set-Wholesale-4-300x300.webp 300w, https:\/\/www.yigejiaceramics.com\/wp-content\/uploads\/2026\/01\/Ceramic-Decal-Bathroom-Set-Wholesale-4-150x150.webp 150w, https:\/\/www.yigejiaceramics.com\/wp-content\/uploads\/2026\/01\/Ceramic-Decal-Bathroom-Set-Wholesale-4-768x768.webp 768w, https:\/\/www.yigejiaceramics.com\/wp-content\/uploads\/2026\/01\/Ceramic-Decal-Bathroom-Set-Wholesale-4-12x12.webp 12w, https:\/\/www.yigejiaceramics.com\/wp-content\/uploads\/2026\/01\/Ceramic-Decal-Bathroom-Set-Wholesale-4-600x600.webp 600w, https:\/\/www.yigejiaceramics.com\/wp-content\/uploads\/2026\/01\/Ceramic-Decal-Bathroom-Set-Wholesale-4-100x100.webp 100w\" sizes=\"(max-width: 800px) 100vw, 800px\" \/><\/figure>\n<\/div>\n<\/div>\n\n\n\n<div class=\"wp-block-columns is-layout-flex wp-container-core-columns-is-layout-9d6595d7 wp-block-columns-is-layout-flex\">\n<div class=\"wp-block-column is-layout-flow wp-block-column-is-layout-flow\">\n<figure class=\"wp-block-image size-full\"><img decoding=\"async\" width=\"800\" height=\"800\" src=\"https:\/\/www.yigejiaceramics.com\/wp-content\/uploads\/2026\/01\/Ceramic-Decal-Bathroom-Set-Wholesale-14.webp\" alt=\"Keramisches Abziehbild Badezimmer Set Gro\u00dfhandel\" class=\"wp-image-1370\" srcset=\"https:\/\/www.yigejiaceramics.com\/wp-content\/uploads\/2026\/01\/Ceramic-Decal-Bathroom-Set-Wholesale-14.webp 800w, https:\/\/www.yigejiaceramics.com\/wp-content\/uploads\/2026\/01\/Ceramic-Decal-Bathroom-Set-Wholesale-14-300x300.webp 300w, https:\/\/www.yigejiaceramics.com\/wp-content\/uploads\/2026\/01\/Ceramic-Decal-Bathroom-Set-Wholesale-14-150x150.webp 150w, https:\/\/www.yigejiaceramics.com\/wp-content\/uploads\/2026\/01\/Ceramic-Decal-Bathroom-Set-Wholesale-14-768x768.webp 768w, https:\/\/www.yigejiaceramics.com\/wp-content\/uploads\/2026\/01\/Ceramic-Decal-Bathroom-Set-Wholesale-14-12x12.webp 12w, https:\/\/www.yigejiaceramics.com\/wp-content\/uploads\/2026\/01\/Ceramic-Decal-Bathroom-Set-Wholesale-14-600x600.webp 600w, https:\/\/www.yigejiaceramics.com\/wp-content\/uploads\/2026\/01\/Ceramic-Decal-Bathroom-Set-Wholesale-14-100x100.webp 100w\" sizes=\"(max-width: 800px) 100vw, 800px\" \/><\/figure>\n<\/div>\n\n\n\n<div class=\"wp-block-column is-layout-flow wp-block-column-is-layout-flow\">\n<figure class=\"wp-block-image size-full\"><img decoding=\"async\" width=\"1600\" height=\"1600\" src=\"https:\/\/www.yigejiaceramics.com\/wp-content\/uploads\/2026\/01\/Ceramic-Decal-Bathroom-Set-Wholesale-2.webp\" alt=\"Keramisches Abziehbild Badezimmer Set Gro\u00dfhandel\" class=\"wp-image-1358\" srcset=\"https:\/\/www.yigejiaceramics.com\/wp-content\/uploads\/2026\/01\/Ceramic-Decal-Bathroom-Set-Wholesale-2.webp 1600w, https:\/\/www.yigejiaceramics.com\/wp-content\/uploads\/2026\/01\/Ceramic-Decal-Bathroom-Set-Wholesale-2-300x300.webp 300w, https:\/\/www.yigejiaceramics.com\/wp-content\/uploads\/2026\/01\/Ceramic-Decal-Bathroom-Set-Wholesale-2-150x150.webp 150w, https:\/\/www.yigejiaceramics.com\/wp-content\/uploads\/2026\/01\/Ceramic-Decal-Bathroom-Set-Wholesale-2-768x768.webp 768w, https:\/\/www.yigejiaceramics.com\/wp-content\/uploads\/2026\/01\/Ceramic-Decal-Bathroom-Set-Wholesale-2-12x12.webp 12w, https:\/\/www.yigejiaceramics.com\/wp-content\/uploads\/2026\/01\/Ceramic-Decal-Bathroom-Set-Wholesale-2-1200x1200.webp 1200w, https:\/\/www.yigejiaceramics.com\/wp-content\/uploads\/2026\/01\/Ceramic-Decal-Bathroom-Set-Wholesale-2-600x600.webp 600w, https:\/\/www.yigejiaceramics.com\/wp-content\/uploads\/2026\/01\/Ceramic-Decal-Bathroom-Set-Wholesale-2-100x100.webp 100w\" sizes=\"(max-width: 1600px) 100vw, 1600px\" \/><\/figure>\n<\/div>\n\n\n\n<div class=\"wp-block-column is-layout-flow wp-block-column-is-layout-flow\">\n<figure class=\"wp-block-image size-full\"><img decoding=\"async\" width=\"800\" height=\"800\" src=\"https:\/\/www.yigejiaceramics.com\/wp-content\/uploads\/2026\/01\/Ceramic-Decal-Bathroom-Set-Wholesale-1.webp\" alt=\"Keramisches Abziehbild Badezimmer Set Gro\u00dfhandel\" class=\"wp-image-1357\" srcset=\"https:\/\/www.yigejiaceramics.com\/wp-content\/uploads\/2026\/01\/Ceramic-Decal-Bathroom-Set-Wholesale-1.webp 800w, https:\/\/www.yigejiaceramics.com\/wp-content\/uploads\/2026\/01\/Ceramic-Decal-Bathroom-Set-Wholesale-1-300x300.webp 300w, https:\/\/www.yigejiaceramics.com\/wp-content\/uploads\/2026\/01\/Ceramic-Decal-Bathroom-Set-Wholesale-1-150x150.webp 150w, https:\/\/www.yigejiaceramics.com\/wp-content\/uploads\/2026\/01\/Ceramic-Decal-Bathroom-Set-Wholesale-1-768x768.webp 768w, https:\/\/www.yigejiaceramics.com\/wp-content\/uploads\/2026\/01\/Ceramic-Decal-Bathroom-Set-Wholesale-1-12x12.webp 12w, https:\/\/www.yigejiaceramics.com\/wp-content\/uploads\/2026\/01\/Ceramic-Decal-Bathroom-Set-Wholesale-1-600x600.webp 600w, https:\/\/www.yigejiaceramics.com\/wp-content\/uploads\/2026\/01\/Ceramic-Decal-Bathroom-Set-Wholesale-1-100x100.webp 100w\" sizes=\"(max-width: 800px) 100vw, 800px\" \/><\/figure>\n<\/div>\n\n\n\n<div class=\"wp-block-column is-layout-flow wp-block-column-is-layout-flow\">\n<figure class=\"wp-block-image size-full\"><img decoding=\"async\" width=\"1600\" height=\"1600\" src=\"https:\/\/www.yigejiaceramics.com\/wp-content\/uploads\/2026\/01\/Ceramic-Decal-Bathroom-Set-Wholesale-3.webp\" alt=\"Keramisches Abziehbild Badezimmer Set Gro\u00dfhandel\" class=\"wp-image-1359\" srcset=\"https:\/\/www.yigejiaceramics.com\/wp-content\/uploads\/2026\/01\/Ceramic-Decal-Bathroom-Set-Wholesale-3.webp 1600w, https:\/\/www.yigejiaceramics.com\/wp-content\/uploads\/2026\/01\/Ceramic-Decal-Bathroom-Set-Wholesale-3-300x300.webp 300w, https:\/\/www.yigejiaceramics.com\/wp-content\/uploads\/2026\/01\/Ceramic-Decal-Bathroom-Set-Wholesale-3-150x150.webp 150w, https:\/\/www.yigejiaceramics.com\/wp-content\/uploads\/2026\/01\/Ceramic-Decal-Bathroom-Set-Wholesale-3-768x768.webp 768w, https:\/\/www.yigejiaceramics.com\/wp-content\/uploads\/2026\/01\/Ceramic-Decal-Bathroom-Set-Wholesale-3-12x12.webp 12w, https:\/\/www.yigejiaceramics.com\/wp-content\/uploads\/2026\/01\/Ceramic-Decal-Bathroom-Set-Wholesale-3-1200x1200.webp 1200w, https:\/\/www.yigejiaceramics.com\/wp-content\/uploads\/2026\/01\/Ceramic-Decal-Bathroom-Set-Wholesale-3-600x600.webp 600w, https:\/\/www.yigejiaceramics.com\/wp-content\/uploads\/2026\/01\/Ceramic-Decal-Bathroom-Set-Wholesale-3-100x100.webp 100w\" sizes=\"(max-width: 1600px) 100vw, 1600px\" \/><\/figure>\n<\/div>\n<\/div>","protected":false},"excerpt":{"rendered":"<p data-start=\"399\" data-end=\"631\">Keramische Abziehbild Bad Set Gro\u00dfhandel mit einem 4-teiligen afrikanischen Muster Keramik Bad-Accessoires gesetzt. Fabrik direktes Angebot bietet stabile Gro\u00dfhandelspreise, OEM-Anpassungsoptionen und kostenlose Proben f\u00fcr Gro\u00dfauftr\u00e4ge.<\/p>\n<h2>Keramisches Abziehbild Badezimmer Set Gro\u00dfhandel Parameter\uff1a<\/h2>\n<table>\n<tbody>\n<tr>\n<td>Hersteller<\/td>\n<td>Yigejia<\/td>\n<\/tr>\n<tr>\n<td>Produkttyp<\/td>\n<td>Badezimmer-Accessoires-Set<\/td>\n<\/tr>\n<tr>\n<td>Material<\/td>\n<td>Keramik<\/td>\n<\/tr>\n<tr>\n<td>Farbe<\/td>\n<td>Orange<\/td>\n<\/tr>\n<tr>\n<td>Set enth\u00e4lt<\/td>\n<td>4 St\u00fcck<\/td>\n<\/tr>\n<tr>\n<td>Komponenten<\/td>\n<td>Lotionspender, Zahnb\u00fcrstenhalter, Seifenschale, Becher<\/td>\n<\/tr>\n<tr>\n<td>Fertigstellen<\/td>\n<td>Aufkleber<\/td>\n<\/tr>\n<tr>\n<td>Anwendung<\/td>\n<td>Zuhause, Badezimmer, Hotels, Wohnungen, Spa<\/td>\n<\/tr>\n<tr>\n<td>Mindestbestellmenge<\/td>\n<td>Geringe Mindestbestellmenge<\/td>\n<\/tr>\n<tr>\n<td>Kostenlose Probe<\/td>\n<td>Verf\u00fcgbar<\/td>\n<\/tr>\n<tr>\n<td>Kundenspezifisch<\/td>\n<td>Farbe\/Gr\u00f6\u00dfe\/Logo\/Verpackung<\/td>\n<\/tr>\n<\/tbody>\n<\/table>","protected":false},"featured_media":1361,"comment_status":"closed","ping_status":"closed","template":"","meta":{"_acf_changed":false},"product_brand":[],"product_cat":[19],"product_tag":[],"class_list":{"0":"post-1186","1":"product","2":"type-product","3":"status-publish","4":"has-post-thumbnail","6":"product_cat-wholesale-bathroom-sets","8":"first","9":"instock","10":"shipping-taxable","11":"product-type-simple"},"acf":[],"_links":{"self":[{"href":"https:\/\/www.yigejiaceramics.com\/de\/wp-json\/wp\/v2\/product\/1186","targetHints":{"allow":["GET"]}}],"collection":[{"href":"https:\/\/www.yigejiaceramics.com\/de\/wp-json\/wp\/v2\/product"}],"about":[{"href":"https:\/\/www.yigejiaceramics.com\/de\/wp-json\/wp\/v2\/types\/product"}],"replies":[{"embeddable":true,"href":"https:\/\/www.yigejiaceramics.com\/de\/wp-json\/wp\/v2\/comments?post=1186"}],"wp:featuredmedia":[{"embeddable":true,"href":"https:\/\/www.yigejiaceramics.com\/de\/wp-json\/wp\/v2\/media\/1361"}],"wp:attachment":[{"href":"https:\/\/www.yigejiaceramics.com\/de\/wp-json\/wp\/v2\/media?parent=1186"}],"wp:term":[{"taxonomy":"product_brand","embeddable":true,"href":"https:\/\/www.yigejiaceramics.com\/de\/wp-json\/wp\/v2\/product_brand?post=1186"},{"taxonomy":"product_cat","embeddable":true,"href":"https:\/\/www.yigejiaceramics.com\/de\/wp-json\/wp\/v2\/product_cat?post=1186"},{"taxonomy":"product_tag","embeddable":true,"href":"https:\/\/www.yigejiaceramics.com\/de\/wp-json\/wp\/v2\/product_tag?post=1186"}],"curies":[{"name":"wp","href":"https:\/\/api.w.org\/{rel}","templated":true}]}}