{"id":1059,"date":"2026-01-09T09:20:02","date_gmt":"2026-01-09T09:20:02","guid":{"rendered":"https:\/\/www.yigejiaceramics.com\/?post_type=product&#038;p=1059"},"modified":"2026-01-14T10:00:43","modified_gmt":"2026-01-14T10:00:43","slug":"yellow-butterfly-bathroom-set-oem","status":"publish","type":"product","link":"https:\/\/www.yigejiaceramics.com\/de\/produkt\/yellow-butterfly-bathroom-set-oem\/","title":{"rendered":"Gelber Schmetterling Badezimmer Set Versorgung, 4-teilig Keramik Bad Accessoire f\u00fcr Hotel Home Decor"},"content":{"rendered":"<div class=\"wp-block-columns is-layout-flex wp-container-core-columns-is-layout-9d6595d7 wp-block-columns-is-layout-flex\">\n<div class=\"wp-block-column is-layout-flow wp-block-column-is-layout-flow\">\n<h2 class=\"wp-block-heading\">Gelbes Schmetterlings-Badezimmer-Set Versorgung Eigenschaften<\/h2>\n\n\n\n<ul class=\"wp-block-list\">\n<li><strong>Vierteiliges Set<\/strong>: Seifenspender, Zahnputzbecher, Mundsp\u00fclbecher und Seifenschale - alles unverzichtbar f\u00fcr den t\u00e4glichen Gebrauch im Bad.<\/li>\n\n\n\n<li><strong>Exquisite Schmetterlings-Akzente:<\/strong> Leuchtend gelbe Schmetterlingsmotive mit goldenen Details verleihen dem Bad eine besondere Eleganz.<\/li>\n\n\n\n<li><strong><strong>Hochgl\u00e4nzende keramische Oberfl\u00e4che<\/strong>: <\/strong>Langlebig und pflegeleicht, beh\u00e4lt es sein makelloses Aussehen \u00fcber lange Zeit.<\/li>\n\n\n\n<li><strong>Hotel- und Heimkompatibilit\u00e4t<\/strong>: Das Design ist sowohl praktisch als auch dekorativ und eignet sich sowohl f\u00fcr den Einsatz in Hotels als auch in privaten Badezimmern.<\/li>\n\n\n\n<li><strong>Gro\u00dfhandelsvorteile &amp; kostenlose Muster: <\/strong>Die Preise im Gro\u00dfhandel sind erschwinglich, und f\u00fcr Gro\u00dfeink\u00e4ufe stehen kostenlose Muster zur Verf\u00fcgung.<\/li>\n<\/ul>\n<\/div>\n\n\n\n<div class=\"wp-block-column is-layout-flow wp-block-column-is-layout-flow\">\n<figure class=\"wp-block-image size-full\"><img decoding=\"async\" width=\"800\" height=\"800\" src=\"https:\/\/www.yigejiaceramics.com\/wp-content\/uploads\/2026\/01\/Yellow-Butterfly-Bathroom-Set-Supply-13.webp\" alt=\"Gelbes Schmetterlings-Badezimmer-Set Versorgung\" class=\"wp-image-1434\" srcset=\"https:\/\/www.yigejiaceramics.com\/wp-content\/uploads\/2026\/01\/Yellow-Butterfly-Bathroom-Set-Supply-13.webp 800w, https:\/\/www.yigejiaceramics.com\/wp-content\/uploads\/2026\/01\/Yellow-Butterfly-Bathroom-Set-Supply-13-300x300.webp 300w, https:\/\/www.yigejiaceramics.com\/wp-content\/uploads\/2026\/01\/Yellow-Butterfly-Bathroom-Set-Supply-13-150x150.webp 150w, https:\/\/www.yigejiaceramics.com\/wp-content\/uploads\/2026\/01\/Yellow-Butterfly-Bathroom-Set-Supply-13-768x768.webp 768w, https:\/\/www.yigejiaceramics.com\/wp-content\/uploads\/2026\/01\/Yellow-Butterfly-Bathroom-Set-Supply-13-12x12.webp 12w, https:\/\/www.yigejiaceramics.com\/wp-content\/uploads\/2026\/01\/Yellow-Butterfly-Bathroom-Set-Supply-13-600x600.webp 600w, https:\/\/www.yigejiaceramics.com\/wp-content\/uploads\/2026\/01\/Yellow-Butterfly-Bathroom-Set-Supply-13-100x100.webp 100w\" sizes=\"(max-width: 800px) 100vw, 800px\" \/><\/figure>\n<\/div>\n<\/div>\n\n\n\n<div class=\"wp-block-columns is-layout-flex wp-container-core-columns-is-layout-9d6595d7 wp-block-columns-is-layout-flex\">\n<div class=\"wp-block-column is-layout-flow wp-block-column-is-layout-flow\">\n<figure class=\"wp-block-image size-full\"><img decoding=\"async\" width=\"800\" height=\"800\" src=\"https:\/\/www.yigejiaceramics.com\/wp-content\/uploads\/2026\/01\/Yellow-Butterfly-Bathroom-Set-Supply-8.webp\" alt=\"Gelbes Schmetterlings-Badezimmer-Set Versorgung\" class=\"wp-image-1429\" srcset=\"https:\/\/www.yigejiaceramics.com\/wp-content\/uploads\/2026\/01\/Yellow-Butterfly-Bathroom-Set-Supply-8.webp 800w, https:\/\/www.yigejiaceramics.com\/wp-content\/uploads\/2026\/01\/Yellow-Butterfly-Bathroom-Set-Supply-8-300x300.webp 300w, https:\/\/www.yigejiaceramics.com\/wp-content\/uploads\/2026\/01\/Yellow-Butterfly-Bathroom-Set-Supply-8-150x150.webp 150w, https:\/\/www.yigejiaceramics.com\/wp-content\/uploads\/2026\/01\/Yellow-Butterfly-Bathroom-Set-Supply-8-768x768.webp 768w, https:\/\/www.yigejiaceramics.com\/wp-content\/uploads\/2026\/01\/Yellow-Butterfly-Bathroom-Set-Supply-8-12x12.webp 12w, https:\/\/www.yigejiaceramics.com\/wp-content\/uploads\/2026\/01\/Yellow-Butterfly-Bathroom-Set-Supply-8-600x600.webp 600w, https:\/\/www.yigejiaceramics.com\/wp-content\/uploads\/2026\/01\/Yellow-Butterfly-Bathroom-Set-Supply-8-100x100.webp 100w\" sizes=\"(max-width: 800px) 100vw, 800px\" \/><\/figure>\n<\/div>\n\n\n\n<div class=\"wp-block-column is-layout-flow wp-block-column-is-layout-flow\">\n<figure class=\"wp-block-image size-full\"><img decoding=\"async\" width=\"800\" height=\"800\" src=\"https:\/\/www.yigejiaceramics.com\/wp-content\/uploads\/2026\/01\/Yellow-Butterfly-Bathroom-Set-Supply-9.webp\" alt=\"Gelbes Schmetterlings-Badezimmer-Set Versorgung\" class=\"wp-image-1430\" srcset=\"https:\/\/www.yigejiaceramics.com\/wp-content\/uploads\/2026\/01\/Yellow-Butterfly-Bathroom-Set-Supply-9.webp 800w, https:\/\/www.yigejiaceramics.com\/wp-content\/uploads\/2026\/01\/Yellow-Butterfly-Bathroom-Set-Supply-9-300x300.webp 300w, https:\/\/www.yigejiaceramics.com\/wp-content\/uploads\/2026\/01\/Yellow-Butterfly-Bathroom-Set-Supply-9-150x150.webp 150w, https:\/\/www.yigejiaceramics.com\/wp-content\/uploads\/2026\/01\/Yellow-Butterfly-Bathroom-Set-Supply-9-768x768.webp 768w, https:\/\/www.yigejiaceramics.com\/wp-content\/uploads\/2026\/01\/Yellow-Butterfly-Bathroom-Set-Supply-9-12x12.webp 12w, https:\/\/www.yigejiaceramics.com\/wp-content\/uploads\/2026\/01\/Yellow-Butterfly-Bathroom-Set-Supply-9-600x600.webp 600w, https:\/\/www.yigejiaceramics.com\/wp-content\/uploads\/2026\/01\/Yellow-Butterfly-Bathroom-Set-Supply-9-100x100.webp 100w\" sizes=\"(max-width: 800px) 100vw, 800px\" \/><\/figure>\n<\/div>\n\n\n\n<div class=\"wp-block-column is-layout-flow wp-block-column-is-layout-flow\">\n<figure class=\"wp-block-image size-full\"><img decoding=\"async\" width=\"800\" height=\"800\" src=\"https:\/\/www.yigejiaceramics.com\/wp-content\/uploads\/2026\/01\/Yellow-Butterfly-Bathroom-Set-Supply-10.webp\" alt=\"Gelbes Schmetterlings-Badezimmer-Set Versorgung\" class=\"wp-image-1431\" srcset=\"https:\/\/www.yigejiaceramics.com\/wp-content\/uploads\/2026\/01\/Yellow-Butterfly-Bathroom-Set-Supply-10.webp 800w, https:\/\/www.yigejiaceramics.com\/wp-content\/uploads\/2026\/01\/Yellow-Butterfly-Bathroom-Set-Supply-10-300x300.webp 300w, https:\/\/www.yigejiaceramics.com\/wp-content\/uploads\/2026\/01\/Yellow-Butterfly-Bathroom-Set-Supply-10-150x150.webp 150w, https:\/\/www.yigejiaceramics.com\/wp-content\/uploads\/2026\/01\/Yellow-Butterfly-Bathroom-Set-Supply-10-768x768.webp 768w, https:\/\/www.yigejiaceramics.com\/wp-content\/uploads\/2026\/01\/Yellow-Butterfly-Bathroom-Set-Supply-10-12x12.webp 12w, https:\/\/www.yigejiaceramics.com\/wp-content\/uploads\/2026\/01\/Yellow-Butterfly-Bathroom-Set-Supply-10-600x600.webp 600w, https:\/\/www.yigejiaceramics.com\/wp-content\/uploads\/2026\/01\/Yellow-Butterfly-Bathroom-Set-Supply-10-100x100.webp 100w\" sizes=\"(max-width: 800px) 100vw, 800px\" \/><\/figure>\n<\/div>\n\n\n\n<div class=\"wp-block-column is-layout-flow wp-block-column-is-layout-flow\">\n<figure class=\"wp-block-image size-full\"><img decoding=\"async\" width=\"800\" height=\"800\" src=\"https:\/\/www.yigejiaceramics.com\/wp-content\/uploads\/2026\/01\/Yellow-Butterfly-Bathroom-Set-Supply-11.webp\" alt=\"Gelbes Schmetterlings-Badezimmer-Set Versorgung\" class=\"wp-image-1432\" srcset=\"https:\/\/www.yigejiaceramics.com\/wp-content\/uploads\/2026\/01\/Yellow-Butterfly-Bathroom-Set-Supply-11.webp 800w, https:\/\/www.yigejiaceramics.com\/wp-content\/uploads\/2026\/01\/Yellow-Butterfly-Bathroom-Set-Supply-11-300x300.webp 300w, https:\/\/www.yigejiaceramics.com\/wp-content\/uploads\/2026\/01\/Yellow-Butterfly-Bathroom-Set-Supply-11-150x150.webp 150w, https:\/\/www.yigejiaceramics.com\/wp-content\/uploads\/2026\/01\/Yellow-Butterfly-Bathroom-Set-Supply-11-768x768.webp 768w, https:\/\/www.yigejiaceramics.com\/wp-content\/uploads\/2026\/01\/Yellow-Butterfly-Bathroom-Set-Supply-11-12x12.webp 12w, https:\/\/www.yigejiaceramics.com\/wp-content\/uploads\/2026\/01\/Yellow-Butterfly-Bathroom-Set-Supply-11-600x600.webp 600w, https:\/\/www.yigejiaceramics.com\/wp-content\/uploads\/2026\/01\/Yellow-Butterfly-Bathroom-Set-Supply-11-100x100.webp 100w\" sizes=\"(max-width: 800px) 100vw, 800px\" \/><\/figure>\n<\/div>\n<\/div>\n\n\n\n<p><\/p>","protected":false},"excerpt":{"rendered":"<p data-start=\"399\" data-end=\"631\">Willkommen in unserem Gro\u00dfhandel gelben Schmetterling Bad Set Versorgung - elegante Senf gelbe Keramik Bad-Kit mit Gold Schmetterling Akzente. Inklusive Seifenspender und Zubeh\u00f6r. Fabrik direkt, Gro\u00dfhandelspreise, kostenlose Proben, ideal f\u00fcr Hotel und zu Hause verwenden.<\/p>\n<h2>Gelber Schmetterling Badezimmer Set Lieferparameter\uff1a<\/h2>\n<table>\n<tbody>\n<tr>\n<td>Hersteller<\/td>\n<td>Yigejia<\/td>\n<\/tr>\n<tr>\n<td>Produkttyp<\/td>\n<td>Badezimmer-Accessoires-Set<\/td>\n<\/tr>\n<tr>\n<td>Material<\/td>\n<td>Keramik<\/td>\n<\/tr>\n<tr>\n<td>Farbe<\/td>\n<td>Gelb<\/td>\n<\/tr>\n<tr>\n<td>Set enth\u00e4lt<\/td>\n<td>4 St\u00fcck<\/td>\n<\/tr>\n<tr>\n<td>Komponenten<\/td>\n<td>Lotionspender, Zahnb\u00fcrstenhalter, Seifenschale, Becher<\/td>\n<\/tr>\n<tr>\n<td>Fertigstellen<\/td>\n<td>Gl\u00e4nzende Oberfl\u00e4che<\/td>\n<\/tr>\n<tr>\n<td>Anwendung<\/td>\n<td>Zuhause, Badezimmer, Hotels, Wohnungen, Spa<\/td>\n<\/tr>\n<tr>\n<td>Mindestbestellmenge<\/td>\n<td>Geringe Mindestbestellmenge<\/td>\n<\/tr>\n<tr>\n<td>Kostenlose Probe<\/td>\n<td>Verf\u00fcgbar<\/td>\n<\/tr>\n<tr>\n<td>Kundenspezifisch<\/td>\n<td>Farbe\/Gr\u00f6\u00dfe\/Logo\/Verpackung<\/td>\n<\/tr>\n<\/tbody>\n<\/table>","protected":false},"featured_media":1438,"comment_status":"closed","ping_status":"closed","template":"","meta":{"_acf_changed":false},"product_brand":[],"product_cat":[19],"product_tag":[],"class_list":{"0":"post-1059","1":"product","2":"type-product","3":"status-publish","4":"has-post-thumbnail","6":"product_cat-wholesale-bathroom-sets","8":"first","9":"instock","10":"shipping-taxable","11":"product-type-simple"},"acf":[],"_links":{"self":[{"href":"https:\/\/www.yigejiaceramics.com\/de\/wp-json\/wp\/v2\/product\/1059","targetHints":{"allow":["GET"]}}],"collection":[{"href":"https:\/\/www.yigejiaceramics.com\/de\/wp-json\/wp\/v2\/product"}],"about":[{"href":"https:\/\/www.yigejiaceramics.com\/de\/wp-json\/wp\/v2\/types\/product"}],"replies":[{"embeddable":true,"href":"https:\/\/www.yigejiaceramics.com\/de\/wp-json\/wp\/v2\/comments?post=1059"}],"wp:featuredmedia":[{"embeddable":true,"href":"https:\/\/www.yigejiaceramics.com\/de\/wp-json\/wp\/v2\/media\/1438"}],"wp:attachment":[{"href":"https:\/\/www.yigejiaceramics.com\/de\/wp-json\/wp\/v2\/media?parent=1059"}],"wp:term":[{"taxonomy":"product_brand","embeddable":true,"href":"https:\/\/www.yigejiaceramics.com\/de\/wp-json\/wp\/v2\/product_brand?post=1059"},{"taxonomy":"product_cat","embeddable":true,"href":"https:\/\/www.yigejiaceramics.com\/de\/wp-json\/wp\/v2\/product_cat?post=1059"},{"taxonomy":"product_tag","embeddable":true,"href":"https:\/\/www.yigejiaceramics.com\/de\/wp-json\/wp\/v2\/product_tag?post=1059"}],"curies":[{"name":"wp","href":"https:\/\/api.w.org\/{rel}","templated":true}]}}